{"id":5045,"date":"2026-04-24T11:55:36","date_gmt":"2026-04-24T08:55:36","guid":{"rendered":"https:\/\/fastcar.shop\/?post_type=product&#038;p=5045"},"modified":"2026-04-24T12:17:04","modified_gmt":"2026-04-24T09:17:04","slug":"xf-premium-mtf-75w80-1l","status":"publish","type":"product","link":"https:\/\/fastcar.shop\/lt\/product\/xf-premium-mtf-75w80-1l\/","title":{"rendered":"Millers Oils XF Premium MTF 75w80 1l"},"content":{"rendered":"<p style=\"text-align: left;\"><strong>Millers Oils XF Premium MTF 75W80<\/strong> auk\u0161tos kokyb\u0117s visi\u0161kai sintetinis mechanini\u0173 transmisij\u0173 tepalas, sukurtas u\u017etikrinti skland\u0173 pavar\u0173 d\u0117\u017e\u0117s darb\u0105 ir ilgalaik\u0119 jos apsaug\u0105. Pa\u017eangi formul\u0117 sukurta pagal naujausias OEM technologijas, tod\u0117l tepalas puikiai tinka \u0161iuolaikin\u0117ms mechanin\u0117ms pavar\u0173 d\u0117\u017e\u0117ms, kurioms reikalinga 75W80 klampa.<\/p>\n<p style=\"text-align: left;\">\u0160is transmisinis tepalas pasi\u017eymi puikiu takumu \u017eemoje temperat\u016broje, tod\u0117l u\u017etikrina greit\u0105 apsaug\u0105 \u0161alto u\u017evedimo metu ir lengvesn\u012f pavar\u0173 perjungim\u0105 net \u0161altuoju met\u0173 laiku. Auk\u0161toje temperat\u016broje alyva i\u0161laiko stabil\u0173 klampum\u0105, ma\u017eina trint\u012f bei saugo svarbiausius transmisijos komponentus \u2013 krumpliara\u010dius, velenus ir guolius.<\/p>\n<p style=\"text-align: left;\"><strong>Privalumai:<\/strong><\/p>\n<ul style=\"text-align: left;\">\n<li>Visi\u0161kai sintetinis 75W80 transmisinis tepalas<\/li>\n<li>Sklandesnis ir tylesnis pavar\u0173 d\u0117\u017e\u0117s darbas<\/li>\n<li>Greita apsauga \u0161alto starto metu<\/li>\n<li>Stabilus klampumas auk\u0161toje temperat\u016broje<\/li>\n<li>Ma\u017eina transmisijos d\u0117v\u0117jim\u0105si ir trint\u012f<\/li>\n<li>Padeda pagerinti kuro ekonomij\u0105 d\u0117l ma\u017eesnio pasiprie\u0161inimo<\/li>\n<li>Tinka hibridin\u0117ms (HEV) ir \u012fkraunamoms hibridin\u0117ms (PHEV) sistemoms<\/li>\n<li>Skirtas daugeliui Europos ir Azijos gamintoj\u0173 mechanini\u0173 transmisij\u0173<\/li>\n<\/ul>\n<p style=\"text-align: left;\">\u0160is tepalas rekomenduojamas vairuotojams, kurie siekia ilgaam\u017e\u0117s transmisijos apsaugos, sklandaus pavar\u0173 perjungimo ir patikimo veikimo tiek kasdien\u0117mis, tiek intensyviomis eksploatavimo s\u0105lygomis.<\/p>\n<p style=\"text-align: left;\"><a href=\"https:\/\/www.millersoils.co.uk\/wp-content\/uploads\/2022\/03\/8375-XF-Premium-MTF-75w80-2.pdf\">Gaminio duomen\u0173 lapas <img loading=\"lazy\" decoding=\"async\" class=\"alignnone size-full wp-image-3251\" src=\"https:\/\/fastcar.shop\/wp-content\/uploads\/2022\/01\/pdf-e1641824783993.png\" alt=\"\" width=\"30\" height=\"23\" \/><\/a><\/p>","protected":false},"excerpt":{"rendered":"<p><strong>Millers Oils XF Premium MTF 75W80<\/strong> auk\u0161tos kokyb\u0117s visi\u0161kai sintetinis mechanini\u0173 transmisij\u0173 tepalas, sukurtas u\u017etikrinti skland\u0173 pavar\u0173 d\u0117\u017e\u0117s darb\u0105 ir ilgalaik\u0119 jos apsaug\u0105. Pa\u017eangi formul\u0117 sukurta pagal naujausias OEM technologijas, tod\u0117l tepalas puikiai tinka \u0161iuolaikin\u0117ms mechanin\u0117ms pavar\u0173 d\u0117\u017e\u0117ms, kurioms reikalinga 75W80 klampa.<\/p>","protected":false},"featured_media":5046,"template":"","meta":[],"product_brand":[],"product_cat":[1789,885],"product_tag":[],"class_list":{"0":"post-5045","1":"product","2":"type-product","3":"status-publish","4":"has-post-thumbnail","6":"product_cat-gear-oil","7":"product_cat-oils_lubricants","8":"product_provider-millers-oils","10":"first","11":"instock","12":"taxable","13":"shipping-taxable","14":"purchasable","15":"product-type-simple"},"aioseo_notices":[],"yoast_head":"<!-- This site is optimized with the Yoast SEO plugin v27.4 - https:\/\/yoast.com\/product\/yoast-seo-wordpress\/ -->\n<title>Millers Oils XF Premium MTF 75w80 1l - Fast Car Shop<\/title>\n<meta name=\"robots\" content=\"index, follow, max-snippet:-1, max-image-preview:large, max-video-preview:-1\" \/>\n<link rel=\"canonical\" href=\"https:\/\/fastcar.shop\/lt\/produktas\/xf-premium-mtf-75w80-1l\/\" \/>\n<meta property=\"og:locale\" content=\"lt_LT\" \/>\n<meta property=\"og:type\" content=\"article\" \/>\n<meta property=\"og:title\" content=\"Millers Oils XF Premium MTF 75w80 1l - Fast Car Shop\" \/>\n<meta property=\"og:description\" content=\"Millers Oils XF Premium MTF 75W80 is a high-quality, fully synthetic manual transmission fluid designed to ensure smooth gearbox operation and long-term protection. Its advanced formula is based on the latest OEM technologies, making the oil ideal for modern manual transmissions that require a 75W80 viscosity grade.\" \/>\n<meta property=\"og:url\" content=\"https:\/\/fastcar.shop\/lt\/produktas\/xf-premium-mtf-75w80-1l\/\" \/>\n<meta property=\"og:site_name\" content=\"Fast Car Shop\" \/>\n<meta property=\"article:publisher\" content=\"https:\/\/www.facebook.com\/FastcarLt?locale=lt_LT\" \/>\n<meta property=\"article:modified_time\" content=\"2026-04-24T09:17:04+00:00\" \/>\n<meta property=\"og:image\" content=\"https:\/\/fastcar.shop\/wp-content\/uploads\/2026\/04\/OLMI8375-1-1.png\" \/>\n\t<meta property=\"og:image:width\" content=\"500\" \/>\n\t<meta property=\"og:image:height\" content=\"500\" \/>\n\t<meta property=\"og:image:type\" content=\"image\/png\" \/>\n<meta name=\"twitter:card\" content=\"summary_large_image\" \/>\n<meta name=\"twitter:label1\" content=\"Est. reading time\" \/>\n\t<meta name=\"twitter:data1\" content=\"2 minut\u0117s\" \/>\n<!-- \/ Yoast SEO plugin. -->","yoast_head_json":{"title":"Millers Oils XF Premium MTF 75w80 1l - Fast Car Shop","robots":{"index":"index","follow":"follow","max-snippet":"max-snippet:-1","max-image-preview":"max-image-preview:large","max-video-preview":"max-video-preview:-1"},"canonical":"https:\/\/fastcar.shop\/lt\/produktas\/xf-premium-mtf-75w80-1l\/","og_locale":"lt_LT","og_type":"article","og_title":"Millers Oils XF Premium MTF 75w80 1l - Fast Car Shop","og_description":"Millers Oils XF Premium MTF 75W80 is a high-quality, fully synthetic manual transmission fluid designed to ensure smooth gearbox operation and long-term protection. Its advanced formula is based on the latest OEM technologies, making the oil ideal for modern manual transmissions that require a 75W80 viscosity grade.","og_url":"https:\/\/fastcar.shop\/lt\/produktas\/xf-premium-mtf-75w80-1l\/","og_site_name":"Fast Car Shop","article_publisher":"https:\/\/www.facebook.com\/FastcarLt?locale=lt_LT","article_modified_time":"2026-04-24T09:17:04+00:00","og_image":[{"width":500,"height":500,"url":"https:\/\/fastcar.shop\/wp-content\/uploads\/2026\/04\/OLMI8375-1-1.png","type":"image\/png"}],"twitter_card":"summary_large_image","twitter_misc":{"Est. reading time":"2 minut\u0117s"},"schema":{"@context":"https:\/\/schema.org","@graph":[{"@type":"WebPage","@id":"https:\/\/fastcar.shop\/product\/xf-premium-mtf-75w80-1l\/","url":"https:\/\/fastcar.shop\/product\/xf-premium-mtf-75w80-1l\/","name":"Millers Oils XF Premium MTF 75w80 1l - Fast Car Shop","isPartOf":{"@id":"https:\/\/fastcar.shop\/#website"},"primaryImageOfPage":{"@id":"https:\/\/fastcar.shop\/product\/xf-premium-mtf-75w80-1l\/#primaryimage"},"image":{"@id":"https:\/\/fastcar.shop\/product\/xf-premium-mtf-75w80-1l\/#primaryimage"},"thumbnailUrl":"https:\/\/fastcar.shop\/wp-content\/uploads\/2026\/04\/OLMI8375-1-1.png","datePublished":"2026-04-24T08:55:36+00:00","dateModified":"2026-04-24T09:17:04+00:00","breadcrumb":{"@id":"https:\/\/fastcar.shop\/product\/xf-premium-mtf-75w80-1l\/#breadcrumb"},"inLanguage":"lt-LT","potentialAction":[{"@type":"ReadAction","target":["https:\/\/fastcar.shop\/product\/xf-premium-mtf-75w80-1l\/"]}]},{"@type":"ImageObject","inLanguage":"lt-LT","@id":"https:\/\/fastcar.shop\/product\/xf-premium-mtf-75w80-1l\/#primaryimage","url":"https:\/\/fastcar.shop\/wp-content\/uploads\/2026\/04\/OLMI8375-1-1.png","contentUrl":"https:\/\/fastcar.shop\/wp-content\/uploads\/2026\/04\/OLMI8375-1-1.png","width":500,"height":500},{"@type":"BreadcrumbList","@id":"https:\/\/fastcar.shop\/product\/xf-premium-mtf-75w80-1l\/#breadcrumb","itemListElement":[{"@type":"ListItem","position":1,"name":"Home","item":"https:\/\/fastcar.shop\/"},{"@type":"ListItem","position":2,"name":"Shop","item":"https:\/\/fastcar.shop\/shop\/"},{"@type":"ListItem","position":3,"name":"Millers Oils XF Premium MTF 75w80 1l"}]},{"@type":"WebSite","@id":"https:\/\/fastcar.shop\/#website","url":"https:\/\/fastcar.shop\/","name":"Greit\u0173 automobili\u0173 parduotuv\u0117","description":"","publisher":{"@id":"https:\/\/fastcar.shop\/#organization"},"potentialAction":[{"@type":"SearchAction","target":{"@type":"EntryPoint","urlTemplate":"https:\/\/fastcar.shop\/?s={search_term_string}"},"query-input":{"@type":"PropertyValueSpecification","valueRequired":true,"valueName":"search_term_string"}}],"inLanguage":"lt-LT"},{"@type":"Organization","@id":"https:\/\/fastcar.shop\/#organization","name":"Fastcar.shop","url":"https:\/\/fastcar.shop\/","logo":{"@type":"ImageObject","inLanguage":"lt-LT","@id":"https:\/\/fastcar.shop\/#\/schema\/logo\/image\/","url":"https:\/\/fastcar.shop\/wp-content\/uploads\/2017\/08\/FCS_JPEG-01-scaled.jpg","contentUrl":"https:\/\/fastcar.shop\/wp-content\/uploads\/2017\/08\/FCS_JPEG-01-scaled.jpg","width":2560,"height":1379,"caption":"Fastcar.shop"},"image":{"@id":"https:\/\/fastcar.shop\/#\/schema\/logo\/image\/"},"sameAs":["https:\/\/www.facebook.com\/FastcarLt?locale=lt_LT","https:\/\/www.instagram.com\/fastcar.shop\/"]}]}},"jetpack_sharing_enabled":true,"_links":{"self":[{"href":"https:\/\/fastcar.shop\/lt\/wp-json\/wp\/v2\/product\/5045","targetHints":{"allow":["GET"]}}],"collection":[{"href":"https:\/\/fastcar.shop\/lt\/wp-json\/wp\/v2\/product"}],"about":[{"href":"https:\/\/fastcar.shop\/lt\/wp-json\/wp\/v2\/types\/product"}],"wp:featuredmedia":[{"embeddable":true,"href":"https:\/\/fastcar.shop\/lt\/wp-json\/wp\/v2\/media\/5046"}],"wp:attachment":[{"href":"https:\/\/fastcar.shop\/lt\/wp-json\/wp\/v2\/media?parent=5045"}],"wp:term":[{"taxonomy":"product_brand","embeddable":true,"href":"https:\/\/fastcar.shop\/lt\/wp-json\/wp\/v2\/product_brand?post=5045"},{"taxonomy":"product_cat","embeddable":true,"href":"https:\/\/fastcar.shop\/lt\/wp-json\/wp\/v2\/product_cat?post=5045"},{"taxonomy":"product_tag","embeddable":true,"href":"https:\/\/fastcar.shop\/lt\/wp-json\/wp\/v2\/product_tag?post=5045"}],"curies":[{"name":"wp","href":"https:\/\/api.w.org\/{rel}","templated":true}]}}