{"id":5033,"date":"2026-04-24T11:42:31","date_gmt":"2026-04-24T08:42:31","guid":{"rendered":"https:\/\/fastcar.shop\/?post_type=product&#038;p=5033"},"modified":"2026-04-24T12:16:21","modified_gmt":"2026-04-24T09:16:21","slug":"millers-oils-xf-premium-engine-oil-c3-0w30","status":"publish","type":"product","link":"https:\/\/fastcar.shop\/lt\/product\/millers-oils-xf-premium-engine-oil-c3-0w30\/","title":{"rendered":"Millers Oils XF Premium Engine Oil C3 0W30"},"content":{"rendered":"<p style=\"text-align: left;\"><strong>Millers Oils XF Premium Engine Oil C3 0W30<\/strong> \u2013 auk\u0161\u010diausios kokyb\u0117s visi\u0161kai sintetinis variklio tepalas, sukurtas moderniems benzininiams, dyzeliniams ir hibridiniams varikliams. Pa\u017eangi Dynamic Fluid Technology (DFT) formul\u0117 u\u017etikrina greit\u0105 tepalo cirkuliacij\u0105 \u0161alto u\u017evedimo metu, tod\u0117l svarbiausios variklio dalys apsaugomos nuo pirm\u0173j\u0173 sekund\u017ei\u0173.<\/p>\n<p style=\"text-align: left;\">\u0160is C3 klas\u0117s 0W30 tepalas pasi\u017eymi puikiu klampumo stabilumu tiek \u017eemoje, tiek auk\u0161toje temperat\u016broje, tod\u0117l efektyviai ma\u017eina trint\u012f, padeda apsaugoti varikl\u012f nuo nusid\u0117v\u0117jimo ir prisideda prie ma\u017eesni\u0173 kuro s\u0105naud\u0173. \u201eMid SAPS\u201c technologija saugo i\u0161metimo sistem\u0173 komponentus, tokius kaip DPF filtrai ir SCR\/AdBlue sistemos, tod\u0117l tepalas puikiai tinka \u0161iuolaikiniams Euro 5 ir Euro 6 standart\u0173 automobiliams.<\/p>\n<p style=\"text-align: left;\"><strong>Privalumai:<\/strong><\/p>\n<ul style=\"text-align: left;\">\n<li>Visi\u0161kai sintetinis 0W30 variklio tepalas<\/li>\n<li>Pa\u017eangi DFT (Dynamic Fluid Technology) formul\u0117<\/li>\n<li>Greita apsauga \u0161alto u\u017evedimo metu<\/li>\n<li>Stabilus veikimas auk\u0161tose temperat\u016brose<\/li>\n<li>Ma\u017eina variklio d\u0117v\u0117jim\u0105si ir trint\u012f<\/li>\n<li>Saugo DPF, SCR ir kitas emisij\u0173 kontrol\u0117s sistemas<\/li>\n<li>Tinka benzininiams, dyzeliniams ir hibridiniams varikliams<\/li>\n<li>Prisideda prie ma\u017eesni\u0173 kuro s\u0105naud\u0173 ir \u0161varesnio variklio darbo<\/li>\n<\/ul>\n<p style=\"text-align: left;\">Rekomenduojamas automobiliams, kuriems reikalinga ACEA C3 0W30 specifikacija, \u012fskaitant daugel\u012f Volkswagen Audi Group (VAG), BMW, Mercedes-Benz ir kit\u0173 Europos gamintoj\u0173 modeli\u0173.<\/p>\n<p style=\"text-align: left;\"><a href=\"https:\/\/www.millersoils.co.uk\/wp-content\/uploads\/2020\/11\/7998-XF-Premium-C3-0w30.pdf\">Gaminio duomen\u0173 lapas <img loading=\"lazy\" decoding=\"async\" class=\"alignnone size-full wp-image-3251\" src=\"https:\/\/fastcar.shop\/wp-content\/uploads\/2022\/01\/pdf-e1641824783993.png\" alt=\"\" width=\"30\" height=\"23\" \/><\/a><\/p>\n<p>&nbsp;<\/p>","protected":false},"excerpt":{"rendered":"<p><strong>Millers Oils XF Premium Engine Oil C3 0W30<\/strong> \u2013 auk\u0161\u010diausios kokyb\u0117s visi\u0161kai sintetinis variklio tepalas, sukurtas moderniems benzininiams, dyzeliniams ir hibridiniams varikliams. Pa\u017eangi Dynamic Fluid Technology (DFT) formul\u0117 u\u017etikrina greit\u0105 tepalo cirkuliacij\u0105 \u0161alto u\u017evedimo metu, tod\u0117l svarbiausios variklio dalys apsaugomos nuo pirm\u0173j\u0173 sekund\u017ei\u0173.<\/p>","protected":false},"featured_media":5037,"template":"","meta":[],"product_brand":[],"product_cat":[1786,885],"product_tag":[],"class_list":{"0":"post-5033","1":"product","2":"type-product","3":"status-publish","4":"has-post-thumbnail","6":"product_cat-engine-oil","7":"product_cat-oils_lubricants","8":"product_provider-millers-oils","10":"first","11":"instock","12":"taxable","13":"shipping-taxable","14":"purchasable","15":"product-type-variable"},"aioseo_notices":[],"yoast_head":"<!-- This site is optimized with the Yoast SEO plugin v27.4 - https:\/\/yoast.com\/product\/yoast-seo-wordpress\/ -->\n<title>Millers Oils XF Premium Engine Oil C3 0W30 - Fast Car Shop<\/title>\n<meta name=\"robots\" content=\"index, follow, max-snippet:-1, max-image-preview:large, max-video-preview:-1\" \/>\n<link rel=\"canonical\" href=\"https:\/\/fastcar.shop\/lt\/produktas\/millers-oils-xf-premium-engine-oil-c3-0w30\/\" \/>\n<meta property=\"og:locale\" content=\"lt_LT\" \/>\n<meta property=\"og:type\" content=\"article\" \/>\n<meta property=\"og:title\" content=\"Millers Oils XF Premium Engine Oil C3 0W30 - Fast Car Shop\" \/>\n<meta property=\"og:description\" content=\"Millers Oils XF Premium Engine Oil C3 0W30 \u2013 a premium-quality fully synthetic engine oil designed for modern gasoline, diesel, and hybrid engines. The advanced Dynamic Fluid Technology (DFT) formula ensures rapid oil circulation during cold starts, protecting the most critical engine components from the very first seconds.\" \/>\n<meta property=\"og:url\" content=\"https:\/\/fastcar.shop\/lt\/produktas\/millers-oils-xf-premium-engine-oil-c3-0w30\/\" \/>\n<meta property=\"og:site_name\" content=\"Fast Car Shop\" \/>\n<meta property=\"article:publisher\" content=\"https:\/\/www.facebook.com\/FastcarLt?locale=lt_LT\" \/>\n<meta property=\"article:modified_time\" content=\"2026-04-24T09:16:21+00:00\" \/>\n<meta property=\"og:image\" content=\"https:\/\/fastcar.shop\/wp-content\/uploads\/2026\/04\/XF-C3-0w30-grouped-768x816-1.png\" \/>\n\t<meta property=\"og:image:width\" content=\"768\" \/>\n\t<meta property=\"og:image:height\" content=\"816\" \/>\n\t<meta property=\"og:image:type\" content=\"image\/png\" \/>\n<meta name=\"twitter:card\" content=\"summary_large_image\" \/>\n<meta name=\"twitter:label1\" content=\"Est. reading time\" \/>\n\t<meta name=\"twitter:data1\" content=\"2 minut\u0117s\" \/>\n<!-- \/ Yoast SEO plugin. -->","yoast_head_json":{"title":"Millers Oils XF Premium Engine Oil C3 0W30 - Fast Car Shop","robots":{"index":"index","follow":"follow","max-snippet":"max-snippet:-1","max-image-preview":"max-image-preview:large","max-video-preview":"max-video-preview:-1"},"canonical":"https:\/\/fastcar.shop\/lt\/produktas\/millers-oils-xf-premium-engine-oil-c3-0w30\/","og_locale":"lt_LT","og_type":"article","og_title":"Millers Oils XF Premium Engine Oil C3 0W30 - Fast Car Shop","og_description":"Millers Oils XF Premium Engine Oil C3 0W30 \u2013 a premium-quality fully synthetic engine oil designed for modern gasoline, diesel, and hybrid engines. The advanced Dynamic Fluid Technology (DFT) formula ensures rapid oil circulation during cold starts, protecting the most critical engine components from the very first seconds.","og_url":"https:\/\/fastcar.shop\/lt\/produktas\/millers-oils-xf-premium-engine-oil-c3-0w30\/","og_site_name":"Fast Car Shop","article_publisher":"https:\/\/www.facebook.com\/FastcarLt?locale=lt_LT","article_modified_time":"2026-04-24T09:16:21+00:00","og_image":[{"width":768,"height":816,"url":"https:\/\/fastcar.shop\/wp-content\/uploads\/2026\/04\/XF-C3-0w30-grouped-768x816-1.png","type":"image\/png"}],"twitter_card":"summary_large_image","twitter_misc":{"Est. reading time":"2 minut\u0117s"},"schema":{"@context":"https:\/\/schema.org","@graph":[{"@type":"WebPage","@id":"https:\/\/fastcar.shop\/product\/millers-oils-xf-premium-engine-oil-c3-0w30\/","url":"https:\/\/fastcar.shop\/product\/millers-oils-xf-premium-engine-oil-c3-0w30\/","name":"Millers Oils XF Premium Engine Oil C3 0W30 - Fast Car Shop","isPartOf":{"@id":"https:\/\/fastcar.shop\/#website"},"primaryImageOfPage":{"@id":"https:\/\/fastcar.shop\/product\/millers-oils-xf-premium-engine-oil-c3-0w30\/#primaryimage"},"image":{"@id":"https:\/\/fastcar.shop\/product\/millers-oils-xf-premium-engine-oil-c3-0w30\/#primaryimage"},"thumbnailUrl":"https:\/\/fastcar.shop\/wp-content\/uploads\/2026\/04\/XF-C3-0w30-grouped-768x816-1.png","datePublished":"2026-04-24T08:42:31+00:00","dateModified":"2026-04-24T09:16:21+00:00","breadcrumb":{"@id":"https:\/\/fastcar.shop\/product\/millers-oils-xf-premium-engine-oil-c3-0w30\/#breadcrumb"},"inLanguage":"lt-LT","potentialAction":[{"@type":"ReadAction","target":["https:\/\/fastcar.shop\/product\/millers-oils-xf-premium-engine-oil-c3-0w30\/"]}]},{"@type":"ImageObject","inLanguage":"lt-LT","@id":"https:\/\/fastcar.shop\/product\/millers-oils-xf-premium-engine-oil-c3-0w30\/#primaryimage","url":"https:\/\/fastcar.shop\/wp-content\/uploads\/2026\/04\/XF-C3-0w30-grouped-768x816-1.png","contentUrl":"https:\/\/fastcar.shop\/wp-content\/uploads\/2026\/04\/XF-C3-0w30-grouped-768x816-1.png","width":768,"height":816},{"@type":"BreadcrumbList","@id":"https:\/\/fastcar.shop\/product\/millers-oils-xf-premium-engine-oil-c3-0w30\/#breadcrumb","itemListElement":[{"@type":"ListItem","position":1,"name":"Home","item":"https:\/\/fastcar.shop\/"},{"@type":"ListItem","position":2,"name":"Shop","item":"https:\/\/fastcar.shop\/shop\/"},{"@type":"ListItem","position":3,"name":"Millers Oils XF Premium Engine Oil C3 0W30"}]},{"@type":"WebSite","@id":"https:\/\/fastcar.shop\/#website","url":"https:\/\/fastcar.shop\/","name":"Greit\u0173 automobili\u0173 parduotuv\u0117","description":"","publisher":{"@id":"https:\/\/fastcar.shop\/#organization"},"potentialAction":[{"@type":"SearchAction","target":{"@type":"EntryPoint","urlTemplate":"https:\/\/fastcar.shop\/?s={search_term_string}"},"query-input":{"@type":"PropertyValueSpecification","valueRequired":true,"valueName":"search_term_string"}}],"inLanguage":"lt-LT"},{"@type":"Organization","@id":"https:\/\/fastcar.shop\/#organization","name":"Fastcar.shop","url":"https:\/\/fastcar.shop\/","logo":{"@type":"ImageObject","inLanguage":"lt-LT","@id":"https:\/\/fastcar.shop\/#\/schema\/logo\/image\/","url":"https:\/\/fastcar.shop\/wp-content\/uploads\/2017\/08\/FCS_JPEG-01-scaled.jpg","contentUrl":"https:\/\/fastcar.shop\/wp-content\/uploads\/2017\/08\/FCS_JPEG-01-scaled.jpg","width":2560,"height":1379,"caption":"Fastcar.shop"},"image":{"@id":"https:\/\/fastcar.shop\/#\/schema\/logo\/image\/"},"sameAs":["https:\/\/www.facebook.com\/FastcarLt?locale=lt_LT","https:\/\/www.instagram.com\/fastcar.shop\/"]}]}},"jetpack_sharing_enabled":true,"_links":{"self":[{"href":"https:\/\/fastcar.shop\/lt\/wp-json\/wp\/v2\/product\/5033","targetHints":{"allow":["GET"]}}],"collection":[{"href":"https:\/\/fastcar.shop\/lt\/wp-json\/wp\/v2\/product"}],"about":[{"href":"https:\/\/fastcar.shop\/lt\/wp-json\/wp\/v2\/types\/product"}],"wp:featuredmedia":[{"embeddable":true,"href":"https:\/\/fastcar.shop\/lt\/wp-json\/wp\/v2\/media\/5037"}],"wp:attachment":[{"href":"https:\/\/fastcar.shop\/lt\/wp-json\/wp\/v2\/media?parent=5033"}],"wp:term":[{"taxonomy":"product_brand","embeddable":true,"href":"https:\/\/fastcar.shop\/lt\/wp-json\/wp\/v2\/product_brand?post=5033"},{"taxonomy":"product_cat","embeddable":true,"href":"https:\/\/fastcar.shop\/lt\/wp-json\/wp\/v2\/product_cat?post=5033"},{"taxonomy":"product_tag","embeddable":true,"href":"https:\/\/fastcar.shop\/lt\/wp-json\/wp\/v2\/product_tag?post=5033"}],"curies":[{"name":"wp","href":"https:\/\/api.w.org\/{rel}","templated":true}]}}