{"id":5031,"date":"2026-04-24T11:31:16","date_gmt":"2026-04-24T08:31:16","guid":{"rendered":"https:\/\/fastcar.shop\/?post_type=product&#038;p=5031"},"modified":"2026-04-24T12:17:32","modified_gmt":"2026-04-24T09:17:32","slug":"millers-oils-xf-premium-atf-9lg-5l","status":"publish","type":"product","link":"https:\/\/fastcar.shop\/lt\/product\/millers-oils-xf-premium-atf-9lg-5l\/","title":{"rendered":"Millers Oils XF Premium ATF 9LG"},"content":{"rendered":"<p style=\"text-align: left;\" data-start=\"0\" data-end=\"323\"><strong>Millers Oils XF Premium ATF 9LG<\/strong> \u2013 auk\u0161\u010diausios kokyb\u0117s automatin\u0117s transmisijos alyva, sukurta modernioms 8 ir 9 pavar\u0173 automatin\u0117ms pavar\u0173 d\u0117\u017e\u0117ms. \u0160is pa\u017eangus ATF skystis u\u017etikrina skland\u0173 pavar\u0173 darb\u0105, optimali\u0105 apsaug\u0105 ir efektyv\u0173 transmisijos veikim\u0105 tiek kasdien\u0117mis, tiek intensyviomis eksploatavimo s\u0105lygomis.<\/p>\n<p style=\"text-align: left;\" data-start=\"0\" data-end=\"323\">Specialiai pritaikyta ZF Friedrichshafen AG transmisijoms su \u201eStop-Start\u201c technologija, \u0161i alyva padeda suma\u017einti trint\u012f, palaiko stabil\u0173 klampum\u0105 auk\u0161toje temperat\u016broje ir u\u017etikrina greit\u0105 apsaug\u0105 nuo pat \u0161alto u\u017evedimo momento. D\u0117l pa\u017eangios formul\u0117s transmisija dirba tyliau, skland\u017eiau ir i\u0161laiko ilgalaik\u012f patikimum\u0105.<\/p>\n<p style=\"text-align: left;\"><strong>Privalumai:<\/strong><\/p>\n<ul style=\"text-align: left;\">\n<li>Skirta 8 ir 9 pavar\u0173 automatin\u0117ms transmisijoms<\/li>\n<li>U\u017etikrina skland\u0173 ir tiksl\u0173 pavar\u0173 perjungim\u0105<\/li>\n<li>Puikus takumas \u017eemoje temperat\u016broje \u0161alto starto metu<\/li>\n<li>Stabilus klampumas auk\u0161toje temperat\u016broje<\/li>\n<li>Ma\u017eina transmisijos komponent\u0173 d\u0117v\u0117jim\u0105si<\/li>\n<li>Prisideda prie geresnio kuro ekonomijos efektyvumo<\/li>\n<li>Tinka hibridin\u0117ms (HEV) ir \u012fkraunamoms hibridin\u0117ms (PHEV) sistemoms<\/li>\n<\/ul>\n<p style=\"text-align: left;\" data-start=\"0\" data-end=\"323\">\u0160i alyva rekomenduojama vairuotojams, kurie siekia ilgalaik\u0117s automatin\u0117s pavar\u0173 d\u0117\u017e\u0117s apsaugos, sklandaus darbo ir gamintojo reikalavimus atitinkan\u010dio na\u0161umo. Tinka naudoti ten, kur reikalingos specifikacijos, atitinkan\u010dios ZF LifeguardFluid 8, LifeguardFluid 9 ir Hybrid 1 standartus.<\/p>\n<p style=\"text-align: left;\" data-start=\"0\" data-end=\"323\"><a href=\"https:\/\/www.millersoils.co.uk\/wp-content\/uploads\/2025\/03\/8617-XF-Premium-ATF-9LG.pdf\">Gaminio duomen\u0173 lapas <img loading=\"lazy\" decoding=\"async\" class=\"alignnone size-full wp-image-3251\" src=\"https:\/\/fastcar.shop\/wp-content\/uploads\/2022\/01\/pdf-e1641824783993.png\" alt=\"\" width=\"30\" height=\"23\" \/><\/a><\/p>","protected":false},"excerpt":{"rendered":"<p><strong>Millers Oils XF Premium ATF 9LG<\/strong> \u2013 auk\u0161\u010diausios kokyb\u0117s automatin\u0117s transmisijos alyva, sukurta modernioms 8 ir 9 pavar\u0173 automatin\u0117ms pavar\u0173 d\u0117\u017e\u0117ms. \u0160is pa\u017eangus ATF skystis u\u017etikrina skland\u0173 pavar\u0173 darb\u0105, optimali\u0105 apsaug\u0105 ir efektyv\u0173 transmisijos veikim\u0105 tiek kasdien\u0117mis, tiek intensyviomis eksploatavimo s\u0105lygomis.<\/p>","protected":false},"featured_media":5041,"template":"","meta":[],"product_brand":[],"product_cat":[1786,885],"product_tag":[],"class_list":{"0":"post-5031","1":"product","2":"type-product","3":"status-publish","4":"has-post-thumbnail","6":"product_cat-engine-oil","7":"product_cat-oils_lubricants","8":"product_provider-millers-oils","10":"first","11":"instock","12":"taxable","13":"shipping-taxable","14":"purchasable","15":"product-type-variable"},"aioseo_notices":[],"yoast_head":"<!-- This site is optimized with the Yoast SEO plugin v27.4 - https:\/\/yoast.com\/product\/yoast-seo-wordpress\/ -->\n<title>Millers Oils XF Premium ATF 9LG - Fast Car Shop<\/title>\n<meta name=\"robots\" content=\"index, follow, max-snippet:-1, max-image-preview:large, max-video-preview:-1\" \/>\n<link rel=\"canonical\" href=\"https:\/\/fastcar.shop\/lt\/produktas\/millers-oils-xf-premium-atf-9lg-5l\/\" \/>\n<meta property=\"og:locale\" content=\"lt_LT\" \/>\n<meta property=\"og:type\" content=\"article\" \/>\n<meta property=\"og:title\" content=\"Millers Oils XF Premium ATF 9LG - Fast Car Shop\" \/>\n<meta property=\"og:description\" content=\"Millers Oils XF Premium ATF 9LG \u2013 a premium-quality automatic transmission fluid designed for modern 8- and 9-speed automatic transmissions. This advanced ATF fluid ensures smooth gear shifting, optimal protection, and efficient transmission performance under both everyday and heavy-duty operating conditions.\" \/>\n<meta property=\"og:url\" content=\"https:\/\/fastcar.shop\/lt\/produktas\/millers-oils-xf-premium-atf-9lg-5l\/\" \/>\n<meta property=\"og:site_name\" content=\"Fast Car Shop\" \/>\n<meta property=\"article:publisher\" content=\"https:\/\/www.facebook.com\/FastcarLt?locale=lt_LT\" \/>\n<meta property=\"article:modified_time\" content=\"2026-04-24T09:17:32+00:00\" \/>\n<meta property=\"og:image\" content=\"https:\/\/fastcar.shop\/wp-content\/uploads\/2026\/04\/XF-ATF-9LG-grouped-768x816-1.png\" \/>\n\t<meta property=\"og:image:width\" content=\"768\" \/>\n\t<meta property=\"og:image:height\" content=\"816\" \/>\n\t<meta property=\"og:image:type\" content=\"image\/png\" \/>\n<meta name=\"twitter:card\" content=\"summary_large_image\" \/>\n<meta name=\"twitter:label1\" content=\"Est. reading time\" \/>\n\t<meta name=\"twitter:data1\" content=\"2 minut\u0117s\" \/>\n<!-- \/ Yoast SEO plugin. -->","yoast_head_json":{"title":"Millers Oils XF Premium ATF 9LG - Fast Car Shop","robots":{"index":"index","follow":"follow","max-snippet":"max-snippet:-1","max-image-preview":"max-image-preview:large","max-video-preview":"max-video-preview:-1"},"canonical":"https:\/\/fastcar.shop\/lt\/produktas\/millers-oils-xf-premium-atf-9lg-5l\/","og_locale":"lt_LT","og_type":"article","og_title":"Millers Oils XF Premium ATF 9LG - Fast Car Shop","og_description":"Millers Oils XF Premium ATF 9LG \u2013 a premium-quality automatic transmission fluid designed for modern 8- and 9-speed automatic transmissions. This advanced ATF fluid ensures smooth gear shifting, optimal protection, and efficient transmission performance under both everyday and heavy-duty operating conditions.","og_url":"https:\/\/fastcar.shop\/lt\/produktas\/millers-oils-xf-premium-atf-9lg-5l\/","og_site_name":"Fast Car Shop","article_publisher":"https:\/\/www.facebook.com\/FastcarLt?locale=lt_LT","article_modified_time":"2026-04-24T09:17:32+00:00","og_image":[{"width":768,"height":816,"url":"https:\/\/fastcar.shop\/wp-content\/uploads\/2026\/04\/XF-ATF-9LG-grouped-768x816-1.png","type":"image\/png"}],"twitter_card":"summary_large_image","twitter_misc":{"Est. reading time":"2 minut\u0117s"},"schema":{"@context":"https:\/\/schema.org","@graph":[{"@type":"WebPage","@id":"https:\/\/fastcar.shop\/product\/millers-oils-xf-premium-atf-9lg-5l\/","url":"https:\/\/fastcar.shop\/product\/millers-oils-xf-premium-atf-9lg-5l\/","name":"Millers Oils XF Premium ATF 9LG - Fast Car Shop","isPartOf":{"@id":"https:\/\/fastcar.shop\/#website"},"primaryImageOfPage":{"@id":"https:\/\/fastcar.shop\/product\/millers-oils-xf-premium-atf-9lg-5l\/#primaryimage"},"image":{"@id":"https:\/\/fastcar.shop\/product\/millers-oils-xf-premium-atf-9lg-5l\/#primaryimage"},"thumbnailUrl":"https:\/\/fastcar.shop\/wp-content\/uploads\/2026\/04\/XF-ATF-9LG-grouped-768x816-1.png","datePublished":"2026-04-24T08:31:16+00:00","dateModified":"2026-04-24T09:17:32+00:00","breadcrumb":{"@id":"https:\/\/fastcar.shop\/product\/millers-oils-xf-premium-atf-9lg-5l\/#breadcrumb"},"inLanguage":"lt-LT","potentialAction":[{"@type":"ReadAction","target":["https:\/\/fastcar.shop\/product\/millers-oils-xf-premium-atf-9lg-5l\/"]}]},{"@type":"ImageObject","inLanguage":"lt-LT","@id":"https:\/\/fastcar.shop\/product\/millers-oils-xf-premium-atf-9lg-5l\/#primaryimage","url":"https:\/\/fastcar.shop\/wp-content\/uploads\/2026\/04\/XF-ATF-9LG-grouped-768x816-1.png","contentUrl":"https:\/\/fastcar.shop\/wp-content\/uploads\/2026\/04\/XF-ATF-9LG-grouped-768x816-1.png","width":768,"height":816},{"@type":"BreadcrumbList","@id":"https:\/\/fastcar.shop\/product\/millers-oils-xf-premium-atf-9lg-5l\/#breadcrumb","itemListElement":[{"@type":"ListItem","position":1,"name":"Home","item":"https:\/\/fastcar.shop\/"},{"@type":"ListItem","position":2,"name":"Shop","item":"https:\/\/fastcar.shop\/shop\/"},{"@type":"ListItem","position":3,"name":"Millers Oils XF Premium ATF 9LG"}]},{"@type":"WebSite","@id":"https:\/\/fastcar.shop\/#website","url":"https:\/\/fastcar.shop\/","name":"Greit\u0173 automobili\u0173 parduotuv\u0117","description":"","publisher":{"@id":"https:\/\/fastcar.shop\/#organization"},"potentialAction":[{"@type":"SearchAction","target":{"@type":"EntryPoint","urlTemplate":"https:\/\/fastcar.shop\/?s={search_term_string}"},"query-input":{"@type":"PropertyValueSpecification","valueRequired":true,"valueName":"search_term_string"}}],"inLanguage":"lt-LT"},{"@type":"Organization","@id":"https:\/\/fastcar.shop\/#organization","name":"Fastcar.shop","url":"https:\/\/fastcar.shop\/","logo":{"@type":"ImageObject","inLanguage":"lt-LT","@id":"https:\/\/fastcar.shop\/#\/schema\/logo\/image\/","url":"https:\/\/fastcar.shop\/wp-content\/uploads\/2017\/08\/FCS_JPEG-01-scaled.jpg","contentUrl":"https:\/\/fastcar.shop\/wp-content\/uploads\/2017\/08\/FCS_JPEG-01-scaled.jpg","width":2560,"height":1379,"caption":"Fastcar.shop"},"image":{"@id":"https:\/\/fastcar.shop\/#\/schema\/logo\/image\/"},"sameAs":["https:\/\/www.facebook.com\/FastcarLt?locale=lt_LT","https:\/\/www.instagram.com\/fastcar.shop\/"]}]}},"jetpack_sharing_enabled":true,"_links":{"self":[{"href":"https:\/\/fastcar.shop\/lt\/wp-json\/wp\/v2\/product\/5031","targetHints":{"allow":["GET"]}}],"collection":[{"href":"https:\/\/fastcar.shop\/lt\/wp-json\/wp\/v2\/product"}],"about":[{"href":"https:\/\/fastcar.shop\/lt\/wp-json\/wp\/v2\/types\/product"}],"wp:featuredmedia":[{"embeddable":true,"href":"https:\/\/fastcar.shop\/lt\/wp-json\/wp\/v2\/media\/5041"}],"wp:attachment":[{"href":"https:\/\/fastcar.shop\/lt\/wp-json\/wp\/v2\/media?parent=5031"}],"wp:term":[{"taxonomy":"product_brand","embeddable":true,"href":"https:\/\/fastcar.shop\/lt\/wp-json\/wp\/v2\/product_brand?post=5031"},{"taxonomy":"product_cat","embeddable":true,"href":"https:\/\/fastcar.shop\/lt\/wp-json\/wp\/v2\/product_cat?post=5031"},{"taxonomy":"product_tag","embeddable":true,"href":"https:\/\/fastcar.shop\/lt\/wp-json\/wp\/v2\/product_tag?post=5031"}],"curies":[{"name":"wp","href":"https:\/\/api.w.org\/{rel}","templated":true}]}}