{"id":4898,"date":"2025-08-25T19:39:47","date_gmt":"2025-08-25T16:39:47","guid":{"rendered":"https:\/\/fastcar.shop\/?post_type=product&#038;p=4898"},"modified":"2025-08-25T19:54:06","modified_gmt":"2025-08-25T16:54:06","slug":"millers-oils-classic-pistoneeze-10w40","status":"publish","type":"product","link":"https:\/\/fastcar.shop\/lt\/product\/millers-oils-classic-pistoneeze-10w40\/","title":{"rendered":"MILLERS OILS Classic Pistoneeze 10w40 alyva"},"content":{"rendered":"<p style=\"text-align: left;\" data-start=\"104\" data-end=\"369\"><strong data-start=\"1931\" data-end=\"1960\">Classic Pistoneeze 10W-40<\/strong> is a high-quality semi-synthetic engine oil tailored for classic vehicles that also utilize modern filtration systems. Its formulation combines the latest additive technologies with period-appropriate viscosity behavior. Designed for high-mileage engines, it helps reduce oil loss and provides strong engine protection via ZDDP. It meets both contemporary specifications (API SL\/CF, ACEA A3\/B4, MB 229.1) and the lubrication needs of vintage engines.<\/p>\n<p style=\"text-align: left;\" data-start=\"578\" data-end=\"728\"><strong data-start=\"578\" data-end=\"593\">Paskirtis<\/strong><br data-start=\"593\" data-end=\"596\" \/>Skirta tiek benzininiams, tiek dyzeliniams klasikini\u0173 automobili\u0173 varikliams, kuriems reikalinga SAE 10W-40 alyva.<\/p>\n<p style=\"text-align: left;\" data-start=\"730\" data-end=\"748\"><strong data-start=\"730\" data-end=\"746\">Pagrindiniai privalumai<\/strong><\/p>\n<ul style=\"text-align: left;\" data-start=\"749\" data-end=\"1148\">\n<li data-start=\"749\" data-end=\"879\">\n<p data-start=\"751\" data-end=\"879\">Derina moderni\u0105 pried\u0173 technologij\u0105 su <strong data-start=\"790\" data-end=\"836\">\u201eperiodi\u0161kai teisingomis\u201c klampumo savyb\u0117mis<\/strong>, tod\u0117l u\u017etikrina optimal\u0173 tepim\u0105.<\/p>\n<\/li>\n<li data-start=\"880\" data-end=\"999\">\n<p data-start=\"882\" data-end=\"999\">Didesn\u0117 klampumo klas\u0117 ypa\u010d naudinga <strong data-start=\"928\" data-end=\"952\">didel\u0119 rid\u0105 turintiems varikliams<\/strong>, nes padeda suma\u017einti alyvos sunaudojim\u0105 ir nuot\u0117k\u012f.<\/p>\n<\/li>\n<li data-start=\"1000\" data-end=\"1148\">\n<p data-start=\"1002\" data-end=\"1148\">Atitinka \u0161iuolaikinius techninius reikalavimus, kartu i\u0161laikydama klasikini\u0173 varikli\u0173 poreikius.<\/p>\n<\/li>\n<\/ul>\n<p style=\"text-align: left;\" data-start=\"1150\" data-end=\"1175\"><strong data-start=\"1150\" data-end=\"1173\">Atitiktis standartams<\/strong><\/p>\n<ul style=\"text-align: left;\" data-start=\"1176\" data-end=\"1278\">\n<li data-start=\"1176\" data-end=\"1196\">\n<p data-start=\"1178\" data-end=\"1196\"><strong data-start=\"1178\" data-end=\"1185\">API<\/strong>: SL \/ CF<\/p>\n<\/li>\n<li data-start=\"1197\" data-end=\"1218\">\n<p data-start=\"1199\" data-end=\"1218\"><strong data-start=\"1199\" data-end=\"1207\">ACEA<\/strong>: A3 \/ B4<\/p>\n<\/li>\n<li data-start=\"1219\" data-end=\"1278\">\n<p data-start=\"1221\" data-end=\"1278\"><strong data-start=\"1221\" data-end=\"1230\">Atitinka<\/strong>MB 229.1 specifikacij\u0105<\/p>\n<\/li>\n<\/ul>\n<p style=\"text-align: left;\" data-start=\"1280\" data-end=\"1309\"><strong data-start=\"1280\" data-end=\"1307\">Charakteristikos<\/strong><\/p>\n<ul style=\"text-align: left;\" data-start=\"1310\" data-end=\"1613\">\n<li data-start=\"1310\" data-end=\"1349\">\n<p data-start=\"1312\" data-end=\"1349\"><strong data-start=\"1312\" data-end=\"1340\">Tankis prie 15 \u00b0C:<\/strong>: 0.865<\/p>\n<\/li>\n<li data-start=\"1350\" data-end=\"1396\">\n<p data-start=\"1352\" data-end=\"1396\"><strong data-start=\"1352\" data-end=\"1384\">Kinematin\u0117 klampa prie 100 \u00b0C<\/strong>: 13.0 cSt<\/p>\n<\/li>\n<li data-start=\"1397\" data-end=\"1443\">\n<p data-start=\"1399\" data-end=\"1443\"><strong data-start=\"1399\" data-end=\"1430\">Kinematin\u0117 klampa prie 40 \u00b0C<\/strong>: 85.65 cSt<\/p>\n<\/li>\n<li data-start=\"1444\" data-end=\"1472\">\n<p data-start=\"1446\" data-end=\"1472\"><strong data-start=\"1446\" data-end=\"1465\">Klampumo indeksas<\/strong>: 149<\/p>\n<\/li>\n<li data-start=\"1473\" data-end=\"1505\">\n<p data-start=\"1475\" data-end=\"1505\"><strong data-start=\"1475\" data-end=\"1489\">U\u017e\u0161alimo ta\u0161kas:<\/strong>\u017eemiau \u201342 \u00b0C<\/p>\n<\/li>\n<li data-start=\"1506\" data-end=\"1539\">\n<p data-start=\"1508\" data-end=\"1539\"><strong data-start=\"1508\" data-end=\"1523\">U\u017esiliepsnojimo temperat\u016bra<\/strong>: vir\u0161 213 \u00b0C<\/p>\n<\/li>\n<li data-start=\"1540\" data-end=\"1613\">\n<p data-start=\"1542\" data-end=\"1613\"><strong data-start=\"1542\" data-end=\"1566\">\u0160alto u\u017evedimo klampa<\/strong>: 4500 cP<\/p>\n<\/li>\n<\/ul>\n<p style=\"text-align: left;\"><a href=\"https:\/\/fastcar.shop\/wp-content\/uploads\/2025\/08\/Classic-Pistoneeze-10w40-1.pdf\">Gaminio duomen\u0173 lapas <img loading=\"lazy\" decoding=\"async\" class=\"size-full wp-image-3251 alignnone alignleft\" src=\"https:\/\/fastcar.shop\/wp-content\/uploads\/2022\/01\/pdf-e1641824783993.png\" alt=\"\" width=\"30\" height=\"23\" \/><\/a><\/p>","protected":false},"excerpt":{"rendered":"<p><strong data-start=\"1931\" data-end=\"1960\">Classic Pistoneeze 10W-40<\/strong> \u2013 auk\u0161tos kokyb\u0117s pusiau sintetin\u0117 alyva, sukurta klasikiniams automobiliams, \u012fskaitant tuos, kurie naudoja modernias filtravimo sistemas. ZDDP priedai u\u017etikrina stipri\u0105 variklio apsaug\u0105, o didesn\u0117 klampumo klas\u0117 padeda suma\u017einti alyvos s\u0105naudas bei nuot\u0117kius, ypa\u010d varikliuose su didele rida. Atitinka tiek \u0161iuolaikines specifikacijas (API SL\/CF, ACEA A3\/B4, MB 229.1), tiek klasikini\u0173 varikli\u0173 eksploatacijos reikalavimus.<\/p>","protected":false},"featured_media":4901,"template":"","meta":[],"product_brand":[],"product_cat":[1817],"product_tag":[],"class_list":{"0":"post-4898","1":"product","2":"type-product","3":"status-publish","4":"has-post-thumbnail","6":"product_cat-classic-vehicles","7":"product_provider-millers-oils","9":"first","10":"instock","11":"taxable","12":"shipping-taxable","13":"purchasable","14":"product-type-variable"},"aioseo_notices":[],"yoast_head":"<!-- This site is optimized with the Yoast SEO plugin v27.3 - https:\/\/yoast.com\/product\/yoast-seo-wordpress\/ -->\n<title>MILLERS OILS Classic Pistoneeze 10w40 - Fast Car Shop<\/title>\n<meta name=\"robots\" content=\"index, follow, max-snippet:-1, max-image-preview:large, max-video-preview:-1\" \/>\n<link rel=\"canonical\" href=\"https:\/\/fastcar.shop\/lt\/produktas\/millers-oils-classic-pistoneeze-10w40\/\" \/>\n<meta property=\"og:locale\" content=\"lt_LT\" \/>\n<meta property=\"og:type\" content=\"article\" \/>\n<meta property=\"og:title\" content=\"MILLERS OILS Classic Pistoneeze 10w40 - Fast Car Shop\" \/>\n<meta property=\"og:description\" content=\"Classic Pistoneeze 10W-40 is a high-quality semi-synthetic engine oil tailored for classic vehicles that also utilize modern filtration systems. Its formulation combines the latest additive technologies with period-appropriate viscosity behavior. Designed for high-mileage engines, it helps reduce oil loss and provides strong engine protection via ZDDP. It meets both contemporary specifications (API SL\/CF, ACEA A3\/B4, MB 229.1) and the lubrication needs of vintage engines. while supporting the needs of classic car performance.\" \/>\n<meta property=\"og:url\" content=\"https:\/\/fastcar.shop\/lt\/produktas\/millers-oils-classic-pistoneeze-10w40\/\" \/>\n<meta property=\"og:site_name\" content=\"Fast Car Shop\" \/>\n<meta property=\"article:publisher\" content=\"https:\/\/www.facebook.com\/FastcarLt?locale=lt_LT\" \/>\n<meta property=\"article:modified_time\" content=\"2025-08-25T16:54:06+00:00\" \/>\n<meta property=\"og:image\" content=\"https:\/\/fastcar.shop\/wp-content\/uploads\/2025\/08\/0001944_classic-pistoneeze-10w40-engine-oil_550.jpeg\" \/>\n\t<meta property=\"og:image:width\" content=\"550\" \/>\n\t<meta property=\"og:image:height\" content=\"550\" \/>\n\t<meta property=\"og:image:type\" content=\"image\/jpeg\" \/>\n<meta name=\"twitter:card\" content=\"summary_large_image\" \/>\n<meta name=\"twitter:label1\" content=\"Est. reading time\" \/>\n\t<meta name=\"twitter:data1\" content=\"2 minut\u0117s\" \/>\n<!-- \/ Yoast SEO plugin. -->","yoast_head_json":{"title":"MILLERS OILS Classic Pistoneeze 10w40 - Fast Car Shop","robots":{"index":"index","follow":"follow","max-snippet":"max-snippet:-1","max-image-preview":"max-image-preview:large","max-video-preview":"max-video-preview:-1"},"canonical":"https:\/\/fastcar.shop\/lt\/produktas\/millers-oils-classic-pistoneeze-10w40\/","og_locale":"lt_LT","og_type":"article","og_title":"MILLERS OILS Classic Pistoneeze 10w40 - Fast Car Shop","og_description":"Classic Pistoneeze 10W-40 is a high-quality semi-synthetic engine oil tailored for classic vehicles that also utilize modern filtration systems. Its formulation combines the latest additive technologies with period-appropriate viscosity behavior. Designed for high-mileage engines, it helps reduce oil loss and provides strong engine protection via ZDDP. It meets both contemporary specifications (API SL\/CF, ACEA A3\/B4, MB 229.1) and the lubrication needs of vintage engines. while supporting the needs of classic car performance.","og_url":"https:\/\/fastcar.shop\/lt\/produktas\/millers-oils-classic-pistoneeze-10w40\/","og_site_name":"Fast Car Shop","article_publisher":"https:\/\/www.facebook.com\/FastcarLt?locale=lt_LT","article_modified_time":"2025-08-25T16:54:06+00:00","og_image":[{"width":550,"height":550,"url":"https:\/\/fastcar.shop\/wp-content\/uploads\/2025\/08\/0001944_classic-pistoneeze-10w40-engine-oil_550.jpeg","type":"image\/jpeg"}],"twitter_card":"summary_large_image","twitter_misc":{"Est. reading time":"2 minut\u0117s"},"schema":{"@context":"https:\/\/schema.org","@graph":[{"@type":"WebPage","@id":"https:\/\/fastcar.shop\/product\/millers-oils-classic-pistoneeze-10w40\/","url":"https:\/\/fastcar.shop\/product\/millers-oils-classic-pistoneeze-10w40\/","name":"MILLERS OILS Classic Pistoneeze 10w40 - Fast Car Shop","isPartOf":{"@id":"https:\/\/fastcar.shop\/#website"},"primaryImageOfPage":{"@id":"https:\/\/fastcar.shop\/product\/millers-oils-classic-pistoneeze-10w40\/#primaryimage"},"image":{"@id":"https:\/\/fastcar.shop\/product\/millers-oils-classic-pistoneeze-10w40\/#primaryimage"},"thumbnailUrl":"https:\/\/fastcar.shop\/wp-content\/uploads\/2025\/08\/0001944_classic-pistoneeze-10w40-engine-oil_550.jpeg","datePublished":"2025-08-25T16:39:47+00:00","dateModified":"2025-08-25T16:54:06+00:00","breadcrumb":{"@id":"https:\/\/fastcar.shop\/product\/millers-oils-classic-pistoneeze-10w40\/#breadcrumb"},"inLanguage":"lt-LT","potentialAction":[{"@type":"ReadAction","target":["https:\/\/fastcar.shop\/product\/millers-oils-classic-pistoneeze-10w40\/"]}]},{"@type":"ImageObject","inLanguage":"lt-LT","@id":"https:\/\/fastcar.shop\/product\/millers-oils-classic-pistoneeze-10w40\/#primaryimage","url":"https:\/\/fastcar.shop\/wp-content\/uploads\/2025\/08\/0001944_classic-pistoneeze-10w40-engine-oil_550.jpeg","contentUrl":"https:\/\/fastcar.shop\/wp-content\/uploads\/2025\/08\/0001944_classic-pistoneeze-10w40-engine-oil_550.jpeg","width":550,"height":550},{"@type":"BreadcrumbList","@id":"https:\/\/fastcar.shop\/product\/millers-oils-classic-pistoneeze-10w40\/#breadcrumb","itemListElement":[{"@type":"ListItem","position":1,"name":"Home","item":"https:\/\/fastcar.shop\/"},{"@type":"ListItem","position":2,"name":"Shop","item":"https:\/\/fastcar.shop\/shop\/"},{"@type":"ListItem","position":3,"name":"MILLERS OILS Classic Pistoneeze 10w40"}]},{"@type":"WebSite","@id":"https:\/\/fastcar.shop\/#website","url":"https:\/\/fastcar.shop\/","name":"Greit\u0173 automobili\u0173 parduotuv\u0117","description":"","publisher":{"@id":"https:\/\/fastcar.shop\/#organization"},"potentialAction":[{"@type":"SearchAction","target":{"@type":"EntryPoint","urlTemplate":"https:\/\/fastcar.shop\/?s={search_term_string}"},"query-input":{"@type":"PropertyValueSpecification","valueRequired":true,"valueName":"search_term_string"}}],"inLanguage":"lt-LT"},{"@type":"Organization","@id":"https:\/\/fastcar.shop\/#organization","name":"Fastcar.shop","url":"https:\/\/fastcar.shop\/","logo":{"@type":"ImageObject","inLanguage":"lt-LT","@id":"https:\/\/fastcar.shop\/#\/schema\/logo\/image\/","url":"https:\/\/fastcar.shop\/wp-content\/uploads\/2017\/08\/FCS_JPEG-01-scaled.jpg","contentUrl":"https:\/\/fastcar.shop\/wp-content\/uploads\/2017\/08\/FCS_JPEG-01-scaled.jpg","width":2560,"height":1379,"caption":"Fastcar.shop"},"image":{"@id":"https:\/\/fastcar.shop\/#\/schema\/logo\/image\/"},"sameAs":["https:\/\/www.facebook.com\/FastcarLt?locale=lt_LT","https:\/\/www.instagram.com\/fastcar.shop\/"]}]}},"jetpack_sharing_enabled":true,"_links":{"self":[{"href":"https:\/\/fastcar.shop\/lt\/wp-json\/wp\/v2\/product\/4898","targetHints":{"allow":["GET"]}}],"collection":[{"href":"https:\/\/fastcar.shop\/lt\/wp-json\/wp\/v2\/product"}],"about":[{"href":"https:\/\/fastcar.shop\/lt\/wp-json\/wp\/v2\/types\/product"}],"wp:featuredmedia":[{"embeddable":true,"href":"https:\/\/fastcar.shop\/lt\/wp-json\/wp\/v2\/media\/4901"}],"wp:attachment":[{"href":"https:\/\/fastcar.shop\/lt\/wp-json\/wp\/v2\/media?parent=4898"}],"wp:term":[{"taxonomy":"product_brand","embeddable":true,"href":"https:\/\/fastcar.shop\/lt\/wp-json\/wp\/v2\/product_brand?post=4898"},{"taxonomy":"product_cat","embeddable":true,"href":"https:\/\/fastcar.shop\/lt\/wp-json\/wp\/v2\/product_cat?post=4898"},{"taxonomy":"product_tag","embeddable":true,"href":"https:\/\/fastcar.shop\/lt\/wp-json\/wp\/v2\/product_tag?post=4898"}],"curies":[{"name":"wp","href":"https:\/\/api.w.org\/{rel}","templated":true}]}}