{"id":4891,"date":"2025-08-25T19:14:21","date_gmt":"2025-08-25T16:14:21","guid":{"rendered":"https:\/\/fastcar.shop\/?post_type=product&#038;p=4891"},"modified":"2025-08-25T19:38:08","modified_gmt":"2025-08-25T16:38:08","slug":"millers-oils-classic-pistoneeze-10w30","status":"publish","type":"product","link":"https:\/\/fastcar.shop\/lt\/product\/millers-oils-classic-pistoneeze-10w30\/","title":{"rendered":"MILLERS OILS Classic Pistoneeze 10w30 alyva"},"content":{"rendered":"<p style=\"text-align: left;\" data-start=\"104\" data-end=\"369\"><strong data-start=\"1417\" data-end=\"1446\">Classic Pistoneeze 10W-30<\/strong> - tai gerai subalansuota, pusiau sintetinio pagrindo alyva, pritaikyta klasikiniams automobiliams su moderniomis filtravimo sistemomis. Sud\u0117tyje esantis ZDDP aktyviai saugo variklio dalis, skirta ma\u017einti alyvos sunaudojim\u0105 ir nuot\u0117k\u012f, ypa\u010d varikliams su didesne rida. Atitinka daugel\u012f \u0161iuolaikini\u0173 technini\u0173 specifikacij\u0173, tuo pat metu i\u0161laikant klasikini\u0173 automobil\u0173 veikimo standartus.<\/p>\n<p style=\"text-align: left;\" data-start=\"371\" data-end=\"564\"><strong data-start=\"371\" data-end=\"386\">Paskirtis<\/strong><br data-start=\"386\" data-end=\"389\" \/>Skirta naudoti tiek dyzeliniams, tiek benzininiams klasikini\u0173 automobili\u0173 varikliams, kuriems reikalinga 10W-30 klas\u0117s alyva. Ypa\u010d tinka didel\u012f ridos kiek\u012f turintiems varikliams, kuriuose da\u017enai pasirei\u0161kia alyvos degimas ar nuot\u0117kis.<\/p>\n<p style=\"text-align: left;\" data-start=\"566\" data-end=\"580\"><strong data-start=\"566\" data-end=\"578\">Privalumai<\/strong><\/p>\n<ul style=\"text-align: left;\" data-start=\"581\" data-end=\"849\">\n<li data-start=\"581\" data-end=\"700\">\n<p data-start=\"583\" data-end=\"700\">Naudojama modernios pried\u0173 technologijos su klasikini\u0173 (period) var\u017eyv\u0173 (visco-metrics) charakteristikomis \u2013 u\u017etikrina optimalias tepimo savybes.<\/p>\n<\/li>\n<li data-start=\"701\" data-end=\"763\">\n<p data-start=\"703\" data-end=\"763\">Didesn\u0117 klampuma padeda suma\u017einti alyvos sunaudojim\u0105 bei nutek\u0117jim\u0105.<\/p>\n<\/li>\n<li data-start=\"764\" data-end=\"849\">\n<p data-start=\"766\" data-end=\"849\">Atitinka modernius techninius reikalavimus, tuo pat metu saugo turimas istorines specifikacijas.<\/p>\n<\/li>\n<\/ul>\n<p style=\"text-align: left;\" data-start=\"851\" data-end=\"881\"><strong data-start=\"851\" data-end=\"879\">Technin\u0117 charakteristika<\/strong><\/p>\n<ul data-start=\"882\" data-end=\"1180\">\n<li style=\"text-align: left;\" data-start=\"882\" data-end=\"898\">\n<p data-start=\"884\" data-end=\"898\">API: SL \/ CF<\/p>\n<\/li>\n<li style=\"text-align: left;\" data-start=\"899\" data-end=\"916\">\n<p data-start=\"901\" data-end=\"916\">ACEA: A3 \/ B4<\/p>\n<\/li>\n<li style=\"text-align: left;\" data-start=\"917\" data-end=\"948\">\n<p data-start=\"919\" data-end=\"948\">MB 229.1 reikalavimai yra \u012fvykdomi<\/p>\n<\/li>\n<li style=\"text-align: left;\" data-start=\"949\" data-end=\"991\">\n<p data-start=\"951\" data-end=\"991\">Kinematin\u0117 klampa esant 100 \u00b0C: 10,2 cSt<\/p>\n<\/li>\n<li style=\"text-align: left;\" data-start=\"992\" data-end=\"1033\">\n<p data-start=\"994\" data-end=\"1033\">Kinematin\u0117 klampa esant 40 \u00b0C: 61,2 cSt<\/p>\n<\/li>\n<li style=\"text-align: left;\" data-start=\"1034\" data-end=\"1058\">\n<p data-start=\"1036\" data-end=\"1058\">Klampumo indeksas: 154<\/p>\n<\/li>\n<li style=\"text-align: left;\" data-start=\"1059\" data-end=\"1085\">\n<p data-start=\"1061\" data-end=\"1085\">S\u016brumas prie 15 \u00b0C: 0,871<\/p>\n<\/li>\n<li style=\"text-align: left;\" data-start=\"1086\" data-end=\"1114\">\n<p data-start=\"1088\" data-end=\"1114\">U\u017e\u0161alimo ta\u0161kas (pour point): \u017eemiau \u201342 \u00b0C<\/p>\n<\/li>\n<li style=\"text-align: left;\" data-start=\"1115\" data-end=\"1144\">\n<p data-start=\"1117\" data-end=\"1144\">U\u017esiliepsnojimo temperat\u016bra (flash point): vir\u0161 206 \u00b0C<\/p>\n<\/li>\n<li data-start=\"1145\" data-end=\"1180\">\n<p style=\"text-align: left;\" data-start=\"1147\" data-end=\"1180\">\u0160alto u\u017evedimo klampa (cold crank viscosity): \u2264 4000 cP<\/p>\n<\/li>\n<\/ul>\n<p style=\"text-align: left;\"><a href=\"https:\/\/fastcar.shop\/wp-content\/uploads\/2025\/08\/Classic-Pistoneeze-10w30-1.pdf\">Gaminio duomen\u0173 lapas <img loading=\"lazy\" decoding=\"async\" class=\"size-full wp-image-3251 alignnone\" src=\"https:\/\/fastcar.shop\/wp-content\/uploads\/2022\/01\/pdf-e1641824783993.png\" alt=\"\" width=\"30\" height=\"23\" \/><\/a><\/p>","protected":false},"excerpt":{"rendered":"<p><strong data-start=\"1417\" data-end=\"1446\">Classic Pistoneeze 10W-30<\/strong> - tai gerai subalansuota, pusiau sintetinio pagrindo alyva, pritaikyta klasikiniams automobiliams su moderniomis filtravimo sistemomis. Sud\u0117tyje esantis ZDDP aktyviai saugo variklio dalis, skirta ma\u017einti alyvos sunaudojim\u0105 ir nuot\u0117k\u012f, ypa\u010d varikliams su didesne rida. Atitinka daugel\u012f \u0161iuolaikini\u0173 technini\u0173 specifikacij\u0173, tuo pat metu i\u0161laikant klasikini\u0173 automobil\u0173 veikimo standartus.<\/p>","protected":false},"featured_media":4896,"template":"","meta":[],"product_brand":[],"product_cat":[1817],"product_tag":[],"class_list":{"0":"post-4891","1":"product","2":"type-product","3":"status-publish","4":"has-post-thumbnail","6":"product_cat-classic-vehicles","7":"product_provider-millers-oils","9":"first","10":"instock","11":"taxable","12":"shipping-taxable","13":"purchasable","14":"product-type-variable"},"aioseo_notices":[],"yoast_head":"<!-- This site is optimized with the Yoast SEO plugin v27.3 - https:\/\/yoast.com\/product\/yoast-seo-wordpress\/ -->\n<title>MILLERS OILS Classic Pistoneeze 10w30 - Fast Car Shop<\/title>\n<meta name=\"robots\" content=\"index, follow, max-snippet:-1, max-image-preview:large, max-video-preview:-1\" \/>\n<link rel=\"canonical\" href=\"https:\/\/fastcar.shop\/lt\/produktas\/millers-oils-classic-pistoneeze-10w30\/\" \/>\n<meta property=\"og:locale\" content=\"lt_LT\" \/>\n<meta property=\"og:type\" content=\"article\" \/>\n<meta property=\"og:title\" content=\"MILLERS OILS Classic Pistoneeze 10w30 - Fast Car Shop\" \/>\n<meta property=\"og:description\" content=\"Classic Pistoneeze 10W-30 is a well-balanced, semi-synthetic engine oil designed for classic vehicles with modern filtration systems. The ZDDP content ensures strong protection of engine components, while the formulation reduces oil consumption and leakage, particularly in higher-mileage engines. It meets a range of modern specifications while supporting the needs of classic car performance.\" \/>\n<meta property=\"og:url\" content=\"https:\/\/fastcar.shop\/lt\/produktas\/millers-oils-classic-pistoneeze-10w30\/\" \/>\n<meta property=\"og:site_name\" content=\"Fast Car Shop\" \/>\n<meta property=\"article:publisher\" content=\"https:\/\/www.facebook.com\/FastcarLt?locale=lt_LT\" \/>\n<meta property=\"article:modified_time\" content=\"2025-08-25T16:38:08+00:00\" \/>\n<meta property=\"og:image\" content=\"https:\/\/fastcar.shop\/wp-content\/uploads\/2025\/08\/classic-pistoneeze-10w30-engine-oil_550.jpg\" \/>\n\t<meta property=\"og:image:width\" content=\"550\" \/>\n\t<meta property=\"og:image:height\" content=\"550\" \/>\n\t<meta property=\"og:image:type\" content=\"image\/jpeg\" \/>\n<meta name=\"twitter:card\" content=\"summary_large_image\" \/>\n<meta name=\"twitter:label1\" content=\"Est. reading time\" \/>\n\t<meta name=\"twitter:data1\" content=\"2 minut\u0117s\" \/>\n<!-- \/ Yoast SEO plugin. -->","yoast_head_json":{"title":"MILLERS OILS Classic Pistoneeze 10w30 - Fast Car Shop","robots":{"index":"index","follow":"follow","max-snippet":"max-snippet:-1","max-image-preview":"max-image-preview:large","max-video-preview":"max-video-preview:-1"},"canonical":"https:\/\/fastcar.shop\/lt\/produktas\/millers-oils-classic-pistoneeze-10w30\/","og_locale":"lt_LT","og_type":"article","og_title":"MILLERS OILS Classic Pistoneeze 10w30 - Fast Car Shop","og_description":"Classic Pistoneeze 10W-30 is a well-balanced, semi-synthetic engine oil designed for classic vehicles with modern filtration systems. The ZDDP content ensures strong protection of engine components, while the formulation reduces oil consumption and leakage, particularly in higher-mileage engines. It meets a range of modern specifications while supporting the needs of classic car performance.","og_url":"https:\/\/fastcar.shop\/lt\/produktas\/millers-oils-classic-pistoneeze-10w30\/","og_site_name":"Fast Car Shop","article_publisher":"https:\/\/www.facebook.com\/FastcarLt?locale=lt_LT","article_modified_time":"2025-08-25T16:38:08+00:00","og_image":[{"width":550,"height":550,"url":"https:\/\/fastcar.shop\/wp-content\/uploads\/2025\/08\/classic-pistoneeze-10w30-engine-oil_550.jpg","type":"image\/jpeg"}],"twitter_card":"summary_large_image","twitter_misc":{"Est. reading time":"2 minut\u0117s"},"schema":{"@context":"https:\/\/schema.org","@graph":[{"@type":"WebPage","@id":"https:\/\/fastcar.shop\/product\/millers-oils-classic-pistoneeze-10w30\/","url":"https:\/\/fastcar.shop\/product\/millers-oils-classic-pistoneeze-10w30\/","name":"MILLERS OILS Classic Pistoneeze 10w30 - Fast Car Shop","isPartOf":{"@id":"https:\/\/fastcar.shop\/#website"},"primaryImageOfPage":{"@id":"https:\/\/fastcar.shop\/product\/millers-oils-classic-pistoneeze-10w30\/#primaryimage"},"image":{"@id":"https:\/\/fastcar.shop\/product\/millers-oils-classic-pistoneeze-10w30\/#primaryimage"},"thumbnailUrl":"https:\/\/fastcar.shop\/wp-content\/uploads\/2025\/08\/classic-pistoneeze-10w30-engine-oil_550.jpg","datePublished":"2025-08-25T16:14:21+00:00","dateModified":"2025-08-25T16:38:08+00:00","breadcrumb":{"@id":"https:\/\/fastcar.shop\/product\/millers-oils-classic-pistoneeze-10w30\/#breadcrumb"},"inLanguage":"lt-LT","potentialAction":[{"@type":"ReadAction","target":["https:\/\/fastcar.shop\/product\/millers-oils-classic-pistoneeze-10w30\/"]}]},{"@type":"ImageObject","inLanguage":"lt-LT","@id":"https:\/\/fastcar.shop\/product\/millers-oils-classic-pistoneeze-10w30\/#primaryimage","url":"https:\/\/fastcar.shop\/wp-content\/uploads\/2025\/08\/classic-pistoneeze-10w30-engine-oil_550.jpg","contentUrl":"https:\/\/fastcar.shop\/wp-content\/uploads\/2025\/08\/classic-pistoneeze-10w30-engine-oil_550.jpg","width":550,"height":550},{"@type":"BreadcrumbList","@id":"https:\/\/fastcar.shop\/product\/millers-oils-classic-pistoneeze-10w30\/#breadcrumb","itemListElement":[{"@type":"ListItem","position":1,"name":"Home","item":"https:\/\/fastcar.shop\/"},{"@type":"ListItem","position":2,"name":"Shop","item":"https:\/\/fastcar.shop\/shop\/"},{"@type":"ListItem","position":3,"name":"MILLERS OILS Classic Pistoneeze 10w30"}]},{"@type":"WebSite","@id":"https:\/\/fastcar.shop\/#website","url":"https:\/\/fastcar.shop\/","name":"Greit\u0173 automobili\u0173 parduotuv\u0117","description":"","publisher":{"@id":"https:\/\/fastcar.shop\/#organization"},"potentialAction":[{"@type":"SearchAction","target":{"@type":"EntryPoint","urlTemplate":"https:\/\/fastcar.shop\/?s={search_term_string}"},"query-input":{"@type":"PropertyValueSpecification","valueRequired":true,"valueName":"search_term_string"}}],"inLanguage":"lt-LT"},{"@type":"Organization","@id":"https:\/\/fastcar.shop\/#organization","name":"Fastcar.shop","url":"https:\/\/fastcar.shop\/","logo":{"@type":"ImageObject","inLanguage":"lt-LT","@id":"https:\/\/fastcar.shop\/#\/schema\/logo\/image\/","url":"https:\/\/fastcar.shop\/wp-content\/uploads\/2017\/08\/FCS_JPEG-01-scaled.jpg","contentUrl":"https:\/\/fastcar.shop\/wp-content\/uploads\/2017\/08\/FCS_JPEG-01-scaled.jpg","width":2560,"height":1379,"caption":"Fastcar.shop"},"image":{"@id":"https:\/\/fastcar.shop\/#\/schema\/logo\/image\/"},"sameAs":["https:\/\/www.facebook.com\/FastcarLt?locale=lt_LT","https:\/\/www.instagram.com\/fastcar.shop\/"]}]}},"jetpack_sharing_enabled":true,"_links":{"self":[{"href":"https:\/\/fastcar.shop\/lt\/wp-json\/wp\/v2\/product\/4891","targetHints":{"allow":["GET"]}}],"collection":[{"href":"https:\/\/fastcar.shop\/lt\/wp-json\/wp\/v2\/product"}],"about":[{"href":"https:\/\/fastcar.shop\/lt\/wp-json\/wp\/v2\/types\/product"}],"wp:featuredmedia":[{"embeddable":true,"href":"https:\/\/fastcar.shop\/lt\/wp-json\/wp\/v2\/media\/4896"}],"wp:attachment":[{"href":"https:\/\/fastcar.shop\/lt\/wp-json\/wp\/v2\/media?parent=4891"}],"wp:term":[{"taxonomy":"product_brand","embeddable":true,"href":"https:\/\/fastcar.shop\/lt\/wp-json\/wp\/v2\/product_brand?post=4891"},{"taxonomy":"product_cat","embeddable":true,"href":"https:\/\/fastcar.shop\/lt\/wp-json\/wp\/v2\/product_cat?post=4891"},{"taxonomy":"product_tag","embeddable":true,"href":"https:\/\/fastcar.shop\/lt\/wp-json\/wp\/v2\/product_tag?post=4891"}],"curies":[{"name":"wp","href":"https:\/\/api.w.org\/{rel}","templated":true}]}}