{"id":4815,"date":"2025-04-10T19:40:08","date_gmt":"2025-04-10T16:40:08","guid":{"rendered":"https:\/\/fastcar.shop\/?post_type=product&#038;p=4815"},"modified":"2025-11-26T19:30:18","modified_gmt":"2025-11-26T17:30:18","slug":"millers-oils-vspe-power-plus-one-shot-fuel-treatment-250ml","status":"publish","type":"product","link":"https:\/\/fastcar.shop\/lt\/product\/millers-oils-vspe-power-plus-one-shot-fuel-treatment-250ml\/","title":{"rendered":"MILLERS OILS VSPe Power Plus One Shot Fuel Treatment \u2013 250ml"},"content":{"rendered":"<h5 style=\"text-align: left;\">APRA\u0160YMAS:<\/h5>\n<p style=\"text-align: left;\">\u201eViskas viename\u201c, vienu \u0161virk\u0161tu atliekamas degal\u0173 apdorojimas, apsaugantis nuo etanolio, pakei\u010diantis \u0161vin\u0105 ir didinantis oktanin\u012f skai\u010di\u0173, kuris be\u0161viniams degalams suteikia iki dviej\u0173 oktanini\u0173 skai\u010di\u0173 (20 punkt\u0173).<\/p>\n<h5 style=\"text-align: left;\">NAUDOJIMAS:<\/h5>\n<p style=\"text-align: left;\">Rekomenduojama visiems klasikiniams varikliams, kuriems anks\u010diau reik\u0117jo \u0161vino degal\u0173, o dabar naudojami be\u0161viniai degalai. Vienas buteliukas tinka ma\u017edaug 50 litr\u0173 be\u0161vini\u0173 degal\u0173.<\/p>\n<h5 style=\"text-align: left;\">NAUDOS:<\/h5>\n<ul>\n<li style=\"text-align: left;\">FBHVC patvirtinta kaip kuro apdorojimo priemon\u0117, skirta apsaugoti metalus nuo korozijos<\/li>\n<li style=\"text-align: left;\">Padidina be\u0161vini\u0173 degal\u0173 oktanin\u012f skai\u010di\u0173 iki 2 oktanini\u0173 skai\u010di\u0173 (20 punkt\u0173)<\/li>\n<li style=\"text-align: left;\">Apsaugo vo\u017etuvo lizd\u0105 nuo nusileidimo, kai naudojamas su neu\u017egr\u016bdintais vo\u017etuvo lizdais<\/li>\n<li style=\"text-align: left;\">Apsaugo nuo detonacijos, kar\u0161t\u0173j\u0173 ta\u0161k\u0173 ir \u012fjungimo<\/li>\n<li style=\"text-align: left;\">Apsaugo degal\u0173 sistem\u0105 nuo korozijos ir padeda apsaugoti komponentus<\/li>\n<li style=\"text-align: left;\">Kovoja su neigiamu etanolio, esan\u010dio degaluose poveikiu.<\/li>\n<li style=\"text-align: left;\">Karbiuratoriaus apsaugos nuo apled\u0117jimo formul\u0117<\/li>\n<li style=\"text-align: left;\">Sud\u0117tyje esantis antioksidantas pagerina degal\u0173 naudojimo trukm\u0119<\/li>\n<\/ul>\n<p style=\"text-align: left;\"><a href=\"https:\/\/fastcar.shop\/wp-content\/uploads\/2025\/04\/7916-VSPe-Power-Plus-One-Shot-250ml-2.pdf\">Gaminio duomen\u0173 lapas <img loading=\"lazy\" decoding=\"async\" class=\"size-full wp-image-3251 alignnone\" src=\"https:\/\/fastcar.shop\/wp-content\/uploads\/2022\/01\/pdf-e1641824783993.png\" alt=\"\" width=\"30\" height=\"23\" \/><\/a><\/p>","protected":false},"excerpt":{"rendered":"<p>\u201eViskas viename\u201c, vienu \u0161virk\u0161tu atliekamas degal\u0173 apdorojimas, apsaugantis nuo etanolio, pakei\u010diantis \u0161vin\u0105 ir didinantis oktanin\u012f skai\u010di\u0173, kuris be\u0161viniams degalams suteikia iki dviej\u0173 oktanini\u0173 skai\u010di\u0173 (20 punkt\u0173). Rekomenduojamas visiems klasikiniams varikliams, kuriems anks\u010diau reik\u0117jo \u0161vino degal\u0173 ir kurie dabar varomi be\u0161viniais degalais. Patvirtinta FBHVC.<\/p>","protected":false},"featured_media":4816,"template":"","meta":[],"product_brand":[],"product_cat":[1817,1788],"product_tag":[],"class_list":{"0":"post-4815","1":"product","2":"type-product","3":"status-publish","4":"has-post-thumbnail","6":"product_cat-classic-vehicles","7":"product_cat-fuel-treatments","8":"product_provider-millers-oils","10":"first","11":"instock","12":"taxable","13":"shipping-taxable","14":"purchasable","15":"product-type-simple"},"aioseo_notices":[],"yoast_head":"<!-- This site is optimized with the Yoast SEO plugin v27.3 - https:\/\/yoast.com\/product\/yoast-seo-wordpress\/ -->\n<title>MILLERS OILS VSPe Power Plus One Shot Fuel Treatment - 250ml - Fast Car Shop<\/title>\n<meta name=\"robots\" content=\"index, follow, max-snippet:-1, max-image-preview:large, max-video-preview:-1\" \/>\n<link rel=\"canonical\" href=\"https:\/\/fastcar.shop\/lt\/produktas\/millers-oils-vspe-power-plus-one-shot-fuel-treatment-250ml\/\" \/>\n<meta property=\"og:locale\" content=\"lt_LT\" \/>\n<meta property=\"og:type\" content=\"article\" \/>\n<meta property=\"og:title\" content=\"MILLERS OILS VSPe Power Plus One Shot Fuel Treatment - 250ml - Fast Car Shop\" \/>\n<meta property=\"og:description\" content=\"An \u2018all in one\u2019, one shot, fuel treatment providing ethanol protection, lead replacement and an octane improver that adds up to two octane numbers (20 points) to unleaded fuel. Recommended for all classic engines previously requiring leaded fuel and now running on unleaded fuel. Endorsed by the FBHVC.\" \/>\n<meta property=\"og:url\" content=\"https:\/\/fastcar.shop\/lt\/produktas\/millers-oils-vspe-power-plus-one-shot-fuel-treatment-250ml\/\" \/>\n<meta property=\"og:site_name\" content=\"Fast Car Shop\" \/>\n<meta property=\"article:publisher\" content=\"https:\/\/www.facebook.com\/FastcarLt?locale=lt_LT\" \/>\n<meta property=\"article:modified_time\" content=\"2025-11-26T17:30:18+00:00\" \/>\n<meta property=\"og:image\" content=\"https:\/\/fastcar.shop\/wp-content\/uploads\/2025\/04\/0000448_vspe-power-plus-one-shot-fuel-treatment-250ml_550.jpg\" \/>\n\t<meta property=\"og:image:width\" content=\"550\" \/>\n\t<meta property=\"og:image:height\" content=\"550\" \/>\n\t<meta property=\"og:image:type\" content=\"image\/jpeg\" \/>\n<meta name=\"twitter:card\" content=\"summary_large_image\" \/>\n<meta name=\"twitter:label1\" content=\"Est. reading time\" \/>\n\t<meta name=\"twitter:data1\" content=\"1 minut\u0117\" \/>\n<!-- \/ Yoast SEO plugin. -->","yoast_head_json":{"title":"MILLERS OILS VSPe Power Plus One Shot Fuel Treatment - 250ml - Fast Car Shop","robots":{"index":"index","follow":"follow","max-snippet":"max-snippet:-1","max-image-preview":"max-image-preview:large","max-video-preview":"max-video-preview:-1"},"canonical":"https:\/\/fastcar.shop\/lt\/produktas\/millers-oils-vspe-power-plus-one-shot-fuel-treatment-250ml\/","og_locale":"lt_LT","og_type":"article","og_title":"MILLERS OILS VSPe Power Plus One Shot Fuel Treatment - 250ml - Fast Car Shop","og_description":"An \u2018all in one\u2019, one shot, fuel treatment providing ethanol protection, lead replacement and an octane improver that adds up to two octane numbers (20 points) to unleaded fuel. Recommended for all classic engines previously requiring leaded fuel and now running on unleaded fuel. Endorsed by the FBHVC.","og_url":"https:\/\/fastcar.shop\/lt\/produktas\/millers-oils-vspe-power-plus-one-shot-fuel-treatment-250ml\/","og_site_name":"Fast Car Shop","article_publisher":"https:\/\/www.facebook.com\/FastcarLt?locale=lt_LT","article_modified_time":"2025-11-26T17:30:18+00:00","og_image":[{"width":550,"height":550,"url":"https:\/\/fastcar.shop\/wp-content\/uploads\/2025\/04\/0000448_vspe-power-plus-one-shot-fuel-treatment-250ml_550.jpg","type":"image\/jpeg"}],"twitter_card":"summary_large_image","twitter_misc":{"Est. reading time":"1 minut\u0117"},"schema":{"@context":"https:\/\/schema.org","@graph":[{"@type":"WebPage","@id":"https:\/\/fastcar.shop\/product\/millers-oils-vspe-power-plus-one-shot-fuel-treatment-250ml\/","url":"https:\/\/fastcar.shop\/product\/millers-oils-vspe-power-plus-one-shot-fuel-treatment-250ml\/","name":"MILLERS OILS VSPe Power Plus One Shot Fuel Treatment - 250ml - Fast Car Shop","isPartOf":{"@id":"https:\/\/fastcar.shop\/#website"},"primaryImageOfPage":{"@id":"https:\/\/fastcar.shop\/product\/millers-oils-vspe-power-plus-one-shot-fuel-treatment-250ml\/#primaryimage"},"image":{"@id":"https:\/\/fastcar.shop\/product\/millers-oils-vspe-power-plus-one-shot-fuel-treatment-250ml\/#primaryimage"},"thumbnailUrl":"https:\/\/fastcar.shop\/wp-content\/uploads\/2025\/04\/0000448_vspe-power-plus-one-shot-fuel-treatment-250ml_550.jpg","datePublished":"2025-04-10T16:40:08+00:00","dateModified":"2025-11-26T17:30:18+00:00","breadcrumb":{"@id":"https:\/\/fastcar.shop\/product\/millers-oils-vspe-power-plus-one-shot-fuel-treatment-250ml\/#breadcrumb"},"inLanguage":"lt-LT","potentialAction":[{"@type":"ReadAction","target":["https:\/\/fastcar.shop\/product\/millers-oils-vspe-power-plus-one-shot-fuel-treatment-250ml\/"]}]},{"@type":"ImageObject","inLanguage":"lt-LT","@id":"https:\/\/fastcar.shop\/product\/millers-oils-vspe-power-plus-one-shot-fuel-treatment-250ml\/#primaryimage","url":"https:\/\/fastcar.shop\/wp-content\/uploads\/2025\/04\/0000448_vspe-power-plus-one-shot-fuel-treatment-250ml_550.jpg","contentUrl":"https:\/\/fastcar.shop\/wp-content\/uploads\/2025\/04\/0000448_vspe-power-plus-one-shot-fuel-treatment-250ml_550.jpg","width":550,"height":550},{"@type":"BreadcrumbList","@id":"https:\/\/fastcar.shop\/product\/millers-oils-vspe-power-plus-one-shot-fuel-treatment-250ml\/#breadcrumb","itemListElement":[{"@type":"ListItem","position":1,"name":"Home","item":"https:\/\/fastcar.shop\/"},{"@type":"ListItem","position":2,"name":"Shop","item":"https:\/\/fastcar.shop\/shop\/"},{"@type":"ListItem","position":3,"name":"MILLERS OILS VSPe Power Plus One Shot Fuel Treatment &#8211; 250ml"}]},{"@type":"WebSite","@id":"https:\/\/fastcar.shop\/#website","url":"https:\/\/fastcar.shop\/","name":"Greit\u0173 automobili\u0173 parduotuv\u0117","description":"","publisher":{"@id":"https:\/\/fastcar.shop\/#organization"},"potentialAction":[{"@type":"SearchAction","target":{"@type":"EntryPoint","urlTemplate":"https:\/\/fastcar.shop\/?s={search_term_string}"},"query-input":{"@type":"PropertyValueSpecification","valueRequired":true,"valueName":"search_term_string"}}],"inLanguage":"lt-LT"},{"@type":"Organization","@id":"https:\/\/fastcar.shop\/#organization","name":"Fastcar.shop","url":"https:\/\/fastcar.shop\/","logo":{"@type":"ImageObject","inLanguage":"lt-LT","@id":"https:\/\/fastcar.shop\/#\/schema\/logo\/image\/","url":"https:\/\/fastcar.shop\/wp-content\/uploads\/2017\/08\/FCS_JPEG-01-scaled.jpg","contentUrl":"https:\/\/fastcar.shop\/wp-content\/uploads\/2017\/08\/FCS_JPEG-01-scaled.jpg","width":2560,"height":1379,"caption":"Fastcar.shop"},"image":{"@id":"https:\/\/fastcar.shop\/#\/schema\/logo\/image\/"},"sameAs":["https:\/\/www.facebook.com\/FastcarLt?locale=lt_LT","https:\/\/www.instagram.com\/fastcar.shop\/"]}]}},"jetpack_sharing_enabled":true,"_links":{"self":[{"href":"https:\/\/fastcar.shop\/lt\/wp-json\/wp\/v2\/product\/4815","targetHints":{"allow":["GET"]}}],"collection":[{"href":"https:\/\/fastcar.shop\/lt\/wp-json\/wp\/v2\/product"}],"about":[{"href":"https:\/\/fastcar.shop\/lt\/wp-json\/wp\/v2\/types\/product"}],"wp:featuredmedia":[{"embeddable":true,"href":"https:\/\/fastcar.shop\/lt\/wp-json\/wp\/v2\/media\/4816"}],"wp:attachment":[{"href":"https:\/\/fastcar.shop\/lt\/wp-json\/wp\/v2\/media?parent=4815"}],"wp:term":[{"taxonomy":"product_brand","embeddable":true,"href":"https:\/\/fastcar.shop\/lt\/wp-json\/wp\/v2\/product_brand?post=4815"},{"taxonomy":"product_cat","embeddable":true,"href":"https:\/\/fastcar.shop\/lt\/wp-json\/wp\/v2\/product_cat?post=4815"},{"taxonomy":"product_tag","embeddable":true,"href":"https:\/\/fastcar.shop\/lt\/wp-json\/wp\/v2\/product_tag?post=4815"}],"curies":[{"name":"wp","href":"https:\/\/api.w.org\/{rel}","templated":true}]}}