{"id":4811,"date":"2025-04-09T16:54:23","date_gmt":"2025-04-09T13:54:23","guid":{"rendered":"https:\/\/fastcar.shop\/?post_type=product&#038;p=4811"},"modified":"2026-04-17T14:24:59","modified_gmt":"2026-04-17T11:24:59","slug":"millers-oils-tank-safe-petrol-additive-250ml","status":"publish","type":"product","link":"https:\/\/fastcar.shop\/lt\/product\/millers-oils-tank-safe-petrol-additive-250ml\/","title":{"rendered":"MILLERS OILS Tank Safe Petrol Additive &#8211; 250ml"},"content":{"rendered":"<h6 style=\"text-align: left;\">APRA\u0160YMAS:<\/h6>\n<p style=\"text-align: left;\">Auk\u0161tos kokyb\u0117s benzino priedas, apsaugantis nuo korozijos ir slopinantis gar\u0173 faz\u0119.<\/p>\n<h6 style=\"text-align: left;\">NAUDOJIMAS:<\/h6>\n<p style=\"text-align: left;\">Sezono pabaigoje papildant degal\u0173 bako turin\u012f, kad b\u016bt\u0173 u\u017etikrinta degal\u0173 bako ir degal\u0173 sistemos apsauga, kol jie laikomi. \u012epilkite vien\u0105 buteliuk\u0105 \u012f ma\u017edaug 50 litr\u0173 degal\u0173 bako turin\u012f ir laikinai u\u017eblokuokite visas atviras degal\u0173 kv\u0117pavimo angas, kad degal\u0173 bakas b\u016bt\u0173 maksimaliai efektyvus. Specialiai sukurtas benzininiams varikliams su karbiuratoriumi ar degal\u0173 \u012fpur\u0161kimo sistema.<\/p>\n<h6 style=\"text-align: left;\">NAUDOS:<\/h6>\n<ul>\n<li style=\"text-align: left;\">Itin veiksminga apsauga nuo korozijos ir gar\u0173 faz\u0117s slopinimas (VPI)<\/li>\n<li style=\"text-align: left;\">Pagerinta karbiuratoriaus \u0161vara<\/li>\n<li style=\"text-align: left;\">Patobulinta kuro sistemos apsauga nuo korozijos<\/li>\n<li style=\"text-align: left;\">Visi\u0161kai suderinamas su vis\u0173 r\u016b\u0161i\u0173 benzinu - \u0161vininiu, be\u0161viniu ir deguonimi prisotintu.<\/li>\n<li style=\"text-align: left;\">Labai ekonomi\u0161kos prie\u017ei\u016bros normos<\/li>\n<\/ul>\n<p style=\"text-align: left;\"><a href=\"https:\/\/fastcar.shop\/wp-content\/uploads\/2025\/04\/Tank-Safe-1.pdf\">Gaminio duomen\u0173 lapas <img loading=\"lazy\" decoding=\"async\" class=\"alignnone size-full wp-image-3251\" src=\"https:\/\/fastcar.shop\/wp-content\/uploads\/2022\/01\/pdf-e1641824783993.png\" alt=\"\" width=\"30\" height=\"23\" \/><\/a><\/p>","protected":false},"excerpt":{"rendered":"<p>Auk\u0161tos kokyb\u0117s benzino priedas, apsaugantis nuo korozijos ir slopinantis gar\u0173 faz\u0119. Specialiai sukurtas benzininiams varikliams, varomiems karbiuratoriumi arba su degal\u0173 \u012fpur\u0161kimu.<\/p>","protected":false},"featured_media":4813,"template":"","meta":[],"product_brand":[],"product_cat":[1817,1788],"product_tag":[],"class_list":{"0":"post-4811","1":"product","2":"type-product","3":"status-publish","4":"has-post-thumbnail","6":"product_cat-classic-vehicles","7":"product_cat-fuel-treatments","8":"product_provider-millers-oils","10":"first","11":"instock","12":"taxable","13":"shipping-taxable","14":"purchasable","15":"product-type-simple"},"aioseo_notices":[],"yoast_head":"<!-- This site is optimized with the Yoast SEO plugin v27.4 - https:\/\/yoast.com\/product\/yoast-seo-wordpress\/ -->\n<title>MILLERS OILS Tank Safe Petrol Additive - 250ml - Fast Car Shop<\/title>\n<meta name=\"robots\" content=\"index, follow, max-snippet:-1, max-image-preview:large, max-video-preview:-1\" \/>\n<link rel=\"canonical\" href=\"https:\/\/fastcar.shop\/lt\/produktas\/millers-oils-tank-safe-petrol-additive-250ml\/\" \/>\n<meta property=\"og:locale\" content=\"lt_LT\" \/>\n<meta property=\"og:type\" content=\"article\" \/>\n<meta property=\"og:title\" content=\"MILLERS OILS Tank Safe Petrol Additive - 250ml - Fast Car Shop\" \/>\n<meta property=\"og:description\" content=\"High quality petrol additive providing anti corrosion protection and vapour phase inhibition. Specifically formulated for petrol fuelled engines whether carburettor or fuel injected.\" \/>\n<meta property=\"og:url\" content=\"https:\/\/fastcar.shop\/lt\/produktas\/millers-oils-tank-safe-petrol-additive-250ml\/\" \/>\n<meta property=\"og:site_name\" content=\"Fast Car Shop\" \/>\n<meta property=\"article:publisher\" content=\"https:\/\/www.facebook.com\/FastcarLt?locale=lt_LT\" \/>\n<meta property=\"article:modified_time\" content=\"2026-04-17T11:24:59+00:00\" \/>\n<meta property=\"og:image\" content=\"https:\/\/fastcar.shop\/wp-content\/uploads\/2025\/04\/0000447_tank-safe-petrol-additive-250ml_550.jpg\" \/>\n\t<meta property=\"og:image:width\" content=\"550\" \/>\n\t<meta property=\"og:image:height\" content=\"550\" \/>\n\t<meta property=\"og:image:type\" content=\"image\/jpeg\" \/>\n<meta name=\"twitter:card\" content=\"summary_large_image\" \/>\n<meta name=\"twitter:label1\" content=\"Est. reading time\" \/>\n\t<meta name=\"twitter:data1\" content=\"1 minut\u0117\" \/>\n<!-- \/ Yoast SEO plugin. -->","yoast_head_json":{"title":"MILLERS OILS Tank Safe Petrol Additive - 250ml - Fast Car Shop","robots":{"index":"index","follow":"follow","max-snippet":"max-snippet:-1","max-image-preview":"max-image-preview:large","max-video-preview":"max-video-preview:-1"},"canonical":"https:\/\/fastcar.shop\/lt\/produktas\/millers-oils-tank-safe-petrol-additive-250ml\/","og_locale":"lt_LT","og_type":"article","og_title":"MILLERS OILS Tank Safe Petrol Additive - 250ml - Fast Car Shop","og_description":"High quality petrol additive providing anti corrosion protection and vapour phase inhibition. Specifically formulated for petrol fuelled engines whether carburettor or fuel injected.","og_url":"https:\/\/fastcar.shop\/lt\/produktas\/millers-oils-tank-safe-petrol-additive-250ml\/","og_site_name":"Fast Car Shop","article_publisher":"https:\/\/www.facebook.com\/FastcarLt?locale=lt_LT","article_modified_time":"2026-04-17T11:24:59+00:00","og_image":[{"width":550,"height":550,"url":"https:\/\/fastcar.shop\/wp-content\/uploads\/2025\/04\/0000447_tank-safe-petrol-additive-250ml_550.jpg","type":"image\/jpeg"}],"twitter_card":"summary_large_image","twitter_misc":{"Est. reading time":"1 minut\u0117"},"schema":{"@context":"https:\/\/schema.org","@graph":[{"@type":"WebPage","@id":"https:\/\/fastcar.shop\/product\/millers-oils-tank-safe-petrol-additive-250ml\/","url":"https:\/\/fastcar.shop\/product\/millers-oils-tank-safe-petrol-additive-250ml\/","name":"MILLERS OILS Tank Safe Petrol Additive - 250ml - Fast Car Shop","isPartOf":{"@id":"https:\/\/fastcar.shop\/#website"},"primaryImageOfPage":{"@id":"https:\/\/fastcar.shop\/product\/millers-oils-tank-safe-petrol-additive-250ml\/#primaryimage"},"image":{"@id":"https:\/\/fastcar.shop\/product\/millers-oils-tank-safe-petrol-additive-250ml\/#primaryimage"},"thumbnailUrl":"https:\/\/fastcar.shop\/wp-content\/uploads\/2025\/04\/0000447_tank-safe-petrol-additive-250ml_550.jpg","datePublished":"2025-04-09T13:54:23+00:00","dateModified":"2026-04-17T11:24:59+00:00","breadcrumb":{"@id":"https:\/\/fastcar.shop\/product\/millers-oils-tank-safe-petrol-additive-250ml\/#breadcrumb"},"inLanguage":"lt-LT","potentialAction":[{"@type":"ReadAction","target":["https:\/\/fastcar.shop\/product\/millers-oils-tank-safe-petrol-additive-250ml\/"]}]},{"@type":"ImageObject","inLanguage":"lt-LT","@id":"https:\/\/fastcar.shop\/product\/millers-oils-tank-safe-petrol-additive-250ml\/#primaryimage","url":"https:\/\/fastcar.shop\/wp-content\/uploads\/2025\/04\/0000447_tank-safe-petrol-additive-250ml_550.jpg","contentUrl":"https:\/\/fastcar.shop\/wp-content\/uploads\/2025\/04\/0000447_tank-safe-petrol-additive-250ml_550.jpg","width":550,"height":550},{"@type":"BreadcrumbList","@id":"https:\/\/fastcar.shop\/product\/millers-oils-tank-safe-petrol-additive-250ml\/#breadcrumb","itemListElement":[{"@type":"ListItem","position":1,"name":"Home","item":"https:\/\/fastcar.shop\/"},{"@type":"ListItem","position":2,"name":"Shop","item":"https:\/\/fastcar.shop\/shop\/"},{"@type":"ListItem","position":3,"name":"MILLERS OILS Tank Safe Petrol Additive &#8211; 250ml"}]},{"@type":"WebSite","@id":"https:\/\/fastcar.shop\/#website","url":"https:\/\/fastcar.shop\/","name":"Greit\u0173 automobili\u0173 parduotuv\u0117","description":"","publisher":{"@id":"https:\/\/fastcar.shop\/#organization"},"potentialAction":[{"@type":"SearchAction","target":{"@type":"EntryPoint","urlTemplate":"https:\/\/fastcar.shop\/?s={search_term_string}"},"query-input":{"@type":"PropertyValueSpecification","valueRequired":true,"valueName":"search_term_string"}}],"inLanguage":"lt-LT"},{"@type":"Organization","@id":"https:\/\/fastcar.shop\/#organization","name":"Fastcar.shop","url":"https:\/\/fastcar.shop\/","logo":{"@type":"ImageObject","inLanguage":"lt-LT","@id":"https:\/\/fastcar.shop\/#\/schema\/logo\/image\/","url":"https:\/\/fastcar.shop\/wp-content\/uploads\/2017\/08\/FCS_JPEG-01-scaled.jpg","contentUrl":"https:\/\/fastcar.shop\/wp-content\/uploads\/2017\/08\/FCS_JPEG-01-scaled.jpg","width":2560,"height":1379,"caption":"Fastcar.shop"},"image":{"@id":"https:\/\/fastcar.shop\/#\/schema\/logo\/image\/"},"sameAs":["https:\/\/www.facebook.com\/FastcarLt?locale=lt_LT","https:\/\/www.instagram.com\/fastcar.shop\/"]}]}},"jetpack_sharing_enabled":true,"_links":{"self":[{"href":"https:\/\/fastcar.shop\/lt\/wp-json\/wp\/v2\/product\/4811","targetHints":{"allow":["GET"]}}],"collection":[{"href":"https:\/\/fastcar.shop\/lt\/wp-json\/wp\/v2\/product"}],"about":[{"href":"https:\/\/fastcar.shop\/lt\/wp-json\/wp\/v2\/types\/product"}],"wp:featuredmedia":[{"embeddable":true,"href":"https:\/\/fastcar.shop\/lt\/wp-json\/wp\/v2\/media\/4813"}],"wp:attachment":[{"href":"https:\/\/fastcar.shop\/lt\/wp-json\/wp\/v2\/media?parent=4811"}],"wp:term":[{"taxonomy":"product_brand","embeddable":true,"href":"https:\/\/fastcar.shop\/lt\/wp-json\/wp\/v2\/product_brand?post=4811"},{"taxonomy":"product_cat","embeddable":true,"href":"https:\/\/fastcar.shop\/lt\/wp-json\/wp\/v2\/product_cat?post=4811"},{"taxonomy":"product_tag","embeddable":true,"href":"https:\/\/fastcar.shop\/lt\/wp-json\/wp\/v2\/product_tag?post=4811"}],"curies":[{"name":"wp","href":"https:\/\/api.w.org\/{rel}","templated":true}]}}