{"id":4809,"date":"2025-04-09T16:47:44","date_gmt":"2025-04-09T13:47:44","guid":{"rendered":"https:\/\/fastcar.shop\/?post_type=product&#038;p=4809"},"modified":"2025-04-10T19:55:33","modified_gmt":"2025-04-10T16:55:33","slug":"race-gas-ultra-performance-racing-fuel-concentrate","status":"publish","type":"product","link":"https:\/\/fastcar.shop\/lt\/product\/race-gas-ultra-performance-racing-fuel-concentrate\/","title":{"rendered":"RACE GAS Ultra Performance lenktynini\u0173 degal\u0173 koncentratas"},"content":{"rendered":"<div class=\"col-lg-6 col-md-6 col-sm-12\">\n<p style=\"text-align: left;\">\u201eRace Gas Ultra Fuel Concentrate\u201c yra specialiai sukurtas labai didelio suspaudimo, padidinto suspaudimo ar azoto varikliams. Sumai\u0161ius su 99 oktaninio skai\u010diaus siurblio degalais, gaunami lenktyniniai degalai, kuri\u0173 oktaninis skai\u010dius siekia 120 oktan\u0173. Jis padidina oktanin\u012f skai\u010di\u0173, chemin\u012f deguonies kiek\u012f ir chemin\u0119 degal\u0173 energij\u0105 taip, kad jie prilygt\u0173 komerciniams distiliuotiems lenktyniniams degalams. Norite i\u0161bandyti RACE-GAS ULTRA? Prad\u0117kite nuo vienos skardin\u0117s. Pasigaminkite didel\u0117s energijos, didelio oktaninio skai\u010diaus lenktynini\u0173 degal\u0173 tada ir ten, kur jums reikia. I\u0161 99 oktaninio skai\u010diaus siurblio degal\u0173 pagamina iki 120 oktan\u0173.<\/p>\n<\/div>\n<div class=\"col-lg-6 col-md-6 col-sm-12\">\n<h6 style=\"text-align: left;\">Tikras lenktyninis kuras<\/h6>\n<p style=\"text-align: left;\">Tinkamu santykiu sumai\u0161ytas \u201eRACE GAS\u201c gali pakeisti \u012fprast\u0105 benzin\u0105 ir paversti j\u012f auk\u0161to oktaninio skai\u010diaus, didel\u0117s energijos, lenktyni\u0173 trasoms skirtais degalais. Su RACE GAS niekada nepritr\u016bksite lenktyni\u0173 degal\u0173.<\/p>\n<h6 style=\"text-align: left;\">Sukurtas lenktyninink\u0173<\/h6>\n<p style=\"text-align: left;\">RACE GAS nebuvo sukurtas ka\u017ekokios did\u017eiul\u0117s super kompanijos. J\u012f suk\u016br\u0117 rat\u0173 meistrai ir savaitgalio lenktynininkai, b\u016btent tokie kaip j\u016bs. Tikras galingumas \u017eino auk\u0161tos kokyb\u0117s lenktyni\u0173 kuro svarb\u0105.<\/p>\n<h6 style=\"text-align: left;\">I\u0161bandytas na\u0161umas<\/h6>\n<p style=\"text-align: left;\">Skirtingai nei kai kurie kiti priedai, RACE GAS buvo grie\u017etai i\u0161bandytas nepriklausomuose laboratorijose, \u017eymiuose varikli\u0173 k\u016br\u0117j\u0173 ir na\u0161umo derintoj\u0173.<\/p>\n<\/div>","protected":false},"excerpt":{"rendered":"<p>\u201eRace Gas Ultra Fuel Concentrate\u201c yra specialiai sukurtas labai didelio suspaudimo, padidinto suspaudimo ar azoto varikliams. Sumai\u0161ius su 99 oktaninio skai\u010diaus siurblio degalais, gaunami lenktyniniai degalai, kuri\u0173 oktaninis skai\u010dius siekia 120 oktan\u0173.<\/p>","protected":false},"featured_media":4810,"template":"","meta":[],"product_brand":[],"product_cat":[1788],"product_tag":[],"class_list":{"0":"post-4809","1":"product","2":"type-product","3":"status-publish","4":"has-post-thumbnail","6":"product_cat-fuel-treatments","8":"first","9":"instock","10":"taxable","11":"shipping-taxable","12":"purchasable","13":"product-type-simple"},"aioseo_notices":[],"yoast_head":"<!-- This site is optimized with the Yoast SEO plugin v27.3 - https:\/\/yoast.com\/product\/yoast-seo-wordpress\/ -->\n<title>RACE GAS Ultra Performance Racing Fuel Concentrate - Fast Car Shop<\/title>\n<meta name=\"robots\" content=\"index, follow, max-snippet:-1, max-image-preview:large, max-video-preview:-1\" \/>\n<link rel=\"canonical\" href=\"https:\/\/fastcar.shop\/lt\/produktas\/race-gas-ultra-performance-racing-fuel-concentrate\/\" \/>\n<meta property=\"og:locale\" content=\"lt_LT\" \/>\n<meta property=\"og:type\" content=\"article\" \/>\n<meta property=\"og:title\" content=\"RACE GAS Ultra Performance Racing Fuel Concentrate - Fast Car Shop\" \/>\n<meta property=\"og:description\" content=\"Race Gas Ultra Fuel Concentrate is specifically designed for the requirements of very high compression, boosted or nitrous engines. When mixed with 99 Octane pump fuel, it will create racing fuel with octane up to 120 Octane .\" \/>\n<meta property=\"og:url\" content=\"https:\/\/fastcar.shop\/lt\/produktas\/race-gas-ultra-performance-racing-fuel-concentrate\/\" \/>\n<meta property=\"og:site_name\" content=\"Fast Car Shop\" \/>\n<meta property=\"article:publisher\" content=\"https:\/\/www.facebook.com\/FastcarLt?locale=lt_LT\" \/>\n<meta property=\"article:modified_time\" content=\"2025-04-10T16:55:33+00:00\" \/>\n<meta property=\"og:image\" content=\"https:\/\/fastcar.shop\/wp-content\/uploads\/2025\/04\/RACEGASULTRA.jpg\" \/>\n\t<meta property=\"og:image:width\" content=\"1211\" \/>\n\t<meta property=\"og:image:height\" content=\"1211\" \/>\n\t<meta property=\"og:image:type\" content=\"image\/jpeg\" \/>\n<meta name=\"twitter:card\" content=\"summary_large_image\" \/>\n<meta name=\"twitter:label1\" content=\"Est. reading time\" \/>\n\t<meta name=\"twitter:data1\" content=\"2 minut\u0117s\" \/>\n<!-- \/ Yoast SEO plugin. -->","yoast_head_json":{"title":"RACE GAS Ultra Performance Racing Fuel Concentrate - Fast Car Shop","robots":{"index":"index","follow":"follow","max-snippet":"max-snippet:-1","max-image-preview":"max-image-preview:large","max-video-preview":"max-video-preview:-1"},"canonical":"https:\/\/fastcar.shop\/lt\/produktas\/race-gas-ultra-performance-racing-fuel-concentrate\/","og_locale":"lt_LT","og_type":"article","og_title":"RACE GAS Ultra Performance Racing Fuel Concentrate - Fast Car Shop","og_description":"Race Gas Ultra Fuel Concentrate is specifically designed for the requirements of very high compression, boosted or nitrous engines. When mixed with 99 Octane pump fuel, it will create racing fuel with octane up to 120 Octane .","og_url":"https:\/\/fastcar.shop\/lt\/produktas\/race-gas-ultra-performance-racing-fuel-concentrate\/","og_site_name":"Fast Car Shop","article_publisher":"https:\/\/www.facebook.com\/FastcarLt?locale=lt_LT","article_modified_time":"2025-04-10T16:55:33+00:00","og_image":[{"width":1211,"height":1211,"url":"https:\/\/fastcar.shop\/wp-content\/uploads\/2025\/04\/RACEGASULTRA.jpg","type":"image\/jpeg"}],"twitter_card":"summary_large_image","twitter_misc":{"Est. reading time":"2 minut\u0117s"},"schema":{"@context":"https:\/\/schema.org","@graph":[{"@type":"WebPage","@id":"https:\/\/fastcar.shop\/product\/race-gas-ultra-performance-racing-fuel-concentrate\/","url":"https:\/\/fastcar.shop\/product\/race-gas-ultra-performance-racing-fuel-concentrate\/","name":"RACE GAS Ultra Performance Racing Fuel Concentrate - Fast Car Shop","isPartOf":{"@id":"https:\/\/fastcar.shop\/#website"},"primaryImageOfPage":{"@id":"https:\/\/fastcar.shop\/product\/race-gas-ultra-performance-racing-fuel-concentrate\/#primaryimage"},"image":{"@id":"https:\/\/fastcar.shop\/product\/race-gas-ultra-performance-racing-fuel-concentrate\/#primaryimage"},"thumbnailUrl":"https:\/\/fastcar.shop\/wp-content\/uploads\/2025\/04\/RACEGASULTRA.jpg","datePublished":"2025-04-09T13:47:44+00:00","dateModified":"2025-04-10T16:55:33+00:00","breadcrumb":{"@id":"https:\/\/fastcar.shop\/product\/race-gas-ultra-performance-racing-fuel-concentrate\/#breadcrumb"},"inLanguage":"lt-LT","potentialAction":[{"@type":"ReadAction","target":["https:\/\/fastcar.shop\/product\/race-gas-ultra-performance-racing-fuel-concentrate\/"]}]},{"@type":"ImageObject","inLanguage":"lt-LT","@id":"https:\/\/fastcar.shop\/product\/race-gas-ultra-performance-racing-fuel-concentrate\/#primaryimage","url":"https:\/\/fastcar.shop\/wp-content\/uploads\/2025\/04\/RACEGASULTRA.jpg","contentUrl":"https:\/\/fastcar.shop\/wp-content\/uploads\/2025\/04\/RACEGASULTRA.jpg","width":1211,"height":1211},{"@type":"BreadcrumbList","@id":"https:\/\/fastcar.shop\/product\/race-gas-ultra-performance-racing-fuel-concentrate\/#breadcrumb","itemListElement":[{"@type":"ListItem","position":1,"name":"Home","item":"https:\/\/fastcar.shop\/"},{"@type":"ListItem","position":2,"name":"Shop","item":"https:\/\/fastcar.shop\/shop\/"},{"@type":"ListItem","position":3,"name":"RACE GAS Ultra Performance Racing Fuel Concentrate"}]},{"@type":"WebSite","@id":"https:\/\/fastcar.shop\/#website","url":"https:\/\/fastcar.shop\/","name":"Greit\u0173 automobili\u0173 parduotuv\u0117","description":"","publisher":{"@id":"https:\/\/fastcar.shop\/#organization"},"potentialAction":[{"@type":"SearchAction","target":{"@type":"EntryPoint","urlTemplate":"https:\/\/fastcar.shop\/?s={search_term_string}"},"query-input":{"@type":"PropertyValueSpecification","valueRequired":true,"valueName":"search_term_string"}}],"inLanguage":"lt-LT"},{"@type":"Organization","@id":"https:\/\/fastcar.shop\/#organization","name":"Fastcar.shop","url":"https:\/\/fastcar.shop\/","logo":{"@type":"ImageObject","inLanguage":"lt-LT","@id":"https:\/\/fastcar.shop\/#\/schema\/logo\/image\/","url":"https:\/\/fastcar.shop\/wp-content\/uploads\/2017\/08\/FCS_JPEG-01-scaled.jpg","contentUrl":"https:\/\/fastcar.shop\/wp-content\/uploads\/2017\/08\/FCS_JPEG-01-scaled.jpg","width":2560,"height":1379,"caption":"Fastcar.shop"},"image":{"@id":"https:\/\/fastcar.shop\/#\/schema\/logo\/image\/"},"sameAs":["https:\/\/www.facebook.com\/FastcarLt?locale=lt_LT","https:\/\/www.instagram.com\/fastcar.shop\/"]}]}},"jetpack_sharing_enabled":true,"_links":{"self":[{"href":"https:\/\/fastcar.shop\/lt\/wp-json\/wp\/v2\/product\/4809","targetHints":{"allow":["GET"]}}],"collection":[{"href":"https:\/\/fastcar.shop\/lt\/wp-json\/wp\/v2\/product"}],"about":[{"href":"https:\/\/fastcar.shop\/lt\/wp-json\/wp\/v2\/types\/product"}],"wp:featuredmedia":[{"embeddable":true,"href":"https:\/\/fastcar.shop\/lt\/wp-json\/wp\/v2\/media\/4810"}],"wp:attachment":[{"href":"https:\/\/fastcar.shop\/lt\/wp-json\/wp\/v2\/media?parent=4809"}],"wp:term":[{"taxonomy":"product_brand","embeddable":true,"href":"https:\/\/fastcar.shop\/lt\/wp-json\/wp\/v2\/product_brand?post=4809"},{"taxonomy":"product_cat","embeddable":true,"href":"https:\/\/fastcar.shop\/lt\/wp-json\/wp\/v2\/product_cat?post=4809"},{"taxonomy":"product_tag","embeddable":true,"href":"https:\/\/fastcar.shop\/lt\/wp-json\/wp\/v2\/product_tag?post=4809"}],"curies":[{"name":"wp","href":"https:\/\/api.w.org\/{rel}","templated":true}]}}