{"id":4807,"date":"2025-04-09T16:44:52","date_gmt":"2025-04-09T13:44:52","guid":{"rendered":"https:\/\/fastcar.shop\/?post_type=product&#038;p=4807"},"modified":"2025-04-10T19:57:49","modified_gmt":"2025-04-10T16:57:49","slug":"race-gas-regular-unleaded-petrol-racing-fuel-concentrate","status":"publish","type":"product","link":"https:\/\/fastcar.shop\/lt\/product\/race-gas-regular-unleaded-petrol-racing-fuel-concentrate\/","title":{"rendered":"RACE GAS Regular Unleaded Petrol lenktynini\u0173 degal\u0173 koncentratas"},"content":{"rendered":"<div class=\"row align-items-center\">\n<div class=\"col-lg-9 col-md-10 col-sm-12\">\n<p style=\"text-align: left;\"><span style=\"color: #050f25; font-size: 15px; font-weight: 400;\">\u201eRace Gas\u201c lenktynini\u0173 degal\u0173 koncentratas sukurtas taip, kad susimai\u0161yt\u0173 su siurblio degalais ir virst\u0173 auk\u0161to oktaninio skai\u010diaus, didel\u0117s energijos, lenktyni\u0173 trasos klas\u0117s degalais! Jo sud\u0117tyje yra daug chemini\u0173 med\u017eiag\u0173, kurios skirstomos \u012f tris pagrindines grupes: degal\u0173 angliavandenilius, deguon\u012f ir metaloorganinius junginius. \u201eRace Gas\u201c lenktynini\u0173 degal\u0173 koncentrato unikalumas - tai patentuotas \u0161i\u0173 jungini\u0173 receptas. Dvi uncijos padidina vieno galono degal\u0173 oktanin\u012f skai\u010di\u0173 iki 13 oktanini\u0173 skai\u010di\u0173. Nesvarbu, kokio tipo degalus naudojate ir kokio oktaninio skai\u010diaus norite, \u0161is \u201eRace Gas\u201c lenktynini\u0173 degal\u0173 koncentratas pad\u0117s gauti j\u016bs\u0173 variklio bekel\u0117s poreikius atitinkant\u012f mi\u0161in\u012f. Norite i\u0161bandyti RACE-GAS? Prad\u0117kite nuo vienos skardin\u0117s. Pasigaminkite didel\u0117s energijos, didelio oktaninio skai\u010diaus lenktynini\u0173 degal\u0173 tada ir ten, kur jums reikia. I\u0161 99 oktaninio skai\u010diaus siurblio degal\u0173 pagamina iki 112 oktan\u0173.<\/span><\/p>\n<\/div>\n<\/div>\n<div class=\"row align-items-start\">\n<div class=\"col-lg-6 col-md-6 col-sm-12\">\n<h6 style=\"text-align: left;\">Tikras lenktyninis kuras<\/h6>\n<p style=\"text-align: left;\">Tinkamu santykiu sumai\u0161ytas \u201eRACE GAS\u201c gali pakeisti \u012fprast\u0105 benzin\u0105 ir paversti j\u012f auk\u0161to oktaninio skai\u010diaus, didel\u0117s energijos, lenktyni\u0173 trasoms skirtais degalais. Su RACE GAS niekada nepritr\u016bksite lenktyni\u0173 degal\u0173.<\/p>\n<h6 style=\"text-align: left;\">Sukurtas lenktyninink\u0173<\/h6>\n<p style=\"text-align: left;\">RACE GAS nebuvo sukurtas ka\u017ekokios did\u017eiul\u0117s super kompanijos. J\u012f suk\u016br\u0117 rat\u0173 meistrai ir savaitgalio lenktynininkai, b\u016btent tokie kaip j\u016bs. Tikras galingumas \u017eino auk\u0161tos kokyb\u0117s lenktyni\u0173 kuro svarb\u0105.<\/p>\n<h6 style=\"text-align: left;\">I\u0161bandytas na\u0161umas<\/h6>\n<p style=\"text-align: left;\">Skirtingai nei kai kurie kiti priedai, RACE GAS buvo grie\u017etai i\u0161bandytas nepriklausomuose laboratorijose, \u017eymiuose varikli\u0173 k\u016br\u0117j\u0173 ir na\u0161umo derintoj\u0173.<\/p>\n<\/div>\n<\/div>","protected":false},"excerpt":{"rendered":"<p>\u201eRace Gas\u201c lenktynini\u0173 degal\u0173 koncentratas sukurtas taip, kad susimai\u0161yt\u0173 su siurblio degalais ir virst\u0173 auk\u0161to oktaninio skai\u010diaus, didel\u0117s energijos, lenktyni\u0173 trasos klas\u0117s degalais! Jo sud\u0117tyje yra daug chemini\u0173 med\u017eiag\u0173, kurios skirstomos \u012f tris pagrindines grupes: degal\u0173 angliavandenilius, deguon\u012f ir metaloorganinius junginius.<\/p>","protected":false},"featured_media":4808,"template":"","meta":[],"product_brand":[],"product_cat":[1788],"product_tag":[],"class_list":{"0":"post-4807","1":"product","2":"type-product","3":"status-publish","4":"has-post-thumbnail","6":"product_cat-fuel-treatments","7":"product_provider-race-gas","9":"first","10":"instock","11":"taxable","12":"shipping-taxable","13":"purchasable","14":"product-type-simple"},"aioseo_notices":[],"yoast_head":"<!-- This site is optimized with the Yoast SEO plugin v27.3 - https:\/\/yoast.com\/product\/yoast-seo-wordpress\/ -->\n<title>RACE GAS Regular Unleaded Petrol Racing Fuel Concentrate - Fast Car Shop<\/title>\n<meta name=\"robots\" content=\"index, follow, max-snippet:-1, max-image-preview:large, max-video-preview:-1\" \/>\n<link rel=\"canonical\" href=\"https:\/\/fastcar.shop\/lt\/produktas\/race-gas-regular-unleaded-petrol-racing-fuel-concentrate\/\" \/>\n<meta property=\"og:locale\" content=\"lt_LT\" \/>\n<meta property=\"og:type\" content=\"article\" \/>\n<meta property=\"og:title\" content=\"RACE GAS Regular Unleaded Petrol Racing Fuel Concentrate - Fast Car Shop\" \/>\n<meta property=\"og:description\" content=\"Race Gas race fuel concentrate is designed to blend with pump fuel and transform it into high-octane, high-energy, track-grade racing fuel! It contains many chemicals that fall into three primary groups: fuel hydrocarbons, oxygenate, and organometallic compounds.\" \/>\n<meta property=\"og:url\" content=\"https:\/\/fastcar.shop\/lt\/produktas\/race-gas-regular-unleaded-petrol-racing-fuel-concentrate\/\" \/>\n<meta property=\"og:site_name\" content=\"Fast Car Shop\" \/>\n<meta property=\"article:publisher\" content=\"https:\/\/www.facebook.com\/FastcarLt?locale=lt_LT\" \/>\n<meta property=\"article:modified_time\" content=\"2025-04-10T16:57:49+00:00\" \/>\n<meta property=\"og:image\" content=\"https:\/\/fastcar.shop\/wp-content\/uploads\/2025\/04\/RACEGAS-fuel-concentrate.jpg\" \/>\n\t<meta property=\"og:image:width\" content=\"800\" \/>\n\t<meta property=\"og:image:height\" content=\"800\" \/>\n\t<meta property=\"og:image:type\" content=\"image\/jpeg\" \/>\n<meta name=\"twitter:card\" content=\"summary_large_image\" \/>\n<meta name=\"twitter:label1\" content=\"Est. reading time\" \/>\n\t<meta name=\"twitter:data1\" content=\"2 minut\u0117s\" \/>\n<!-- \/ Yoast SEO plugin. -->","yoast_head_json":{"title":"RACE GAS Regular Unleaded Petrol Racing Fuel Concentrate - Fast Car Shop","robots":{"index":"index","follow":"follow","max-snippet":"max-snippet:-1","max-image-preview":"max-image-preview:large","max-video-preview":"max-video-preview:-1"},"canonical":"https:\/\/fastcar.shop\/lt\/produktas\/race-gas-regular-unleaded-petrol-racing-fuel-concentrate\/","og_locale":"lt_LT","og_type":"article","og_title":"RACE GAS Regular Unleaded Petrol Racing Fuel Concentrate - Fast Car Shop","og_description":"Race Gas race fuel concentrate is designed to blend with pump fuel and transform it into high-octane, high-energy, track-grade racing fuel! It contains many chemicals that fall into three primary groups: fuel hydrocarbons, oxygenate, and organometallic compounds.","og_url":"https:\/\/fastcar.shop\/lt\/produktas\/race-gas-regular-unleaded-petrol-racing-fuel-concentrate\/","og_site_name":"Fast Car Shop","article_publisher":"https:\/\/www.facebook.com\/FastcarLt?locale=lt_LT","article_modified_time":"2025-04-10T16:57:49+00:00","og_image":[{"width":800,"height":800,"url":"https:\/\/fastcar.shop\/wp-content\/uploads\/2025\/04\/RACEGAS-fuel-concentrate.jpg","type":"image\/jpeg"}],"twitter_card":"summary_large_image","twitter_misc":{"Est. reading time":"2 minut\u0117s"},"schema":{"@context":"https:\/\/schema.org","@graph":[{"@type":"WebPage","@id":"https:\/\/fastcar.shop\/product\/race-gas-regular-unleaded-petrol-racing-fuel-concentrate\/","url":"https:\/\/fastcar.shop\/product\/race-gas-regular-unleaded-petrol-racing-fuel-concentrate\/","name":"RACE GAS Regular Unleaded Petrol Racing Fuel Concentrate - Fast Car Shop","isPartOf":{"@id":"https:\/\/fastcar.shop\/#website"},"primaryImageOfPage":{"@id":"https:\/\/fastcar.shop\/product\/race-gas-regular-unleaded-petrol-racing-fuel-concentrate\/#primaryimage"},"image":{"@id":"https:\/\/fastcar.shop\/product\/race-gas-regular-unleaded-petrol-racing-fuel-concentrate\/#primaryimage"},"thumbnailUrl":"https:\/\/fastcar.shop\/wp-content\/uploads\/2025\/04\/RACEGAS-fuel-concentrate.jpg","datePublished":"2025-04-09T13:44:52+00:00","dateModified":"2025-04-10T16:57:49+00:00","breadcrumb":{"@id":"https:\/\/fastcar.shop\/product\/race-gas-regular-unleaded-petrol-racing-fuel-concentrate\/#breadcrumb"},"inLanguage":"lt-LT","potentialAction":[{"@type":"ReadAction","target":["https:\/\/fastcar.shop\/product\/race-gas-regular-unleaded-petrol-racing-fuel-concentrate\/"]}]},{"@type":"ImageObject","inLanguage":"lt-LT","@id":"https:\/\/fastcar.shop\/product\/race-gas-regular-unleaded-petrol-racing-fuel-concentrate\/#primaryimage","url":"https:\/\/fastcar.shop\/wp-content\/uploads\/2025\/04\/RACEGAS-fuel-concentrate.jpg","contentUrl":"https:\/\/fastcar.shop\/wp-content\/uploads\/2025\/04\/RACEGAS-fuel-concentrate.jpg","width":800,"height":800},{"@type":"BreadcrumbList","@id":"https:\/\/fastcar.shop\/product\/race-gas-regular-unleaded-petrol-racing-fuel-concentrate\/#breadcrumb","itemListElement":[{"@type":"ListItem","position":1,"name":"Home","item":"https:\/\/fastcar.shop\/"},{"@type":"ListItem","position":2,"name":"Shop","item":"https:\/\/fastcar.shop\/shop\/"},{"@type":"ListItem","position":3,"name":"RACE GAS Regular Unleaded Petrol Racing Fuel Concentrate"}]},{"@type":"WebSite","@id":"https:\/\/fastcar.shop\/#website","url":"https:\/\/fastcar.shop\/","name":"Greit\u0173 automobili\u0173 parduotuv\u0117","description":"","publisher":{"@id":"https:\/\/fastcar.shop\/#organization"},"potentialAction":[{"@type":"SearchAction","target":{"@type":"EntryPoint","urlTemplate":"https:\/\/fastcar.shop\/?s={search_term_string}"},"query-input":{"@type":"PropertyValueSpecification","valueRequired":true,"valueName":"search_term_string"}}],"inLanguage":"lt-LT"},{"@type":"Organization","@id":"https:\/\/fastcar.shop\/#organization","name":"Fastcar.shop","url":"https:\/\/fastcar.shop\/","logo":{"@type":"ImageObject","inLanguage":"lt-LT","@id":"https:\/\/fastcar.shop\/#\/schema\/logo\/image\/","url":"https:\/\/fastcar.shop\/wp-content\/uploads\/2017\/08\/FCS_JPEG-01-scaled.jpg","contentUrl":"https:\/\/fastcar.shop\/wp-content\/uploads\/2017\/08\/FCS_JPEG-01-scaled.jpg","width":2560,"height":1379,"caption":"Fastcar.shop"},"image":{"@id":"https:\/\/fastcar.shop\/#\/schema\/logo\/image\/"},"sameAs":["https:\/\/www.facebook.com\/FastcarLt?locale=lt_LT","https:\/\/www.instagram.com\/fastcar.shop\/"]}]}},"jetpack_sharing_enabled":true,"_links":{"self":[{"href":"https:\/\/fastcar.shop\/lt\/wp-json\/wp\/v2\/product\/4807","targetHints":{"allow":["GET"]}}],"collection":[{"href":"https:\/\/fastcar.shop\/lt\/wp-json\/wp\/v2\/product"}],"about":[{"href":"https:\/\/fastcar.shop\/lt\/wp-json\/wp\/v2\/types\/product"}],"wp:featuredmedia":[{"embeddable":true,"href":"https:\/\/fastcar.shop\/lt\/wp-json\/wp\/v2\/media\/4808"}],"wp:attachment":[{"href":"https:\/\/fastcar.shop\/lt\/wp-json\/wp\/v2\/media?parent=4807"}],"wp:term":[{"taxonomy":"product_brand","embeddable":true,"href":"https:\/\/fastcar.shop\/lt\/wp-json\/wp\/v2\/product_brand?post=4807"},{"taxonomy":"product_cat","embeddable":true,"href":"https:\/\/fastcar.shop\/lt\/wp-json\/wp\/v2\/product_cat?post=4807"},{"taxonomy":"product_tag","embeddable":true,"href":"https:\/\/fastcar.shop\/lt\/wp-json\/wp\/v2\/product_tag?post=4807"}],"curies":[{"name":"wp","href":"https:\/\/api.w.org\/{rel}","templated":true}]}}