{"id":4805,"date":"2025-04-09T16:39:40","date_gmt":"2025-04-09T13:39:40","guid":{"rendered":"https:\/\/fastcar.shop\/?post_type=product&#038;p=4805"},"modified":"2025-04-09T16:40:17","modified_gmt":"2025-04-09T13:40:17","slug":"klotz-petrol-higher-octane-booster-16-fl-oz-473ml","status":"publish","type":"product","link":"https:\/\/fastcar.shop\/lt\/product\/klotz-petrol-higher-octane-booster-16-fl-oz-473ml\/","title":{"rendered":"KLOTZ Petrol Higher Octane Booster 16 fl oz 473ml"},"content":{"rendered":"<div class=\"row align-items-center\">\n<div class=\"col-lg-9 col-md-10 col-sm-12\">\n<h5 style=\"text-align: left;\">KLOTZ Petrol Higher Octane Booster 16 fl oz 473ml<\/h5>\n<\/div>\n<\/div>\n<div class=\"row align-items-start\">\n<div class=\"col-lg-12 col-md-12 col-sm-12\">\n<p style=\"text-align: left;\">\u201eKlotz\u201c oktaninio skai\u010diaus stiprintuvas padidins benzino oktanin\u012f skai\u010di\u0173 ir pagerins variklio na\u0161um\u0105 bei efektyv\u0173 degim\u0105. \u0160is oktaninio skai\u010diaus stiprintuvas padidins oktanin\u012f skai\u010di\u0173 10 skai\u010di\u0173, jei \u0161io produkto bus 4 uncijos. Sud\u0117tyje N\u0116RA MMT!<\/p>\n<div class=\"col-lg-6 col-md-6 col-sm-12\" style=\"text-align: left;\">\n<h5>Ap\u017evalga<\/h5>\n<ul>\n<li>Apra\u0161ymas: Benzino oktaninio skai\u010diaus stiprintuvas<\/li>\n<li>T\u016bris: 16 Fl Oz \/ 1 JAV pinta \/ 473 ml<\/li>\n<li>Partija: KL-602<\/li>\n<li>Tiek\u0117jas: Klotz<\/li>\n<\/ul>\n<\/div>\n<div class=\"col-lg-6 col-md-6 col-sm-12\">\n<h5 style=\"text-align: left;\">Specifikacijos<\/h5>\n<ul style=\"text-align: left;\">\n<li>Tipas: Maitinimo priedas<\/li>\n<li>Varikliai: 2 ir 4 takt\u0173<\/li>\n<\/ul>\n<h5 style=\"text-align: left;\">Kryptys<\/h5>\n<p style=\"text-align: left;\">Apsaugokite da\u017eytus pavir\u0161ius, i\u0161 karto nuplaukite vandeniu, kad nepa\u017eeistum\u0117te. I\u0161blukina da\u017eus, plastik\u0105 ir stiklo pluo\u0161t\u0105.<\/p>\n<p style=\"text-align: left;\"><strong>Naudoti kaip oktaninio skai\u010diaus didinimo pried\u0105<\/strong>: 1 uncija oktaninio stiprintuvo galonui benzino oktanin\u012f skai\u010di\u0173 padidins 2 1\/2 skai\u010diaus.<\/p>\n<\/div>\n<\/div>\n<\/div>","protected":false},"excerpt":{"rendered":"<div class=\"row align-items-center\">\n<div class=\"col-lg-9 col-md-10 col-sm-12\"><\/div>\n<\/div>\n<div class=\"row align-items-start\">\n<div class=\"col-lg-12 col-md-12 col-sm-12\">\n<p>\u201eKlotz\u201c oktaninio skai\u010diaus stiprintuvas padidins benzino oktanin\u012f skai\u010di\u0173 ir pagerins variklio na\u0161um\u0105 bei efektyv\u0173 degim\u0105. \u0160is oktaninio skai\u010diaus stiprintuvas padidins oktanin\u012f skai\u010di\u0173 10 skai\u010di\u0173, jei \u0161io produkto bus 4 uncijos. Sud\u0117tyje N\u0116RA MMT!<\/p>\n<\/div>\n<\/div>","protected":false},"featured_media":4806,"template":"","meta":[],"product_brand":[],"product_cat":[1788],"product_tag":[],"class_list":{"0":"post-4805","1":"product","2":"type-product","3":"status-publish","4":"has-post-thumbnail","6":"product_cat-fuel-treatments","8":"first","9":"instock","10":"taxable","11":"shipping-taxable","12":"purchasable","13":"product-type-simple"},"aioseo_notices":[],"yoast_head":"<!-- This site is optimized with the Yoast SEO plugin v27.3 - https:\/\/yoast.com\/product\/yoast-seo-wordpress\/ -->\n<title>KLOTZ Petrol Higher Octane Booster 16 fl oz 473ml - Fast Car Shop<\/title>\n<meta name=\"robots\" content=\"index, follow, max-snippet:-1, max-image-preview:large, max-video-preview:-1\" \/>\n<link rel=\"canonical\" href=\"https:\/\/fastcar.shop\/lt\/produktas\/klotz-petrol-higher-octane-booster-16-fl-oz-473ml\/\" \/>\n<meta property=\"og:locale\" content=\"lt_LT\" \/>\n<meta property=\"og:type\" content=\"article\" \/>\n<meta property=\"og:title\" content=\"KLOTZ Petrol Higher Octane Booster 16 fl oz 473ml - Fast Car Shop\" \/>\n<meta property=\"og:description\" content=\"Klotz octane booster will raise the octane number of pump petrol for improved performance and efficient combustion within your engine. This octane booster will raise the number by 10 numbers with 4 ounces of this product. Does NOT contains MMT!\" \/>\n<meta property=\"og:url\" content=\"https:\/\/fastcar.shop\/lt\/produktas\/klotz-petrol-higher-octane-booster-16-fl-oz-473ml\/\" \/>\n<meta property=\"og:site_name\" content=\"Fast Car Shop\" \/>\n<meta property=\"article:publisher\" content=\"https:\/\/www.facebook.com\/FastcarLt?locale=lt_LT\" \/>\n<meta property=\"article:modified_time\" content=\"2025-04-09T13:40:17+00:00\" \/>\n<meta property=\"og:image\" content=\"https:\/\/fastcar.shop\/wp-content\/uploads\/2025\/04\/KL-602.jpg\" \/>\n\t<meta property=\"og:image:width\" content=\"1000\" \/>\n\t<meta property=\"og:image:height\" content=\"1000\" \/>\n\t<meta property=\"og:image:type\" content=\"image\/jpeg\" \/>\n<meta name=\"twitter:card\" content=\"summary_large_image\" \/>\n<meta name=\"twitter:label1\" content=\"Est. reading time\" \/>\n\t<meta name=\"twitter:data1\" content=\"1 minut\u0117\" \/>\n<!-- \/ Yoast SEO plugin. -->","yoast_head_json":{"title":"KLOTZ Petrol Higher Octane Booster 16 fl oz 473ml - Fast Car Shop","robots":{"index":"index","follow":"follow","max-snippet":"max-snippet:-1","max-image-preview":"max-image-preview:large","max-video-preview":"max-video-preview:-1"},"canonical":"https:\/\/fastcar.shop\/lt\/produktas\/klotz-petrol-higher-octane-booster-16-fl-oz-473ml\/","og_locale":"lt_LT","og_type":"article","og_title":"KLOTZ Petrol Higher Octane Booster 16 fl oz 473ml - Fast Car Shop","og_description":"Klotz octane booster will raise the octane number of pump petrol for improved performance and efficient combustion within your engine. This octane booster will raise the number by 10 numbers with 4 ounces of this product. Does NOT contains MMT!","og_url":"https:\/\/fastcar.shop\/lt\/produktas\/klotz-petrol-higher-octane-booster-16-fl-oz-473ml\/","og_site_name":"Fast Car Shop","article_publisher":"https:\/\/www.facebook.com\/FastcarLt?locale=lt_LT","article_modified_time":"2025-04-09T13:40:17+00:00","og_image":[{"width":1000,"height":1000,"url":"https:\/\/fastcar.shop\/wp-content\/uploads\/2025\/04\/KL-602.jpg","type":"image\/jpeg"}],"twitter_card":"summary_large_image","twitter_misc":{"Est. reading time":"1 minut\u0117"},"schema":{"@context":"https:\/\/schema.org","@graph":[{"@type":"WebPage","@id":"https:\/\/fastcar.shop\/product\/klotz-petrol-higher-octane-booster-16-fl-oz-473ml\/","url":"https:\/\/fastcar.shop\/product\/klotz-petrol-higher-octane-booster-16-fl-oz-473ml\/","name":"KLOTZ Petrol Higher Octane Booster 16 fl oz 473ml - Fast Car Shop","isPartOf":{"@id":"https:\/\/fastcar.shop\/#website"},"primaryImageOfPage":{"@id":"https:\/\/fastcar.shop\/product\/klotz-petrol-higher-octane-booster-16-fl-oz-473ml\/#primaryimage"},"image":{"@id":"https:\/\/fastcar.shop\/product\/klotz-petrol-higher-octane-booster-16-fl-oz-473ml\/#primaryimage"},"thumbnailUrl":"https:\/\/fastcar.shop\/wp-content\/uploads\/2025\/04\/KL-602.jpg","datePublished":"2025-04-09T13:39:40+00:00","dateModified":"2025-04-09T13:40:17+00:00","breadcrumb":{"@id":"https:\/\/fastcar.shop\/product\/klotz-petrol-higher-octane-booster-16-fl-oz-473ml\/#breadcrumb"},"inLanguage":"lt-LT","potentialAction":[{"@type":"ReadAction","target":["https:\/\/fastcar.shop\/product\/klotz-petrol-higher-octane-booster-16-fl-oz-473ml\/"]}]},{"@type":"ImageObject","inLanguage":"lt-LT","@id":"https:\/\/fastcar.shop\/product\/klotz-petrol-higher-octane-booster-16-fl-oz-473ml\/#primaryimage","url":"https:\/\/fastcar.shop\/wp-content\/uploads\/2025\/04\/KL-602.jpg","contentUrl":"https:\/\/fastcar.shop\/wp-content\/uploads\/2025\/04\/KL-602.jpg","width":1000,"height":1000},{"@type":"BreadcrumbList","@id":"https:\/\/fastcar.shop\/product\/klotz-petrol-higher-octane-booster-16-fl-oz-473ml\/#breadcrumb","itemListElement":[{"@type":"ListItem","position":1,"name":"Home","item":"https:\/\/fastcar.shop\/"},{"@type":"ListItem","position":2,"name":"Shop","item":"https:\/\/fastcar.shop\/shop\/"},{"@type":"ListItem","position":3,"name":"KLOTZ Petrol Higher Octane Booster 16 fl oz 473ml"}]},{"@type":"WebSite","@id":"https:\/\/fastcar.shop\/#website","url":"https:\/\/fastcar.shop\/","name":"Greit\u0173 automobili\u0173 parduotuv\u0117","description":"","publisher":{"@id":"https:\/\/fastcar.shop\/#organization"},"potentialAction":[{"@type":"SearchAction","target":{"@type":"EntryPoint","urlTemplate":"https:\/\/fastcar.shop\/?s={search_term_string}"},"query-input":{"@type":"PropertyValueSpecification","valueRequired":true,"valueName":"search_term_string"}}],"inLanguage":"lt-LT"},{"@type":"Organization","@id":"https:\/\/fastcar.shop\/#organization","name":"Fastcar.shop","url":"https:\/\/fastcar.shop\/","logo":{"@type":"ImageObject","inLanguage":"lt-LT","@id":"https:\/\/fastcar.shop\/#\/schema\/logo\/image\/","url":"https:\/\/fastcar.shop\/wp-content\/uploads\/2017\/08\/FCS_JPEG-01-scaled.jpg","contentUrl":"https:\/\/fastcar.shop\/wp-content\/uploads\/2017\/08\/FCS_JPEG-01-scaled.jpg","width":2560,"height":1379,"caption":"Fastcar.shop"},"image":{"@id":"https:\/\/fastcar.shop\/#\/schema\/logo\/image\/"},"sameAs":["https:\/\/www.facebook.com\/FastcarLt?locale=lt_LT","https:\/\/www.instagram.com\/fastcar.shop\/"]}]}},"jetpack_sharing_enabled":true,"_links":{"self":[{"href":"https:\/\/fastcar.shop\/lt\/wp-json\/wp\/v2\/product\/4805","targetHints":{"allow":["GET"]}}],"collection":[{"href":"https:\/\/fastcar.shop\/lt\/wp-json\/wp\/v2\/product"}],"about":[{"href":"https:\/\/fastcar.shop\/lt\/wp-json\/wp\/v2\/types\/product"}],"wp:featuredmedia":[{"embeddable":true,"href":"https:\/\/fastcar.shop\/lt\/wp-json\/wp\/v2\/media\/4806"}],"wp:attachment":[{"href":"https:\/\/fastcar.shop\/lt\/wp-json\/wp\/v2\/media?parent=4805"}],"wp:term":[{"taxonomy":"product_brand","embeddable":true,"href":"https:\/\/fastcar.shop\/lt\/wp-json\/wp\/v2\/product_brand?post=4805"},{"taxonomy":"product_cat","embeddable":true,"href":"https:\/\/fastcar.shop\/lt\/wp-json\/wp\/v2\/product_cat?post=4805"},{"taxonomy":"product_tag","embeddable":true,"href":"https:\/\/fastcar.shop\/lt\/wp-json\/wp\/v2\/product_tag?post=4805"}],"curies":[{"name":"wp","href":"https:\/\/api.w.org\/{rel}","templated":true}]}}