{"id":4775,"date":"2025-03-13T20:10:52","date_gmt":"2025-03-13T18:10:52","guid":{"rendered":"https:\/\/fastcar.shop\/?post_type=product&#038;p=4775"},"modified":"2026-04-17T14:25:27","modified_gmt":"2026-04-17T11:25:27","slug":"auto-graph-emerald-hydrophobic-glass-cleaner-400ml","status":"publish","type":"product","link":"https:\/\/fastcar.shop\/lt\/product\/auto-graph-emerald-hydrophobic-glass-cleaner-400ml\/","title":{"rendered":"AUTO GRAPH EMERALD Hidrofobinis stiklo valiklis 400ml"},"content":{"rendered":"<p style=\"text-align: left;\"><strong>Auto Graph Emerald<\/strong> - ar susim\u0105st\u0117te, ar stiklo valiklis gali b\u016bti ka\u017ekas daugiau? D\u0117l savo hidrofobini\u0173 savybi\u0173 \u201eEmerald Glass Cleaner\u201c stiklo valiklis ne tik valo, bet ir apsaugo stiklinius pavir\u0161ius nuo ne\u0161varum\u0173. Jis nepalieka dry\u017ei\u0173, nes greitai i\u0161garuoja. D\u0117l sud\u0117tyje esan\u010dio SiO2 polimero taip pat u\u017etikrinamas greitesnis d\u017ei\u016bvimas ir blizgesys. Lengva naudoti - u\u017etepkite ant mikropluo\u0161to ir pa\u0161alinkite ne\u0161varumus. Pakartotinai u\u017etepkite antru rank\u0161luos\u010diu.<\/p>\n<p style=\"text-align: left;\"><strong>Savyb\u0117s:<\/strong><\/p>\n<ul>\n<li style=\"text-align: left;\">Valo ir apsaugo.<\/li>\n<li style=\"text-align: left;\">Greitai i\u0161garuoja.<\/li>\n<li style=\"text-align: left;\">Atstumia vanden\u012f - stiklas lieka sausas.<\/li>\n<li style=\"text-align: left;\">Paruo\u0161ta naudoti.<\/li>\n<li style=\"text-align: left;\">Lengva naudoti.<\/li>\n<\/ul>\n<p style=\"text-align: left;\">\n<strong>Naudojimo instrukcijos:<\/strong><\/p>\n<ol>\n<li style=\"text-align: left;\">U\u017etepkite ant mikropluo\u0161to \u0161luost\u0117s arba valomo pavir\u0161iaus.<\/li>\n<li style=\"text-align: left;\">Pa\u0161alinkite ne\u0161varumus.<\/li>\n<li style=\"text-align: left;\">Sausai nu\u0161luostykite antr\u0105ja mikropluo\u0161to \u0161luoste.<\/li>\n<\/ol>\n<p style=\"text-align: left;\">\n<strong>Patarimai:<\/strong><\/p>\n<ul>\n<li style=\"text-align: left;\">Stipriai u\u017eter\u0161t\u0105 pavir\u0161i\u0173 prie\u0161 tepdami nuvalykite dr\u0117gna mikropluo\u0161to \u0161luoste.<\/li>\n<li style=\"text-align: left;\">Darbus atlikite kiek \u012fmanoma optimaliomis s\u0105lygomis - venkite auk\u0161tos temperat\u016bros, dr\u0117gm\u0117s, saul\u0117s; dirbkite patalpose.<\/li>\n<li style=\"text-align: left;\">Nepalikite nei\u0161teptos priemon\u0117s i\u0161d\u017ei\u016bti.<\/li>\n<li style=\"text-align: left;\">Optimali laikymo temperat\u016bra 5-25 laipsniai.<\/li>\n<\/ul>\n<p style=\"text-align: left;\"><strong>Talpa:<\/strong> 400 ml<\/p>","protected":false},"excerpt":{"rendered":"<p style=\"text-align: left;\"><strong>Auto Graph Emerald<\/strong> - ar susim\u0105st\u0117te, ar stiklo valiklis gali b\u016bti ka\u017ekas daugiau? D\u0117l savo hidrofobini\u0173 savybi\u0173 \u201eEmerald Glass Cleaner\u201c stiklo valiklis ne tik valo, bet ir apsaugo stiklinius pavir\u0161ius nuo ne\u0161varum\u0173. Jis nepalieka dry\u017ei\u0173, nes greitai i\u0161garuoja. D\u0117l sud\u0117tyje esan\u010dio SiO2 polimero taip pat u\u017etikrinamas greitesnis d\u017ei\u016bvimas ir blizgesys. Lengva naudoti - u\u017etepkite ant mikropluo\u0161to ir pa\u0161alinkite ne\u0161varumus. Pakartotinai u\u017etepkite antru rank\u0161luos\u010diu.<\/p>\n<p><strong>Talpa:<\/strong> 400 ml<\/p>","protected":false},"featured_media":4776,"template":"","meta":[],"product_brand":[],"product_cat":[892],"product_tag":[],"class_list":{"0":"post-4775","1":"product","2":"type-product","3":"status-publish","4":"has-post-thumbnail","6":"product_cat-vehicle-care","7":"product_provider-auto-graph-detailing","9":"first","10":"instock","11":"taxable","12":"shipping-taxable","13":"purchasable","14":"product-type-simple"},"aioseo_notices":[],"yoast_head":"<!-- This site is optimized with the Yoast SEO plugin v27.5 - https:\/\/yoast.com\/product\/yoast-seo-wordpress\/ -->\n<title>AUTO GRAPH EMERALD Hydrophobic Glass Cleaner 400ml - Fast Car Shop<\/title>\n<meta name=\"robots\" content=\"index, follow, max-snippet:-1, max-image-preview:large, max-video-preview:-1\" \/>\n<link rel=\"canonical\" href=\"https:\/\/fastcar.shop\/lt\/produktas\/auto-graph-emerald-hydrophobic-glass-cleaner-400ml\/\" \/>\n<meta property=\"og:locale\" content=\"lt_LT\" \/>\n<meta property=\"og:type\" content=\"article\" \/>\n<meta property=\"og:title\" content=\"AUTO GRAPH EMERALD Hydrophobic Glass Cleaner 400ml - Fast Car Shop\" \/>\n<meta property=\"og:description\" content=\"Auto Graph Emerald - have you wondered if glass cleaner can be something more? Thanks to its hydrophobic properties, Emerald Glass Cleaner not only cleans, but also protects glass surfaces from dirt. It does not leave streaks as it evaporates quickly. The SiO2 polymer content also guarantees faster drying and a shiny sheen. Easy to use - apply to a microfiber and remove dirt. Reapply with a second towel. Capacity: 400 ml\" \/>\n<meta property=\"og:url\" content=\"https:\/\/fastcar.shop\/lt\/produktas\/auto-graph-emerald-hydrophobic-glass-cleaner-400ml\/\" \/>\n<meta property=\"og:site_name\" content=\"Fast Car Shop\" \/>\n<meta property=\"article:publisher\" content=\"https:\/\/www.facebook.com\/FastcarLt?locale=lt_LT\" \/>\n<meta property=\"article:modified_time\" content=\"2026-04-17T11:25:27+00:00\" \/>\n<meta property=\"og:image\" content=\"https:\/\/fastcar.shop\/wp-content\/uploads\/2025\/03\/EMERALD_400-550x550.png.webp\" \/>\n\t<meta property=\"og:image:width\" content=\"550\" \/>\n\t<meta property=\"og:image:height\" content=\"550\" \/>\n\t<meta property=\"og:image:type\" content=\"image\/webp\" \/>\n<meta name=\"twitter:card\" content=\"summary_large_image\" \/>\n<meta name=\"twitter:label1\" content=\"Est. reading time\" \/>\n\t<meta name=\"twitter:data1\" content=\"1 minut\u0117\" \/>\n<!-- \/ Yoast SEO plugin. -->","yoast_head_json":{"title":"AUTO GRAPH EMERALD Hydrophobic Glass Cleaner 400ml - Fast Car Shop","robots":{"index":"index","follow":"follow","max-snippet":"max-snippet:-1","max-image-preview":"max-image-preview:large","max-video-preview":"max-video-preview:-1"},"canonical":"https:\/\/fastcar.shop\/lt\/produktas\/auto-graph-emerald-hydrophobic-glass-cleaner-400ml\/","og_locale":"lt_LT","og_type":"article","og_title":"AUTO GRAPH EMERALD Hydrophobic Glass Cleaner 400ml - Fast Car Shop","og_description":"Auto Graph Emerald - have you wondered if glass cleaner can be something more? Thanks to its hydrophobic properties, Emerald Glass Cleaner not only cleans, but also protects glass surfaces from dirt. It does not leave streaks as it evaporates quickly. The SiO2 polymer content also guarantees faster drying and a shiny sheen. Easy to use - apply to a microfiber and remove dirt. Reapply with a second towel. Capacity: 400 ml","og_url":"https:\/\/fastcar.shop\/lt\/produktas\/auto-graph-emerald-hydrophobic-glass-cleaner-400ml\/","og_site_name":"Fast Car Shop","article_publisher":"https:\/\/www.facebook.com\/FastcarLt?locale=lt_LT","article_modified_time":"2026-04-17T11:25:27+00:00","og_image":[{"width":550,"height":550,"url":"https:\/\/fastcar.shop\/wp-content\/uploads\/2025\/03\/EMERALD_400-550x550.png.webp","type":"image\/webp"}],"twitter_card":"summary_large_image","twitter_misc":{"Est. reading time":"1 minut\u0117"},"schema":{"@context":"https:\/\/schema.org","@graph":[{"@type":"WebPage","@id":"https:\/\/fastcar.shop\/product\/auto-graph-emerald-hydrophobic-glass-cleaner-400ml\/","url":"https:\/\/fastcar.shop\/product\/auto-graph-emerald-hydrophobic-glass-cleaner-400ml\/","name":"AUTO GRAPH EMERALD Hydrophobic Glass Cleaner 400ml - Fast Car Shop","isPartOf":{"@id":"https:\/\/fastcar.shop\/#website"},"primaryImageOfPage":{"@id":"https:\/\/fastcar.shop\/product\/auto-graph-emerald-hydrophobic-glass-cleaner-400ml\/#primaryimage"},"image":{"@id":"https:\/\/fastcar.shop\/product\/auto-graph-emerald-hydrophobic-glass-cleaner-400ml\/#primaryimage"},"thumbnailUrl":"https:\/\/fastcar.shop\/wp-content\/uploads\/2025\/03\/EMERALD_400-550x550.png.webp","datePublished":"2025-03-13T18:10:52+00:00","dateModified":"2026-04-17T11:25:27+00:00","breadcrumb":{"@id":"https:\/\/fastcar.shop\/product\/auto-graph-emerald-hydrophobic-glass-cleaner-400ml\/#breadcrumb"},"inLanguage":"lt-LT","potentialAction":[{"@type":"ReadAction","target":["https:\/\/fastcar.shop\/product\/auto-graph-emerald-hydrophobic-glass-cleaner-400ml\/"]}]},{"@type":"ImageObject","inLanguage":"lt-LT","@id":"https:\/\/fastcar.shop\/product\/auto-graph-emerald-hydrophobic-glass-cleaner-400ml\/#primaryimage","url":"https:\/\/fastcar.shop\/wp-content\/uploads\/2025\/03\/EMERALD_400-550x550.png.webp","contentUrl":"https:\/\/fastcar.shop\/wp-content\/uploads\/2025\/03\/EMERALD_400-550x550.png.webp","width":550,"height":550},{"@type":"BreadcrumbList","@id":"https:\/\/fastcar.shop\/product\/auto-graph-emerald-hydrophobic-glass-cleaner-400ml\/#breadcrumb","itemListElement":[{"@type":"ListItem","position":1,"name":"Home","item":"https:\/\/fastcar.shop\/"},{"@type":"ListItem","position":2,"name":"Shop","item":"https:\/\/fastcar.shop\/shop\/"},{"@type":"ListItem","position":3,"name":"AUTO GRAPH EMERALD Hydrophobic Glass Cleaner 400ml"}]},{"@type":"WebSite","@id":"https:\/\/fastcar.shop\/#website","url":"https:\/\/fastcar.shop\/","name":"Greit\u0173 automobili\u0173 parduotuv\u0117","description":"","publisher":{"@id":"https:\/\/fastcar.shop\/#organization"},"potentialAction":[{"@type":"SearchAction","target":{"@type":"EntryPoint","urlTemplate":"https:\/\/fastcar.shop\/?s={search_term_string}"},"query-input":{"@type":"PropertyValueSpecification","valueRequired":true,"valueName":"search_term_string"}}],"inLanguage":"lt-LT"},{"@type":"Organization","@id":"https:\/\/fastcar.shop\/#organization","name":"Fastcar.shop","url":"https:\/\/fastcar.shop\/","logo":{"@type":"ImageObject","inLanguage":"lt-LT","@id":"https:\/\/fastcar.shop\/#\/schema\/logo\/image\/","url":"https:\/\/fastcar.shop\/wp-content\/uploads\/2017\/08\/FCS_JPEG-01-scaled.jpg","contentUrl":"https:\/\/fastcar.shop\/wp-content\/uploads\/2017\/08\/FCS_JPEG-01-scaled.jpg","width":2560,"height":1379,"caption":"Fastcar.shop"},"image":{"@id":"https:\/\/fastcar.shop\/#\/schema\/logo\/image\/"},"sameAs":["https:\/\/www.facebook.com\/FastcarLt?locale=lt_LT","https:\/\/www.instagram.com\/fastcar.shop\/"]}]}},"jetpack_sharing_enabled":true,"_links":{"self":[{"href":"https:\/\/fastcar.shop\/lt\/wp-json\/wp\/v2\/product\/4775","targetHints":{"allow":["GET"]}}],"collection":[{"href":"https:\/\/fastcar.shop\/lt\/wp-json\/wp\/v2\/product"}],"about":[{"href":"https:\/\/fastcar.shop\/lt\/wp-json\/wp\/v2\/types\/product"}],"wp:featuredmedia":[{"embeddable":true,"href":"https:\/\/fastcar.shop\/lt\/wp-json\/wp\/v2\/media\/4776"}],"wp:attachment":[{"href":"https:\/\/fastcar.shop\/lt\/wp-json\/wp\/v2\/media?parent=4775"}],"wp:term":[{"taxonomy":"product_brand","embeddable":true,"href":"https:\/\/fastcar.shop\/lt\/wp-json\/wp\/v2\/product_brand?post=4775"},{"taxonomy":"product_cat","embeddable":true,"href":"https:\/\/fastcar.shop\/lt\/wp-json\/wp\/v2\/product_cat?post=4775"},{"taxonomy":"product_tag","embeddable":true,"href":"https:\/\/fastcar.shop\/lt\/wp-json\/wp\/v2\/product_tag?post=4775"}],"curies":[{"name":"wp","href":"https:\/\/api.w.org\/{rel}","templated":true}]}}