{"id":4770,"date":"2025-03-13T20:00:48","date_gmt":"2025-03-13T18:00:48","guid":{"rendered":"https:\/\/fastcar.shop\/?post_type=product&#038;p=4770"},"modified":"2025-12-17T22:43:39","modified_gmt":"2025-12-17T20:43:39","slug":"auto-graph-ametyhyst-rim-cleaner-400ml","status":"publish","type":"product","link":"https:\/\/fastcar.shop\/lt\/product\/auto-graph-ametyhyst-rim-cleaner-400ml\/","title":{"rendered":"AUTO GRAPH AMETYHYST Ratlanki\u0173 valiklis 400ml"},"content":{"rendered":"<p style=\"text-align: left;\"><strong>Auto Graph Amethyst<\/strong> - ie\u0161kote saugaus b\u016bdo ratlankiams valyti? Pasirinkite \u201eAmethyst\u201c ratlanki\u0173 valikl\u012f, kuris ne tik pa\u0161alina ne\u0161varumus nuo ratlanki\u0173, bet ir nuo da\u017e\u0173, plastiko, chromo ar stiklo. Jis saugus d\u0117l \u0161velnaus neutralaus pH valiklio. D\u0117l padidinto klampumo jis ilgiau ir tolygiau pasiskirsto ant valomo pavir\u0161iaus. Lengva naudoti - u\u017etepkite ant pavir\u0161iaus, palaukite kelias minutes ir nuplaukite, kol i\u0161d\u017eius.<\/p>\n<p style=\"text-align: left;\"><strong>Savyb\u0117s:<\/strong><\/p>\n<ul style=\"text-align: left;\">\n<li>Saugus ir veiksmingas veikimas.<\/li>\n<li>Pasi\u017eymi neutraliu pH.<\/li>\n<li>Kartu su metalo dalel\u0117mis, daugiausia Fe ir Mn, sukelia b\u016bding\u0105 spalvin\u0119 reakcij\u0105, vadinam\u0105 kraujavimu.<\/li>\n<li>Kaip ir ametistas, jis b\u016bna dviej\u0173 spalv\u0173 - i\u0161 prad\u017ei\u0173 violetin\u0117s, o laikui b\u0117gant tampa skaidrus.<\/li>\n<li>Spalvos pokytis neturi \u012ftakos gaminio savyb\u0117ms.<\/li>\n<li>Lengva naudoti.<\/li>\n<li>Paruo\u0161ta naudoti.<\/li>\n<\/ul>\n<p style=\"text-align: left;\"><strong>Kaip naudoti:<\/strong><\/p>\n<ol style=\"text-align: left;\">\n<li>\u012esitikinkite, kad ratlankiai n\u0117ra \u012fkait\u0119.<\/li>\n<li>Apipurk\u0161kite valom\u0105 pavir\u0161i\u0173.<\/li>\n<li>Geresni\u0173 rezultat\u0173 pasieksite naudodami \u0161epet\u012f.<\/li>\n<li>Ne\u0161varumus pa\u0161alinkite susl\u0117gtu vandeniu.<\/li>\n<\/ol>\n<p style=\"text-align: left;\"><strong>Patarimai:<\/strong><\/p>\n<ul style=\"text-align: left;\">\n<li>Darbus atlikite kiek \u012fmanoma optimaliomis s\u0105lygomis - venkite auk\u0161tos temperat\u016bros, dr\u0117gm\u0117s, saul\u0117s; dirbkite patalpose.<\/li>\n<li>Nepalikite produkto i\u0161d\u017ei\u016bti.<\/li>\n<li>Naudokite pir\u0161tines ir apsauginius drabu\u017eius.<\/li>\n<li>Optimali laikymo temperat\u016bra 5-25 laipsniai.<\/li>\n<\/ul>\n<p style=\"text-align: left;\"><strong>Talpa:<\/strong> 400 ml<\/p>","protected":false},"excerpt":{"rendered":"<p style=\"text-align: left;\"><strong>Auto Graph Amethyst<\/strong> - ie\u0161kote saugaus b\u016bdo ratlankiams valyti? Pasirinkite \u201eAmethyst\u201c ratlanki\u0173 valikl\u012f, kuris ne tik pa\u0161alina ne\u0161varumus nuo ratlanki\u0173, bet ir nuo da\u017e\u0173, plastiko, chromo ar stiklo. Jis saugus d\u0117l \u0161velnaus neutralaus pH valiklio. D\u0117l padidinto klampumo jis ilgiau ir tolygiau pasiskirsto ant valomo pavir\u0161iaus. Lengva naudoti - u\u017etepkite ant pavir\u0161iaus, palaukite kelias minutes ir nuplaukite, kol i\u0161d\u017eius.<\/p>\n<p><strong>Talpa:<\/strong> 400 ml<\/p>","protected":false},"featured_media":4772,"template":"","meta":[],"product_brand":[],"product_cat":[892],"product_tag":[],"class_list":{"0":"post-4770","1":"product","2":"type-product","3":"status-publish","4":"has-post-thumbnail","6":"product_cat-vehicle-care","7":"product_provider-auto-graph-detailing","9":"first","10":"instock","11":"taxable","12":"shipping-taxable","13":"purchasable","14":"product-type-simple"},"aioseo_notices":[],"yoast_head":"<!-- This site is optimized with the Yoast SEO plugin v27.3 - https:\/\/yoast.com\/product\/yoast-seo-wordpress\/ -->\n<title>AUTO GRAPH AMETYHYST Rim Cleaner 400ml - Fast Car Shop<\/title>\n<meta name=\"robots\" content=\"index, follow, max-snippet:-1, max-image-preview:large, max-video-preview:-1\" \/>\n<link rel=\"canonical\" href=\"https:\/\/fastcar.shop\/lt\/produktas\/auto-graph-ametyhyst-rim-cleaner-400ml\/\" \/>\n<meta property=\"og:locale\" content=\"lt_LT\" \/>\n<meta property=\"og:type\" content=\"article\" \/>\n<meta property=\"og:title\" content=\"AUTO GRAPH AMETYHYST Rim Cleaner 400ml - Fast Car Shop\" \/>\n<meta property=\"og:description\" content=\"Auto Graph Amethyst - looking for a safe way to clean your rims? Choose Amethyst Rim Cleaner, which not only removes dirt from rims, but also from paint, plastics, chrome or glass. It&#039;s safe, thanks to its gentle pH-neutral cleaners. Its increased viscosity allows it to spread longer and more evenly over the cleaned surface. Easy to use - apply to the surface, wait a few minutes and rinse before it dries. Capacity: 400 ml\" \/>\n<meta property=\"og:url\" content=\"https:\/\/fastcar.shop\/lt\/produktas\/auto-graph-ametyhyst-rim-cleaner-400ml\/\" \/>\n<meta property=\"og:site_name\" content=\"Fast Car Shop\" \/>\n<meta property=\"article:publisher\" content=\"https:\/\/www.facebook.com\/FastcarLt?locale=lt_LT\" \/>\n<meta property=\"article:modified_time\" content=\"2025-12-17T20:43:39+00:00\" \/>\n<meta property=\"og:image\" content=\"https:\/\/fastcar.shop\/wp-content\/uploads\/2025\/03\/AMETHYST_400-550x550.png.webp\" \/>\n\t<meta property=\"og:image:width\" content=\"550\" \/>\n\t<meta property=\"og:image:height\" content=\"550\" \/>\n\t<meta property=\"og:image:type\" content=\"image\/webp\" \/>\n<meta name=\"twitter:card\" content=\"summary_large_image\" \/>\n<meta name=\"twitter:label1\" content=\"Est. reading time\" \/>\n\t<meta name=\"twitter:data1\" content=\"2 minut\u0117s\" \/>\n<!-- \/ Yoast SEO plugin. -->","yoast_head_json":{"title":"AUTO GRAPH AMETYHYST Rim Cleaner 400ml - Fast Car Shop","robots":{"index":"index","follow":"follow","max-snippet":"max-snippet:-1","max-image-preview":"max-image-preview:large","max-video-preview":"max-video-preview:-1"},"canonical":"https:\/\/fastcar.shop\/lt\/produktas\/auto-graph-ametyhyst-rim-cleaner-400ml\/","og_locale":"lt_LT","og_type":"article","og_title":"AUTO GRAPH AMETYHYST Rim Cleaner 400ml - Fast Car Shop","og_description":"Auto Graph Amethyst - looking for a safe way to clean your rims? Choose Amethyst Rim Cleaner, which not only removes dirt from rims, but also from paint, plastics, chrome or glass. It's safe, thanks to its gentle pH-neutral cleaners. Its increased viscosity allows it to spread longer and more evenly over the cleaned surface. Easy to use - apply to the surface, wait a few minutes and rinse before it dries. Capacity: 400 ml","og_url":"https:\/\/fastcar.shop\/lt\/produktas\/auto-graph-ametyhyst-rim-cleaner-400ml\/","og_site_name":"Fast Car Shop","article_publisher":"https:\/\/www.facebook.com\/FastcarLt?locale=lt_LT","article_modified_time":"2025-12-17T20:43:39+00:00","og_image":[{"width":550,"height":550,"url":"https:\/\/fastcar.shop\/wp-content\/uploads\/2025\/03\/AMETHYST_400-550x550.png.webp","type":"image\/webp"}],"twitter_card":"summary_large_image","twitter_misc":{"Est. reading time":"2 minut\u0117s"},"schema":{"@context":"https:\/\/schema.org","@graph":[{"@type":"WebPage","@id":"https:\/\/fastcar.shop\/product\/auto-graph-ametyhyst-rim-cleaner-400ml\/","url":"https:\/\/fastcar.shop\/product\/auto-graph-ametyhyst-rim-cleaner-400ml\/","name":"AUTO GRAPH AMETYHYST Rim Cleaner 400ml - Fast Car Shop","isPartOf":{"@id":"https:\/\/fastcar.shop\/#website"},"primaryImageOfPage":{"@id":"https:\/\/fastcar.shop\/product\/auto-graph-ametyhyst-rim-cleaner-400ml\/#primaryimage"},"image":{"@id":"https:\/\/fastcar.shop\/product\/auto-graph-ametyhyst-rim-cleaner-400ml\/#primaryimage"},"thumbnailUrl":"https:\/\/fastcar.shop\/wp-content\/uploads\/2025\/03\/AMETHYST_400-550x550.png.webp","datePublished":"2025-03-13T18:00:48+00:00","dateModified":"2025-12-17T20:43:39+00:00","breadcrumb":{"@id":"https:\/\/fastcar.shop\/product\/auto-graph-ametyhyst-rim-cleaner-400ml\/#breadcrumb"},"inLanguage":"lt-LT","potentialAction":[{"@type":"ReadAction","target":["https:\/\/fastcar.shop\/product\/auto-graph-ametyhyst-rim-cleaner-400ml\/"]}]},{"@type":"ImageObject","inLanguage":"lt-LT","@id":"https:\/\/fastcar.shop\/product\/auto-graph-ametyhyst-rim-cleaner-400ml\/#primaryimage","url":"https:\/\/fastcar.shop\/wp-content\/uploads\/2025\/03\/AMETHYST_400-550x550.png.webp","contentUrl":"https:\/\/fastcar.shop\/wp-content\/uploads\/2025\/03\/AMETHYST_400-550x550.png.webp","width":550,"height":550},{"@type":"BreadcrumbList","@id":"https:\/\/fastcar.shop\/product\/auto-graph-ametyhyst-rim-cleaner-400ml\/#breadcrumb","itemListElement":[{"@type":"ListItem","position":1,"name":"Home","item":"https:\/\/fastcar.shop\/"},{"@type":"ListItem","position":2,"name":"Shop","item":"https:\/\/fastcar.shop\/shop\/"},{"@type":"ListItem","position":3,"name":"AUTO GRAPH AMETYHYST Rim Cleaner 400ml"}]},{"@type":"WebSite","@id":"https:\/\/fastcar.shop\/#website","url":"https:\/\/fastcar.shop\/","name":"Greit\u0173 automobili\u0173 parduotuv\u0117","description":"","publisher":{"@id":"https:\/\/fastcar.shop\/#organization"},"potentialAction":[{"@type":"SearchAction","target":{"@type":"EntryPoint","urlTemplate":"https:\/\/fastcar.shop\/?s={search_term_string}"},"query-input":{"@type":"PropertyValueSpecification","valueRequired":true,"valueName":"search_term_string"}}],"inLanguage":"lt-LT"},{"@type":"Organization","@id":"https:\/\/fastcar.shop\/#organization","name":"Fastcar.shop","url":"https:\/\/fastcar.shop\/","logo":{"@type":"ImageObject","inLanguage":"lt-LT","@id":"https:\/\/fastcar.shop\/#\/schema\/logo\/image\/","url":"https:\/\/fastcar.shop\/wp-content\/uploads\/2017\/08\/FCS_JPEG-01-scaled.jpg","contentUrl":"https:\/\/fastcar.shop\/wp-content\/uploads\/2017\/08\/FCS_JPEG-01-scaled.jpg","width":2560,"height":1379,"caption":"Fastcar.shop"},"image":{"@id":"https:\/\/fastcar.shop\/#\/schema\/logo\/image\/"},"sameAs":["https:\/\/www.facebook.com\/FastcarLt?locale=lt_LT","https:\/\/www.instagram.com\/fastcar.shop\/"]}]}},"jetpack_sharing_enabled":true,"_links":{"self":[{"href":"https:\/\/fastcar.shop\/lt\/wp-json\/wp\/v2\/product\/4770","targetHints":{"allow":["GET"]}}],"collection":[{"href":"https:\/\/fastcar.shop\/lt\/wp-json\/wp\/v2\/product"}],"about":[{"href":"https:\/\/fastcar.shop\/lt\/wp-json\/wp\/v2\/types\/product"}],"wp:featuredmedia":[{"embeddable":true,"href":"https:\/\/fastcar.shop\/lt\/wp-json\/wp\/v2\/media\/4772"}],"wp:attachment":[{"href":"https:\/\/fastcar.shop\/lt\/wp-json\/wp\/v2\/media?parent=4770"}],"wp:term":[{"taxonomy":"product_brand","embeddable":true,"href":"https:\/\/fastcar.shop\/lt\/wp-json\/wp\/v2\/product_brand?post=4770"},{"taxonomy":"product_cat","embeddable":true,"href":"https:\/\/fastcar.shop\/lt\/wp-json\/wp\/v2\/product_cat?post=4770"},{"taxonomy":"product_tag","embeddable":true,"href":"https:\/\/fastcar.shop\/lt\/wp-json\/wp\/v2\/product_tag?post=4770"}],"curies":[{"name":"wp","href":"https:\/\/api.w.org\/{rel}","templated":true}]}}