{"id":4767,"date":"2025-03-13T19:56:16","date_gmt":"2025-03-13T17:56:16","guid":{"rendered":"https:\/\/fastcar.shop\/?post_type=product&#038;p=4767"},"modified":"2025-03-19T13:38:16","modified_gmt":"2025-03-19T11:38:16","slug":"auto-graph-onyx-tire-dressing-400ml","status":"publish","type":"product","link":"https:\/\/fastcar.shop\/lt\/product\/auto-graph-onyx-tire-dressing-400ml\/","title":{"rendered":"AUTO GRAPH ONYX Padang\u0173 ir plastik\u0173 juodintojas 400ml"},"content":{"rendered":"<p style=\"text-align: left;\"><strong>Auto Graph Onyx Tire Dressing<\/strong> - tai gaminys, skirtas padangoms apsaugoti, suteikiant joms eleganti\u0161k\u0105, tamsiai juod\u0105, satino i\u0161vaizd\u0105, bet ne tik tai. D\u0117l specialios gaminio formul\u0117s, kurios sud\u0117tyje yra SiO2, jis itin ilgai i\u0161lieka ant padang\u0173, atstumdamas vanden\u012f ir purv\u0105 bei apsaugodamas nuo kenksmingo aplinkos poveikio. Suteikia gumai elastingumo, apsaugo nuo ankstyvo sen\u0117jimo.<\/p>\n<p style=\"text-align: left;\"><strong>Savyb\u0117s:<\/strong><\/p>\n<ul style=\"text-align: left;\">\n<li>Eleganti\u0161ka satino i\u0161vaizda - tamsiai juoda padangos spalva.<\/li>\n<li>SiO2 turinti formul\u0117.<\/li>\n<li>Didelis patvarumas.<\/li>\n<li>Puikus hidrofobi\u0161kumas - atstumia vanden\u012f ir ne\u0161varumus.<\/li>\n<li>Saugo gum\u0105 nuo sen\u0117jimo.<\/li>\n<li>Malonus vanil\u0117s kvapas.<\/li>\n<li>Vandeninga konsistencija, tod\u0117l produkt\u0105 malonu naudoti.<\/li>\n<\/ul>\n<p style=\"text-align: left;\"><strong>Talpa:<\/strong> 400 ml<\/p>","protected":false},"excerpt":{"rendered":"<p style=\"text-align: left;\"><strong>Auto Graph Onyx Tire Dressing<\/strong> - tai gaminys, skirtas padangoms apsaugoti, suteikiant joms eleganti\u0161k\u0105, tamsiai juod\u0105, satino i\u0161vaizd\u0105, bet ne tik tai. D\u0117l specialios gaminio formul\u0117s, kurios sud\u0117tyje yra SiO2, jis itin ilgai i\u0161lieka ant padang\u0173, atstumdamas vanden\u012f ir purv\u0105 bei apsaugodamas nuo kenksmingo aplinkos poveikio. Suteikia gumai elastingumo, apsaugo nuo ankstyvo sen\u0117jimo.<\/p>\n<p><strong>Talpa:<\/strong> 400 ml<\/p>","protected":false},"featured_media":4769,"template":"","meta":[],"product_brand":[],"product_cat":[892],"product_tag":[],"class_list":{"0":"post-4767","1":"product","2":"type-product","3":"status-publish","4":"has-post-thumbnail","6":"product_cat-vehicle-care","7":"product_provider-auto-graph-detailing","9":"first","10":"instock","11":"taxable","12":"shipping-taxable","13":"purchasable","14":"product-type-simple"},"aioseo_notices":[],"yoast_head":"<!-- This site is optimized with the Yoast SEO plugin v27.4 - https:\/\/yoast.com\/product\/yoast-seo-wordpress\/ -->\n<title>AUTO GRAPH ONYX Tire Dressing 400ml - Fast Car Shop<\/title>\n<meta name=\"robots\" content=\"index, follow, max-snippet:-1, max-image-preview:large, max-video-preview:-1\" \/>\n<link rel=\"canonical\" href=\"https:\/\/fastcar.shop\/lt\/produktas\/auto-graph-onyx-tire-dressing-400ml\/\" \/>\n<meta property=\"og:locale\" content=\"lt_LT\" \/>\n<meta property=\"og:type\" content=\"article\" \/>\n<meta property=\"og:title\" content=\"AUTO GRAPH ONYX Tire Dressing 400ml - Fast Car Shop\" \/>\n<meta property=\"og:description\" content=\"Auto Graph Onyx Tire Dressing - is a product designed to protect tires giving them an elegant, deep black, satin look - but not only that. Thanks to the product&#039;s special formula containing SiO2, it lasts exceptionally long on tires, providing repulsion of water and dirt and protection against harmful environmental influences. Gives rubber elasticity, prevents premature aging. Capacity: 400 ml\" \/>\n<meta property=\"og:url\" content=\"https:\/\/fastcar.shop\/lt\/produktas\/auto-graph-onyx-tire-dressing-400ml\/\" \/>\n<meta property=\"og:site_name\" content=\"Fast Car Shop\" \/>\n<meta property=\"article:publisher\" content=\"https:\/\/www.facebook.com\/FastcarLt?locale=lt_LT\" \/>\n<meta property=\"article:modified_time\" content=\"2025-03-19T11:38:16+00:00\" \/>\n<meta property=\"og:image\" content=\"https:\/\/fastcar.shop\/wp-content\/uploads\/2025\/03\/ONYX_400-550x550.png.webp\" \/>\n\t<meta property=\"og:image:width\" content=\"550\" \/>\n\t<meta property=\"og:image:height\" content=\"550\" \/>\n\t<meta property=\"og:image:type\" content=\"image\/webp\" \/>\n<meta name=\"twitter:card\" content=\"summary_large_image\" \/>\n<meta name=\"twitter:label1\" content=\"Est. reading time\" \/>\n\t<meta name=\"twitter:data1\" content=\"1 minut\u0117\" \/>\n<!-- \/ Yoast SEO plugin. -->","yoast_head_json":{"title":"AUTO GRAPH ONYX Tire Dressing 400ml - Fast Car Shop","robots":{"index":"index","follow":"follow","max-snippet":"max-snippet:-1","max-image-preview":"max-image-preview:large","max-video-preview":"max-video-preview:-1"},"canonical":"https:\/\/fastcar.shop\/lt\/produktas\/auto-graph-onyx-tire-dressing-400ml\/","og_locale":"lt_LT","og_type":"article","og_title":"AUTO GRAPH ONYX Tire Dressing 400ml - Fast Car Shop","og_description":"Auto Graph Onyx Tire Dressing - is a product designed to protect tires giving them an elegant, deep black, satin look - but not only that. Thanks to the product's special formula containing SiO2, it lasts exceptionally long on tires, providing repulsion of water and dirt and protection against harmful environmental influences. Gives rubber elasticity, prevents premature aging. Capacity: 400 ml","og_url":"https:\/\/fastcar.shop\/lt\/produktas\/auto-graph-onyx-tire-dressing-400ml\/","og_site_name":"Fast Car Shop","article_publisher":"https:\/\/www.facebook.com\/FastcarLt?locale=lt_LT","article_modified_time":"2025-03-19T11:38:16+00:00","og_image":[{"width":550,"height":550,"url":"https:\/\/fastcar.shop\/wp-content\/uploads\/2025\/03\/ONYX_400-550x550.png.webp","type":"image\/webp"}],"twitter_card":"summary_large_image","twitter_misc":{"Est. reading time":"1 minut\u0117"},"schema":{"@context":"https:\/\/schema.org","@graph":[{"@type":"WebPage","@id":"https:\/\/fastcar.shop\/product\/auto-graph-onyx-tire-dressing-400ml\/","url":"https:\/\/fastcar.shop\/product\/auto-graph-onyx-tire-dressing-400ml\/","name":"AUTO GRAPH ONYX Tire Dressing 400ml - Fast Car Shop","isPartOf":{"@id":"https:\/\/fastcar.shop\/#website"},"primaryImageOfPage":{"@id":"https:\/\/fastcar.shop\/product\/auto-graph-onyx-tire-dressing-400ml\/#primaryimage"},"image":{"@id":"https:\/\/fastcar.shop\/product\/auto-graph-onyx-tire-dressing-400ml\/#primaryimage"},"thumbnailUrl":"https:\/\/fastcar.shop\/wp-content\/uploads\/2025\/03\/ONYX_400-550x550.png.webp","datePublished":"2025-03-13T17:56:16+00:00","dateModified":"2025-03-19T11:38:16+00:00","breadcrumb":{"@id":"https:\/\/fastcar.shop\/product\/auto-graph-onyx-tire-dressing-400ml\/#breadcrumb"},"inLanguage":"lt-LT","potentialAction":[{"@type":"ReadAction","target":["https:\/\/fastcar.shop\/product\/auto-graph-onyx-tire-dressing-400ml\/"]}]},{"@type":"ImageObject","inLanguage":"lt-LT","@id":"https:\/\/fastcar.shop\/product\/auto-graph-onyx-tire-dressing-400ml\/#primaryimage","url":"https:\/\/fastcar.shop\/wp-content\/uploads\/2025\/03\/ONYX_400-550x550.png.webp","contentUrl":"https:\/\/fastcar.shop\/wp-content\/uploads\/2025\/03\/ONYX_400-550x550.png.webp","width":550,"height":550},{"@type":"BreadcrumbList","@id":"https:\/\/fastcar.shop\/product\/auto-graph-onyx-tire-dressing-400ml\/#breadcrumb","itemListElement":[{"@type":"ListItem","position":1,"name":"Home","item":"https:\/\/fastcar.shop\/"},{"@type":"ListItem","position":2,"name":"Shop","item":"https:\/\/fastcar.shop\/shop\/"},{"@type":"ListItem","position":3,"name":"AUTO GRAPH ONYX Tire Dressing 400ml"}]},{"@type":"WebSite","@id":"https:\/\/fastcar.shop\/#website","url":"https:\/\/fastcar.shop\/","name":"Greit\u0173 automobili\u0173 parduotuv\u0117","description":"","publisher":{"@id":"https:\/\/fastcar.shop\/#organization"},"potentialAction":[{"@type":"SearchAction","target":{"@type":"EntryPoint","urlTemplate":"https:\/\/fastcar.shop\/?s={search_term_string}"},"query-input":{"@type":"PropertyValueSpecification","valueRequired":true,"valueName":"search_term_string"}}],"inLanguage":"lt-LT"},{"@type":"Organization","@id":"https:\/\/fastcar.shop\/#organization","name":"Fastcar.shop","url":"https:\/\/fastcar.shop\/","logo":{"@type":"ImageObject","inLanguage":"lt-LT","@id":"https:\/\/fastcar.shop\/#\/schema\/logo\/image\/","url":"https:\/\/fastcar.shop\/wp-content\/uploads\/2017\/08\/FCS_JPEG-01-scaled.jpg","contentUrl":"https:\/\/fastcar.shop\/wp-content\/uploads\/2017\/08\/FCS_JPEG-01-scaled.jpg","width":2560,"height":1379,"caption":"Fastcar.shop"},"image":{"@id":"https:\/\/fastcar.shop\/#\/schema\/logo\/image\/"},"sameAs":["https:\/\/www.facebook.com\/FastcarLt?locale=lt_LT","https:\/\/www.instagram.com\/fastcar.shop\/"]}]}},"jetpack_sharing_enabled":true,"_links":{"self":[{"href":"https:\/\/fastcar.shop\/lt\/wp-json\/wp\/v2\/product\/4767","targetHints":{"allow":["GET"]}}],"collection":[{"href":"https:\/\/fastcar.shop\/lt\/wp-json\/wp\/v2\/product"}],"about":[{"href":"https:\/\/fastcar.shop\/lt\/wp-json\/wp\/v2\/types\/product"}],"wp:featuredmedia":[{"embeddable":true,"href":"https:\/\/fastcar.shop\/lt\/wp-json\/wp\/v2\/media\/4769"}],"wp:attachment":[{"href":"https:\/\/fastcar.shop\/lt\/wp-json\/wp\/v2\/media?parent=4767"}],"wp:term":[{"taxonomy":"product_brand","embeddable":true,"href":"https:\/\/fastcar.shop\/lt\/wp-json\/wp\/v2\/product_brand?post=4767"},{"taxonomy":"product_cat","embeddable":true,"href":"https:\/\/fastcar.shop\/lt\/wp-json\/wp\/v2\/product_cat?post=4767"},{"taxonomy":"product_tag","embeddable":true,"href":"https:\/\/fastcar.shop\/lt\/wp-json\/wp\/v2\/product_tag?post=4767"}],"curies":[{"name":"wp","href":"https:\/\/api.w.org\/{rel}","templated":true}]}}