{"id":4765,"date":"2025-03-13T19:49:11","date_gmt":"2025-03-13T17:49:11","guid":{"rendered":"https:\/\/fastcar.shop\/?post_type=product&#038;p=4765"},"modified":"2025-08-01T16:09:29","modified_gmt":"2025-08-01T13:09:29","slug":"auto-graph-heliodor-interior-detailer-400ml","status":"publish","type":"product","link":"https:\/\/fastcar.shop\/lt\/product\/auto-graph-heliodor-interior-detailer-400ml\/","title":{"rendered":"AUTO GRAPH HELIODOR Vidaus valiklis 400ml"},"content":{"rendered":"<p style=\"text-align: left;\"><strong>Auto Graph Heliodor Interior Detailer<\/strong> - ar ie\u0161kote gaminio, kuris valyt\u0173 ir pri\u017ei\u016br\u0117t\u0173 visus automobilio viduje esan\u010dius pavir\u0161ius - plastik\u0105, tekstil\u0119, veli\u016br\u0105, medien\u0105 ar od\u0105? Tai - m\u016bs\u0173 \u201eHeliodor\u201c interjero detali\u0173 valiklis! Pa\u0161alina ne\u0161varumus, suteikdamas pavir\u0161iui nat\u016brali\u0105 i\u0161vaizd\u0105. Sukuria antistatin\u012f sluoksn\u012f, kuris l\u0117tina dulki\u0173 kaupim\u0105si. Lengva naudoti ir veiksminga - u\u017etepkite ant mikropluo\u0161to, pa\u0161alinkite ne\u0161varumus ir paskleiskite, kad i\u0161d\u017ei\u016bt\u0173. Nereikia \u0161lapio \u0161luostymo.<\/p>\n<p style=\"text-align: left;\"><strong>Savyb\u0117s:<\/strong><\/p>\n<ul style=\"text-align: left;\">\n<li>Pasi\u017eymi labai geromis valymo savyb\u0117mis.<\/li>\n<li>Tinka \u012fvairiems pavir\u0161iams.<\/li>\n<li>Jis yra antistatinis.<\/li>\n<li>Labai veiksmingas.<\/li>\n<li>Lengva naudoti.<\/li>\n<li>Paruo\u0161ta naudoti.<\/li>\n<\/ul>\n<p style=\"text-align: left;\"><strong>Naudojimo instrukcijos:<\/strong><\/p>\n<ol style=\"text-align: left;\">\n<li>U\u017epurk\u0161kite ant mikropluo\u0161to \u0161luost\u0117s arba nuvalyto pavir\u0161iaus.<\/li>\n<li>Pa\u0161alinkite ne\u0161varumus.<\/li>\n<li>Tepkite, kol i\u0161d\u017eius.<\/li>\n<li>Priklausomai nuo pavir\u0161iaus, galite naudoti teptuk\u0105, kempin\u0119, \u0161epet\u012f.<\/li>\n<li>Siekiant geresni\u0173 rezultat\u0173, naudokite put\u0173 pistolet\u0105.<\/li>\n<\/ol>\n<p style=\"text-align: left;\"><strong>Patarimai:<\/strong><\/p>\n<ul style=\"text-align: left;\">\n<li>Darbus atlikite kiek \u012fmanoma optimaliomis s\u0105lygomis - venkite auk\u0161tos temperat\u016bros, dr\u0117gm\u0117s, saul\u0117s; dirbkite patalpose.<\/li>\n<li>Nepalikite produkto i\u0161d\u017ei\u016bti.<\/li>\n<li>Optimali laikymo temperat\u016bra 5-25 laipsniai.<\/li>\n<\/ul>\n<p style=\"text-align: left;\"><strong>Talpa:<\/strong> 400 ml<\/p>","protected":false},"excerpt":{"rendered":"<p style=\"text-align: left;\"><strong>Auto Graph Heliodor Interior Detailer<\/strong> - ar ie\u0161kote gaminio, kuris valyt\u0173 ir pri\u017ei\u016br\u0117t\u0173 visus automobilio viduje esan\u010dius pavir\u0161ius - plastik\u0105, tekstil\u0119, veli\u016br\u0105, medien\u0105 ar od\u0105? Tai - m\u016bs\u0173 \u201eHeliodor\u201c interjero detali\u0173 valiklis! Pa\u0161alina ne\u0161varumus, suteikdamas pavir\u0161iui nat\u016brali\u0105 i\u0161vaizd\u0105. Sukuria antistatin\u012f sluoksn\u012f, kuris l\u0117tina dulki\u0173 kaupim\u0105si. Lengva naudoti ir veiksminga - u\u017etepkite ant mikropluo\u0161to, pa\u0161alinkite ne\u0161varumus ir paskleiskite, kad i\u0161d\u017ei\u016bt\u0173. Nereikia \u0161lapio \u0161luostymo.<\/p>\n<p><strong>Talpa:<\/strong> 400 ml<\/p>","protected":false},"featured_media":4766,"template":"","meta":[],"product_brand":[],"product_cat":[892],"product_tag":[],"class_list":{"0":"post-4765","1":"product","2":"type-product","3":"status-publish","4":"has-post-thumbnail","6":"product_cat-vehicle-care","7":"product_provider-auto-graph-detailing","9":"first","10":"instock","11":"taxable","12":"shipping-taxable","13":"purchasable","14":"product-type-simple"},"aioseo_notices":[],"yoast_head":"<!-- This site is optimized with the Yoast SEO plugin v27.4 - https:\/\/yoast.com\/product\/yoast-seo-wordpress\/ -->\n<title>AUTO GRAPH HELIODOR Interior Detailer 400ml - Fast Car Shop<\/title>\n<meta name=\"robots\" content=\"index, follow, max-snippet:-1, max-image-preview:large, max-video-preview:-1\" \/>\n<link rel=\"canonical\" href=\"https:\/\/fastcar.shop\/lt\/produktas\/auto-graph-heliodor-interior-detailer-400ml\/\" \/>\n<meta property=\"og:locale\" content=\"lt_LT\" \/>\n<meta property=\"og:type\" content=\"article\" \/>\n<meta property=\"og:title\" content=\"AUTO GRAPH HELIODOR Interior Detailer 400ml - Fast Car Shop\" \/>\n<meta property=\"og:description\" content=\"Auto Graph Heliodor Interior Detailer - are you looking for a product that cleans and cares for all surfaces inside the car - plastics, textiles, velour, wood or leather? This is our Heliodor Interior Detailer! Removes dirt, giving the surface a natural look. Creates an antistatic layer that slows down dust build-up. Easy to use and efficient - apply to a microfiber, remove dirt and spread to dry. No wet lapping required. Capacity: 400 ml\" \/>\n<meta property=\"og:url\" content=\"https:\/\/fastcar.shop\/lt\/produktas\/auto-graph-heliodor-interior-detailer-400ml\/\" \/>\n<meta property=\"og:site_name\" content=\"Fast Car Shop\" \/>\n<meta property=\"article:publisher\" content=\"https:\/\/www.facebook.com\/FastcarLt?locale=lt_LT\" \/>\n<meta property=\"article:modified_time\" content=\"2025-08-01T13:09:29+00:00\" \/>\n<meta property=\"og:image\" content=\"https:\/\/fastcar.shop\/wp-content\/uploads\/2025\/03\/HELIODOR_400-550x550.png.webp\" \/>\n\t<meta property=\"og:image:width\" content=\"550\" \/>\n\t<meta property=\"og:image:height\" content=\"550\" \/>\n\t<meta property=\"og:image:type\" content=\"image\/webp\" \/>\n<meta name=\"twitter:card\" content=\"summary_large_image\" \/>\n<meta name=\"twitter:label1\" content=\"Est. reading time\" \/>\n\t<meta name=\"twitter:data1\" content=\"1 minut\u0117\" \/>\n<!-- \/ Yoast SEO plugin. -->","yoast_head_json":{"title":"AUTO GRAPH HELIODOR Interior Detailer 400ml - Fast Car Shop","robots":{"index":"index","follow":"follow","max-snippet":"max-snippet:-1","max-image-preview":"max-image-preview:large","max-video-preview":"max-video-preview:-1"},"canonical":"https:\/\/fastcar.shop\/lt\/produktas\/auto-graph-heliodor-interior-detailer-400ml\/","og_locale":"lt_LT","og_type":"article","og_title":"AUTO GRAPH HELIODOR Interior Detailer 400ml - Fast Car Shop","og_description":"Auto Graph Heliodor Interior Detailer - are you looking for a product that cleans and cares for all surfaces inside the car - plastics, textiles, velour, wood or leather? This is our Heliodor Interior Detailer! Removes dirt, giving the surface a natural look. Creates an antistatic layer that slows down dust build-up. Easy to use and efficient - apply to a microfiber, remove dirt and spread to dry. No wet lapping required. Capacity: 400 ml","og_url":"https:\/\/fastcar.shop\/lt\/produktas\/auto-graph-heliodor-interior-detailer-400ml\/","og_site_name":"Fast Car Shop","article_publisher":"https:\/\/www.facebook.com\/FastcarLt?locale=lt_LT","article_modified_time":"2025-08-01T13:09:29+00:00","og_image":[{"width":550,"height":550,"url":"https:\/\/fastcar.shop\/wp-content\/uploads\/2025\/03\/HELIODOR_400-550x550.png.webp","type":"image\/webp"}],"twitter_card":"summary_large_image","twitter_misc":{"Est. reading time":"1 minut\u0117"},"schema":{"@context":"https:\/\/schema.org","@graph":[{"@type":"WebPage","@id":"https:\/\/fastcar.shop\/product\/auto-graph-heliodor-interior-detailer-400ml\/","url":"https:\/\/fastcar.shop\/product\/auto-graph-heliodor-interior-detailer-400ml\/","name":"AUTO GRAPH HELIODOR Interior Detailer 400ml - Fast Car Shop","isPartOf":{"@id":"https:\/\/fastcar.shop\/#website"},"primaryImageOfPage":{"@id":"https:\/\/fastcar.shop\/product\/auto-graph-heliodor-interior-detailer-400ml\/#primaryimage"},"image":{"@id":"https:\/\/fastcar.shop\/product\/auto-graph-heliodor-interior-detailer-400ml\/#primaryimage"},"thumbnailUrl":"https:\/\/fastcar.shop\/wp-content\/uploads\/2025\/03\/HELIODOR_400-550x550.png.webp","datePublished":"2025-03-13T17:49:11+00:00","dateModified":"2025-08-01T13:09:29+00:00","breadcrumb":{"@id":"https:\/\/fastcar.shop\/product\/auto-graph-heliodor-interior-detailer-400ml\/#breadcrumb"},"inLanguage":"lt-LT","potentialAction":[{"@type":"ReadAction","target":["https:\/\/fastcar.shop\/product\/auto-graph-heliodor-interior-detailer-400ml\/"]}]},{"@type":"ImageObject","inLanguage":"lt-LT","@id":"https:\/\/fastcar.shop\/product\/auto-graph-heliodor-interior-detailer-400ml\/#primaryimage","url":"https:\/\/fastcar.shop\/wp-content\/uploads\/2025\/03\/HELIODOR_400-550x550.png.webp","contentUrl":"https:\/\/fastcar.shop\/wp-content\/uploads\/2025\/03\/HELIODOR_400-550x550.png.webp","width":550,"height":550},{"@type":"BreadcrumbList","@id":"https:\/\/fastcar.shop\/product\/auto-graph-heliodor-interior-detailer-400ml\/#breadcrumb","itemListElement":[{"@type":"ListItem","position":1,"name":"Home","item":"https:\/\/fastcar.shop\/"},{"@type":"ListItem","position":2,"name":"Shop","item":"https:\/\/fastcar.shop\/shop\/"},{"@type":"ListItem","position":3,"name":"AUTO GRAPH HELIODOR Interior Detailer 400ml"}]},{"@type":"WebSite","@id":"https:\/\/fastcar.shop\/#website","url":"https:\/\/fastcar.shop\/","name":"Greit\u0173 automobili\u0173 parduotuv\u0117","description":"","publisher":{"@id":"https:\/\/fastcar.shop\/#organization"},"potentialAction":[{"@type":"SearchAction","target":{"@type":"EntryPoint","urlTemplate":"https:\/\/fastcar.shop\/?s={search_term_string}"},"query-input":{"@type":"PropertyValueSpecification","valueRequired":true,"valueName":"search_term_string"}}],"inLanguage":"lt-LT"},{"@type":"Organization","@id":"https:\/\/fastcar.shop\/#organization","name":"Fastcar.shop","url":"https:\/\/fastcar.shop\/","logo":{"@type":"ImageObject","inLanguage":"lt-LT","@id":"https:\/\/fastcar.shop\/#\/schema\/logo\/image\/","url":"https:\/\/fastcar.shop\/wp-content\/uploads\/2017\/08\/FCS_JPEG-01-scaled.jpg","contentUrl":"https:\/\/fastcar.shop\/wp-content\/uploads\/2017\/08\/FCS_JPEG-01-scaled.jpg","width":2560,"height":1379,"caption":"Fastcar.shop"},"image":{"@id":"https:\/\/fastcar.shop\/#\/schema\/logo\/image\/"},"sameAs":["https:\/\/www.facebook.com\/FastcarLt?locale=lt_LT","https:\/\/www.instagram.com\/fastcar.shop\/"]}]}},"jetpack_sharing_enabled":true,"_links":{"self":[{"href":"https:\/\/fastcar.shop\/lt\/wp-json\/wp\/v2\/product\/4765","targetHints":{"allow":["GET"]}}],"collection":[{"href":"https:\/\/fastcar.shop\/lt\/wp-json\/wp\/v2\/product"}],"about":[{"href":"https:\/\/fastcar.shop\/lt\/wp-json\/wp\/v2\/types\/product"}],"wp:featuredmedia":[{"embeddable":true,"href":"https:\/\/fastcar.shop\/lt\/wp-json\/wp\/v2\/media\/4766"}],"wp:attachment":[{"href":"https:\/\/fastcar.shop\/lt\/wp-json\/wp\/v2\/media?parent=4765"}],"wp:term":[{"taxonomy":"product_brand","embeddable":true,"href":"https:\/\/fastcar.shop\/lt\/wp-json\/wp\/v2\/product_brand?post=4765"},{"taxonomy":"product_cat","embeddable":true,"href":"https:\/\/fastcar.shop\/lt\/wp-json\/wp\/v2\/product_cat?post=4765"},{"taxonomy":"product_tag","embeddable":true,"href":"https:\/\/fastcar.shop\/lt\/wp-json\/wp\/v2\/product_tag?post=4765"}],"curies":[{"name":"wp","href":"https:\/\/api.w.org\/{rel}","templated":true}]}}