{"id":4763,"date":"2025-03-13T19:43:16","date_gmt":"2025-03-13T17:43:16","guid":{"rendered":"https:\/\/fastcar.shop\/?post_type=product&#038;p=4763"},"modified":"2025-03-19T13:38:40","modified_gmt":"2025-03-19T11:38:40","slug":"auto-graph-sapphire-ceramic-spray-coat-400ml","status":"publish","type":"product","link":"https:\/\/fastcar.shop\/lt\/product\/auto-graph-sapphire-ceramic-spray-coat-400ml\/","title":{"rendered":"AUTO GRAPH SAPPHIRE Pur\u0161kiama keramika 400ml"},"content":{"rendered":"<p style=\"text-align: left;\"><strong>Auto Graph Sapphire<\/strong> - nor\u0117tum\u0117te gerai apsaugoti savo da\u017eus nuo purvo ir aplinkos poveikio, ta\u010diau tai atrodo sud\u0117tinga? Tik ne su \u201eSapphire Ceramic\u201c pur\u0161kiama danga! Jos sud\u0117tyje yra SiO2 - pagrindin\u0117 kvarco dang\u0173 sudedamoji dalis, d\u0117l kurios pavir\u0161ius tampa hidrofobi\u0161kas. Poveikis - greitesnis d\u017ei\u016bvimas, l\u0117tesnis purvo nus\u0117dimas ir padid\u0117ja stikli\u0161kumas - blizgesys ir \u0161lapia i\u0161vaizda. Maskuoja ir i\u0161lygina da\u017e\u0173 netobulumus. Lengva naudoti - suplakite, u\u017etepkite ant sauso arba \u0161lapio lako, poliruokite mikropluo\u0161tu.<\/p>\n<p style=\"text-align: left;\"><strong>Savyb\u0117s:<\/strong><\/p>\n<ul style=\"text-align: left;\">\n<li>Ypatingas hidrofobinis poveikis.<\/li>\n<li>Dr\u0117gna i\u0161vaizda ir ypatingas blizgesys.<\/li>\n<li>Maskuoja da\u017e\u0173 tr\u016bkumus.<\/li>\n<li>L\u0117tina purvo nus\u0117dim\u0105.<\/li>\n<li>Labai patvarus ir lengvai pritaikomas.<\/li>\n<li>Skirta naudoti sausam ir dr\u0117gnam lakui.<\/li>\n<\/ul>\n<p style=\"text-align: left;\"><strong>Naudojimo instrukcijos:<\/strong><\/p>\n<ol style=\"text-align: left;\">\n<li>Nuplaukite automobil\u012f.<\/li>\n<li>Nusausinkite rank\u0161luos\u010diu.<\/li>\n<li>Tepkite \u201eSapphire\u201c ant mikropluo\u0161to arba tiesiai ant da\u017e\u0173.<\/li>\n<li>Poliruokite su mikropluo\u0161to \u0161luoste.<\/li>\n<li>Galima naudoti ant \u0161lapi\u0173 da\u017e\u0173.<\/li>\n<\/ol>\n<p style=\"text-align: left;\"><strong>Patarimai:<\/strong><\/p>\n<ul style=\"text-align: left;\">\n<li>Darbus atlikite kiek \u012fmanoma optimaliomis s\u0105lygomis - venkite auk\u0161tos temperat\u016bros, dr\u0117gm\u0117s, saul\u0117s; dirbkite patalpose.<\/li>\n<li>Nepalikite produkto i\u0161d\u017ei\u016bti.<\/li>\n<li>Naudokite pir\u0161tines ir apsauginius drabu\u017eius.<\/li>\n<li>Optimali laikymo temperat\u016bra 5-25 laipsniai.<\/li>\n<\/ul>\n<p style=\"text-align: left;\"><strong>Talpa:<\/strong> 400 ml<\/p>","protected":false},"excerpt":{"rendered":"<p style=\"text-align: left;\"><strong>Auto Graph Sapphire<\/strong> - nor\u0117tum\u0117te gerai apsaugoti savo da\u017eus nuo purvo ir aplinkos poveikio, ta\u010diau tai atrodo sud\u0117tinga? Tik ne su \u201eSapphire Ceramic\u201c pur\u0161kiama danga! Jos sud\u0117tyje yra SiO2 - pagrindin\u0117 kvarco dang\u0173 sudedamoji dalis, d\u0117l kurios pavir\u0161ius tampa hidrofobi\u0161kas. Poveikis - greitesnis d\u017ei\u016bvimas, l\u0117tesnis purvo nus\u0117dimas ir padid\u0117ja stikli\u0161kumas - blizgesys ir \u0161lapia i\u0161vaizda. Maskuoja ir i\u0161lygina da\u017e\u0173 netobulumus. Lengva naudoti - suplakite, u\u017etepkite ant sauso arba \u0161lapio lako, poliruokite mikropluo\u0161tu.<\/p>\n<p><strong>Talpa:<\/strong> 400 ml<\/p>","protected":false},"featured_media":4764,"template":"","meta":[],"product_brand":[],"product_cat":[892],"product_tag":[],"class_list":{"0":"post-4763","1":"product","2":"type-product","3":"status-publish","4":"has-post-thumbnail","6":"product_cat-vehicle-care","7":"product_provider-auto-graph-detailing","9":"first","10":"instock","11":"taxable","12":"shipping-taxable","13":"purchasable","14":"product-type-simple"},"aioseo_notices":[],"yoast_head":"<!-- This site is optimized with the Yoast SEO plugin v27.3 - https:\/\/yoast.com\/product\/yoast-seo-wordpress\/ -->\n<title>AUTO GRAPH SAPPHIRE Ceramic Spray Coat 400ml - Fast Car Shop<\/title>\n<meta name=\"robots\" content=\"index, follow, max-snippet:-1, max-image-preview:large, max-video-preview:-1\" \/>\n<link rel=\"canonical\" href=\"https:\/\/fastcar.shop\/lt\/produktas\/auto-graph-sapphire-ceramic-spray-coat-400ml\/\" \/>\n<meta property=\"og:locale\" content=\"lt_LT\" \/>\n<meta property=\"og:type\" content=\"article\" \/>\n<meta property=\"og:title\" content=\"AUTO GRAPH SAPPHIRE Ceramic Spray Coat 400ml - Fast Car Shop\" \/>\n<meta property=\"og:description\" content=\"Auto Graph Sapphire - would you like to protect your paint well from dirt and environmental damage, but it seems difficult? Not with Sapphire Ceramic Spray Coat! It contains SiO2 - the main component of quartz coatings, which makes the surface hydrophobic. The effect - faster drying, slower dirt deposition and increases the glassiness - shine and wet look. Masks and levels imperfections in the paint. Easy to use - shake, apply to dry or wet lacquer, polish with microfiber. Capacity: 400 ml\" \/>\n<meta property=\"og:url\" content=\"https:\/\/fastcar.shop\/lt\/produktas\/auto-graph-sapphire-ceramic-spray-coat-400ml\/\" \/>\n<meta property=\"og:site_name\" content=\"Fast Car Shop\" \/>\n<meta property=\"article:publisher\" content=\"https:\/\/www.facebook.com\/FastcarLt?locale=lt_LT\" \/>\n<meta property=\"article:modified_time\" content=\"2025-03-19T11:38:40+00:00\" \/>\n<meta property=\"og:image\" content=\"https:\/\/fastcar.shop\/wp-content\/uploads\/2025\/03\/SAPPHIRE_400-550x550.png.webp\" \/>\n\t<meta property=\"og:image:width\" content=\"550\" \/>\n\t<meta property=\"og:image:height\" content=\"550\" \/>\n\t<meta property=\"og:image:type\" content=\"image\/webp\" \/>\n<meta name=\"twitter:card\" content=\"summary_large_image\" \/>\n<meta name=\"twitter:label1\" content=\"Est. reading time\" \/>\n\t<meta name=\"twitter:data1\" content=\"1 minut\u0117\" \/>\n<!-- \/ Yoast SEO plugin. -->","yoast_head_json":{"title":"AUTO GRAPH SAPPHIRE Ceramic Spray Coat 400ml - Fast Car Shop","robots":{"index":"index","follow":"follow","max-snippet":"max-snippet:-1","max-image-preview":"max-image-preview:large","max-video-preview":"max-video-preview:-1"},"canonical":"https:\/\/fastcar.shop\/lt\/produktas\/auto-graph-sapphire-ceramic-spray-coat-400ml\/","og_locale":"lt_LT","og_type":"article","og_title":"AUTO GRAPH SAPPHIRE Ceramic Spray Coat 400ml - Fast Car Shop","og_description":"Auto Graph Sapphire - would you like to protect your paint well from dirt and environmental damage, but it seems difficult? Not with Sapphire Ceramic Spray Coat! It contains SiO2 - the main component of quartz coatings, which makes the surface hydrophobic. The effect - faster drying, slower dirt deposition and increases the glassiness - shine and wet look. Masks and levels imperfections in the paint. Easy to use - shake, apply to dry or wet lacquer, polish with microfiber. Capacity: 400 ml","og_url":"https:\/\/fastcar.shop\/lt\/produktas\/auto-graph-sapphire-ceramic-spray-coat-400ml\/","og_site_name":"Fast Car Shop","article_publisher":"https:\/\/www.facebook.com\/FastcarLt?locale=lt_LT","article_modified_time":"2025-03-19T11:38:40+00:00","og_image":[{"width":550,"height":550,"url":"https:\/\/fastcar.shop\/wp-content\/uploads\/2025\/03\/SAPPHIRE_400-550x550.png.webp","type":"image\/webp"}],"twitter_card":"summary_large_image","twitter_misc":{"Est. reading time":"1 minut\u0117"},"schema":{"@context":"https:\/\/schema.org","@graph":[{"@type":"WebPage","@id":"https:\/\/fastcar.shop\/product\/auto-graph-sapphire-ceramic-spray-coat-400ml\/","url":"https:\/\/fastcar.shop\/product\/auto-graph-sapphire-ceramic-spray-coat-400ml\/","name":"AUTO GRAPH SAPPHIRE Ceramic Spray Coat 400ml - Fast Car Shop","isPartOf":{"@id":"https:\/\/fastcar.shop\/#website"},"primaryImageOfPage":{"@id":"https:\/\/fastcar.shop\/product\/auto-graph-sapphire-ceramic-spray-coat-400ml\/#primaryimage"},"image":{"@id":"https:\/\/fastcar.shop\/product\/auto-graph-sapphire-ceramic-spray-coat-400ml\/#primaryimage"},"thumbnailUrl":"https:\/\/fastcar.shop\/wp-content\/uploads\/2025\/03\/SAPPHIRE_400-550x550.png.webp","datePublished":"2025-03-13T17:43:16+00:00","dateModified":"2025-03-19T11:38:40+00:00","breadcrumb":{"@id":"https:\/\/fastcar.shop\/product\/auto-graph-sapphire-ceramic-spray-coat-400ml\/#breadcrumb"},"inLanguage":"lt-LT","potentialAction":[{"@type":"ReadAction","target":["https:\/\/fastcar.shop\/product\/auto-graph-sapphire-ceramic-spray-coat-400ml\/"]}]},{"@type":"ImageObject","inLanguage":"lt-LT","@id":"https:\/\/fastcar.shop\/product\/auto-graph-sapphire-ceramic-spray-coat-400ml\/#primaryimage","url":"https:\/\/fastcar.shop\/wp-content\/uploads\/2025\/03\/SAPPHIRE_400-550x550.png.webp","contentUrl":"https:\/\/fastcar.shop\/wp-content\/uploads\/2025\/03\/SAPPHIRE_400-550x550.png.webp","width":550,"height":550},{"@type":"BreadcrumbList","@id":"https:\/\/fastcar.shop\/product\/auto-graph-sapphire-ceramic-spray-coat-400ml\/#breadcrumb","itemListElement":[{"@type":"ListItem","position":1,"name":"Home","item":"https:\/\/fastcar.shop\/"},{"@type":"ListItem","position":2,"name":"Shop","item":"https:\/\/fastcar.shop\/shop\/"},{"@type":"ListItem","position":3,"name":"AUTO GRAPH SAPPHIRE Ceramic Spray Coat 400ml"}]},{"@type":"WebSite","@id":"https:\/\/fastcar.shop\/#website","url":"https:\/\/fastcar.shop\/","name":"Greit\u0173 automobili\u0173 parduotuv\u0117","description":"","publisher":{"@id":"https:\/\/fastcar.shop\/#organization"},"potentialAction":[{"@type":"SearchAction","target":{"@type":"EntryPoint","urlTemplate":"https:\/\/fastcar.shop\/?s={search_term_string}"},"query-input":{"@type":"PropertyValueSpecification","valueRequired":true,"valueName":"search_term_string"}}],"inLanguage":"lt-LT"},{"@type":"Organization","@id":"https:\/\/fastcar.shop\/#organization","name":"Fastcar.shop","url":"https:\/\/fastcar.shop\/","logo":{"@type":"ImageObject","inLanguage":"lt-LT","@id":"https:\/\/fastcar.shop\/#\/schema\/logo\/image\/","url":"https:\/\/fastcar.shop\/wp-content\/uploads\/2017\/08\/FCS_JPEG-01-scaled.jpg","contentUrl":"https:\/\/fastcar.shop\/wp-content\/uploads\/2017\/08\/FCS_JPEG-01-scaled.jpg","width":2560,"height":1379,"caption":"Fastcar.shop"},"image":{"@id":"https:\/\/fastcar.shop\/#\/schema\/logo\/image\/"},"sameAs":["https:\/\/www.facebook.com\/FastcarLt?locale=lt_LT","https:\/\/www.instagram.com\/fastcar.shop\/"]}]}},"jetpack_sharing_enabled":true,"_links":{"self":[{"href":"https:\/\/fastcar.shop\/lt\/wp-json\/wp\/v2\/product\/4763","targetHints":{"allow":["GET"]}}],"collection":[{"href":"https:\/\/fastcar.shop\/lt\/wp-json\/wp\/v2\/product"}],"about":[{"href":"https:\/\/fastcar.shop\/lt\/wp-json\/wp\/v2\/types\/product"}],"wp:featuredmedia":[{"embeddable":true,"href":"https:\/\/fastcar.shop\/lt\/wp-json\/wp\/v2\/media\/4764"}],"wp:attachment":[{"href":"https:\/\/fastcar.shop\/lt\/wp-json\/wp\/v2\/media?parent=4763"}],"wp:term":[{"taxonomy":"product_brand","embeddable":true,"href":"https:\/\/fastcar.shop\/lt\/wp-json\/wp\/v2\/product_brand?post=4763"},{"taxonomy":"product_cat","embeddable":true,"href":"https:\/\/fastcar.shop\/lt\/wp-json\/wp\/v2\/product_cat?post=4763"},{"taxonomy":"product_tag","embeddable":true,"href":"https:\/\/fastcar.shop\/lt\/wp-json\/wp\/v2\/product_tag?post=4763"}],"curies":[{"name":"wp","href":"https:\/\/api.w.org\/{rel}","templated":true}]}}