{"id":4761,"date":"2025-03-13T19:37:24","date_gmt":"2025-03-13T17:37:24","guid":{"rendered":"https:\/\/fastcar.shop\/?post_type=product&#038;p=4761"},"modified":"2025-03-19T13:38:55","modified_gmt":"2025-03-19T11:38:55","slug":"auto-graph-topaz-bug-remover-400ml","status":"publish","type":"product","link":"https:\/\/fastcar.shop\/lt\/product\/auto-graph-topaz-bug-remover-400ml\/","title":{"rendered":"AUTO GRAPH TOPAZ Vabzd\u017ei\u0173 valiklis 400ml"},"content":{"rendered":"<p style=\"text-align: left;\"><strong>Auto Graph Topaz Bug Remover<\/strong> - ie\u0161kote veiksmingo vabzd\u017ei\u0173 naikiklio? I\u0161bandykite \u201eTopaz\u201c vabzd\u017ei\u0173 \u0161alinimo priemon\u0119, saugi\u0105 da\u017eams, stiklui, plastikin\u0117ms ir chromuotoms detal\u0117ms. Ant automobilio u\u017ekrit\u0119 vabzd\u017eiai gali pa\u017eeisti da\u017e\u0173 strukt\u016br\u0105, tod\u0117l labai svarbu juos reguliariai nuplauti.<\/p>\n<p style=\"text-align: left;\"><strong>Naudojimo instrukcijos:<\/strong><\/p>\n<p style=\"text-align: left;\">U\u017etepkite produkto ant ne\u0161vari\u0173, ne\u0161ildom\u0173 k\u0117bulo element\u0173, palaukite apie 60 sekund\u017ei\u0173 ir nuplaukite susl\u0117gtu vandeniu. Jei reikia, pakartokite veiksmus. Nenaudokite produkto tiesiogiai saul\u0117je ir neleiskite jam i\u0161d\u017ei\u016bti.<\/p>\n<p style=\"text-align: left;\"><strong>Talpa: <\/strong>400 ml<\/p>","protected":false},"excerpt":{"rendered":"<p style=\"text-align: left;\"><strong>Auto Graph Topaz Bug Remover<\/strong> - ie\u0161kote veiksmingo vabzd\u017ei\u0173 naikiklio? I\u0161bandykite \u201eTopaz\u201c vabzd\u017ei\u0173 \u0161alinimo priemon\u0119, saugi\u0105 da\u017eams, stiklui, plastikin\u0117ms ir chromuotoms detal\u0117ms. Ant automobilio u\u017ekrit\u0119 vabzd\u017eiai gali pa\u017eeisti da\u017e\u0173 strukt\u016br\u0105, tod\u0117l labai svarbu juos reguliariai nuplauti.<\/p>\n<p style=\"text-align: left;\"><strong>Talpa: <\/strong>400 ml<\/p>","protected":false},"featured_media":4762,"template":"","meta":[],"product_brand":[],"product_cat":[892],"product_tag":[],"class_list":{"0":"post-4761","1":"product","2":"type-product","3":"status-publish","4":"has-post-thumbnail","6":"product_cat-vehicle-care","7":"product_provider-auto-graph-detailing","9":"first","10":"instock","11":"taxable","12":"shipping-taxable","13":"purchasable","14":"product-type-simple"},"aioseo_notices":[],"yoast_head":"<!-- This site is optimized with the Yoast SEO plugin v27.3 - https:\/\/yoast.com\/product\/yoast-seo-wordpress\/ -->\n<title>AUTO GRAPH TOPAZ Bug Remover 400ml - Fast Car Shop<\/title>\n<meta name=\"robots\" content=\"index, follow, max-snippet:-1, max-image-preview:large, max-video-preview:-1\" \/>\n<link rel=\"canonical\" href=\"https:\/\/fastcar.shop\/lt\/produktas\/auto-graph-topaz-bug-remover-400ml\/\" \/>\n<meta property=\"og:locale\" content=\"lt_LT\" \/>\n<meta property=\"og:type\" content=\"article\" \/>\n<meta property=\"og:title\" content=\"AUTO GRAPH TOPAZ Bug Remover 400ml - Fast Car Shop\" \/>\n<meta property=\"og:description\" content=\"Auto Graph Topaz Bug Remover - looking for an effective insect remover? Try Topaz Bug Remover - a product that is safe for paint, glass and plastic and chrome parts. Insects smashed on the car can lead to damage to the structure of the paint, so it is very important to wash them off on a regular basis. Capacity: 400 ml\" \/>\n<meta property=\"og:url\" content=\"https:\/\/fastcar.shop\/lt\/produktas\/auto-graph-topaz-bug-remover-400ml\/\" \/>\n<meta property=\"og:site_name\" content=\"Fast Car Shop\" \/>\n<meta property=\"article:publisher\" content=\"https:\/\/www.facebook.com\/FastcarLt?locale=lt_LT\" \/>\n<meta property=\"article:modified_time\" content=\"2025-03-19T11:38:55+00:00\" \/>\n<meta property=\"og:image\" content=\"https:\/\/fastcar.shop\/wp-content\/uploads\/2025\/03\/TOPAZ_400-550x550.png.webp\" \/>\n\t<meta property=\"og:image:width\" content=\"550\" \/>\n\t<meta property=\"og:image:height\" content=\"550\" \/>\n\t<meta property=\"og:image:type\" content=\"image\/webp\" \/>\n<meta name=\"twitter:card\" content=\"summary_large_image\" \/>\n<meta name=\"twitter:label1\" content=\"Est. reading time\" \/>\n\t<meta name=\"twitter:data1\" content=\"1 minut\u0117\" \/>\n<!-- \/ Yoast SEO plugin. -->","yoast_head_json":{"title":"AUTO GRAPH TOPAZ Bug Remover 400ml - Fast Car Shop","robots":{"index":"index","follow":"follow","max-snippet":"max-snippet:-1","max-image-preview":"max-image-preview:large","max-video-preview":"max-video-preview:-1"},"canonical":"https:\/\/fastcar.shop\/lt\/produktas\/auto-graph-topaz-bug-remover-400ml\/","og_locale":"lt_LT","og_type":"article","og_title":"AUTO GRAPH TOPAZ Bug Remover 400ml - Fast Car Shop","og_description":"Auto Graph Topaz Bug Remover - looking for an effective insect remover? Try Topaz Bug Remover - a product that is safe for paint, glass and plastic and chrome parts. Insects smashed on the car can lead to damage to the structure of the paint, so it is very important to wash them off on a regular basis. Capacity: 400 ml","og_url":"https:\/\/fastcar.shop\/lt\/produktas\/auto-graph-topaz-bug-remover-400ml\/","og_site_name":"Fast Car Shop","article_publisher":"https:\/\/www.facebook.com\/FastcarLt?locale=lt_LT","article_modified_time":"2025-03-19T11:38:55+00:00","og_image":[{"width":550,"height":550,"url":"https:\/\/fastcar.shop\/wp-content\/uploads\/2025\/03\/TOPAZ_400-550x550.png.webp","type":"image\/webp"}],"twitter_card":"summary_large_image","twitter_misc":{"Est. reading time":"1 minut\u0117"},"schema":{"@context":"https:\/\/schema.org","@graph":[{"@type":"WebPage","@id":"https:\/\/fastcar.shop\/product\/auto-graph-topaz-bug-remover-400ml\/","url":"https:\/\/fastcar.shop\/product\/auto-graph-topaz-bug-remover-400ml\/","name":"AUTO GRAPH TOPAZ Bug Remover 400ml - Fast Car Shop","isPartOf":{"@id":"https:\/\/fastcar.shop\/#website"},"primaryImageOfPage":{"@id":"https:\/\/fastcar.shop\/product\/auto-graph-topaz-bug-remover-400ml\/#primaryimage"},"image":{"@id":"https:\/\/fastcar.shop\/product\/auto-graph-topaz-bug-remover-400ml\/#primaryimage"},"thumbnailUrl":"https:\/\/fastcar.shop\/wp-content\/uploads\/2025\/03\/TOPAZ_400-550x550.png.webp","datePublished":"2025-03-13T17:37:24+00:00","dateModified":"2025-03-19T11:38:55+00:00","breadcrumb":{"@id":"https:\/\/fastcar.shop\/product\/auto-graph-topaz-bug-remover-400ml\/#breadcrumb"},"inLanguage":"lt-LT","potentialAction":[{"@type":"ReadAction","target":["https:\/\/fastcar.shop\/product\/auto-graph-topaz-bug-remover-400ml\/"]}]},{"@type":"ImageObject","inLanguage":"lt-LT","@id":"https:\/\/fastcar.shop\/product\/auto-graph-topaz-bug-remover-400ml\/#primaryimage","url":"https:\/\/fastcar.shop\/wp-content\/uploads\/2025\/03\/TOPAZ_400-550x550.png.webp","contentUrl":"https:\/\/fastcar.shop\/wp-content\/uploads\/2025\/03\/TOPAZ_400-550x550.png.webp","width":550,"height":550},{"@type":"BreadcrumbList","@id":"https:\/\/fastcar.shop\/product\/auto-graph-topaz-bug-remover-400ml\/#breadcrumb","itemListElement":[{"@type":"ListItem","position":1,"name":"Home","item":"https:\/\/fastcar.shop\/"},{"@type":"ListItem","position":2,"name":"Shop","item":"https:\/\/fastcar.shop\/shop\/"},{"@type":"ListItem","position":3,"name":"AUTO GRAPH TOPAZ Bug Remover 400ml"}]},{"@type":"WebSite","@id":"https:\/\/fastcar.shop\/#website","url":"https:\/\/fastcar.shop\/","name":"Greit\u0173 automobili\u0173 parduotuv\u0117","description":"","publisher":{"@id":"https:\/\/fastcar.shop\/#organization"},"potentialAction":[{"@type":"SearchAction","target":{"@type":"EntryPoint","urlTemplate":"https:\/\/fastcar.shop\/?s={search_term_string}"},"query-input":{"@type":"PropertyValueSpecification","valueRequired":true,"valueName":"search_term_string"}}],"inLanguage":"lt-LT"},{"@type":"Organization","@id":"https:\/\/fastcar.shop\/#organization","name":"Fastcar.shop","url":"https:\/\/fastcar.shop\/","logo":{"@type":"ImageObject","inLanguage":"lt-LT","@id":"https:\/\/fastcar.shop\/#\/schema\/logo\/image\/","url":"https:\/\/fastcar.shop\/wp-content\/uploads\/2017\/08\/FCS_JPEG-01-scaled.jpg","contentUrl":"https:\/\/fastcar.shop\/wp-content\/uploads\/2017\/08\/FCS_JPEG-01-scaled.jpg","width":2560,"height":1379,"caption":"Fastcar.shop"},"image":{"@id":"https:\/\/fastcar.shop\/#\/schema\/logo\/image\/"},"sameAs":["https:\/\/www.facebook.com\/FastcarLt?locale=lt_LT","https:\/\/www.instagram.com\/fastcar.shop\/"]}]}},"jetpack_sharing_enabled":true,"_links":{"self":[{"href":"https:\/\/fastcar.shop\/lt\/wp-json\/wp\/v2\/product\/4761","targetHints":{"allow":["GET"]}}],"collection":[{"href":"https:\/\/fastcar.shop\/lt\/wp-json\/wp\/v2\/product"}],"about":[{"href":"https:\/\/fastcar.shop\/lt\/wp-json\/wp\/v2\/types\/product"}],"wp:featuredmedia":[{"embeddable":true,"href":"https:\/\/fastcar.shop\/lt\/wp-json\/wp\/v2\/media\/4762"}],"wp:attachment":[{"href":"https:\/\/fastcar.shop\/lt\/wp-json\/wp\/v2\/media?parent=4761"}],"wp:term":[{"taxonomy":"product_brand","embeddable":true,"href":"https:\/\/fastcar.shop\/lt\/wp-json\/wp\/v2\/product_brand?post=4761"},{"taxonomy":"product_cat","embeddable":true,"href":"https:\/\/fastcar.shop\/lt\/wp-json\/wp\/v2\/product_cat?post=4761"},{"taxonomy":"product_tag","embeddable":true,"href":"https:\/\/fastcar.shop\/lt\/wp-json\/wp\/v2\/product_tag?post=4761"}],"curies":[{"name":"wp","href":"https:\/\/api.w.org\/{rel}","templated":true}]}}