{"id":4759,"date":"2025-03-13T19:36:28","date_gmt":"2025-03-13T17:36:28","guid":{"rendered":"https:\/\/fastcar.shop\/?post_type=product&#038;p=4759"},"modified":"2025-08-25T18:33:49","modified_gmt":"2025-08-25T15:33:49","slug":"auto-graph-aventure-ipa-cleaner-400ml","status":"publish","type":"product","link":"https:\/\/fastcar.shop\/lt\/product\/auto-graph-aventure-ipa-cleaner-400ml\/","title":{"rendered":"AUTO GRAPH AVENTURE IPA Valiklis 400ml"},"content":{"rendered":"<p style=\"text-align: left;\"><strong>Auto Graph Aventurine<\/strong> - ie\u0161kote produkto, kuris puikiai nuriebalina ir pa\u0161alina ne\u0161varumus. \u201eAventurine IPA Cleaner\u201c yra profesionalus nuriebalintojas, kurio sud\u0117tyje yra 99 % izopropilo alkoholio! Nepakei\u010diamas ruo\u0161iant lak\u0105 va\u0161kui ir dangoms dengti. Nepakei\u010diamas atliekant da\u017e\u0173 korekcij\u0105. Pa\u0161alina poliravimo priemoni\u0173 liku\u010dius ir palengvina ap\u017ei\u016br\u0105. \u017diem\u0105 puikiai tinka kaip led\u0105 \u0161alinanti priemon\u0117. Tinka tiek k\u0117bului, tiek ratlankiams ir langams.<\/p>\n<p style=\"text-align: left;\"><strong>Savyb\u0117s:<\/strong><\/p>\n<ul>\n<li style=\"text-align: left;\">Stiprus nuriebalintojas.<\/li>\n<li style=\"text-align: left;\">Pasi\u017eymi labai geromis valymo savyb\u0117mis.<\/li>\n<li style=\"text-align: left;\">Visi\u0161kai koncentruotas - galimyb\u0117 skiesti.<\/li>\n<li style=\"text-align: left;\">Daugiafunkcinis.<\/li>\n<li style=\"text-align: left;\">Lengva naudoti.<\/li>\n<\/ul>\n<p style=\"text-align: left;\">\n<strong>Naudojimo instrukcijos:<\/strong><\/p>\n<ol>\n<li style=\"text-align: left;\">U\u017epurk\u0161kite ant \u0161luost\u0117s.<\/li>\n<li style=\"text-align: left;\">Pasirinkite pavir\u0161i\u0173 kuris bus valomas.<\/li>\n<li style=\"text-align: left;\">Pa\u0161alinkite ne\u0161varumus arba nuriebalinkite da\u017eus.<\/li>\n<\/ol>\n<p style=\"text-align: left;\"><strong>Patarimai:<\/strong><\/p>\n<ul>\n<li style=\"text-align: left;\">Darbus atlikite kiek \u012fmanoma optimaliomis s\u0105lygomis - venkite auk\u0161tos temperat\u016bros, dr\u0117gm\u0117s, saul\u0117s; dirbkite patalpose.<\/li>\n<li style=\"text-align: left;\">Nepalikite produkto i\u0161d\u017ei\u016bti.<\/li>\n<li style=\"text-align: left;\">Naudokite pir\u0161tines ir apsauginius drabu\u017eius.<\/li>\n<li style=\"text-align: left;\">Optimali laikymo temperat\u016bra 5-25 laipsniai.<\/li>\n<\/ul>\n<p style=\"text-align: left;\"><strong>Talpa:<\/strong> 400 ml<\/p>","protected":false},"excerpt":{"rendered":"<p><strong>Auto Graph Aventurine<\/strong> - ie\u0161kote produkto, kuris puikiai nuriebalina ir pa\u0161alina ne\u0161varumus. \u201eAventurine IPA Cleaner\u201c yra profesionalus nuriebalintojas, kurio sud\u0117tyje yra 99 % izopropilo alkoholio! Nepakei\u010diamas ruo\u0161iant lak\u0105 va\u0161kui ir dangoms dengti. Nepakei\u010diamas atliekant da\u017e\u0173 korekcij\u0105. Pa\u0161alina poliravimo priemoni\u0173 liku\u010dius ir palengvina ap\u017ei\u016br\u0105. \u017diem\u0105 puikiai tinka kaip led\u0105 \u0161alinanti priemon\u0117. Tinka tiek k\u0117bului, tiek ratlankiams ir langams.<\/p>","protected":false},"featured_media":4760,"template":"","meta":[],"product_brand":[],"product_cat":[892],"product_tag":[],"class_list":{"0":"post-4759","1":"product","2":"type-product","3":"status-publish","4":"has-post-thumbnail","6":"product_cat-vehicle-care","7":"product_provider-auto-graph-detailing","9":"first","10":"instock","11":"taxable","12":"shipping-taxable","13":"purchasable","14":"product-type-simple"},"aioseo_notices":[],"yoast_head":"<!-- This site is optimized with the Yoast SEO plugin v27.3 - https:\/\/yoast.com\/product\/yoast-seo-wordpress\/ -->\n<title>AUTO GRAPH AVENTURE IPA Cleaner 400ml - Fast Car Shop<\/title>\n<meta name=\"robots\" content=\"index, follow, max-snippet:-1, max-image-preview:large, max-video-preview:-1\" \/>\n<link rel=\"canonical\" href=\"https:\/\/fastcar.shop\/lt\/produktas\/auto-graph-aventure-ipa-cleaner-400ml\/\" \/>\n<meta property=\"og:locale\" content=\"lt_LT\" \/>\n<meta property=\"og:type\" content=\"article\" \/>\n<meta property=\"og:title\" content=\"AUTO GRAPH AVENTURE IPA Cleaner 400ml - Fast Car Shop\" \/>\n<meta property=\"og:description\" content=\"Auto Graph Aventurine - you are looking a product that perfectly degreases and removes dirt. Aventurine IPA Cleaner is a professional degreaser containing 99% isopropyl alcohol! Indispensable when preparing lacquer for the application of waxes and coatings. Indispensable during paint correction. Removes residues of polishes and facilitates inspection. In winter it works great as a de-icer. Suitable for both body, rims and windows.\" \/>\n<meta property=\"og:url\" content=\"https:\/\/fastcar.shop\/lt\/produktas\/auto-graph-aventure-ipa-cleaner-400ml\/\" \/>\n<meta property=\"og:site_name\" content=\"Fast Car Shop\" \/>\n<meta property=\"article:publisher\" content=\"https:\/\/www.facebook.com\/FastcarLt?locale=lt_LT\" \/>\n<meta property=\"article:modified_time\" content=\"2025-08-25T15:33:49+00:00\" \/>\n<meta property=\"og:image\" content=\"https:\/\/fastcar.shop\/wp-content\/uploads\/2025\/03\/AVENTURINE_400-550x550.png.webp\" \/>\n\t<meta property=\"og:image:width\" content=\"550\" \/>\n\t<meta property=\"og:image:height\" content=\"550\" \/>\n\t<meta property=\"og:image:type\" content=\"image\/webp\" \/>\n<meta name=\"twitter:card\" content=\"summary_large_image\" \/>\n<meta name=\"twitter:label1\" content=\"Est. reading time\" \/>\n\t<meta name=\"twitter:data1\" content=\"1 minut\u0117\" \/>\n<!-- \/ Yoast SEO plugin. -->","yoast_head_json":{"title":"AUTO GRAPH AVENTURE IPA Cleaner 400ml - Fast Car Shop","robots":{"index":"index","follow":"follow","max-snippet":"max-snippet:-1","max-image-preview":"max-image-preview:large","max-video-preview":"max-video-preview:-1"},"canonical":"https:\/\/fastcar.shop\/lt\/produktas\/auto-graph-aventure-ipa-cleaner-400ml\/","og_locale":"lt_LT","og_type":"article","og_title":"AUTO GRAPH AVENTURE IPA Cleaner 400ml - Fast Car Shop","og_description":"Auto Graph Aventurine - you are looking a product that perfectly degreases and removes dirt. Aventurine IPA Cleaner is a professional degreaser containing 99% isopropyl alcohol! Indispensable when preparing lacquer for the application of waxes and coatings. Indispensable during paint correction. Removes residues of polishes and facilitates inspection. In winter it works great as a de-icer. Suitable for both body, rims and windows.","og_url":"https:\/\/fastcar.shop\/lt\/produktas\/auto-graph-aventure-ipa-cleaner-400ml\/","og_site_name":"Fast Car Shop","article_publisher":"https:\/\/www.facebook.com\/FastcarLt?locale=lt_LT","article_modified_time":"2025-08-25T15:33:49+00:00","og_image":[{"width":550,"height":550,"url":"https:\/\/fastcar.shop\/wp-content\/uploads\/2025\/03\/AVENTURINE_400-550x550.png.webp","type":"image\/webp"}],"twitter_card":"summary_large_image","twitter_misc":{"Est. reading time":"1 minut\u0117"},"schema":{"@context":"https:\/\/schema.org","@graph":[{"@type":"WebPage","@id":"https:\/\/fastcar.shop\/product\/auto-graph-aventure-ipa-cleaner-400ml\/","url":"https:\/\/fastcar.shop\/product\/auto-graph-aventure-ipa-cleaner-400ml\/","name":"AUTO GRAPH AVENTURE IPA Cleaner 400ml - Fast Car Shop","isPartOf":{"@id":"https:\/\/fastcar.shop\/#website"},"primaryImageOfPage":{"@id":"https:\/\/fastcar.shop\/product\/auto-graph-aventure-ipa-cleaner-400ml\/#primaryimage"},"image":{"@id":"https:\/\/fastcar.shop\/product\/auto-graph-aventure-ipa-cleaner-400ml\/#primaryimage"},"thumbnailUrl":"https:\/\/fastcar.shop\/wp-content\/uploads\/2025\/03\/AVENTURINE_400-550x550.png.webp","datePublished":"2025-03-13T17:36:28+00:00","dateModified":"2025-08-25T15:33:49+00:00","breadcrumb":{"@id":"https:\/\/fastcar.shop\/product\/auto-graph-aventure-ipa-cleaner-400ml\/#breadcrumb"},"inLanguage":"lt-LT","potentialAction":[{"@type":"ReadAction","target":["https:\/\/fastcar.shop\/product\/auto-graph-aventure-ipa-cleaner-400ml\/"]}]},{"@type":"ImageObject","inLanguage":"lt-LT","@id":"https:\/\/fastcar.shop\/product\/auto-graph-aventure-ipa-cleaner-400ml\/#primaryimage","url":"https:\/\/fastcar.shop\/wp-content\/uploads\/2025\/03\/AVENTURINE_400-550x550.png.webp","contentUrl":"https:\/\/fastcar.shop\/wp-content\/uploads\/2025\/03\/AVENTURINE_400-550x550.png.webp","width":550,"height":550},{"@type":"BreadcrumbList","@id":"https:\/\/fastcar.shop\/product\/auto-graph-aventure-ipa-cleaner-400ml\/#breadcrumb","itemListElement":[{"@type":"ListItem","position":1,"name":"Home","item":"https:\/\/fastcar.shop\/"},{"@type":"ListItem","position":2,"name":"Shop","item":"https:\/\/fastcar.shop\/shop\/"},{"@type":"ListItem","position":3,"name":"AUTO GRAPH AVENTURE IPA Cleaner 400ml"}]},{"@type":"WebSite","@id":"https:\/\/fastcar.shop\/#website","url":"https:\/\/fastcar.shop\/","name":"Greit\u0173 automobili\u0173 parduotuv\u0117","description":"","publisher":{"@id":"https:\/\/fastcar.shop\/#organization"},"potentialAction":[{"@type":"SearchAction","target":{"@type":"EntryPoint","urlTemplate":"https:\/\/fastcar.shop\/?s={search_term_string}"},"query-input":{"@type":"PropertyValueSpecification","valueRequired":true,"valueName":"search_term_string"}}],"inLanguage":"lt-LT"},{"@type":"Organization","@id":"https:\/\/fastcar.shop\/#organization","name":"Fastcar.shop","url":"https:\/\/fastcar.shop\/","logo":{"@type":"ImageObject","inLanguage":"lt-LT","@id":"https:\/\/fastcar.shop\/#\/schema\/logo\/image\/","url":"https:\/\/fastcar.shop\/wp-content\/uploads\/2017\/08\/FCS_JPEG-01-scaled.jpg","contentUrl":"https:\/\/fastcar.shop\/wp-content\/uploads\/2017\/08\/FCS_JPEG-01-scaled.jpg","width":2560,"height":1379,"caption":"Fastcar.shop"},"image":{"@id":"https:\/\/fastcar.shop\/#\/schema\/logo\/image\/"},"sameAs":["https:\/\/www.facebook.com\/FastcarLt?locale=lt_LT","https:\/\/www.instagram.com\/fastcar.shop\/"]}]}},"jetpack_sharing_enabled":true,"_links":{"self":[{"href":"https:\/\/fastcar.shop\/lt\/wp-json\/wp\/v2\/product\/4759","targetHints":{"allow":["GET"]}}],"collection":[{"href":"https:\/\/fastcar.shop\/lt\/wp-json\/wp\/v2\/product"}],"about":[{"href":"https:\/\/fastcar.shop\/lt\/wp-json\/wp\/v2\/types\/product"}],"wp:featuredmedia":[{"embeddable":true,"href":"https:\/\/fastcar.shop\/lt\/wp-json\/wp\/v2\/media\/4760"}],"wp:attachment":[{"href":"https:\/\/fastcar.shop\/lt\/wp-json\/wp\/v2\/media?parent=4759"}],"wp:term":[{"taxonomy":"product_brand","embeddable":true,"href":"https:\/\/fastcar.shop\/lt\/wp-json\/wp\/v2\/product_brand?post=4759"},{"taxonomy":"product_cat","embeddable":true,"href":"https:\/\/fastcar.shop\/lt\/wp-json\/wp\/v2\/product_cat?post=4759"},{"taxonomy":"product_tag","embeddable":true,"href":"https:\/\/fastcar.shop\/lt\/wp-json\/wp\/v2\/product_tag?post=4759"}],"curies":[{"name":"wp","href":"https:\/\/api.w.org\/{rel}","templated":true}]}}