{"id":4756,"date":"2025-03-13T19:10:24","date_gmt":"2025-03-13T17:10:24","guid":{"rendered":"https:\/\/fastcar.shop\/?post_type=product&#038;p=4756"},"modified":"2025-03-19T13:39:34","modified_gmt":"2025-03-19T11:39:34","slug":"auto-graph-tourmaline-neutral-foam-shampoo-blue-400ml","status":"publish","type":"product","link":"https:\/\/fastcar.shop\/lt\/product\/auto-graph-tourmaline-neutral-foam-shampoo-blue-400ml\/","title":{"rendered":"AUTO GRAPH TOURMALINE Neutral Foam Blue \u0160amp\u016bnas 400ml"},"content":{"rendered":"<p style=\"text-align: left;\"><strong>Auto Graph Tourmaline<\/strong> - tai labai koncentruotas neutralaus pH \u0161amp\u016bnas, skirtas automobiliams plauti. Jis lengvai pa\u0161alina ne\u0161varumus, nuriebalina ir blizgina da\u017eus. Valo \u0161velniai, bet kartu veiksmingai. Labai lengvai nuplaunamas. Rekomenduojama doz\u0117 25-50 ml \/ 10 l vandens. 2 % tirpale gali b\u016bti naudojamas kaip putos.<\/p>\n<p style=\"text-align: left;\"><strong>Savyb\u0117s:<\/strong><\/p>\n<ul style=\"text-align: left;\">\n<li>Pasi\u017eymi labai geromis valymo savyb\u0117mis<\/li>\n<li>Suteikia sodri\u0105, tir\u0161t\u0105 put\u0105<\/li>\n<li>Neutralaus pH<\/li>\n<li>Galima naudoti pur\u0161kiamui ir rankomis plovimui<\/li>\n<li>Nepalieka dry\u017ei\u0173<\/li>\n<li>Sud\u0117tyje yra korozijos inhibitori\u0173<\/li>\n<\/ul>\n<p style=\"text-align: left;\"><strong>Naudojimo instrukcijos:<\/strong><\/p>\n<p style=\"text-align: left;\">Atitinkamai praskieskite priklausomai nuo naudojimo tikslo, vandens kietumo ir u\u017eter\u0161tumo laipsnio. Rekomenduojamas 2 % skiedimas - putos, 25-50 ml \/ 10 L vandens - \u0161amp\u016bnas. Gausiai nuplaukite demineralizuotu vandeniu.<\/p>\n<p style=\"text-align: left;\"><strong>Patarimai:<\/strong><\/p>\n<ul style=\"text-align: left;\">\n<li>Darbus atlikite kiek \u012fmanoma optimaliomis s\u0105lygomis - venkite auk\u0161tos temperat\u016bros, dr\u0117gm\u0117s, saul\u0117s spinduli\u0173.<\/li>\n<li>Darbas patalpose<\/li>\n<li>Nepalikite produkto i\u0161d\u017ei\u016bti<\/li>\n<li>Naudokite pir\u0161tines ir apsauginius drabu\u017eius<\/li>\n<li>Optimali laikymo temperat\u016bra 5-25 \u00b0C<\/li>\n<\/ul>\n<p style=\"text-align: left;\"><strong>Kvapas:<\/strong> Parfumuotas<\/p>\n<p style=\"text-align: left;\"><strong>Talpa:<\/strong> 400 ml<\/p>","protected":false},"excerpt":{"rendered":"<p><strong>Auto Graph Tourmaline<\/strong> - tai labai koncentruotas neutralaus pH \u0161amp\u016bnas, skirtas automobiliams plauti. Jis lengvai pa\u0161alina ne\u0161varumus, nuriebalina ir blizgina da\u017eus. Valo \u0161velniai, bet kartu veiksmingai. Labai lengvai nuplaunamas. Rekomenduojama doz\u0117 25-50 ml \/ 10 l vandens. 2 % tirpale gali b\u016bti naudojamas kaip putos.<\/p>\n<p><strong>Kvapas:<\/strong> Parfumuotas<\/p>\n<p><strong>Talpa:<\/strong> 400 ml<\/p>","protected":false},"featured_media":4757,"template":"","meta":[],"product_brand":[],"product_cat":[892],"product_tag":[],"class_list":{"0":"post-4756","1":"product","2":"type-product","3":"status-publish","4":"has-post-thumbnail","6":"product_cat-vehicle-care","7":"product_provider-auto-graph-detailing","9":"first","10":"instock","11":"taxable","12":"shipping-taxable","13":"purchasable","14":"product-type-simple"},"aioseo_notices":[],"yoast_head":"<!-- This site is optimized with the Yoast SEO plugin v27.3 - https:\/\/yoast.com\/product\/yoast-seo-wordpress\/ -->\n<title>AUTO GRAPH TOURMALINE Neutral Foam Shampoo Blue 400ml - Fast Car Shop<\/title>\n<meta name=\"robots\" content=\"index, follow, max-snippet:-1, max-image-preview:large, max-video-preview:-1\" \/>\n<link rel=\"canonical\" href=\"https:\/\/fastcar.shop\/lt\/produktas\/auto-graph-tourmaline-neutral-foam-shampoo-blue-400ml\/\" \/>\n<meta property=\"og:locale\" content=\"lt_LT\" \/>\n<meta property=\"og:type\" content=\"article\" \/>\n<meta property=\"og:title\" content=\"AUTO GRAPH TOURMALINE Neutral Foam Shampoo Blue 400ml - Fast Car Shop\" \/>\n<meta property=\"og:description\" content=\"Auto Graph Tourmaline - is a highly concentrated shampoo with neutral pH for washing and foaming cars. It easily removes dirt, degreases and shines the paint. Cleans gently, but at the same time effectively. Very easy to rinse off. Recommended dosage 25-50 ml \/ 10 L of water. In a 2% solution it can be used as a foam. With Tourmaline there is no boredom - a palette of colors and fragrances to choose from!  Fragrance: perfumed  Capacity: 400 ml\" \/>\n<meta property=\"og:url\" content=\"https:\/\/fastcar.shop\/lt\/produktas\/auto-graph-tourmaline-neutral-foam-shampoo-blue-400ml\/\" \/>\n<meta property=\"og:site_name\" content=\"Fast Car Shop\" \/>\n<meta property=\"article:publisher\" content=\"https:\/\/www.facebook.com\/FastcarLt?locale=lt_LT\" \/>\n<meta property=\"article:modified_time\" content=\"2025-03-19T11:39:34+00:00\" \/>\n<meta property=\"og:image\" content=\"https:\/\/fastcar.shop\/wp-content\/uploads\/2025\/03\/TOURMALINE-BLUE_400-550x550.png.webp\" \/>\n\t<meta property=\"og:image:width\" content=\"550\" \/>\n\t<meta property=\"og:image:height\" content=\"550\" \/>\n\t<meta property=\"og:image:type\" content=\"image\/webp\" \/>\n<meta name=\"twitter:card\" content=\"summary_large_image\" \/>\n<meta name=\"twitter:label1\" content=\"Est. reading time\" \/>\n\t<meta name=\"twitter:data1\" content=\"2 minut\u0117s\" \/>\n<!-- \/ Yoast SEO plugin. -->","yoast_head_json":{"title":"AUTO GRAPH TOURMALINE Neutral Foam Shampoo Blue 400ml - Fast Car Shop","robots":{"index":"index","follow":"follow","max-snippet":"max-snippet:-1","max-image-preview":"max-image-preview:large","max-video-preview":"max-video-preview:-1"},"canonical":"https:\/\/fastcar.shop\/lt\/produktas\/auto-graph-tourmaline-neutral-foam-shampoo-blue-400ml\/","og_locale":"lt_LT","og_type":"article","og_title":"AUTO GRAPH TOURMALINE Neutral Foam Shampoo Blue 400ml - Fast Car Shop","og_description":"Auto Graph Tourmaline - is a highly concentrated shampoo with neutral pH for washing and foaming cars. It easily removes dirt, degreases and shines the paint. Cleans gently, but at the same time effectively. Very easy to rinse off. Recommended dosage 25-50 ml \/ 10 L of water. In a 2% solution it can be used as a foam. With Tourmaline there is no boredom - a palette of colors and fragrances to choose from!  Fragrance: perfumed  Capacity: 400 ml","og_url":"https:\/\/fastcar.shop\/lt\/produktas\/auto-graph-tourmaline-neutral-foam-shampoo-blue-400ml\/","og_site_name":"Fast Car Shop","article_publisher":"https:\/\/www.facebook.com\/FastcarLt?locale=lt_LT","article_modified_time":"2025-03-19T11:39:34+00:00","og_image":[{"width":550,"height":550,"url":"https:\/\/fastcar.shop\/wp-content\/uploads\/2025\/03\/TOURMALINE-BLUE_400-550x550.png.webp","type":"image\/webp"}],"twitter_card":"summary_large_image","twitter_misc":{"Est. reading time":"2 minut\u0117s"},"schema":{"@context":"https:\/\/schema.org","@graph":[{"@type":"WebPage","@id":"https:\/\/fastcar.shop\/product\/auto-graph-tourmaline-neutral-foam-shampoo-blue-400ml\/","url":"https:\/\/fastcar.shop\/product\/auto-graph-tourmaline-neutral-foam-shampoo-blue-400ml\/","name":"AUTO GRAPH TOURMALINE Neutral Foam Shampoo Blue 400ml - Fast Car Shop","isPartOf":{"@id":"https:\/\/fastcar.shop\/#website"},"primaryImageOfPage":{"@id":"https:\/\/fastcar.shop\/product\/auto-graph-tourmaline-neutral-foam-shampoo-blue-400ml\/#primaryimage"},"image":{"@id":"https:\/\/fastcar.shop\/product\/auto-graph-tourmaline-neutral-foam-shampoo-blue-400ml\/#primaryimage"},"thumbnailUrl":"https:\/\/fastcar.shop\/wp-content\/uploads\/2025\/03\/TOURMALINE-BLUE_400-550x550.png.webp","datePublished":"2025-03-13T17:10:24+00:00","dateModified":"2025-03-19T11:39:34+00:00","breadcrumb":{"@id":"https:\/\/fastcar.shop\/product\/auto-graph-tourmaline-neutral-foam-shampoo-blue-400ml\/#breadcrumb"},"inLanguage":"lt-LT","potentialAction":[{"@type":"ReadAction","target":["https:\/\/fastcar.shop\/product\/auto-graph-tourmaline-neutral-foam-shampoo-blue-400ml\/"]}]},{"@type":"ImageObject","inLanguage":"lt-LT","@id":"https:\/\/fastcar.shop\/product\/auto-graph-tourmaline-neutral-foam-shampoo-blue-400ml\/#primaryimage","url":"https:\/\/fastcar.shop\/wp-content\/uploads\/2025\/03\/TOURMALINE-BLUE_400-550x550.png.webp","contentUrl":"https:\/\/fastcar.shop\/wp-content\/uploads\/2025\/03\/TOURMALINE-BLUE_400-550x550.png.webp","width":550,"height":550},{"@type":"BreadcrumbList","@id":"https:\/\/fastcar.shop\/product\/auto-graph-tourmaline-neutral-foam-shampoo-blue-400ml\/#breadcrumb","itemListElement":[{"@type":"ListItem","position":1,"name":"Home","item":"https:\/\/fastcar.shop\/"},{"@type":"ListItem","position":2,"name":"Shop","item":"https:\/\/fastcar.shop\/shop\/"},{"@type":"ListItem","position":3,"name":"AUTO GRAPH TOURMALINE Neutral Foam Shampoo Blue 400ml"}]},{"@type":"WebSite","@id":"https:\/\/fastcar.shop\/#website","url":"https:\/\/fastcar.shop\/","name":"Greit\u0173 automobili\u0173 parduotuv\u0117","description":"","publisher":{"@id":"https:\/\/fastcar.shop\/#organization"},"potentialAction":[{"@type":"SearchAction","target":{"@type":"EntryPoint","urlTemplate":"https:\/\/fastcar.shop\/?s={search_term_string}"},"query-input":{"@type":"PropertyValueSpecification","valueRequired":true,"valueName":"search_term_string"}}],"inLanguage":"lt-LT"},{"@type":"Organization","@id":"https:\/\/fastcar.shop\/#organization","name":"Fastcar.shop","url":"https:\/\/fastcar.shop\/","logo":{"@type":"ImageObject","inLanguage":"lt-LT","@id":"https:\/\/fastcar.shop\/#\/schema\/logo\/image\/","url":"https:\/\/fastcar.shop\/wp-content\/uploads\/2017\/08\/FCS_JPEG-01-scaled.jpg","contentUrl":"https:\/\/fastcar.shop\/wp-content\/uploads\/2017\/08\/FCS_JPEG-01-scaled.jpg","width":2560,"height":1379,"caption":"Fastcar.shop"},"image":{"@id":"https:\/\/fastcar.shop\/#\/schema\/logo\/image\/"},"sameAs":["https:\/\/www.facebook.com\/FastcarLt?locale=lt_LT","https:\/\/www.instagram.com\/fastcar.shop\/"]}]}},"jetpack_sharing_enabled":true,"_links":{"self":[{"href":"https:\/\/fastcar.shop\/lt\/wp-json\/wp\/v2\/product\/4756","targetHints":{"allow":["GET"]}}],"collection":[{"href":"https:\/\/fastcar.shop\/lt\/wp-json\/wp\/v2\/product"}],"about":[{"href":"https:\/\/fastcar.shop\/lt\/wp-json\/wp\/v2\/types\/product"}],"wp:featuredmedia":[{"embeddable":true,"href":"https:\/\/fastcar.shop\/lt\/wp-json\/wp\/v2\/media\/4757"}],"wp:attachment":[{"href":"https:\/\/fastcar.shop\/lt\/wp-json\/wp\/v2\/media?parent=4756"}],"wp:term":[{"taxonomy":"product_brand","embeddable":true,"href":"https:\/\/fastcar.shop\/lt\/wp-json\/wp\/v2\/product_brand?post=4756"},{"taxonomy":"product_cat","embeddable":true,"href":"https:\/\/fastcar.shop\/lt\/wp-json\/wp\/v2\/product_cat?post=4756"},{"taxonomy":"product_tag","embeddable":true,"href":"https:\/\/fastcar.shop\/lt\/wp-json\/wp\/v2\/product_tag?post=4756"}],"curies":[{"name":"wp","href":"https:\/\/api.w.org\/{rel}","templated":true}]}}