{"id":4688,"date":"2024-12-07T21:07:36","date_gmt":"2024-12-07T19:07:36","guid":{"rendered":"https:\/\/fastcar.shop\/?post_type=product&#038;p=4688"},"modified":"2026-02-11T16:24:14","modified_gmt":"2026-02-11T14:24:14","slug":"chemika-car-air-perfume-dark-night","status":"publish","type":"product","link":"https:\/\/fastcar.shop\/lt\/product\/chemika-car-air-perfume-dark-night\/","title":{"rendered":"CHEMIKA Car Air Perfume Dark Night"},"content":{"rendered":"<p style=\"text-align: left;\"><strong>Chemist Dark Night \u2013 medinis kvepal\u0173 pakabukas<\/strong><\/p>\n<p style=\"text-align: left;\">Maloni, prabangi, vyri\u0161ka kvapo nata. Medin\u0117 eleganti\u0161ka vientisos medienos forma der\u0117s prie bet kokio automobilio interjero. Kvapas i\u0161lieka iki 30 dien\u0173.<\/p>\n<p style=\"text-align: left;\"><strong>Kvapas:<\/strong><\/p>\n<ul style=\"text-align: left;\">\n<li>Wood composition<\/li>\n<li><strong>Baz\u0117<\/strong> \u2192 intensyvi ambra, rytieti\u0161ki pa\u010diuliai<br \/>\nir jausmingas muskusas<\/li>\n<li><strong>Kvapas<\/strong> \u2192 sald\u017eioji vanil\u0117, tonka pupel\u0117s<br \/>\nir eleganti\u0161kas iris\u0173 akordas<\/li>\n<\/ul>\n<p style=\"text-align: left;\"><strong>Savyb\u0117s:<\/strong><\/p>\n<ul style=\"text-align: left;\">\n<li>Prabangios, vyri\u0161kos aromato natos.<\/li>\n<li>Medin\u0117 eleganti\u0161ka vienodo med\u017eio forma der\u0117s prie bet kokio automobilio interjero.<\/li>\n<li>Galioja iki 30 dien\u0173.<\/li>\n<\/ul>\n<p style=\"text-align: left;\"><strong>Naudojimo instrukcijos:<\/strong><\/p>\n<p style=\"text-align: left;\">I\u0161imkite pakabuk\u0105 i\u0161 d\u0117\u017eut\u0117s. Nuimkite folij\u0105. Pritvirtinkite pakabuk\u0105 po veidrod\u017eiu arba bet kurioje kitoje vietoje. Pastaba: \u012fsitikinkite, kad pakabukas kabo laisvai ir nesilie\u010dia su kitais pavir\u0161iais.<\/p>\n<p style=\"text-align: left;\">Gamintojas neatsako u\u017e gaminio naudojim\u0105 ne pagal paskirt\u012f. Jei pasijutote blogai arba svaigsta galva, nedelsdami nustokite naudoti gamin\u012f.<\/p>","protected":false},"excerpt":{"rendered":"<p><strong>Chemist Dark Night \u2013 medinis kvepal\u0173 pakabukas<\/strong><\/p>\n<p>Maloni, prabangi, vyri\u0161ka kvapo nata. Medin\u0117 eleganti\u0161ka vientisos medienos forma der\u0117s prie bet kokio automobilio interjero. Kvapas i\u0161lieka iki 30 dien\u0173.<\/p>\n<p><strong>Kvapas:<\/strong><\/p>\n<p><strong>Baz\u0117<\/strong> \u2192 intensyvi ambra, rytieti\u0161ki pa\u010diuliai<br \/>\nir jausmingas muskusas<\/p>\n<p><strong>Kvapas<\/strong> \u2192 sald\u017eioji vanil\u0117, tonka pupel\u0117s<br \/>\nir eleganti\u0161kas iris\u0173 akordas<\/p>\n<p>&nbsp;<\/p>","protected":false},"featured_media":4714,"template":"","meta":[],"product_brand":[],"product_cat":[892],"product_tag":[],"class_list":{"0":"post-4688","1":"product","2":"type-product","3":"status-publish","4":"has-post-thumbnail","6":"product_cat-vehicle-care","7":"product_provider-chemika","9":"first","10":"instock","11":"taxable","12":"shipping-taxable","13":"purchasable","14":"product-type-simple"},"aioseo_notices":[],"yoast_head":"<!-- This site is optimized with the Yoast SEO plugin v27.3 - https:\/\/yoast.com\/product\/yoast-seo-wordpress\/ -->\n<title>CHEMIKA Car Air Perfume Dark Night - Fast Car Shop<\/title>\n<meta name=\"description\" content=\"A pleasant, luxurious, masculine fragrance note. Wooden elegant form in the form of uniform wood will fit into any car interior.\" \/>\n<meta name=\"robots\" content=\"index, follow, max-snippet:-1, max-image-preview:large, max-video-preview:-1\" \/>\n<link rel=\"canonical\" href=\"https:\/\/fastcar.shop\/lt\/produktas\/chemika-car-air-perfume-dark-night\/\" \/>\n<meta property=\"og:locale\" content=\"lt_LT\" \/>\n<meta property=\"og:type\" content=\"article\" \/>\n<meta property=\"og:title\" content=\"CHEMIKA Car Air Perfume Dark Night - Fast Car Shop\" \/>\n<meta property=\"og:description\" content=\"A pleasant, luxurious, masculine fragrance note. Wooden elegant form in the form of uniform wood will fit into any car interior.\" \/>\n<meta property=\"og:url\" content=\"https:\/\/fastcar.shop\/lt\/produktas\/chemika-car-air-perfume-dark-night\/\" \/>\n<meta property=\"og:site_name\" content=\"Fast Car Shop\" \/>\n<meta property=\"article:publisher\" content=\"https:\/\/www.facebook.com\/FastcarLt?locale=lt_LT\" \/>\n<meta property=\"article:modified_time\" content=\"2026-02-11T14:24:14+00:00\" \/>\n<meta property=\"og:image\" content=\"https:\/\/fastcar.shop\/wp-content\/uploads\/2024\/12\/Chemika-Car-Perfume-Dark-Night.png\" \/>\n\t<meta property=\"og:image:width\" content=\"1280\" \/>\n\t<meta property=\"og:image:height\" content=\"1280\" \/>\n\t<meta property=\"og:image:type\" content=\"image\/png\" \/>\n<meta name=\"twitter:card\" content=\"summary_large_image\" \/>\n<meta name=\"twitter:label1\" content=\"Est. reading time\" \/>\n\t<meta name=\"twitter:data1\" content=\"1 minut\u0117\" \/>\n<!-- \/ Yoast SEO plugin. -->","yoast_head_json":{"title":"CHEMIKA Car Air Perfume Dark Night - Fast Car Shop","description":"A pleasant, luxurious, masculine fragrance note. Wooden elegant form in the form of uniform wood will fit into any car interior.","robots":{"index":"index","follow":"follow","max-snippet":"max-snippet:-1","max-image-preview":"max-image-preview:large","max-video-preview":"max-video-preview:-1"},"canonical":"https:\/\/fastcar.shop\/lt\/produktas\/chemika-car-air-perfume-dark-night\/","og_locale":"lt_LT","og_type":"article","og_title":"CHEMIKA Car Air Perfume Dark Night - Fast Car Shop","og_description":"A pleasant, luxurious, masculine fragrance note. Wooden elegant form in the form of uniform wood will fit into any car interior.","og_url":"https:\/\/fastcar.shop\/lt\/produktas\/chemika-car-air-perfume-dark-night\/","og_site_name":"Fast Car Shop","article_publisher":"https:\/\/www.facebook.com\/FastcarLt?locale=lt_LT","article_modified_time":"2026-02-11T14:24:14+00:00","og_image":[{"width":1280,"height":1280,"url":"https:\/\/fastcar.shop\/wp-content\/uploads\/2024\/12\/Chemika-Car-Perfume-Dark-Night.png","type":"image\/png"}],"twitter_card":"summary_large_image","twitter_misc":{"Est. reading time":"1 minut\u0117"},"schema":{"@context":"https:\/\/schema.org","@graph":[{"@type":"WebPage","@id":"https:\/\/fastcar.shop\/product\/chemika-car-air-perfume-dark-night\/","url":"https:\/\/fastcar.shop\/product\/chemika-car-air-perfume-dark-night\/","name":"CHEMIKA Car Air Perfume Dark Night - Fast Car Shop","isPartOf":{"@id":"https:\/\/fastcar.shop\/#website"},"primaryImageOfPage":{"@id":"https:\/\/fastcar.shop\/product\/chemika-car-air-perfume-dark-night\/#primaryimage"},"image":{"@id":"https:\/\/fastcar.shop\/product\/chemika-car-air-perfume-dark-night\/#primaryimage"},"thumbnailUrl":"https:\/\/fastcar.shop\/wp-content\/uploads\/2024\/12\/Chemika-Car-Perfume-Dark-Night.png","datePublished":"2024-12-07T19:07:36+00:00","dateModified":"2026-02-11T14:24:14+00:00","description":"A pleasant, luxurious, masculine fragrance note. Wooden elegant form in the form of uniform wood will fit into any car interior.","breadcrumb":{"@id":"https:\/\/fastcar.shop\/product\/chemika-car-air-perfume-dark-night\/#breadcrumb"},"inLanguage":"lt-LT","potentialAction":[{"@type":"ReadAction","target":["https:\/\/fastcar.shop\/product\/chemika-car-air-perfume-dark-night\/"]}]},{"@type":"ImageObject","inLanguage":"lt-LT","@id":"https:\/\/fastcar.shop\/product\/chemika-car-air-perfume-dark-night\/#primaryimage","url":"https:\/\/fastcar.shop\/wp-content\/uploads\/2024\/12\/Chemika-Car-Perfume-Dark-Night.png","contentUrl":"https:\/\/fastcar.shop\/wp-content\/uploads\/2024\/12\/Chemika-Car-Perfume-Dark-Night.png","width":1280,"height":1280},{"@type":"BreadcrumbList","@id":"https:\/\/fastcar.shop\/product\/chemika-car-air-perfume-dark-night\/#breadcrumb","itemListElement":[{"@type":"ListItem","position":1,"name":"Home","item":"https:\/\/fastcar.shop\/"},{"@type":"ListItem","position":2,"name":"Shop","item":"https:\/\/fastcar.shop\/shop\/"},{"@type":"ListItem","position":3,"name":"CHEMIKA Car Air Perfume Dark Night"}]},{"@type":"WebSite","@id":"https:\/\/fastcar.shop\/#website","url":"https:\/\/fastcar.shop\/","name":"Greit\u0173 automobili\u0173 parduotuv\u0117","description":"","publisher":{"@id":"https:\/\/fastcar.shop\/#organization"},"potentialAction":[{"@type":"SearchAction","target":{"@type":"EntryPoint","urlTemplate":"https:\/\/fastcar.shop\/?s={search_term_string}"},"query-input":{"@type":"PropertyValueSpecification","valueRequired":true,"valueName":"search_term_string"}}],"inLanguage":"lt-LT"},{"@type":"Organization","@id":"https:\/\/fastcar.shop\/#organization","name":"Fastcar.shop","url":"https:\/\/fastcar.shop\/","logo":{"@type":"ImageObject","inLanguage":"lt-LT","@id":"https:\/\/fastcar.shop\/#\/schema\/logo\/image\/","url":"https:\/\/fastcar.shop\/wp-content\/uploads\/2017\/08\/FCS_JPEG-01-scaled.jpg","contentUrl":"https:\/\/fastcar.shop\/wp-content\/uploads\/2017\/08\/FCS_JPEG-01-scaled.jpg","width":2560,"height":1379,"caption":"Fastcar.shop"},"image":{"@id":"https:\/\/fastcar.shop\/#\/schema\/logo\/image\/"},"sameAs":["https:\/\/www.facebook.com\/FastcarLt?locale=lt_LT","https:\/\/www.instagram.com\/fastcar.shop\/"]}]}},"jetpack_sharing_enabled":true,"_links":{"self":[{"href":"https:\/\/fastcar.shop\/lt\/wp-json\/wp\/v2\/product\/4688","targetHints":{"allow":["GET"]}}],"collection":[{"href":"https:\/\/fastcar.shop\/lt\/wp-json\/wp\/v2\/product"}],"about":[{"href":"https:\/\/fastcar.shop\/lt\/wp-json\/wp\/v2\/types\/product"}],"wp:featuredmedia":[{"embeddable":true,"href":"https:\/\/fastcar.shop\/lt\/wp-json\/wp\/v2\/media\/4714"}],"wp:attachment":[{"href":"https:\/\/fastcar.shop\/lt\/wp-json\/wp\/v2\/media?parent=4688"}],"wp:term":[{"taxonomy":"product_brand","embeddable":true,"href":"https:\/\/fastcar.shop\/lt\/wp-json\/wp\/v2\/product_brand?post=4688"},{"taxonomy":"product_cat","embeddable":true,"href":"https:\/\/fastcar.shop\/lt\/wp-json\/wp\/v2\/product_cat?post=4688"},{"taxonomy":"product_tag","embeddable":true,"href":"https:\/\/fastcar.shop\/lt\/wp-json\/wp\/v2\/product_tag?post=4688"}],"curies":[{"name":"wp","href":"https:\/\/api.w.org\/{rel}","templated":true}]}}