{"id":4685,"date":"2024-12-07T20:20:29","date_gmt":"2024-12-07T18:20:29","guid":{"rendered":"https:\/\/fastcar.shop\/?post_type=product&#038;p=4685"},"modified":"2026-02-11T16:25:18","modified_gmt":"2026-02-11T14:25:18","slug":"chemika-wheel-cleaner-500ml","status":"publish","type":"product","link":"https:\/\/fastcar.shop\/lt\/product\/chemika-wheel-cleaner-500ml\/","title":{"rendered":"CHEMIKA Wheel Cleaner 500ml"},"content":{"rendered":"<p style=\"text-align: left;\"><strong>CHEMIKA Wheel Cleaner 500ml<\/strong><\/p>\n<p style=\"text-align: left;\">WHEEL CLEANER yra \u0161arminis produktas, skirtas greitai ir veiksmingai valyti ratus ir padangas. Valomoji galia atskiria net labiausiai \u012fsisen\u0117jusius ne\u0161varumus, tod\u0117l ratai ir padangos kruop\u0161\u010diai i\u0161valomi. Darbo patogum\u0105 padidina putojimo savyb\u0117s, tod\u0117l padanga lieka \u0161vari ir juoda WHEEL CLENAER pa\u0161alina sen\u0173 pada\u017e\u0173 liku\u010dius, paruo\u0161ia padang\u0105 naujai apsaugai su produktu TIRE GLOSS DRESSING<\/p>\n<p style=\"text-align: left;\"><strong>Kvapas:<\/strong> Citrin\u0173 verbenos<\/p>\n<p style=\"text-align: left;\"><strong>Savyb\u0117s:<\/strong><\/p>\n<ul style=\"text-align: left;\">\n<li>Greitas ir veiksmingas rat\u0173 ir padang\u0173 valymas<\/li>\n<li>Puikios putojimo savyb\u0117s<\/li>\n<li>Pa\u0161alina senus liku\u010dius<\/li>\n<li>Padangos paruo\u0161imas naujai apsaugai<\/li>\n<\/ul>\n<p style=\"text-align: left;\"><strong>Numatytas naudojimas:<\/strong><\/p>\n<p style=\"text-align: left;\">WHEEL CLEANER yra paruo\u0161tas naudoti produktas, skirtas plieniniams ratlankiams, rat\u0173 arkoms, gumin\u0117ms dalims, pvz., padangoms ir grind\u0173 kilim\u0117liams, valyti.<\/p>\n<p style=\"text-align: left;\"><strong>Kaip naudoti?<\/strong><\/p>\n<ol style=\"text-align: left;\">\n<li style=\"text-align: left;\">Nuplaukite purv\u0105 nuo rat\u0173 sl\u0117giniu plovikliu.<\/li>\n<li style=\"text-align: left;\">Pur\u0161kite produkt\u0105 purk\u0161tuvu tiesiai ant ratlanki\u0173 ir padang\u0173.<\/li>\n<li style=\"text-align: left;\">Esant dideliam purvui, naudokite \u0161epet\u012f arba \u0161epet\u0117l\u012f.<\/li>\n<li style=\"text-align: left;\">Nuplaukite susl\u0117gtu vandeniu.<\/li>\n<li>Neskieskite ir nenaudokite ant \u012fkaitinto pavir\u0161iaus.<\/li>\n<\/ol>\n<p style=\"text-align: left;\"><strong>Naudojimo s\u0105lygos:<\/strong><\/p>\n<p style=\"text-align: left;\">Prie\u0161 naudodami perskaitykite ant pakuot\u0117s esan\u010di\u0105 etiket\u0119. Laikykite vaikams nepasiekiamoje vietoje. Patekus \u012f akis, kelias minutes skalaukite vandeniu. I\u0161imkite kontaktinius l\u0119\u0161ius, i\u0161skyrus atvejus, kai jie yra priklijuoti prie akies. Toliau skalaukite. Prarijus, atsiradus nepageidaujamoms alergin\u0117ms reakcijoms, odos pa\u017eeidimams, kreipkit\u0117s \u012f gydytoj\u0105 ir parodykite jam etiket\u0119 arba med\u017eiagos saugos duomen\u0173 lap\u0105.<\/p>","protected":false},"excerpt":{"rendered":"<p>WHEEL CLEANER yra \u0161arminis produktas, skirtas greitai ir veiksmingai valyti ratus ir padangas. Valomoji galia atskiria net labiausiai \u012fsisen\u0117jusius ne\u0161varumus, tod\u0117l ratai ir padangos kruop\u0161\u010diai i\u0161valomi. Darbo patogum\u0105 padidina putojimo savyb\u0117s, tod\u0117l padanga lieka \u0161vari ir juoda WHEEL CLENAER pa\u0161alina sen\u0173 pada\u017e\u0173 liku\u010dius, paruo\u0161ia padang\u0105 naujai apsaugai su produktu TIRE GLOSS DRESSING<\/p>","protected":false},"featured_media":4713,"template":"","meta":[],"product_brand":[],"product_cat":[892],"product_tag":[],"class_list":{"0":"post-4685","1":"product","2":"type-product","3":"status-publish","4":"has-post-thumbnail","6":"product_cat-vehicle-care","7":"product_provider-chemika","9":"first","10":"instock","11":"taxable","12":"shipping-taxable","13":"purchasable","14":"product-type-simple"},"aioseo_notices":[],"yoast_head":"<!-- This site is optimized with the Yoast SEO plugin v27.3 - https:\/\/yoast.com\/product\/yoast-seo-wordpress\/ -->\n<title>CHEMIKA Wheel Cleaner 500ml - Fast Car Shop<\/title>\n<meta name=\"description\" content=\"WHEEL CLEANER is an alkaline product designed to clean wheels and tires quickly and effectively.\" \/>\n<meta name=\"robots\" content=\"index, follow, max-snippet:-1, max-image-preview:large, max-video-preview:-1\" \/>\n<link rel=\"canonical\" href=\"https:\/\/fastcar.shop\/lt\/produktas\/chemika-wheel-cleaner-500ml\/\" \/>\n<meta property=\"og:locale\" content=\"lt_LT\" \/>\n<meta property=\"og:type\" content=\"article\" \/>\n<meta property=\"og:title\" content=\"CHEMIKA Wheel Cleaner 500ml - Fast Car Shop\" \/>\n<meta property=\"og:description\" content=\"WHEEL CLEANER is an alkaline product designed to clean wheels and tires quickly and effectively.\" \/>\n<meta property=\"og:url\" content=\"https:\/\/fastcar.shop\/lt\/produktas\/chemika-wheel-cleaner-500ml\/\" \/>\n<meta property=\"og:site_name\" content=\"Fast Car Shop\" \/>\n<meta property=\"article:publisher\" content=\"https:\/\/www.facebook.com\/FastcarLt?locale=lt_LT\" \/>\n<meta property=\"article:modified_time\" content=\"2026-02-11T14:25:18+00:00\" \/>\n<meta property=\"og:image\" content=\"https:\/\/fastcar.shop\/wp-content\/uploads\/2024\/12\/Chemika-Wheel-Cleaner.png\" \/>\n\t<meta property=\"og:image:width\" content=\"1200\" \/>\n\t<meta property=\"og:image:height\" content=\"1200\" \/>\n\t<meta property=\"og:image:type\" content=\"image\/png\" \/>\n<meta name=\"twitter:card\" content=\"summary_large_image\" \/>\n<meta name=\"twitter:label1\" content=\"Est. reading time\" \/>\n\t<meta name=\"twitter:data1\" content=\"2 minut\u0117s\" \/>\n<!-- \/ Yoast SEO plugin. -->","yoast_head_json":{"title":"CHEMIKA Wheel Cleaner 500ml - Fast Car Shop","description":"WHEEL CLEANER is an alkaline product designed to clean wheels and tires quickly and effectively.","robots":{"index":"index","follow":"follow","max-snippet":"max-snippet:-1","max-image-preview":"max-image-preview:large","max-video-preview":"max-video-preview:-1"},"canonical":"https:\/\/fastcar.shop\/lt\/produktas\/chemika-wheel-cleaner-500ml\/","og_locale":"lt_LT","og_type":"article","og_title":"CHEMIKA Wheel Cleaner 500ml - Fast Car Shop","og_description":"WHEEL CLEANER is an alkaline product designed to clean wheels and tires quickly and effectively.","og_url":"https:\/\/fastcar.shop\/lt\/produktas\/chemika-wheel-cleaner-500ml\/","og_site_name":"Fast Car Shop","article_publisher":"https:\/\/www.facebook.com\/FastcarLt?locale=lt_LT","article_modified_time":"2026-02-11T14:25:18+00:00","og_image":[{"width":1200,"height":1200,"url":"https:\/\/fastcar.shop\/wp-content\/uploads\/2024\/12\/Chemika-Wheel-Cleaner.png","type":"image\/png"}],"twitter_card":"summary_large_image","twitter_misc":{"Est. reading time":"2 minut\u0117s"},"schema":{"@context":"https:\/\/schema.org","@graph":[{"@type":"WebPage","@id":"https:\/\/fastcar.shop\/product\/chemika-wheel-cleaner-500ml\/","url":"https:\/\/fastcar.shop\/product\/chemika-wheel-cleaner-500ml\/","name":"CHEMIKA Wheel Cleaner 500ml - Fast Car Shop","isPartOf":{"@id":"https:\/\/fastcar.shop\/#website"},"primaryImageOfPage":{"@id":"https:\/\/fastcar.shop\/product\/chemika-wheel-cleaner-500ml\/#primaryimage"},"image":{"@id":"https:\/\/fastcar.shop\/product\/chemika-wheel-cleaner-500ml\/#primaryimage"},"thumbnailUrl":"https:\/\/fastcar.shop\/wp-content\/uploads\/2024\/12\/Chemika-Wheel-Cleaner.png","datePublished":"2024-12-07T18:20:29+00:00","dateModified":"2026-02-11T14:25:18+00:00","description":"WHEEL CLEANER is an alkaline product designed to clean wheels and tires quickly and effectively.","breadcrumb":{"@id":"https:\/\/fastcar.shop\/product\/chemika-wheel-cleaner-500ml\/#breadcrumb"},"inLanguage":"lt-LT","potentialAction":[{"@type":"ReadAction","target":["https:\/\/fastcar.shop\/product\/chemika-wheel-cleaner-500ml\/"]}]},{"@type":"ImageObject","inLanguage":"lt-LT","@id":"https:\/\/fastcar.shop\/product\/chemika-wheel-cleaner-500ml\/#primaryimage","url":"https:\/\/fastcar.shop\/wp-content\/uploads\/2024\/12\/Chemika-Wheel-Cleaner.png","contentUrl":"https:\/\/fastcar.shop\/wp-content\/uploads\/2024\/12\/Chemika-Wheel-Cleaner.png","width":1200,"height":1200},{"@type":"BreadcrumbList","@id":"https:\/\/fastcar.shop\/product\/chemika-wheel-cleaner-500ml\/#breadcrumb","itemListElement":[{"@type":"ListItem","position":1,"name":"Home","item":"https:\/\/fastcar.shop\/"},{"@type":"ListItem","position":2,"name":"Shop","item":"https:\/\/fastcar.shop\/shop\/"},{"@type":"ListItem","position":3,"name":"CHEMIKA Wheel Cleaner 500ml"}]},{"@type":"WebSite","@id":"https:\/\/fastcar.shop\/#website","url":"https:\/\/fastcar.shop\/","name":"Greit\u0173 automobili\u0173 parduotuv\u0117","description":"","publisher":{"@id":"https:\/\/fastcar.shop\/#organization"},"potentialAction":[{"@type":"SearchAction","target":{"@type":"EntryPoint","urlTemplate":"https:\/\/fastcar.shop\/?s={search_term_string}"},"query-input":{"@type":"PropertyValueSpecification","valueRequired":true,"valueName":"search_term_string"}}],"inLanguage":"lt-LT"},{"@type":"Organization","@id":"https:\/\/fastcar.shop\/#organization","name":"Fastcar.shop","url":"https:\/\/fastcar.shop\/","logo":{"@type":"ImageObject","inLanguage":"lt-LT","@id":"https:\/\/fastcar.shop\/#\/schema\/logo\/image\/","url":"https:\/\/fastcar.shop\/wp-content\/uploads\/2017\/08\/FCS_JPEG-01-scaled.jpg","contentUrl":"https:\/\/fastcar.shop\/wp-content\/uploads\/2017\/08\/FCS_JPEG-01-scaled.jpg","width":2560,"height":1379,"caption":"Fastcar.shop"},"image":{"@id":"https:\/\/fastcar.shop\/#\/schema\/logo\/image\/"},"sameAs":["https:\/\/www.facebook.com\/FastcarLt?locale=lt_LT","https:\/\/www.instagram.com\/fastcar.shop\/"]}]}},"jetpack_sharing_enabled":true,"_links":{"self":[{"href":"https:\/\/fastcar.shop\/lt\/wp-json\/wp\/v2\/product\/4685","targetHints":{"allow":["GET"]}}],"collection":[{"href":"https:\/\/fastcar.shop\/lt\/wp-json\/wp\/v2\/product"}],"about":[{"href":"https:\/\/fastcar.shop\/lt\/wp-json\/wp\/v2\/types\/product"}],"wp:featuredmedia":[{"embeddable":true,"href":"https:\/\/fastcar.shop\/lt\/wp-json\/wp\/v2\/media\/4713"}],"wp:attachment":[{"href":"https:\/\/fastcar.shop\/lt\/wp-json\/wp\/v2\/media?parent=4685"}],"wp:term":[{"taxonomy":"product_brand","embeddable":true,"href":"https:\/\/fastcar.shop\/lt\/wp-json\/wp\/v2\/product_brand?post=4685"},{"taxonomy":"product_cat","embeddable":true,"href":"https:\/\/fastcar.shop\/lt\/wp-json\/wp\/v2\/product_cat?post=4685"},{"taxonomy":"product_tag","embeddable":true,"href":"https:\/\/fastcar.shop\/lt\/wp-json\/wp\/v2\/product_tag?post=4685"}],"curies":[{"name":"wp","href":"https:\/\/api.w.org\/{rel}","templated":true}]}}