{"id":4683,"date":"2024-12-07T20:14:32","date_gmt":"2024-12-07T18:14:32","guid":{"rendered":"https:\/\/fastcar.shop\/?post_type=product&#038;p=4683"},"modified":"2026-02-11T16:25:53","modified_gmt":"2026-02-11T14:25:53","slug":"chemika-water-spot-remover-500ml","status":"publish","type":"product","link":"https:\/\/fastcar.shop\/lt\/product\/chemika-water-spot-remover-500ml\/","title":{"rendered":"CHEMIKA Water Spot Remover 500ml"},"content":{"rendered":"<p style=\"text-align: left;\"><strong>CHEMIKA Water Spot Remover 500ml<\/strong><\/p>\n<p style=\"text-align: left;\">WATER SPOT REMOVER PRO - tai produktas, skirtas kietojo vandens d\u0117m\u0117ms ir d\u0117m\u0117ms \u0161alinti. Jo pagrind\u0105 sudaro r\u016bg\u0161\u010di\u0173 mi\u0161inys, kuris stipriai \u012fsiskverbia \u012f kieto vandens nuos\u0117das ir veiksmingai tirpdo j\u0173 sukeltas nuos\u0117das. Idealiai tinka naudoti automobili\u0173 plovykloje, dirbtuv\u0117se ir namuose. Turi malon\u0173 m\u0117t\u0173 kvap\u0105.<\/p>\n<p style=\"text-align: left;\"><strong>Kvapas:<\/strong> M\u0117tos<\/p>\n<p style=\"text-align: left;\"><strong>Savyb\u0117s:<\/strong><\/p>\n<ul style=\"text-align: left;\">\n<li>Skirta d\u0117m\u0117ms ir kieto vandens d\u0117m\u0117ms \u0161alinti.<\/li>\n<li>Jo pagrind\u0105 sudaro r\u016bg\u0161\u010di\u0173 mi\u0161inys, kuris stipriai \u012fsiskverbia \u012f kiet\u0105 vanden\u012f ir veiksmingai tirpdo d\u0117l nus\u0117dusio vandens susidariusias nuos\u0117das.<\/li>\n<\/ul>\n<p style=\"text-align: left;\"><strong>Numatytas naudojimas:<\/strong><\/p>\n<p style=\"text-align: left;\">WATER SPOT REMOVER PRO yra paruo\u0161tas naudoti produktas, skirtas mineralin\u0117ms nuos\u0117doms nuo automobili\u0173 da\u017e\u0173 ir priekini\u0173 stikl\u0173 \u0161alinti.<\/p>\n<p style=\"text-align: left;\"><strong>Kaip naudoti?<\/strong><\/p>\n<ol style=\"text-align: left;\">\n<li style=\"text-align: left;\">Prie\u0161 tepdami pavir\u0161i\u0173 i\u0161plaukite \u0161amp\u016bnu ir nusausinkite.<\/li>\n<li style=\"text-align: left;\">Produkt\u0105 tepkite tiesiai ant lako arba \u0161varia mikropluo\u0161to \u0161luoste.<\/li>\n<li style=\"text-align: left;\">Nuvalykite plot\u0105 su vandens d\u0117m\u0117mis, Jei reikia, pakartokite veikl\u0105.<\/li>\n<li style=\"text-align: left;\">Po naudojimo dar kart\u0105 nuplaukite automobil\u012f.<\/li>\n<\/ol>","protected":false},"excerpt":{"rendered":"<p>WATER SPOT REMOVER PRO - tai produktas, skirtas kietojo vandens d\u0117m\u0117ms ir d\u0117m\u0117ms \u0161alinti. Jo pagrind\u0105 sudaro r\u016bg\u0161\u010di\u0173 mi\u0161inys, kuris stipriai \u012fsiskverbia \u012f kieto vandens nuos\u0117das ir veiksmingai tirpdo j\u0173 sukeltas nuos\u0117das. Idealiai tinka naudoti automobili\u0173 plovykloje, dirbtuv\u0117se ir namuose. Turi malon\u0173 m\u0117t\u0173 kvap\u0105.<\/p>","protected":false},"featured_media":4712,"template":"","meta":[],"product_brand":[],"product_cat":[892],"product_tag":[],"class_list":{"0":"post-4683","1":"product","2":"type-product","3":"status-publish","4":"has-post-thumbnail","6":"product_cat-vehicle-care","7":"product_provider-chemika","9":"first","10":"instock","11":"taxable","12":"shipping-taxable","13":"purchasable","14":"product-type-simple"},"aioseo_notices":[],"yoast_head":"<!-- This site is optimized with the Yoast SEO plugin v27.3 - https:\/\/yoast.com\/product\/yoast-seo-wordpress\/ -->\n<title>CHEMIKA Water Spot Remover 500ml - Fast Car Shop<\/title>\n<meta name=\"description\" content=\"WATER SPOT REMOVER PRO is a product dedicated to removing hard water stains and spots.\" \/>\n<meta name=\"robots\" content=\"index, follow, max-snippet:-1, max-image-preview:large, max-video-preview:-1\" \/>\n<link rel=\"canonical\" href=\"https:\/\/fastcar.shop\/lt\/produktas\/chemika-water-spot-remover-500ml\/\" \/>\n<meta property=\"og:locale\" content=\"lt_LT\" \/>\n<meta property=\"og:type\" content=\"article\" \/>\n<meta property=\"og:title\" content=\"CHEMIKA Water Spot Remover 500ml - Fast Car Shop\" \/>\n<meta property=\"og:description\" content=\"WATER SPOT REMOVER PRO is a product dedicated to removing hard water stains and spots.\" \/>\n<meta property=\"og:url\" content=\"https:\/\/fastcar.shop\/lt\/produktas\/chemika-water-spot-remover-500ml\/\" \/>\n<meta property=\"og:site_name\" content=\"Fast Car Shop\" \/>\n<meta property=\"article:publisher\" content=\"https:\/\/www.facebook.com\/FastcarLt?locale=lt_LT\" \/>\n<meta property=\"article:modified_time\" content=\"2026-02-11T14:25:53+00:00\" \/>\n<meta property=\"og:image\" content=\"https:\/\/fastcar.shop\/wp-content\/uploads\/2024\/12\/Chemika-Water-Spot-Remover.png\" \/>\n\t<meta property=\"og:image:width\" content=\"1200\" \/>\n\t<meta property=\"og:image:height\" content=\"1200\" \/>\n\t<meta property=\"og:image:type\" content=\"image\/png\" \/>\n<meta name=\"twitter:card\" content=\"summary_large_image\" \/>\n<meta name=\"twitter:label1\" content=\"Est. reading time\" \/>\n\t<meta name=\"twitter:data1\" content=\"1 minut\u0117\" \/>\n<!-- \/ Yoast SEO plugin. -->","yoast_head_json":{"title":"CHEMIKA Water Spot Remover 500ml - Fast Car Shop","description":"WATER SPOT REMOVER PRO is a product dedicated to removing hard water stains and spots.","robots":{"index":"index","follow":"follow","max-snippet":"max-snippet:-1","max-image-preview":"max-image-preview:large","max-video-preview":"max-video-preview:-1"},"canonical":"https:\/\/fastcar.shop\/lt\/produktas\/chemika-water-spot-remover-500ml\/","og_locale":"lt_LT","og_type":"article","og_title":"CHEMIKA Water Spot Remover 500ml - Fast Car Shop","og_description":"WATER SPOT REMOVER PRO is a product dedicated to removing hard water stains and spots.","og_url":"https:\/\/fastcar.shop\/lt\/produktas\/chemika-water-spot-remover-500ml\/","og_site_name":"Fast Car Shop","article_publisher":"https:\/\/www.facebook.com\/FastcarLt?locale=lt_LT","article_modified_time":"2026-02-11T14:25:53+00:00","og_image":[{"width":1200,"height":1200,"url":"https:\/\/fastcar.shop\/wp-content\/uploads\/2024\/12\/Chemika-Water-Spot-Remover.png","type":"image\/png"}],"twitter_card":"summary_large_image","twitter_misc":{"Est. reading time":"1 minut\u0117"},"schema":{"@context":"https:\/\/schema.org","@graph":[{"@type":"WebPage","@id":"https:\/\/fastcar.shop\/product\/chemika-water-spot-remover-500ml\/","url":"https:\/\/fastcar.shop\/product\/chemika-water-spot-remover-500ml\/","name":"CHEMIKA Water Spot Remover 500ml - Fast Car Shop","isPartOf":{"@id":"https:\/\/fastcar.shop\/#website"},"primaryImageOfPage":{"@id":"https:\/\/fastcar.shop\/product\/chemika-water-spot-remover-500ml\/#primaryimage"},"image":{"@id":"https:\/\/fastcar.shop\/product\/chemika-water-spot-remover-500ml\/#primaryimage"},"thumbnailUrl":"https:\/\/fastcar.shop\/wp-content\/uploads\/2024\/12\/Chemika-Water-Spot-Remover.png","datePublished":"2024-12-07T18:14:32+00:00","dateModified":"2026-02-11T14:25:53+00:00","description":"WATER SPOT REMOVER PRO is a product dedicated to removing hard water stains and spots.","breadcrumb":{"@id":"https:\/\/fastcar.shop\/product\/chemika-water-spot-remover-500ml\/#breadcrumb"},"inLanguage":"lt-LT","potentialAction":[{"@type":"ReadAction","target":["https:\/\/fastcar.shop\/product\/chemika-water-spot-remover-500ml\/"]}]},{"@type":"ImageObject","inLanguage":"lt-LT","@id":"https:\/\/fastcar.shop\/product\/chemika-water-spot-remover-500ml\/#primaryimage","url":"https:\/\/fastcar.shop\/wp-content\/uploads\/2024\/12\/Chemika-Water-Spot-Remover.png","contentUrl":"https:\/\/fastcar.shop\/wp-content\/uploads\/2024\/12\/Chemika-Water-Spot-Remover.png","width":1200,"height":1200},{"@type":"BreadcrumbList","@id":"https:\/\/fastcar.shop\/product\/chemika-water-spot-remover-500ml\/#breadcrumb","itemListElement":[{"@type":"ListItem","position":1,"name":"Home","item":"https:\/\/fastcar.shop\/"},{"@type":"ListItem","position":2,"name":"Shop","item":"https:\/\/fastcar.shop\/shop\/"},{"@type":"ListItem","position":3,"name":"CHEMIKA Water Spot Remover 500ml"}]},{"@type":"WebSite","@id":"https:\/\/fastcar.shop\/#website","url":"https:\/\/fastcar.shop\/","name":"Greit\u0173 automobili\u0173 parduotuv\u0117","description":"","publisher":{"@id":"https:\/\/fastcar.shop\/#organization"},"potentialAction":[{"@type":"SearchAction","target":{"@type":"EntryPoint","urlTemplate":"https:\/\/fastcar.shop\/?s={search_term_string}"},"query-input":{"@type":"PropertyValueSpecification","valueRequired":true,"valueName":"search_term_string"}}],"inLanguage":"lt-LT"},{"@type":"Organization","@id":"https:\/\/fastcar.shop\/#organization","name":"Fastcar.shop","url":"https:\/\/fastcar.shop\/","logo":{"@type":"ImageObject","inLanguage":"lt-LT","@id":"https:\/\/fastcar.shop\/#\/schema\/logo\/image\/","url":"https:\/\/fastcar.shop\/wp-content\/uploads\/2017\/08\/FCS_JPEG-01-scaled.jpg","contentUrl":"https:\/\/fastcar.shop\/wp-content\/uploads\/2017\/08\/FCS_JPEG-01-scaled.jpg","width":2560,"height":1379,"caption":"Fastcar.shop"},"image":{"@id":"https:\/\/fastcar.shop\/#\/schema\/logo\/image\/"},"sameAs":["https:\/\/www.facebook.com\/FastcarLt?locale=lt_LT","https:\/\/www.instagram.com\/fastcar.shop\/"]}]}},"jetpack_sharing_enabled":true,"_links":{"self":[{"href":"https:\/\/fastcar.shop\/lt\/wp-json\/wp\/v2\/product\/4683","targetHints":{"allow":["GET"]}}],"collection":[{"href":"https:\/\/fastcar.shop\/lt\/wp-json\/wp\/v2\/product"}],"about":[{"href":"https:\/\/fastcar.shop\/lt\/wp-json\/wp\/v2\/types\/product"}],"wp:featuredmedia":[{"embeddable":true,"href":"https:\/\/fastcar.shop\/lt\/wp-json\/wp\/v2\/media\/4712"}],"wp:attachment":[{"href":"https:\/\/fastcar.shop\/lt\/wp-json\/wp\/v2\/media?parent=4683"}],"wp:term":[{"taxonomy":"product_brand","embeddable":true,"href":"https:\/\/fastcar.shop\/lt\/wp-json\/wp\/v2\/product_brand?post=4683"},{"taxonomy":"product_cat","embeddable":true,"href":"https:\/\/fastcar.shop\/lt\/wp-json\/wp\/v2\/product_cat?post=4683"},{"taxonomy":"product_tag","embeddable":true,"href":"https:\/\/fastcar.shop\/lt\/wp-json\/wp\/v2\/product_tag?post=4683"}],"curies":[{"name":"wp","href":"https:\/\/api.w.org\/{rel}","templated":true}]}}