{"id":4680,"date":"2024-12-07T20:07:44","date_gmt":"2024-12-07T18:07:44","guid":{"rendered":"https:\/\/fastcar.shop\/?post_type=product&#038;p=4680"},"modified":"2026-02-11T16:26:29","modified_gmt":"2026-02-11T14:26:29","slug":"chemika-tire-satin-dressing-250ml","status":"publish","type":"product","link":"https:\/\/fastcar.shop\/lt\/product\/chemika-tire-satin-dressing-250ml\/","title":{"rendered":"CHEMIKA Tire Satin Dressing 250ml"},"content":{"rendered":"<p style=\"text-align: left;\"><strong>CHEMIKA Tire Satin Dressing 250ml<\/strong><\/p>\n<p style=\"text-align: left;\">TIRE SATIN DRESSING - SiO2 pagrindu padangoms sugr\u0105\u017einama nat\u016brali juoda spalva, o sud\u0117tyje esantys UV filtrai apsaugo padangas nuo parudavimo. Produkt\u0105 taip pat galima naudoti i\u0161orin\u0117ms plastikin\u0117ms dalims. D\u0117l savo turtingos formul\u0117s TIRE SATIN DRESSING labai ilgai i\u0161lieka ant pavir\u0161iaus, suteikdamas matin\u012f\/satino atspalv\u012f. Produkt\u0105 taip pat galima naudoti kaip preparat\u0105 nuo tarpikli\u0173 u\u017e\u0161alimo \u017eiem\u0105. Pada\u017eas suteikia didel\u012f hidrofobi\u0161kum\u0105, yra labai veiksmingas ir lengvai naudojamas, turintis turbo gumos kvap\u0105.<\/p>\n<p style=\"text-align: left;\"><strong>Kvapas:<\/strong> Guma TURBO<\/p>\n<p style=\"text-align: left;\"><strong>Savyb\u0117s:<\/strong><\/p>\n<ul style=\"text-align: left;\">\n<li>Labai didelis hidrofobi\u0161kumas<\/li>\n<li>SiO2 pagrindu atkuriamas padang\u0173 blizgesys ir nauja i\u0161vaizda<\/li>\n<li>Sud\u0117tyje yra UV filtr\u0173, kurie apsaugo padangas nuo parudavimo<\/li>\n<li>Preparat\u0105 taip pat galima naudoti i\u0161orin\u0117ms plastikin\u0117ms dalims ir nuo u\u017e\u0161alimo \u017eiem\u0105.<\/li>\n<li>Didelis na\u0161umas<\/li>\n<li>Ilgas laikymo laikas<\/li>\n<li>Satinin\u0117s apdailos efektas<\/li>\n<\/ul>\n<p style=\"text-align: left;\"><strong>Numatytas naudojimas:<\/strong><\/p>\n<p>TIRE SATIN DRESSING - tai paruo\u0161tas naudoti pada\u017eas, skirtas i\u0161orin\u0117ms gumin\u0117ms ir plastikin\u0117ms automobilio dalims pri\u017ei\u016br\u0117ti ir apsaugoti.<\/p>\n<p style=\"text-align: left;\"><strong>Kaip naudoti?<\/strong><\/p>\n<ol style=\"text-align: left;\">\n<li style=\"text-align: left;\">Produkt\u0105 tepkite tiesiai ant \u0161vari\u0173 padang\u0173 arba naudodami aplikatori\u0173.<\/li>\n<li style=\"text-align: left;\">Tolygiai paskirstykite produkt\u0105 ant padangos pavir\u0161iaus ir leiskite i\u0161d\u017ei\u016bti.<\/li>\n<li style=\"text-align: left;\">Jei yra perteklius, nuvalykite produkt\u0105 aplikatoriumi arba mikropluo\u0161tu.<\/li>\n<li style=\"text-align: left;\">Neskieskite ir nenaudokite ant \u012fkaitinto pavir\u0161iaus. Netepkite ant padang\u0173 protektori\u0173.<\/li>\n<\/ol>","protected":false},"excerpt":{"rendered":"<p>TIRE SATIN DRESSING - SiO2 pagrindu padangoms sugr\u0105\u017einama nat\u016brali juoda spalva, o sud\u0117tyje esantys UV filtrai apsaugo padangas nuo parudavimo. Produkt\u0105 taip pat galima naudoti i\u0161orin\u0117ms plastikin\u0117ms dalims. D\u0117l savo turtingos formul\u0117s TIRE SATIN DRESSING labai ilgai i\u0161lieka ant pavir\u0161iaus, suteikdamas matin\u012f\/satino atspalv\u012f. Produkt\u0105 taip pat galima naudoti kaip preparat\u0105 nuo tarpikli\u0173 u\u017e\u0161alimo \u017eiem\u0105. Pada\u017eas suteikia didel\u012f hidrofobi\u0161kum\u0105, yra labai veiksmingas ir lengvai naudojamas, turintis turbo gumos kvap\u0105.<\/p>","protected":false},"featured_media":4711,"template":"","meta":[],"product_brand":[],"product_cat":[892],"product_tag":[],"class_list":{"0":"post-4680","1":"product","2":"type-product","3":"status-publish","4":"has-post-thumbnail","6":"product_cat-vehicle-care","7":"product_provider-chemika","9":"first","10":"instock","11":"taxable","12":"shipping-taxable","13":"purchasable","14":"product-type-simple"},"aioseo_notices":[],"yoast_head":"<!-- This site is optimized with the Yoast SEO plugin v27.3 - https:\/\/yoast.com\/product\/yoast-seo-wordpress\/ -->\n<title>CHEMIKA Tire Satin Dressing 250ml - Fast Car Shop<\/title>\n<meta name=\"description\" content=\"TIRE SATIN DRESSING - based on SiO2 restores tires to their natural black color, and the UV filters contained in the product protect tires from browning.\" \/>\n<meta name=\"robots\" content=\"index, follow, max-snippet:-1, max-image-preview:large, max-video-preview:-1\" \/>\n<link rel=\"canonical\" href=\"https:\/\/fastcar.shop\/lt\/produktas\/chemika-tire-satin-dressing-250ml\/\" \/>\n<meta property=\"og:locale\" content=\"lt_LT\" \/>\n<meta property=\"og:type\" content=\"article\" \/>\n<meta property=\"og:title\" content=\"CHEMIKA Tire Satin Dressing 250ml - Fast Car Shop\" \/>\n<meta property=\"og:description\" content=\"TIRE SATIN DRESSING - based on SiO2 restores tires to their natural black color, and the UV filters contained in the product protect tires from browning.\" \/>\n<meta property=\"og:url\" content=\"https:\/\/fastcar.shop\/lt\/produktas\/chemika-tire-satin-dressing-250ml\/\" \/>\n<meta property=\"og:site_name\" content=\"Fast Car Shop\" \/>\n<meta property=\"article:publisher\" content=\"https:\/\/www.facebook.com\/FastcarLt?locale=lt_LT\" \/>\n<meta property=\"article:modified_time\" content=\"2026-02-11T14:26:29+00:00\" \/>\n<meta property=\"og:image\" content=\"https:\/\/fastcar.shop\/wp-content\/uploads\/2024\/12\/Chemika-Tire-Satin-Dressing.png\" \/>\n\t<meta property=\"og:image:width\" content=\"1000\" \/>\n\t<meta property=\"og:image:height\" content=\"1000\" \/>\n\t<meta property=\"og:image:type\" content=\"image\/png\" \/>\n<meta name=\"twitter:card\" content=\"summary_large_image\" \/>\n<meta name=\"twitter:label1\" content=\"Est. reading time\" \/>\n\t<meta name=\"twitter:data1\" content=\"2 minut\u0117s\" \/>\n<!-- \/ Yoast SEO plugin. -->","yoast_head_json":{"title":"CHEMIKA Tire Satin Dressing 250ml - Fast Car Shop","description":"TIRE SATIN DRESSING - based on SiO2 restores tires to their natural black color, and the UV filters contained in the product protect tires from browning.","robots":{"index":"index","follow":"follow","max-snippet":"max-snippet:-1","max-image-preview":"max-image-preview:large","max-video-preview":"max-video-preview:-1"},"canonical":"https:\/\/fastcar.shop\/lt\/produktas\/chemika-tire-satin-dressing-250ml\/","og_locale":"lt_LT","og_type":"article","og_title":"CHEMIKA Tire Satin Dressing 250ml - Fast Car Shop","og_description":"TIRE SATIN DRESSING - based on SiO2 restores tires to their natural black color, and the UV filters contained in the product protect tires from browning.","og_url":"https:\/\/fastcar.shop\/lt\/produktas\/chemika-tire-satin-dressing-250ml\/","og_site_name":"Fast Car Shop","article_publisher":"https:\/\/www.facebook.com\/FastcarLt?locale=lt_LT","article_modified_time":"2026-02-11T14:26:29+00:00","og_image":[{"width":1000,"height":1000,"url":"https:\/\/fastcar.shop\/wp-content\/uploads\/2024\/12\/Chemika-Tire-Satin-Dressing.png","type":"image\/png"}],"twitter_card":"summary_large_image","twitter_misc":{"Est. reading time":"2 minut\u0117s"},"schema":{"@context":"https:\/\/schema.org","@graph":[{"@type":"WebPage","@id":"https:\/\/fastcar.shop\/product\/chemika-tire-satin-dressing-250ml\/","url":"https:\/\/fastcar.shop\/product\/chemika-tire-satin-dressing-250ml\/","name":"CHEMIKA Tire Satin Dressing 250ml - Fast Car Shop","isPartOf":{"@id":"https:\/\/fastcar.shop\/#website"},"primaryImageOfPage":{"@id":"https:\/\/fastcar.shop\/product\/chemika-tire-satin-dressing-250ml\/#primaryimage"},"image":{"@id":"https:\/\/fastcar.shop\/product\/chemika-tire-satin-dressing-250ml\/#primaryimage"},"thumbnailUrl":"https:\/\/fastcar.shop\/wp-content\/uploads\/2024\/12\/Chemika-Tire-Satin-Dressing.png","datePublished":"2024-12-07T18:07:44+00:00","dateModified":"2026-02-11T14:26:29+00:00","description":"TIRE SATIN DRESSING - based on SiO2 restores tires to their natural black color, and the UV filters contained in the product protect tires from browning.","breadcrumb":{"@id":"https:\/\/fastcar.shop\/product\/chemika-tire-satin-dressing-250ml\/#breadcrumb"},"inLanguage":"lt-LT","potentialAction":[{"@type":"ReadAction","target":["https:\/\/fastcar.shop\/product\/chemika-tire-satin-dressing-250ml\/"]}]},{"@type":"ImageObject","inLanguage":"lt-LT","@id":"https:\/\/fastcar.shop\/product\/chemika-tire-satin-dressing-250ml\/#primaryimage","url":"https:\/\/fastcar.shop\/wp-content\/uploads\/2024\/12\/Chemika-Tire-Satin-Dressing.png","contentUrl":"https:\/\/fastcar.shop\/wp-content\/uploads\/2024\/12\/Chemika-Tire-Satin-Dressing.png","width":1000,"height":1000},{"@type":"BreadcrumbList","@id":"https:\/\/fastcar.shop\/product\/chemika-tire-satin-dressing-250ml\/#breadcrumb","itemListElement":[{"@type":"ListItem","position":1,"name":"Home","item":"https:\/\/fastcar.shop\/"},{"@type":"ListItem","position":2,"name":"Shop","item":"https:\/\/fastcar.shop\/shop\/"},{"@type":"ListItem","position":3,"name":"CHEMIKA Tire Satin Dressing 250ml"}]},{"@type":"WebSite","@id":"https:\/\/fastcar.shop\/#website","url":"https:\/\/fastcar.shop\/","name":"Greit\u0173 automobili\u0173 parduotuv\u0117","description":"","publisher":{"@id":"https:\/\/fastcar.shop\/#organization"},"potentialAction":[{"@type":"SearchAction","target":{"@type":"EntryPoint","urlTemplate":"https:\/\/fastcar.shop\/?s={search_term_string}"},"query-input":{"@type":"PropertyValueSpecification","valueRequired":true,"valueName":"search_term_string"}}],"inLanguage":"lt-LT"},{"@type":"Organization","@id":"https:\/\/fastcar.shop\/#organization","name":"Fastcar.shop","url":"https:\/\/fastcar.shop\/","logo":{"@type":"ImageObject","inLanguage":"lt-LT","@id":"https:\/\/fastcar.shop\/#\/schema\/logo\/image\/","url":"https:\/\/fastcar.shop\/wp-content\/uploads\/2017\/08\/FCS_JPEG-01-scaled.jpg","contentUrl":"https:\/\/fastcar.shop\/wp-content\/uploads\/2017\/08\/FCS_JPEG-01-scaled.jpg","width":2560,"height":1379,"caption":"Fastcar.shop"},"image":{"@id":"https:\/\/fastcar.shop\/#\/schema\/logo\/image\/"},"sameAs":["https:\/\/www.facebook.com\/FastcarLt?locale=lt_LT","https:\/\/www.instagram.com\/fastcar.shop\/"]}]}},"jetpack_sharing_enabled":true,"_links":{"self":[{"href":"https:\/\/fastcar.shop\/lt\/wp-json\/wp\/v2\/product\/4680","targetHints":{"allow":["GET"]}}],"collection":[{"href":"https:\/\/fastcar.shop\/lt\/wp-json\/wp\/v2\/product"}],"about":[{"href":"https:\/\/fastcar.shop\/lt\/wp-json\/wp\/v2\/types\/product"}],"wp:featuredmedia":[{"embeddable":true,"href":"https:\/\/fastcar.shop\/lt\/wp-json\/wp\/v2\/media\/4711"}],"wp:attachment":[{"href":"https:\/\/fastcar.shop\/lt\/wp-json\/wp\/v2\/media?parent=4680"}],"wp:term":[{"taxonomy":"product_brand","embeddable":true,"href":"https:\/\/fastcar.shop\/lt\/wp-json\/wp\/v2\/product_brand?post=4680"},{"taxonomy":"product_cat","embeddable":true,"href":"https:\/\/fastcar.shop\/lt\/wp-json\/wp\/v2\/product_cat?post=4680"},{"taxonomy":"product_tag","embeddable":true,"href":"https:\/\/fastcar.shop\/lt\/wp-json\/wp\/v2\/product_tag?post=4680"}],"curies":[{"name":"wp","href":"https:\/\/api.w.org\/{rel}","templated":true}]}}