{"id":4678,"date":"2024-12-07T19:59:19","date_gmt":"2024-12-07T17:59:19","guid":{"rendered":"https:\/\/fastcar.shop\/?post_type=product&#038;p=4678"},"modified":"2026-02-11T16:27:07","modified_gmt":"2026-02-11T14:27:07","slug":"chemika-surface-prep-500ml","status":"publish","type":"product","link":"https:\/\/fastcar.shop\/lt\/product\/chemika-surface-prep-500ml\/","title":{"rendered":"CHEMIKA Surface Prep 500ml"},"content":{"rendered":"<p style=\"text-align: left;\"><strong>CHEMIKA Surface Prep 500ml<\/strong><\/p>\n<p style=\"text-align: left;\">SURFACE PREP PRO - tai poliravimo liku\u010di\u0173 \u0161alinimo priemon\u0117, kuri paruo\u0161ia pavir\u0161i\u0173 va\u0161kui, dangoms ir sandarikliams. Specialiai sukurta formul\u0117, kurios pagrind\u0105 sudaro alkoholi\u0173 ir pavir\u0161inio aktyvumo med\u017eiag\u0173 mi\u0161inys, leid\u017eia palikti pavir\u0161i\u0173 be nereikaling\u0173 dry\u017ei\u0173, su maloniu egzoti\u0161ko mango kvapu.<\/p>\n<p style=\"text-align: left;\"><strong>Kvapas:<\/strong> Egzoti\u0161kas mangas<\/p>\n<p style=\"text-align: left;\"><strong>Savyb\u0117s:<\/strong><\/p>\n<ul style=\"text-align: left;\">\n<li>Paruo\u0161imas pastos liku\u010diams pa\u0161alinti Poliruoja, paruo\u0161ia pavir\u0161i\u0173 va\u0161kui, dangoms ir sandarikliams.<\/li>\n<li>Specialiai sukurta formul\u0117, kurios pagrind\u0105 sudaro alkoholi\u0173 ir pavir\u0161inio aktyvumo med\u017eiag\u0173 mi\u0161inys, leid\u017eia palikti pavir\u0161i\u0173 be nereikaling\u0173 dry\u017ei\u0173.<\/li>\n<\/ul>\n<p style=\"text-align: left;\"><strong>Numatytas naudojimas:<\/strong><\/p>\n<p style=\"text-align: left;\">SURFACE PREP PRO yra paruo\u0161tas naudoti produktas, skirtas automobili\u0173 da\u017eams nuriebalinti.<\/p>\n<p style=\"text-align: left;\"><strong>Kaip naudoti?<\/strong><\/p>\n<ol style=\"text-align: left;\">\n<li style=\"text-align: left;\">U\u017epurk\u0161kite produkto ant \u0161varaus, sauso mikropluo\u0161to.<\/li>\n<li style=\"text-align: left;\">Nuvalyt\u0105 plot\u0105 nuvalykite.<\/li>\n<li style=\"text-align: left;\">Poliruokite antr\u0105ja sausa mikropluo\u0161to \u0161luoste, kol produktas visi\u0161kai i\u0161garuos.<\/li>\n<li style=\"text-align: left;\">Neskieskite ir nenaudokite ant \u012fkaitinto pavir\u0161iaus.<\/li>\n<\/ol>","protected":false},"excerpt":{"rendered":"<p>SURFACE PREP PRO - tai poliravimo liku\u010di\u0173 \u0161alinimo priemon\u0117, kuri paruo\u0161ia pavir\u0161i\u0173 va\u0161kui, dangoms ir sandarikliams. Specialiai sukurta formul\u0117, kurios pagrind\u0105 sudaro alkoholi\u0173 ir pavir\u0161inio aktyvumo med\u017eiag\u0173 mi\u0161inys, leid\u017eia palikti pavir\u0161i\u0173 be nereikaling\u0173 dry\u017ei\u0173, su maloniu egzoti\u0161ko mango kvapu.<\/p>","protected":false},"featured_media":4710,"template":"","meta":[],"product_brand":[],"product_cat":[892],"product_tag":[],"class_list":{"0":"post-4678","1":"product","2":"type-product","3":"status-publish","4":"has-post-thumbnail","6":"product_cat-vehicle-care","7":"product_provider-chemika","9":"first","10":"instock","11":"taxable","12":"shipping-taxable","13":"purchasable","14":"product-type-simple"},"aioseo_notices":[],"yoast_head":"<!-- This site is optimized with the Yoast SEO plugin v27.3 - https:\/\/yoast.com\/product\/yoast-seo-wordpress\/ -->\n<title>CHEMIKA Surface Prep 500ml - Fast Car Shop<\/title>\n<meta name=\"description\" content=\"SURFACE PREP PRO is a polish residue remover, prepares the surface for wax, coatings and sealant application.\" \/>\n<meta name=\"robots\" content=\"index, follow, max-snippet:-1, max-image-preview:large, max-video-preview:-1\" \/>\n<link rel=\"canonical\" href=\"https:\/\/fastcar.shop\/lt\/produktas\/chemika-surface-prep-500ml\/\" \/>\n<meta property=\"og:locale\" content=\"lt_LT\" \/>\n<meta property=\"og:type\" content=\"article\" \/>\n<meta property=\"og:title\" content=\"CHEMIKA Surface Prep 500ml - Fast Car Shop\" \/>\n<meta property=\"og:description\" content=\"SURFACE PREP PRO is a polish residue remover, prepares the surface for wax, coatings and sealant application.\" \/>\n<meta property=\"og:url\" content=\"https:\/\/fastcar.shop\/lt\/produktas\/chemika-surface-prep-500ml\/\" \/>\n<meta property=\"og:site_name\" content=\"Fast Car Shop\" \/>\n<meta property=\"article:publisher\" content=\"https:\/\/www.facebook.com\/FastcarLt?locale=lt_LT\" \/>\n<meta property=\"article:modified_time\" content=\"2026-02-11T14:27:07+00:00\" \/>\n<meta property=\"og:image\" content=\"https:\/\/fastcar.shop\/wp-content\/uploads\/2024\/12\/Chemika-Surface-Prep.png\" \/>\n\t<meta property=\"og:image:width\" content=\"1200\" \/>\n\t<meta property=\"og:image:height\" content=\"1200\" \/>\n\t<meta property=\"og:image:type\" content=\"image\/png\" \/>\n<meta name=\"twitter:card\" content=\"summary_large_image\" \/>\n<meta name=\"twitter:label1\" content=\"Est. reading time\" \/>\n\t<meta name=\"twitter:data1\" content=\"1 minut\u0117\" \/>\n<!-- \/ Yoast SEO plugin. -->","yoast_head_json":{"title":"CHEMIKA Pavir\u0161iaus paruo\u0161imo priemon\u0117 500ml - Fast Car Shop","description":"SURFACE PREP PRO is a polish residue remover, prepares the surface for wax, coatings and sealant application.","robots":{"index":"index","follow":"follow","max-snippet":"max-snippet:-1","max-image-preview":"max-image-preview:large","max-video-preview":"max-video-preview:-1"},"canonical":"https:\/\/fastcar.shop\/lt\/produktas\/chemika-surface-prep-500ml\/","og_locale":"lt_LT","og_type":"article","og_title":"CHEMIKA Surface Prep 500ml - Fast Car Shop","og_description":"SURFACE PREP PRO is a polish residue remover, prepares the surface for wax, coatings and sealant application.","og_url":"https:\/\/fastcar.shop\/lt\/produktas\/chemika-surface-prep-500ml\/","og_site_name":"Fast Car Shop","article_publisher":"https:\/\/www.facebook.com\/FastcarLt?locale=lt_LT","article_modified_time":"2026-02-11T14:27:07+00:00","og_image":[{"width":1200,"height":1200,"url":"https:\/\/fastcar.shop\/wp-content\/uploads\/2024\/12\/Chemika-Surface-Prep.png","type":"image\/png"}],"twitter_card":"summary_large_image","twitter_misc":{"Est. reading time":"1 minut\u0117"},"schema":{"@context":"https:\/\/schema.org","@graph":[{"@type":"WebPage","@id":"https:\/\/fastcar.shop\/product\/chemika-surface-prep-500ml\/","url":"https:\/\/fastcar.shop\/product\/chemika-surface-prep-500ml\/","name":"CHEMIKA Pavir\u0161iaus paruo\u0161imo priemon\u0117 500ml - Fast Car Shop","isPartOf":{"@id":"https:\/\/fastcar.shop\/#website"},"primaryImageOfPage":{"@id":"https:\/\/fastcar.shop\/product\/chemika-surface-prep-500ml\/#primaryimage"},"image":{"@id":"https:\/\/fastcar.shop\/product\/chemika-surface-prep-500ml\/#primaryimage"},"thumbnailUrl":"https:\/\/fastcar.shop\/wp-content\/uploads\/2024\/12\/Chemika-Surface-Prep.png","datePublished":"2024-12-07T17:59:19+00:00","dateModified":"2026-02-11T14:27:07+00:00","description":"SURFACE PREP PRO is a polish residue remover, prepares the surface for wax, coatings and sealant application.","breadcrumb":{"@id":"https:\/\/fastcar.shop\/product\/chemika-surface-prep-500ml\/#breadcrumb"},"inLanguage":"lt-LT","potentialAction":[{"@type":"ReadAction","target":["https:\/\/fastcar.shop\/product\/chemika-surface-prep-500ml\/"]}]},{"@type":"ImageObject","inLanguage":"lt-LT","@id":"https:\/\/fastcar.shop\/product\/chemika-surface-prep-500ml\/#primaryimage","url":"https:\/\/fastcar.shop\/wp-content\/uploads\/2024\/12\/Chemika-Surface-Prep.png","contentUrl":"https:\/\/fastcar.shop\/wp-content\/uploads\/2024\/12\/Chemika-Surface-Prep.png","width":1200,"height":1200},{"@type":"BreadcrumbList","@id":"https:\/\/fastcar.shop\/product\/chemika-surface-prep-500ml\/#breadcrumb","itemListElement":[{"@type":"ListItem","position":1,"name":"Home","item":"https:\/\/fastcar.shop\/"},{"@type":"ListItem","position":2,"name":"Shop","item":"https:\/\/fastcar.shop\/shop\/"},{"@type":"ListItem","position":3,"name":"CHEMIKA Surface Prep 500ml"}]},{"@type":"WebSite","@id":"https:\/\/fastcar.shop\/#website","url":"https:\/\/fastcar.shop\/","name":"Greit\u0173 automobili\u0173 parduotuv\u0117","description":"","publisher":{"@id":"https:\/\/fastcar.shop\/#organization"},"potentialAction":[{"@type":"SearchAction","target":{"@type":"EntryPoint","urlTemplate":"https:\/\/fastcar.shop\/?s={search_term_string}"},"query-input":{"@type":"PropertyValueSpecification","valueRequired":true,"valueName":"search_term_string"}}],"inLanguage":"lt-LT"},{"@type":"Organization","@id":"https:\/\/fastcar.shop\/#organization","name":"Fastcar.shop","url":"https:\/\/fastcar.shop\/","logo":{"@type":"ImageObject","inLanguage":"lt-LT","@id":"https:\/\/fastcar.shop\/#\/schema\/logo\/image\/","url":"https:\/\/fastcar.shop\/wp-content\/uploads\/2017\/08\/FCS_JPEG-01-scaled.jpg","contentUrl":"https:\/\/fastcar.shop\/wp-content\/uploads\/2017\/08\/FCS_JPEG-01-scaled.jpg","width":2560,"height":1379,"caption":"Fastcar.shop"},"image":{"@id":"https:\/\/fastcar.shop\/#\/schema\/logo\/image\/"},"sameAs":["https:\/\/www.facebook.com\/FastcarLt?locale=lt_LT","https:\/\/www.instagram.com\/fastcar.shop\/"]}]}},"jetpack_sharing_enabled":true,"_links":{"self":[{"href":"https:\/\/fastcar.shop\/lt\/wp-json\/wp\/v2\/product\/4678","targetHints":{"allow":["GET"]}}],"collection":[{"href":"https:\/\/fastcar.shop\/lt\/wp-json\/wp\/v2\/product"}],"about":[{"href":"https:\/\/fastcar.shop\/lt\/wp-json\/wp\/v2\/types\/product"}],"wp:featuredmedia":[{"embeddable":true,"href":"https:\/\/fastcar.shop\/lt\/wp-json\/wp\/v2\/media\/4710"}],"wp:attachment":[{"href":"https:\/\/fastcar.shop\/lt\/wp-json\/wp\/v2\/media?parent=4678"}],"wp:term":[{"taxonomy":"product_brand","embeddable":true,"href":"https:\/\/fastcar.shop\/lt\/wp-json\/wp\/v2\/product_brand?post=4678"},{"taxonomy":"product_cat","embeddable":true,"href":"https:\/\/fastcar.shop\/lt\/wp-json\/wp\/v2\/product_cat?post=4678"},{"taxonomy":"product_tag","embeddable":true,"href":"https:\/\/fastcar.shop\/lt\/wp-json\/wp\/v2\/product_tag?post=4678"}],"curies":[{"name":"wp","href":"https:\/\/api.w.org\/{rel}","templated":true}]}}