{"id":4676,"date":"2024-12-07T19:51:29","date_gmt":"2024-12-07T17:51:29","guid":{"rendered":"https:\/\/fastcar.shop\/?post_type=product&#038;p=4676"},"modified":"2024-12-10T14:45:11","modified_gmt":"2024-12-10T12:45:11","slug":"chemika-satin-coat-500ml","status":"publish","type":"product","link":"https:\/\/fastcar.shop\/lt\/product\/chemika-satin-coat-500ml\/","title":{"rendered":"CHEMIKA Satin Coat 500ml"},"content":{"rendered":"<p style=\"text-align: left;\"><strong>CHEMIKA Satin Coat 500ml<\/strong><\/p>\n<p style=\"text-align: left;\">SATIN COAT sukuria ilgalaik\u0119 antistatin\u0119 dang\u0105, kuri apsaugo nuo purvo kaupimosi, o joje esantys UV filtrai apsaugo vid\u0173 nuo blukimo ir \u012ftr\u016bkim\u0173. Ji palieka satinin\u0119 apdail\u0105, stipriai tamsinan\u010di\u0105, be dry\u017ei\u0173 ir \u017eymi\u0173. Pada\u017eas yra labai veiksmingas ir lengvai naudojamas. Kvepia apelsin\u0173 \u017eievel\u0117mis.<\/p>\n<p style=\"text-align: left;\"><strong>Kvapas: <\/strong>Apelsino \u017eievel\u0117<\/p>\n<p style=\"text-align: left;\"><strong>Savyb\u0117s:<\/strong><\/p>\n<ul style=\"text-align: left;\">\n<li>Apsaugo nuo purvo nus\u0117dimo<\/li>\n<li>Ilgalaik\u0117 antistatin\u0117 danga<\/li>\n<li>Sud\u0117tyje yra UV filtr\u0173<\/li>\n<li>Apsaugo nuo plastiko dali\u0173 blukimo ir \u012ftr\u016bkim\u0173<\/li>\n<li>Satinin\u0117s apdailos efektas<\/li>\n<li>Viduje nelieka dry\u017ei\u0173 ir \u017eymi\u0173<\/li>\n<li>Plastiko patams\u0117jimas<\/li>\n<\/ul>\n<p style=\"text-align: left;\"><strong>Numatytas naudojimas:<\/strong><\/p>\n<p style=\"text-align: left;\">\u201eDressing\u201c yra paruo\u0161tas naudoti produktas, skirtas pri\u017ei\u016br\u0117ti ir apsaugoti tokius vidaus pavir\u0161ius kaip plastikas, guma, vinilas ir anglis.<\/p>\n<p style=\"text-align: left;\"><strong>Kaip naudoti?<\/strong><\/p>\n<ol style=\"text-align: left;\">\n<li style=\"text-align: left;\">Nuvalykite pavir\u0161i\u0173.<\/li>\n<li style=\"text-align: left;\">Tepkite produkt\u0105 ant aplikatoriaus arba tiesiai ant pavir\u0161iaus.<\/li>\n<li style=\"text-align: left;\">Paskirstykite produkt\u0105 sukamaisiais judesiais.<\/li>\n<li style=\"text-align: left;\">Pertekli\u0173 nuvalykite sausa mikropluo\u0161to \u0161luoste.<\/li>\n<li style=\"text-align: left;\">Neskieskite ir nenaudokite ant \u012fkaitinto pavir\u0161iaus.<\/li>\n<\/ol>","protected":false},"excerpt":{"rendered":"<p>SATIN COAT sukuria ilgalaik\u0119 antistatin\u0119 dang\u0105, kuri apsaugo nuo purvo kaupimosi, o joje esantys UV filtrai apsaugo vid\u0173 nuo blukimo ir \u012ftr\u016bkim\u0173. Ji palieka satinin\u0119 apdail\u0105, stipriai tamsinan\u010di\u0105, be dry\u017ei\u0173 ir \u017eymi\u0173. Pada\u017eas yra labai veiksmingas ir lengvai naudojamas. Kvepia apelsin\u0173 \u017eievel\u0117mis.<\/p>","protected":false},"featured_media":4709,"template":"","meta":[],"product_brand":[],"product_cat":[892],"product_tag":[],"class_list":{"0":"post-4676","1":"product","2":"type-product","3":"status-publish","4":"has-post-thumbnail","6":"product_cat-vehicle-care","7":"product_provider-chemika","9":"first","10":"instock","11":"taxable","12":"shipping-taxable","13":"purchasable","14":"product-type-simple"},"aioseo_notices":[],"yoast_head":"<!-- This site is optimized with the Yoast SEO plugin v27.3 - https:\/\/yoast.com\/product\/yoast-seo-wordpress\/ -->\n<title>CHEMIKA Satin Coat 500ml - Fast Car Shop<\/title>\n<meta name=\"description\" content=\"SATIN COAT creates a long-lasting anti-static coating that prevents dirt buildup, and the UV filters it contains protect the interior from fading and cracking.\" \/>\n<meta name=\"robots\" content=\"index, follow, max-snippet:-1, max-image-preview:large, max-video-preview:-1\" \/>\n<link rel=\"canonical\" href=\"https:\/\/fastcar.shop\/lt\/produktas\/chemika-satin-coat-500ml\/\" \/>\n<meta property=\"og:locale\" content=\"lt_LT\" \/>\n<meta property=\"og:type\" content=\"article\" \/>\n<meta property=\"og:title\" content=\"CHEMIKA Satin Coat 500ml - Fast Car Shop\" \/>\n<meta property=\"og:description\" content=\"SATIN COAT creates a long-lasting anti-static coating that prevents dirt buildup, and the UV filters it contains protect the interior from fading and cracking.\" \/>\n<meta property=\"og:url\" content=\"https:\/\/fastcar.shop\/lt\/produktas\/chemika-satin-coat-500ml\/\" \/>\n<meta property=\"og:site_name\" content=\"Fast Car Shop\" \/>\n<meta property=\"article:publisher\" content=\"https:\/\/www.facebook.com\/FastcarLt?locale=lt_LT\" \/>\n<meta property=\"article:modified_time\" content=\"2024-12-10T12:45:11+00:00\" \/>\n<meta property=\"og:image\" content=\"https:\/\/fastcar.shop\/wp-content\/uploads\/2024\/12\/Chemika-Satin-Coat.png\" \/>\n\t<meta property=\"og:image:width\" content=\"1200\" \/>\n\t<meta property=\"og:image:height\" content=\"1200\" \/>\n\t<meta property=\"og:image:type\" content=\"image\/png\" \/>\n<meta name=\"twitter:card\" content=\"summary_large_image\" \/>\n<meta name=\"twitter:label1\" content=\"Est. reading time\" \/>\n\t<meta name=\"twitter:data1\" content=\"1 minut\u0117\" \/>\n<!-- \/ Yoast SEO plugin. -->","yoast_head_json":{"title":"CHEMIKA Satin Coat 500ml - Fast Car Shop","description":"SATIN COAT creates a long-lasting anti-static coating that prevents dirt buildup, and the UV filters it contains protect the interior from fading and cracking.","robots":{"index":"index","follow":"follow","max-snippet":"max-snippet:-1","max-image-preview":"max-image-preview:large","max-video-preview":"max-video-preview:-1"},"canonical":"https:\/\/fastcar.shop\/lt\/produktas\/chemika-satin-coat-500ml\/","og_locale":"lt_LT","og_type":"article","og_title":"CHEMIKA Satin Coat 500ml - Fast Car Shop","og_description":"SATIN COAT creates a long-lasting anti-static coating that prevents dirt buildup, and the UV filters it contains protect the interior from fading and cracking.","og_url":"https:\/\/fastcar.shop\/lt\/produktas\/chemika-satin-coat-500ml\/","og_site_name":"Fast Car Shop","article_publisher":"https:\/\/www.facebook.com\/FastcarLt?locale=lt_LT","article_modified_time":"2024-12-10T12:45:11+00:00","og_image":[{"width":1200,"height":1200,"url":"https:\/\/fastcar.shop\/wp-content\/uploads\/2024\/12\/Chemika-Satin-Coat.png","type":"image\/png"}],"twitter_card":"summary_large_image","twitter_misc":{"Est. reading time":"1 minut\u0117"},"schema":{"@context":"https:\/\/schema.org","@graph":[{"@type":"WebPage","@id":"https:\/\/fastcar.shop\/product\/chemika-satin-coat-500ml\/","url":"https:\/\/fastcar.shop\/product\/chemika-satin-coat-500ml\/","name":"CHEMIKA Satin Coat 500ml - Fast Car Shop","isPartOf":{"@id":"https:\/\/fastcar.shop\/#website"},"primaryImageOfPage":{"@id":"https:\/\/fastcar.shop\/product\/chemika-satin-coat-500ml\/#primaryimage"},"image":{"@id":"https:\/\/fastcar.shop\/product\/chemika-satin-coat-500ml\/#primaryimage"},"thumbnailUrl":"https:\/\/fastcar.shop\/wp-content\/uploads\/2024\/12\/Chemika-Satin-Coat.png","datePublished":"2024-12-07T17:51:29+00:00","dateModified":"2024-12-10T12:45:11+00:00","description":"SATIN COAT creates a long-lasting anti-static coating that prevents dirt buildup, and the UV filters it contains protect the interior from fading and cracking.","breadcrumb":{"@id":"https:\/\/fastcar.shop\/product\/chemika-satin-coat-500ml\/#breadcrumb"},"inLanguage":"lt-LT","potentialAction":[{"@type":"ReadAction","target":["https:\/\/fastcar.shop\/product\/chemika-satin-coat-500ml\/"]}]},{"@type":"ImageObject","inLanguage":"lt-LT","@id":"https:\/\/fastcar.shop\/product\/chemika-satin-coat-500ml\/#primaryimage","url":"https:\/\/fastcar.shop\/wp-content\/uploads\/2024\/12\/Chemika-Satin-Coat.png","contentUrl":"https:\/\/fastcar.shop\/wp-content\/uploads\/2024\/12\/Chemika-Satin-Coat.png","width":1200,"height":1200},{"@type":"BreadcrumbList","@id":"https:\/\/fastcar.shop\/product\/chemika-satin-coat-500ml\/#breadcrumb","itemListElement":[{"@type":"ListItem","position":1,"name":"Home","item":"https:\/\/fastcar.shop\/"},{"@type":"ListItem","position":2,"name":"Shop","item":"https:\/\/fastcar.shop\/shop\/"},{"@type":"ListItem","position":3,"name":"CHEMIKA Satin Coat 500ml"}]},{"@type":"WebSite","@id":"https:\/\/fastcar.shop\/#website","url":"https:\/\/fastcar.shop\/","name":"Greit\u0173 automobili\u0173 parduotuv\u0117","description":"","publisher":{"@id":"https:\/\/fastcar.shop\/#organization"},"potentialAction":[{"@type":"SearchAction","target":{"@type":"EntryPoint","urlTemplate":"https:\/\/fastcar.shop\/?s={search_term_string}"},"query-input":{"@type":"PropertyValueSpecification","valueRequired":true,"valueName":"search_term_string"}}],"inLanguage":"lt-LT"},{"@type":"Organization","@id":"https:\/\/fastcar.shop\/#organization","name":"Fastcar.shop","url":"https:\/\/fastcar.shop\/","logo":{"@type":"ImageObject","inLanguage":"lt-LT","@id":"https:\/\/fastcar.shop\/#\/schema\/logo\/image\/","url":"https:\/\/fastcar.shop\/wp-content\/uploads\/2017\/08\/FCS_JPEG-01-scaled.jpg","contentUrl":"https:\/\/fastcar.shop\/wp-content\/uploads\/2017\/08\/FCS_JPEG-01-scaled.jpg","width":2560,"height":1379,"caption":"Fastcar.shop"},"image":{"@id":"https:\/\/fastcar.shop\/#\/schema\/logo\/image\/"},"sameAs":["https:\/\/www.facebook.com\/FastcarLt?locale=lt_LT","https:\/\/www.instagram.com\/fastcar.shop\/"]}]}},"jetpack_sharing_enabled":true,"_links":{"self":[{"href":"https:\/\/fastcar.shop\/lt\/wp-json\/wp\/v2\/product\/4676","targetHints":{"allow":["GET"]}}],"collection":[{"href":"https:\/\/fastcar.shop\/lt\/wp-json\/wp\/v2\/product"}],"about":[{"href":"https:\/\/fastcar.shop\/lt\/wp-json\/wp\/v2\/types\/product"}],"wp:featuredmedia":[{"embeddable":true,"href":"https:\/\/fastcar.shop\/lt\/wp-json\/wp\/v2\/media\/4709"}],"wp:attachment":[{"href":"https:\/\/fastcar.shop\/lt\/wp-json\/wp\/v2\/media?parent=4676"}],"wp:term":[{"taxonomy":"product_brand","embeddable":true,"href":"https:\/\/fastcar.shop\/lt\/wp-json\/wp\/v2\/product_brand?post=4676"},{"taxonomy":"product_cat","embeddable":true,"href":"https:\/\/fastcar.shop\/lt\/wp-json\/wp\/v2\/product_cat?post=4676"},{"taxonomy":"product_tag","embeddable":true,"href":"https:\/\/fastcar.shop\/lt\/wp-json\/wp\/v2\/product_tag?post=4676"}],"curies":[{"name":"wp","href":"https:\/\/api.w.org\/{rel}","templated":true}]}}