{"id":4674,"date":"2024-12-07T19:41:37","date_gmt":"2024-12-07T17:41:37","guid":{"rendered":"https:\/\/fastcar.shop\/?post_type=product&#038;p=4674"},"modified":"2024-12-10T14:47:16","modified_gmt":"2024-12-10T12:47:16","slug":"chemika-neutral-shampoo-500ml","status":"publish","type":"product","link":"https:\/\/fastcar.shop\/lt\/product\/chemika-neutral-shampoo-500ml\/","title":{"rendered":"CHEMIKA Neutral Shampoo 500ml"},"content":{"rendered":"<p style=\"text-align: left;\"><strong>CHEMIKA Neutral Shampoo 500ml<\/strong><\/p>\n<p style=\"text-align: left;\">NEUTRAL SHAMPOO yra koncentruotas neutralus ploviklis, pasi\u017eymintis puikiomis valomosiomis savyb\u0117mis ir puikiai susidorojantis su \u012fsisen\u0117jusiais ne\u0161varumais, tokiais kaip keli\u0173 ir atmosferos ter\u0161alai, alyvos ir riebal\u0173 d\u0117m\u0117s. Jis yra malonaus g\u0117li\u0173 kvapo ir sukuria sodrias putas, kurios pa\u0161alina sm\u0117lio ir dulki\u0173 daleli\u0173 \u012fbr\u0117\u017eim\u0173 ant da\u017e\u0173 rizik\u0105. Ant plaunamo pavir\u0161iaus sukuria apsaugin\u012f, blizgant\u012f sluoksn\u012f ir nepalieka dry\u017ei\u0173.<\/p>\n<p style=\"text-align: left;\"><strong>Kvapas: <\/strong>Magnolijos ir lotosai<\/p>\n<p style=\"text-align: left;\"><strong>Savyb\u0117s:<\/strong><\/p>\n<ul style=\"text-align: left;\">\n<li>Koncentruota, neutrali priemon\u0117, pasi\u017eyminti puikiomis plovimo savyb\u0117mis<\/li>\n<li>Jis puikiai susidoroja su \u012fsisen\u0117jusiais ne\u0161varumais, tokiais kaip keli\u0173 ir atmosferos ter\u0161alai, alyvos ir riebal\u0173 d\u0117m\u0117s.<\/li>\n<li>Susidaro gausios putos, kurios pa\u0161alina rizik\u0105, kad da\u017eai bus subrai\u017eyti sm\u0117lio ir dulki\u0173 dalel\u0117mis.<\/li>\n<li>Sukuria apsaugin\u012f, blizgant\u012f sluoksn\u012f<\/li>\n<li>Nepalieka dry\u017ei\u0173<\/li>\n<\/ul>\n<p style=\"text-align: left;\"><strong>Numatytas naudojimas:<\/strong><\/p>\n<p style=\"text-align: left;\">NEUTRAL SHAMPOO skirtas nuolatinei automobilio k\u0117bulo prie\u017ei\u016brai.<\/p>\n<p style=\"text-align: left;\"><strong>Kaip naudoti?<\/strong><\/p>\n<ol style=\"text-align: left;\">\n<li style=\"text-align: left;\">Prie\u0161 naudojim\u0105 suplakite.<\/li>\n<li style=\"text-align: left;\">Atskieskite koncentrat\u0105 pagal santyk\u012f 30-80ml su 10l vandens.<\/li>\n<li style=\"text-align: left;\">Paruo\u0161t\u0105 tirpal\u0105 pir\u0161tine arba kempine u\u017etepkite ant pa\u017eeistos vietos ir palikite kuriam laikui.<\/li>\n<li style=\"text-align: left;\">Nuplaukite pavir\u0161i\u0173 susl\u0117gtu vandeniu.<\/li>\n<li style=\"text-align: left;\">Do not allow the preparation to dry on the the surface. Do not apply to a heated surface.<\/li>\n<\/ol>","protected":false},"excerpt":{"rendered":"<p>NEUTRAL SHAMPOO yra koncentruotas neutralus ploviklis, pasi\u017eymintis puikiomis valomosiomis savyb\u0117mis ir puikiai susidorojantis su \u012fsisen\u0117jusiais ne\u0161varumais, tokiais kaip keli\u0173 ir atmosferos ter\u0161alai, alyvos ir riebal\u0173 d\u0117m\u0117s. Jis yra malonaus g\u0117li\u0173 kvapo ir sukuria sodrias putas, kurios pa\u0161alina sm\u0117lio ir dulki\u0173 daleli\u0173 \u012fbr\u0117\u017eim\u0173 ant da\u017e\u0173 rizik\u0105. Ant plaunamo pavir\u0161iaus sukuria apsaugin\u012f, blizgant\u012f sluoksn\u012f ir nepalieka dry\u017ei\u0173.<\/p>","protected":false},"featured_media":4708,"template":"","meta":[],"product_brand":[],"product_cat":[892],"product_tag":[],"class_list":{"0":"post-4674","1":"product","2":"type-product","3":"status-publish","4":"has-post-thumbnail","6":"product_cat-vehicle-care","7":"product_provider-chemika","9":"first","10":"instock","11":"taxable","12":"shipping-taxable","13":"purchasable","14":"product-type-simple"},"aioseo_notices":[],"yoast_head":"<!-- This site is optimized with the Yoast SEO plugin v27.3 - https:\/\/yoast.com\/product\/yoast-seo-wordpress\/ -->\n<title>CHEMIKA Neutral Shampoo 500ml - Fast Car Shop<\/title>\n<meta name=\"description\" content=\"NEUTRAL SHAMPOO is a concentrated neutral detergent with excellent cleaning properties, which excels in dealing with stubborn dirt such as road and atmospheric pollutants, oil and grease stains.\" \/>\n<meta name=\"robots\" content=\"index, follow, max-snippet:-1, max-image-preview:large, max-video-preview:-1\" \/>\n<link rel=\"canonical\" href=\"https:\/\/fastcar.shop\/lt\/produktas\/chemika-neutral-shampoo-500ml\/\" \/>\n<meta property=\"og:locale\" content=\"lt_LT\" \/>\n<meta property=\"og:type\" content=\"article\" \/>\n<meta property=\"og:title\" content=\"CHEMIKA Neutral Shampoo 500ml - Fast Car Shop\" \/>\n<meta property=\"og:description\" content=\"NEUTRAL SHAMPOO is a concentrated neutral detergent with excellent cleaning properties, which excels in dealing with stubborn dirt such as road and atmospheric pollutants, oil and grease stains.\" \/>\n<meta property=\"og:url\" content=\"https:\/\/fastcar.shop\/lt\/produktas\/chemika-neutral-shampoo-500ml\/\" \/>\n<meta property=\"og:site_name\" content=\"Fast Car Shop\" \/>\n<meta property=\"article:publisher\" content=\"https:\/\/www.facebook.com\/FastcarLt?locale=lt_LT\" \/>\n<meta property=\"article:modified_time\" content=\"2024-12-10T12:47:16+00:00\" \/>\n<meta property=\"og:image\" content=\"https:\/\/fastcar.shop\/wp-content\/uploads\/2024\/12\/Chemika-Neutral-Shampoo.png\" \/>\n\t<meta property=\"og:image:width\" content=\"1200\" \/>\n\t<meta property=\"og:image:height\" content=\"1200\" \/>\n\t<meta property=\"og:image:type\" content=\"image\/png\" \/>\n<meta name=\"twitter:card\" content=\"summary_large_image\" \/>\n<meta name=\"twitter:label1\" content=\"Est. reading time\" \/>\n\t<meta name=\"twitter:data1\" content=\"2 minut\u0117s\" \/>\n<!-- \/ Yoast SEO plugin. -->","yoast_head_json":{"title":"CHEMIKA Neutral Shampoo 500ml - Fast Car Shop","description":"NEUTRAL SHAMPOO is a concentrated neutral detergent with excellent cleaning properties, which excels in dealing with stubborn dirt such as road and atmospheric pollutants, oil and grease stains.","robots":{"index":"index","follow":"follow","max-snippet":"max-snippet:-1","max-image-preview":"max-image-preview:large","max-video-preview":"max-video-preview:-1"},"canonical":"https:\/\/fastcar.shop\/lt\/produktas\/chemika-neutral-shampoo-500ml\/","og_locale":"lt_LT","og_type":"article","og_title":"CHEMIKA Neutral Shampoo 500ml - Fast Car Shop","og_description":"NEUTRAL SHAMPOO is a concentrated neutral detergent with excellent cleaning properties, which excels in dealing with stubborn dirt such as road and atmospheric pollutants, oil and grease stains.","og_url":"https:\/\/fastcar.shop\/lt\/produktas\/chemika-neutral-shampoo-500ml\/","og_site_name":"Fast Car Shop","article_publisher":"https:\/\/www.facebook.com\/FastcarLt?locale=lt_LT","article_modified_time":"2024-12-10T12:47:16+00:00","og_image":[{"width":1200,"height":1200,"url":"https:\/\/fastcar.shop\/wp-content\/uploads\/2024\/12\/Chemika-Neutral-Shampoo.png","type":"image\/png"}],"twitter_card":"summary_large_image","twitter_misc":{"Est. reading time":"2 minut\u0117s"},"schema":{"@context":"https:\/\/schema.org","@graph":[{"@type":"WebPage","@id":"https:\/\/fastcar.shop\/product\/chemika-neutral-shampoo-500ml\/","url":"https:\/\/fastcar.shop\/product\/chemika-neutral-shampoo-500ml\/","name":"CHEMIKA Neutral Shampoo 500ml - Fast Car Shop","isPartOf":{"@id":"https:\/\/fastcar.shop\/#website"},"primaryImageOfPage":{"@id":"https:\/\/fastcar.shop\/product\/chemika-neutral-shampoo-500ml\/#primaryimage"},"image":{"@id":"https:\/\/fastcar.shop\/product\/chemika-neutral-shampoo-500ml\/#primaryimage"},"thumbnailUrl":"https:\/\/fastcar.shop\/wp-content\/uploads\/2024\/12\/Chemika-Neutral-Shampoo.png","datePublished":"2024-12-07T17:41:37+00:00","dateModified":"2024-12-10T12:47:16+00:00","description":"NEUTRAL SHAMPOO is a concentrated neutral detergent with excellent cleaning properties, which excels in dealing with stubborn dirt such as road and atmospheric pollutants, oil and grease stains.","breadcrumb":{"@id":"https:\/\/fastcar.shop\/product\/chemika-neutral-shampoo-500ml\/#breadcrumb"},"inLanguage":"lt-LT","potentialAction":[{"@type":"ReadAction","target":["https:\/\/fastcar.shop\/product\/chemika-neutral-shampoo-500ml\/"]}]},{"@type":"ImageObject","inLanguage":"lt-LT","@id":"https:\/\/fastcar.shop\/product\/chemika-neutral-shampoo-500ml\/#primaryimage","url":"https:\/\/fastcar.shop\/wp-content\/uploads\/2024\/12\/Chemika-Neutral-Shampoo.png","contentUrl":"https:\/\/fastcar.shop\/wp-content\/uploads\/2024\/12\/Chemika-Neutral-Shampoo.png","width":1200,"height":1200},{"@type":"BreadcrumbList","@id":"https:\/\/fastcar.shop\/product\/chemika-neutral-shampoo-500ml\/#breadcrumb","itemListElement":[{"@type":"ListItem","position":1,"name":"Home","item":"https:\/\/fastcar.shop\/"},{"@type":"ListItem","position":2,"name":"Shop","item":"https:\/\/fastcar.shop\/shop\/"},{"@type":"ListItem","position":3,"name":"CHEMIKA Neutral Shampoo 500ml"}]},{"@type":"WebSite","@id":"https:\/\/fastcar.shop\/#website","url":"https:\/\/fastcar.shop\/","name":"Greit\u0173 automobili\u0173 parduotuv\u0117","description":"","publisher":{"@id":"https:\/\/fastcar.shop\/#organization"},"potentialAction":[{"@type":"SearchAction","target":{"@type":"EntryPoint","urlTemplate":"https:\/\/fastcar.shop\/?s={search_term_string}"},"query-input":{"@type":"PropertyValueSpecification","valueRequired":true,"valueName":"search_term_string"}}],"inLanguage":"lt-LT"},{"@type":"Organization","@id":"https:\/\/fastcar.shop\/#organization","name":"Fastcar.shop","url":"https:\/\/fastcar.shop\/","logo":{"@type":"ImageObject","inLanguage":"lt-LT","@id":"https:\/\/fastcar.shop\/#\/schema\/logo\/image\/","url":"https:\/\/fastcar.shop\/wp-content\/uploads\/2017\/08\/FCS_JPEG-01-scaled.jpg","contentUrl":"https:\/\/fastcar.shop\/wp-content\/uploads\/2017\/08\/FCS_JPEG-01-scaled.jpg","width":2560,"height":1379,"caption":"Fastcar.shop"},"image":{"@id":"https:\/\/fastcar.shop\/#\/schema\/logo\/image\/"},"sameAs":["https:\/\/www.facebook.com\/FastcarLt?locale=lt_LT","https:\/\/www.instagram.com\/fastcar.shop\/"]}]}},"jetpack_sharing_enabled":true,"_links":{"self":[{"href":"https:\/\/fastcar.shop\/lt\/wp-json\/wp\/v2\/product\/4674","targetHints":{"allow":["GET"]}}],"collection":[{"href":"https:\/\/fastcar.shop\/lt\/wp-json\/wp\/v2\/product"}],"about":[{"href":"https:\/\/fastcar.shop\/lt\/wp-json\/wp\/v2\/types\/product"}],"wp:featuredmedia":[{"embeddable":true,"href":"https:\/\/fastcar.shop\/lt\/wp-json\/wp\/v2\/media\/4708"}],"wp:attachment":[{"href":"https:\/\/fastcar.shop\/lt\/wp-json\/wp\/v2\/media?parent=4674"}],"wp:term":[{"taxonomy":"product_brand","embeddable":true,"href":"https:\/\/fastcar.shop\/lt\/wp-json\/wp\/v2\/product_brand?post=4674"},{"taxonomy":"product_cat","embeddable":true,"href":"https:\/\/fastcar.shop\/lt\/wp-json\/wp\/v2\/product_cat?post=4674"},{"taxonomy":"product_tag","embeddable":true,"href":"https:\/\/fastcar.shop\/lt\/wp-json\/wp\/v2\/product_tag?post=4674"}],"curies":[{"name":"wp","href":"https:\/\/api.w.org\/{rel}","templated":true}]}}