{"id":4672,"date":"2024-12-07T19:35:30","date_gmt":"2024-12-07T17:35:30","guid":{"rendered":"https:\/\/fastcar.shop\/?post_type=product&#038;p=4672"},"modified":"2024-12-10T14:48:50","modified_gmt":"2024-12-10T12:48:50","slug":"chemika-leather-conditioner-150ml","status":"publish","type":"product","link":"https:\/\/fastcar.shop\/lt\/product\/chemika-leather-conditioner-150ml\/","title":{"rendered":"CHEMIKA Leather Conditioner 150ml"},"content":{"rendered":"<p style=\"text-align: left;\"><strong>CHEMIKA Leather Conditioner 150ml<\/strong><\/p>\n<p style=\"text-align: left;\">CHEMIKA LEATHER CONDITIONER naudojamas lygios odos tarnavimo laikui pailginti. \u0160i priemon\u0117 kartu su karnaubo va\u0161ku ant pavir\u0161iaus sudaro naujovi\u0161k\u0105 dang\u0105, kuri yra absoliu\u010diai atspari bet kokiam purvui ir dr\u0117gmei. Ji apsaugo od\u0105 nuo i\u0161saus\u0117jimo ir \u012ftr\u016bkim\u0173, o UV filtrai neleid\u017eia odai i\u0161blukti. LEATHER CONDITIONER atkuria nat\u016bralias spalvas, pri\u017ei\u016bri od\u0105 ir u\u017epildo \u012fbr\u0117\u017eimus, tod\u0117l garantuoja ger\u0105 b\u016bkl\u0119 ir estetik\u0105. Apsaugot\u0105 pavir\u0161i\u0173 tampa lengviau pri\u017ei\u016br\u0117ti, nes ant odos besikaupiantys ne\u0161varumai susiduria su apsauginiu barjeru, kuris suma\u017eina j\u0173 nus\u0117dim\u0105.<\/p>\n<p style=\"text-align: left;\"><strong>Kvapas<\/strong>: Medus<\/p>\n<p style=\"text-align: left;\"><strong>Savyb\u0117s:<\/strong><\/p>\n<ul style=\"text-align: left;\">\n<li>Kondicionierius naudojamas lygios odos ilgaam\u017ei\u0161kumui pailginti<\/li>\n<li>Sud\u0117tyje yra karnaubo va\u0161ko<\/li>\n<li>Sukuria apsaugin\u012f barjer\u0105, ma\u017einant\u012f purvo nus\u0117dim\u0105<\/li>\n<li>Apsaugo od\u0105 nuo i\u0161saus\u0117jimo ir \u012ftr\u016bkim\u0173<\/li>\n<li>Sud\u0117tyje yra UV filtr\u0173, apsaugan\u010di\u0173 nuo i\u0161blukimo<\/li>\n<li>Atkuria nat\u016brali\u0105 spalv\u0105<\/li>\n<li>Jis u\u017epildo \u012fbr\u0117\u017eimus, tod\u0117l garantuoja ger\u0105 b\u016bkl\u0119 ir estetik\u0105<\/li>\n<\/ul>\n<p style=\"text-align: left;\"><strong>Numatytas naudojimas:<\/strong><\/p>\n<p style=\"text-align: left;\">LEATHER CONDITIONER skirtas automobili\u0173 ir bald\u0173 odini\u0173 apmu\u0161al\u0173 prie\u017ei\u016brai.<\/p>\n<p style=\"text-align: left;\"><strong>Kaip naudoti?<\/strong><\/p>\n<ol style=\"text-align: left;\">\n<li style=\"text-align: left;\">Prie\u0161 naudojim\u0105 suplakite.<\/li>\n<li style=\"text-align: left;\">Produkt\u0105 visada tepkite ant sauso ir \u0161varaus pavir\u0161iaus.<\/li>\n<li style=\"text-align: left;\">U\u017epurk\u0161kite plon\u0105 priemon\u0117s sluoksn\u012f ir paskleiskite preparat\u0105 ant impregnuoto pavir\u0161iaus.<\/li>\n<li style=\"text-align: left;\">Leiskite i\u0161d\u017ei\u016bti.<\/li>\n<li style=\"text-align: left;\">Technin\u0117 prie\u017ei\u016bra tur\u0117t\u0173 b\u016bti atliekama kas 3-6 m\u0117nesius.<\/li>\n<\/ol>","protected":false},"excerpt":{"rendered":"<p>CHEMIKA LEATHER CONDITIONER naudojamas lygios odos tarnavimo laikui pailginti. \u0160i priemon\u0117 kartu su karnaubo va\u0161ku ant pavir\u0161iaus sudaro naujovi\u0161k\u0105 dang\u0105, kuri yra absoliu\u010diai atspari bet kokiam purvui ir dr\u0117gmei. Ji apsaugo od\u0105 nuo i\u0161saus\u0117jimo ir \u012ftr\u016bkim\u0173, o UV filtrai neleid\u017eia odai i\u0161blukti. LEATHER CONDITIONER atkuria nat\u016bralias spalvas, pri\u017ei\u016bri od\u0105 ir u\u017epildo \u012fbr\u0117\u017eimus, tod\u0117l garantuoja ger\u0105 b\u016bkl\u0119 ir estetik\u0105. Apsaugot\u0105 pavir\u0161i\u0173 tampa lengviau pri\u017ei\u016br\u0117ti, nes ant odos besikaupiantys ne\u0161varumai susiduria su apsauginiu barjeru, kuris suma\u017eina j\u0173 nus\u0117dim\u0105.<\/p>","protected":false},"featured_media":4707,"template":"","meta":[],"product_brand":[],"product_cat":[892],"product_tag":[],"class_list":{"0":"post-4672","1":"product","2":"type-product","3":"status-publish","4":"has-post-thumbnail","6":"product_cat-vehicle-care","7":"product_provider-chemika","9":"first","10":"instock","11":"taxable","12":"shipping-taxable","13":"purchasable","14":"product-type-simple"},"aioseo_notices":[],"yoast_head":"<!-- This site is optimized with the Yoast SEO plugin v27.5 - https:\/\/yoast.com\/product\/yoast-seo-wordpress\/ -->\n<title>CHEMIKA Leather Conditioner 150ml - Fast Car Shop<\/title>\n<meta name=\"description\" content=\"CHEMIKA LEATHER CONDITIONER is used to extend the life of smooth leather. This agent, combined with carnauba wax, forms an innovative coating on the surface that is absolute against all kinds of dirt and moisture.\" \/>\n<meta name=\"robots\" content=\"index, follow, max-snippet:-1, max-image-preview:large, max-video-preview:-1\" \/>\n<link rel=\"canonical\" href=\"https:\/\/fastcar.shop\/lt\/produktas\/chemika-leather-conditioner-150ml\/\" \/>\n<meta property=\"og:locale\" content=\"lt_LT\" \/>\n<meta property=\"og:type\" content=\"article\" \/>\n<meta property=\"og:title\" content=\"CHEMIKA Leather Conditioner 150ml - Fast Car Shop\" \/>\n<meta property=\"og:description\" content=\"CHEMIKA LEATHER CONDITIONER is used to extend the life of smooth leather. This agent, combined with carnauba wax, forms an innovative coating on the surface that is absolute against all kinds of dirt and moisture.\" \/>\n<meta property=\"og:url\" content=\"https:\/\/fastcar.shop\/lt\/produktas\/chemika-leather-conditioner-150ml\/\" \/>\n<meta property=\"og:site_name\" content=\"Fast Car Shop\" \/>\n<meta property=\"article:publisher\" content=\"https:\/\/www.facebook.com\/FastcarLt?locale=lt_LT\" \/>\n<meta property=\"article:modified_time\" content=\"2024-12-10T12:48:50+00:00\" \/>\n<meta property=\"og:image\" content=\"https:\/\/fastcar.shop\/wp-content\/uploads\/2024\/12\/Chemika-Leather-Conditioner.png\" \/>\n\t<meta property=\"og:image:width\" content=\"1200\" \/>\n\t<meta property=\"og:image:height\" content=\"1200\" \/>\n\t<meta property=\"og:image:type\" content=\"image\/png\" \/>\n<meta name=\"twitter:card\" content=\"summary_large_image\" \/>\n<meta name=\"twitter:label1\" content=\"Est. reading time\" \/>\n\t<meta name=\"twitter:data1\" content=\"2 minut\u0117s\" \/>\n<!-- \/ Yoast SEO plugin. -->","yoast_head_json":{"title":"CHEMIKA Leather Conditioner 150ml - Fast Car Shop","description":"CHEMIKA LEATHER CONDITIONER is used to extend the life of smooth leather. This agent, combined with carnauba wax, forms an innovative coating on the surface that is absolute against all kinds of dirt and moisture.","robots":{"index":"index","follow":"follow","max-snippet":"max-snippet:-1","max-image-preview":"max-image-preview:large","max-video-preview":"max-video-preview:-1"},"canonical":"https:\/\/fastcar.shop\/lt\/produktas\/chemika-leather-conditioner-150ml\/","og_locale":"lt_LT","og_type":"article","og_title":"CHEMIKA Leather Conditioner 150ml - Fast Car Shop","og_description":"CHEMIKA LEATHER CONDITIONER is used to extend the life of smooth leather. This agent, combined with carnauba wax, forms an innovative coating on the surface that is absolute against all kinds of dirt and moisture.","og_url":"https:\/\/fastcar.shop\/lt\/produktas\/chemika-leather-conditioner-150ml\/","og_site_name":"Fast Car Shop","article_publisher":"https:\/\/www.facebook.com\/FastcarLt?locale=lt_LT","article_modified_time":"2024-12-10T12:48:50+00:00","og_image":[{"width":1200,"height":1200,"url":"https:\/\/fastcar.shop\/wp-content\/uploads\/2024\/12\/Chemika-Leather-Conditioner.png","type":"image\/png"}],"twitter_card":"summary_large_image","twitter_misc":{"Est. reading time":"2 minut\u0117s"},"schema":{"@context":"https:\/\/schema.org","@graph":[{"@type":"WebPage","@id":"https:\/\/fastcar.shop\/product\/chemika-leather-conditioner-150ml\/","url":"https:\/\/fastcar.shop\/product\/chemika-leather-conditioner-150ml\/","name":"CHEMIKA Leather Conditioner 150ml - Fast Car Shop","isPartOf":{"@id":"https:\/\/fastcar.shop\/#website"},"primaryImageOfPage":{"@id":"https:\/\/fastcar.shop\/product\/chemika-leather-conditioner-150ml\/#primaryimage"},"image":{"@id":"https:\/\/fastcar.shop\/product\/chemika-leather-conditioner-150ml\/#primaryimage"},"thumbnailUrl":"https:\/\/fastcar.shop\/wp-content\/uploads\/2024\/12\/Chemika-Leather-Conditioner.png","datePublished":"2024-12-07T17:35:30+00:00","dateModified":"2024-12-10T12:48:50+00:00","description":"CHEMIKA LEATHER CONDITIONER is used to extend the life of smooth leather. This agent, combined with carnauba wax, forms an innovative coating on the surface that is absolute against all kinds of dirt and moisture.","breadcrumb":{"@id":"https:\/\/fastcar.shop\/product\/chemika-leather-conditioner-150ml\/#breadcrumb"},"inLanguage":"lt-LT","potentialAction":[{"@type":"ReadAction","target":["https:\/\/fastcar.shop\/product\/chemika-leather-conditioner-150ml\/"]}]},{"@type":"ImageObject","inLanguage":"lt-LT","@id":"https:\/\/fastcar.shop\/product\/chemika-leather-conditioner-150ml\/#primaryimage","url":"https:\/\/fastcar.shop\/wp-content\/uploads\/2024\/12\/Chemika-Leather-Conditioner.png","contentUrl":"https:\/\/fastcar.shop\/wp-content\/uploads\/2024\/12\/Chemika-Leather-Conditioner.png","width":1200,"height":1200},{"@type":"BreadcrumbList","@id":"https:\/\/fastcar.shop\/product\/chemika-leather-conditioner-150ml\/#breadcrumb","itemListElement":[{"@type":"ListItem","position":1,"name":"Home","item":"https:\/\/fastcar.shop\/"},{"@type":"ListItem","position":2,"name":"Shop","item":"https:\/\/fastcar.shop\/shop\/"},{"@type":"ListItem","position":3,"name":"CHEMIKA Leather Conditioner 150ml"}]},{"@type":"WebSite","@id":"https:\/\/fastcar.shop\/#website","url":"https:\/\/fastcar.shop\/","name":"Greit\u0173 automobili\u0173 parduotuv\u0117","description":"","publisher":{"@id":"https:\/\/fastcar.shop\/#organization"},"potentialAction":[{"@type":"SearchAction","target":{"@type":"EntryPoint","urlTemplate":"https:\/\/fastcar.shop\/?s={search_term_string}"},"query-input":{"@type":"PropertyValueSpecification","valueRequired":true,"valueName":"search_term_string"}}],"inLanguage":"lt-LT"},{"@type":"Organization","@id":"https:\/\/fastcar.shop\/#organization","name":"Fastcar.shop","url":"https:\/\/fastcar.shop\/","logo":{"@type":"ImageObject","inLanguage":"lt-LT","@id":"https:\/\/fastcar.shop\/#\/schema\/logo\/image\/","url":"https:\/\/fastcar.shop\/wp-content\/uploads\/2017\/08\/FCS_JPEG-01-scaled.jpg","contentUrl":"https:\/\/fastcar.shop\/wp-content\/uploads\/2017\/08\/FCS_JPEG-01-scaled.jpg","width":2560,"height":1379,"caption":"Fastcar.shop"},"image":{"@id":"https:\/\/fastcar.shop\/#\/schema\/logo\/image\/"},"sameAs":["https:\/\/www.facebook.com\/FastcarLt?locale=lt_LT","https:\/\/www.instagram.com\/fastcar.shop\/"]}]}},"jetpack_sharing_enabled":true,"_links":{"self":[{"href":"https:\/\/fastcar.shop\/lt\/wp-json\/wp\/v2\/product\/4672","targetHints":{"allow":["GET"]}}],"collection":[{"href":"https:\/\/fastcar.shop\/lt\/wp-json\/wp\/v2\/product"}],"about":[{"href":"https:\/\/fastcar.shop\/lt\/wp-json\/wp\/v2\/types\/product"}],"wp:featuredmedia":[{"embeddable":true,"href":"https:\/\/fastcar.shop\/lt\/wp-json\/wp\/v2\/media\/4707"}],"wp:attachment":[{"href":"https:\/\/fastcar.shop\/lt\/wp-json\/wp\/v2\/media?parent=4672"}],"wp:term":[{"taxonomy":"product_brand","embeddable":true,"href":"https:\/\/fastcar.shop\/lt\/wp-json\/wp\/v2\/product_brand?post=4672"},{"taxonomy":"product_cat","embeddable":true,"href":"https:\/\/fastcar.shop\/lt\/wp-json\/wp\/v2\/product_cat?post=4672"},{"taxonomy":"product_tag","embeddable":true,"href":"https:\/\/fastcar.shop\/lt\/wp-json\/wp\/v2\/product_tag?post=4672"}],"curies":[{"name":"wp","href":"https:\/\/api.w.org\/{rel}","templated":true}]}}