{"id":4670,"date":"2024-12-07T19:27:18","date_gmt":"2024-12-07T17:27:18","guid":{"rendered":"https:\/\/fastcar.shop\/?post_type=product&#038;p=4670"},"modified":"2024-12-10T14:50:22","modified_gmt":"2024-12-10T12:50:22","slug":"chemika-leather-cleaner-200ml","status":"publish","type":"product","link":"https:\/\/fastcar.shop\/lt\/product\/chemika-leather-cleaner-200ml\/","title":{"rendered":"CHEMIKA Leather Cleaner 200ml"},"content":{"rendered":"<p style=\"text-align: left;\"><strong>CHEMIKA Leather Cleaner 200ml<\/strong><\/p>\n<p style=\"text-align: left;\">LEATHER CLEANER yra profesionalus odini\u0173 apmu\u0161al\u0173 valiklis, kuris giliai \u012fsiskverbia \u012f odos sluoksnius ir pa\u0161alina ne\u0161varumus bei riebias d\u0117mes. D\u0117l atrinkt\u0173 ir \u0161velni\u0173 ingredient\u0173 jis nesukelia odos \u012ftr\u016bkim\u0173 ir d\u017ei\u016bvimo, yra saugus jos spalvai. Priemon\u0117 pa\u0161alina nemalonius kvapus, o naudojant putojimo \u012frengin\u012f galima i\u0161gauti tir\u0161tas putas.<\/p>\n<p style=\"text-align: left;\"><strong>Kvapas: <\/strong>Medus<\/p>\n<p style=\"text-align: left;\"><strong>Savyb\u0117s:<\/strong><\/p>\n<ul style=\"text-align: left;\">\n<li>Giliai \u012fsiskverbia \u012f odos sluoksnius<\/li>\n<li>Pa\u0161alina ne\u0161varumus ir riebias d\u0117mes<\/li>\n<li>Atrinkti ir \u0161veln\u016bs ingredientai, nesukeliantys odos \u012ftr\u016bkim\u0173 ir i\u0161saus\u0117jimo<\/li>\n<li>Nekei\u010dia odos spalvos<\/li>\n<li>Pa\u0161alina nemalonius kvapus<\/li>\n<li>Naudojant put\u0173 gaminimo \u012frengin\u012f galima i\u0161gauti tir\u0161tas putas<\/li>\n<\/ul>\n<p style=\"text-align: left;\"><strong>Numatytas naudojimas:<\/strong><\/p>\n<p style=\"text-align: left;\">Priemon\u0117 skirta odai ir automobilio salonui valyti ir kasdienei prie\u017ei\u016brai.<\/p>\n<p style=\"text-align: left;\"><strong>Kaip naudoti?<\/strong><\/p>\n<ol style=\"text-align: left;\">\n<li style=\"text-align: left;\">Tolygiai paskirstykite produkt\u0105 ant odos pavir\u0161iaus.<\/li>\n<li style=\"text-align: left;\">\u012emasa\u017euokite j\u012f su mikropluo\u0161to, jei reikia, naudokite mink\u0161t\u0105 \u0161epet\u0117l\u012f, kad pasiektum\u0117te giliai \u012f poras.<\/li>\n<li style=\"text-align: left;\">Tada nuvalykite pavir\u0161ius \u0161varia mikropluo\u0161to \u0161luoste, kad pa\u0161alintum\u0117te i\u0161valytus ne\u0161varumus.<\/li>\n<li style=\"text-align: left;\">Neskieskite. Prie\u0161 naudojim\u0105 suplakite.<\/li>\n<\/ol>","protected":false},"excerpt":{"rendered":"<p>LEATHER CLEANER yra profesionalus odini\u0173 apmu\u0161al\u0173 valiklis, kuris giliai \u012fsiskverbia \u012f odos sluoksnius ir pa\u0161alina ne\u0161varumus bei riebias d\u0117mes. D\u0117l atrinkt\u0173 ir \u0161velni\u0173 ingredient\u0173 jis nesukelia odos \u012ftr\u016bkim\u0173 ir d\u017ei\u016bvimo, yra saugus jos spalvai. Priemon\u0117 pa\u0161alina nemalonius kvapus, o naudojant putojimo \u012frengin\u012f galima i\u0161gauti tir\u0161tas putas.<\/p>","protected":false},"featured_media":4706,"template":"","meta":[],"product_brand":[],"product_cat":[892],"product_tag":[],"class_list":{"0":"post-4670","1":"product","2":"type-product","3":"status-publish","4":"has-post-thumbnail","6":"product_cat-vehicle-care","7":"product_provider-chemika","9":"first","10":"instock","11":"taxable","12":"shipping-taxable","13":"purchasable","14":"product-type-simple"},"aioseo_notices":[],"yoast_head":"<!-- This site is optimized with the Yoast SEO plugin v27.5 - https:\/\/yoast.com\/product\/yoast-seo-wordpress\/ -->\n<title>CHEMIKA Leather Cleaner 200ml - Fast Car Shop<\/title>\n<meta name=\"description\" content=\"LEATHER CLEANER is a professional leather upholstery cleaner that deeply penetrates the layers of leather while eliminating dirt and greasy stains.\" \/>\n<meta name=\"robots\" content=\"index, follow, max-snippet:-1, max-image-preview:large, max-video-preview:-1\" \/>\n<link rel=\"canonical\" href=\"https:\/\/fastcar.shop\/lt\/produktas\/chemika-leather-cleaner-200ml\/\" \/>\n<meta property=\"og:locale\" content=\"lt_LT\" \/>\n<meta property=\"og:type\" content=\"article\" \/>\n<meta property=\"og:title\" content=\"CHEMIKA Leather Cleaner 200ml - Fast Car Shop\" \/>\n<meta property=\"og:description\" content=\"LEATHER CLEANER is a professional leather upholstery cleaner that deeply penetrates the layers of leather while eliminating dirt and greasy stains.\" \/>\n<meta property=\"og:url\" content=\"https:\/\/fastcar.shop\/lt\/produktas\/chemika-leather-cleaner-200ml\/\" \/>\n<meta property=\"og:site_name\" content=\"Fast Car Shop\" \/>\n<meta property=\"article:publisher\" content=\"https:\/\/www.facebook.com\/FastcarLt?locale=lt_LT\" \/>\n<meta property=\"article:modified_time\" content=\"2024-12-10T12:50:22+00:00\" \/>\n<meta property=\"og:image\" content=\"https:\/\/fastcar.shop\/wp-content\/uploads\/2024\/12\/Chemika-Leather-Cleaner.png\" \/>\n\t<meta property=\"og:image:width\" content=\"1200\" \/>\n\t<meta property=\"og:image:height\" content=\"1200\" \/>\n\t<meta property=\"og:image:type\" content=\"image\/png\" \/>\n<meta name=\"twitter:card\" content=\"summary_large_image\" \/>\n<meta name=\"twitter:label1\" content=\"Est. reading time\" \/>\n\t<meta name=\"twitter:data1\" content=\"2 minut\u0117s\" \/>\n<!-- \/ Yoast SEO plugin. -->","yoast_head_json":{"title":"CHEMIKA Leather Cleaner 200ml - Fast Car Shop","description":"LEATHER CLEANER is a professional leather upholstery cleaner that deeply penetrates the layers of leather while eliminating dirt and greasy stains.","robots":{"index":"index","follow":"follow","max-snippet":"max-snippet:-1","max-image-preview":"max-image-preview:large","max-video-preview":"max-video-preview:-1"},"canonical":"https:\/\/fastcar.shop\/lt\/produktas\/chemika-leather-cleaner-200ml\/","og_locale":"lt_LT","og_type":"article","og_title":"CHEMIKA Leather Cleaner 200ml - Fast Car Shop","og_description":"LEATHER CLEANER is a professional leather upholstery cleaner that deeply penetrates the layers of leather while eliminating dirt and greasy stains.","og_url":"https:\/\/fastcar.shop\/lt\/produktas\/chemika-leather-cleaner-200ml\/","og_site_name":"Fast Car Shop","article_publisher":"https:\/\/www.facebook.com\/FastcarLt?locale=lt_LT","article_modified_time":"2024-12-10T12:50:22+00:00","og_image":[{"width":1200,"height":1200,"url":"https:\/\/fastcar.shop\/wp-content\/uploads\/2024\/12\/Chemika-Leather-Cleaner.png","type":"image\/png"}],"twitter_card":"summary_large_image","twitter_misc":{"Est. reading time":"2 minut\u0117s"},"schema":{"@context":"https:\/\/schema.org","@graph":[{"@type":"WebPage","@id":"https:\/\/fastcar.shop\/product\/chemika-leather-cleaner-200ml\/","url":"https:\/\/fastcar.shop\/product\/chemika-leather-cleaner-200ml\/","name":"CHEMIKA Leather Cleaner 200ml - Fast Car Shop","isPartOf":{"@id":"https:\/\/fastcar.shop\/#website"},"primaryImageOfPage":{"@id":"https:\/\/fastcar.shop\/product\/chemika-leather-cleaner-200ml\/#primaryimage"},"image":{"@id":"https:\/\/fastcar.shop\/product\/chemika-leather-cleaner-200ml\/#primaryimage"},"thumbnailUrl":"https:\/\/fastcar.shop\/wp-content\/uploads\/2024\/12\/Chemika-Leather-Cleaner.png","datePublished":"2024-12-07T17:27:18+00:00","dateModified":"2024-12-10T12:50:22+00:00","description":"LEATHER CLEANER is a professional leather upholstery cleaner that deeply penetrates the layers of leather while eliminating dirt and greasy stains.","breadcrumb":{"@id":"https:\/\/fastcar.shop\/product\/chemika-leather-cleaner-200ml\/#breadcrumb"},"inLanguage":"lt-LT","potentialAction":[{"@type":"ReadAction","target":["https:\/\/fastcar.shop\/product\/chemika-leather-cleaner-200ml\/"]}]},{"@type":"ImageObject","inLanguage":"lt-LT","@id":"https:\/\/fastcar.shop\/product\/chemika-leather-cleaner-200ml\/#primaryimage","url":"https:\/\/fastcar.shop\/wp-content\/uploads\/2024\/12\/Chemika-Leather-Cleaner.png","contentUrl":"https:\/\/fastcar.shop\/wp-content\/uploads\/2024\/12\/Chemika-Leather-Cleaner.png","width":1200,"height":1200},{"@type":"BreadcrumbList","@id":"https:\/\/fastcar.shop\/product\/chemika-leather-cleaner-200ml\/#breadcrumb","itemListElement":[{"@type":"ListItem","position":1,"name":"Home","item":"https:\/\/fastcar.shop\/"},{"@type":"ListItem","position":2,"name":"Shop","item":"https:\/\/fastcar.shop\/shop\/"},{"@type":"ListItem","position":3,"name":"CHEMIKA Leather Cleaner 200ml"}]},{"@type":"WebSite","@id":"https:\/\/fastcar.shop\/#website","url":"https:\/\/fastcar.shop\/","name":"Greit\u0173 automobili\u0173 parduotuv\u0117","description":"","publisher":{"@id":"https:\/\/fastcar.shop\/#organization"},"potentialAction":[{"@type":"SearchAction","target":{"@type":"EntryPoint","urlTemplate":"https:\/\/fastcar.shop\/?s={search_term_string}"},"query-input":{"@type":"PropertyValueSpecification","valueRequired":true,"valueName":"search_term_string"}}],"inLanguage":"lt-LT"},{"@type":"Organization","@id":"https:\/\/fastcar.shop\/#organization","name":"Fastcar.shop","url":"https:\/\/fastcar.shop\/","logo":{"@type":"ImageObject","inLanguage":"lt-LT","@id":"https:\/\/fastcar.shop\/#\/schema\/logo\/image\/","url":"https:\/\/fastcar.shop\/wp-content\/uploads\/2017\/08\/FCS_JPEG-01-scaled.jpg","contentUrl":"https:\/\/fastcar.shop\/wp-content\/uploads\/2017\/08\/FCS_JPEG-01-scaled.jpg","width":2560,"height":1379,"caption":"Fastcar.shop"},"image":{"@id":"https:\/\/fastcar.shop\/#\/schema\/logo\/image\/"},"sameAs":["https:\/\/www.facebook.com\/FastcarLt?locale=lt_LT","https:\/\/www.instagram.com\/fastcar.shop\/"]}]}},"jetpack_sharing_enabled":true,"_links":{"self":[{"href":"https:\/\/fastcar.shop\/lt\/wp-json\/wp\/v2\/product\/4670","targetHints":{"allow":["GET"]}}],"collection":[{"href":"https:\/\/fastcar.shop\/lt\/wp-json\/wp\/v2\/product"}],"about":[{"href":"https:\/\/fastcar.shop\/lt\/wp-json\/wp\/v2\/types\/product"}],"wp:featuredmedia":[{"embeddable":true,"href":"https:\/\/fastcar.shop\/lt\/wp-json\/wp\/v2\/media\/4706"}],"wp:attachment":[{"href":"https:\/\/fastcar.shop\/lt\/wp-json\/wp\/v2\/media?parent=4670"}],"wp:term":[{"taxonomy":"product_brand","embeddable":true,"href":"https:\/\/fastcar.shop\/lt\/wp-json\/wp\/v2\/product_brand?post=4670"},{"taxonomy":"product_cat","embeddable":true,"href":"https:\/\/fastcar.shop\/lt\/wp-json\/wp\/v2\/product_cat?post=4670"},{"taxonomy":"product_tag","embeddable":true,"href":"https:\/\/fastcar.shop\/lt\/wp-json\/wp\/v2\/product_tag?post=4670"}],"curies":[{"name":"wp","href":"https:\/\/api.w.org\/{rel}","templated":true}]}}