{"id":4668,"date":"2024-12-07T19:18:41","date_gmt":"2024-12-07T17:18:41","guid":{"rendered":"https:\/\/fastcar.shop\/?post_type=product&#038;p=4668"},"modified":"2024-12-10T14:52:08","modified_gmt":"2024-12-10T12:52:08","slug":"chemika-iron-remover-500ml","status":"publish","type":"product","link":"https:\/\/fastcar.shop\/lt\/product\/chemika-iron-remover-500ml\/","title":{"rendered":"CHEMIKA Iron Remover 500ml"},"content":{"rendered":"<p style=\"text-align: left;\"><strong>CHEMIKA Iron Remover 500ml<\/strong><\/p>\n<p style=\"text-align: left;\">IRON REMOVER yra profesionalus ratlanki\u0173 valiklis su korozijos inhibitoriais. Specialiai sukurta formul\u0117 leid\u017eia veiksmingai valyti ratlankius ir stabd\u017eius nuo purvo, dulki\u0173, stabd\u017ei\u0173 trinkeli\u0173 kalad\u0117li\u0173 nuos\u0117d\u0173, metalini\u0173 ne\u0161varum\u0173 ir r\u016bd\u017ei\u0173. Pageidautina ir b\u016bdinga produkto savyb\u0117 - po s\u0105ly\u010dio su kalad\u0117li\u0173 nuos\u0117domis jo spalva pasikei\u010dia \u012f rausvai violetin\u0119. Produktas yra saugus da\u017eams ir stiklui. Lengvai tepamas ir ant nuvalyto pavir\u0161iaus palieka blizges\u012f.<\/p>\n<p style=\"text-align: left;\"><strong>Kvapas: <\/strong>M\u0117tos su vanile<\/p>\n<p style=\"text-align: left;\"><strong>Savyb\u0117s:<\/strong><\/p>\n<ul style=\"text-align: left;\">\n<li>Veiksmingai valo ratlankius ir stabd\u017eius nuo purvo, dulki\u0173, stabd\u017ei\u0173 kalad\u0117li\u0173 nuos\u0117d\u0173, metalini\u0173 priemai\u0161\u0173 ir r\u016bd\u017ei\u0173.<\/li>\n<li>Sud\u0117tyje yra korozijos inhibitori\u0173<\/li>\n<li>Susid\u016br\u0119s su nuos\u0117domis i\u0161 trinkeli\u0173, jis tampa rausvai violetinis.<\/li>\n<li>Produktas saugus da\u017eams ir stiklui<\/li>\n<li>Lengvai tepamas ir paliekamas nuvalytas blizgus pavir\u0161ius<\/li>\n<\/ul>\n<p style=\"text-align: left;\"><strong>Numatytas naudojimas:<\/strong><\/p>\n<p style=\"text-align: left;\">IRON REMOVER skirtas savaime valyti aliuminio, chromo, plieno, da\u017eytus ratlankius.<\/p>\n<p style=\"text-align: left;\"><strong>Kaip naudoti?<\/strong><\/p>\n<ol style=\"text-align: left;\">\n<li style=\"text-align: left;\">Prie\u0161 naudojim\u0105 suplakite.<\/li>\n<li style=\"text-align: left;\">I\u0161valykite viet\u0105 nuo purvo ir dulki\u0173.<\/li>\n<li style=\"text-align: left;\">Tolygiai u\u017epurk\u0161kite gamin\u012f ant v\u0117saus ratlankio, ratlankio ar da\u017e\u0173 pavir\u0161iaus.<\/li>\n<li style=\"text-align: left;\">Rekomenduojama skalauti dideliu kiekiu vandens po sl\u0117giu.<\/li>\n<li style=\"text-align: left;\">Neskieskite.<\/li>\n<\/ol>","protected":false},"excerpt":{"rendered":"<p>IRON REMOVER yra profesionalus ratlanki\u0173 valiklis, kurio sud\u0117tyje yra korozijos inhibitori\u0173. Specialiai sukurta formul\u0117 leid\u017eia veiksmingai valyti ratlankius ir stabd\u017eius nuo purvo, dulki\u0173, stabd\u017ei\u0173 kalad\u0117li\u0173 nuos\u0117d\u0173, metalini\u0173 ne\u0161varum\u0173 ir r\u016bd\u017ei\u0173. Pageidautina ir b\u016bdinga produkto savyb\u0117 - po kontakto su nuos\u0117domis nuo trinkeli\u0173 spalva pasikei\u010dia \u012f rausvai violetin\u0119. Produktas yra saugus da\u017eams ir stiklui. Lengvai tepamas ir ant nuvalyto pavir\u0161iaus palieka blizges\u012f.<\/p>","protected":false},"featured_media":4705,"template":"","meta":[],"product_brand":[],"product_cat":[892],"product_tag":[],"class_list":{"0":"post-4668","1":"product","2":"type-product","3":"status-publish","4":"has-post-thumbnail","6":"product_cat-vehicle-care","7":"product_provider-chemika","9":"first","10":"instock","11":"taxable","12":"shipping-taxable","13":"purchasable","14":"product-type-simple"},"aioseo_notices":[],"yoast_head":"<!-- This site is optimized with the Yoast SEO plugin v27.6 - https:\/\/yoast.com\/product\/yoast-seo-wordpress\/ -->\n<title>CHEMIKA Iron Remover 500ml - Fast Car Shop<\/title>\n<meta name=\"description\" content=\"Iron Remover is a professional rim cleaner containing corrosion inhibitors. Specially developed formula allows to effectively clean rims and brakes from dirt, dust, sediment from brake pad linings, metallic dirt and rust.\" \/>\n<meta name=\"robots\" content=\"index, follow, max-snippet:-1, max-image-preview:large, max-video-preview:-1\" \/>\n<link rel=\"canonical\" href=\"https:\/\/fastcar.shop\/lt\/produktas\/chemika-iron-remover-500ml\/\" \/>\n<meta property=\"og:locale\" content=\"lt_LT\" \/>\n<meta property=\"og:type\" content=\"article\" \/>\n<meta property=\"og:title\" content=\"CHEMIKA Iron Remover 500ml - Fast Car Shop\" \/>\n<meta property=\"og:description\" content=\"Iron Remover is a professional rim cleaner containing corrosion inhibitors. Specially developed formula allows to effectively clean rims and brakes from dirt, dust, sediment from brake pad linings, metallic dirt and rust.\" \/>\n<meta property=\"og:url\" content=\"https:\/\/fastcar.shop\/lt\/produktas\/chemika-iron-remover-500ml\/\" \/>\n<meta property=\"og:site_name\" content=\"Fast Car Shop\" \/>\n<meta property=\"article:publisher\" content=\"https:\/\/www.facebook.com\/FastcarLt?locale=lt_LT\" \/>\n<meta property=\"article:modified_time\" content=\"2024-12-10T12:52:08+00:00\" \/>\n<meta property=\"og:image\" content=\"https:\/\/fastcar.shop\/wp-content\/uploads\/2024\/12\/Chemika-Iron-Remover.png\" \/>\n\t<meta property=\"og:image:width\" content=\"1200\" \/>\n\t<meta property=\"og:image:height\" content=\"1200\" \/>\n\t<meta property=\"og:image:type\" content=\"image\/png\" \/>\n<meta name=\"twitter:card\" content=\"summary_large_image\" \/>\n<meta name=\"twitter:label1\" content=\"Est. reading time\" \/>\n\t<meta name=\"twitter:data1\" content=\"2 minut\u0117s\" \/>\n<!-- \/ Yoast SEO plugin. -->","yoast_head_json":{"title":"CHEMIKA Iron Remover 500ml - Fast Car Shop","description":"Iron Remover is a professional rim cleaner containing corrosion inhibitors. Specially developed formula allows to effectively clean rims and brakes from dirt, dust, sediment from brake pad linings, metallic dirt and rust.","robots":{"index":"index","follow":"follow","max-snippet":"max-snippet:-1","max-image-preview":"max-image-preview:large","max-video-preview":"max-video-preview:-1"},"canonical":"https:\/\/fastcar.shop\/lt\/produktas\/chemika-iron-remover-500ml\/","og_locale":"lt_LT","og_type":"article","og_title":"CHEMIKA Iron Remover 500ml - Fast Car Shop","og_description":"Iron Remover is a professional rim cleaner containing corrosion inhibitors. Specially developed formula allows to effectively clean rims and brakes from dirt, dust, sediment from brake pad linings, metallic dirt and rust.","og_url":"https:\/\/fastcar.shop\/lt\/produktas\/chemika-iron-remover-500ml\/","og_site_name":"Fast Car Shop","article_publisher":"https:\/\/www.facebook.com\/FastcarLt?locale=lt_LT","article_modified_time":"2024-12-10T12:52:08+00:00","og_image":[{"width":1200,"height":1200,"url":"https:\/\/fastcar.shop\/wp-content\/uploads\/2024\/12\/Chemika-Iron-Remover.png","type":"image\/png"}],"twitter_card":"summary_large_image","twitter_misc":{"Est. reading time":"2 minut\u0117s"},"schema":{"@context":"https:\/\/schema.org","@graph":[{"@type":"WebPage","@id":"https:\/\/fastcar.shop\/product\/chemika-iron-remover-500ml\/","url":"https:\/\/fastcar.shop\/product\/chemika-iron-remover-500ml\/","name":"CHEMIKA Iron Remover 500ml - Fast Car Shop","isPartOf":{"@id":"https:\/\/fastcar.shop\/#website"},"primaryImageOfPage":{"@id":"https:\/\/fastcar.shop\/product\/chemika-iron-remover-500ml\/#primaryimage"},"image":{"@id":"https:\/\/fastcar.shop\/product\/chemika-iron-remover-500ml\/#primaryimage"},"thumbnailUrl":"https:\/\/fastcar.shop\/wp-content\/uploads\/2024\/12\/Chemika-Iron-Remover.png","datePublished":"2024-12-07T17:18:41+00:00","dateModified":"2024-12-10T12:52:08+00:00","description":"Iron Remover is a professional rim cleaner containing corrosion inhibitors. Specially developed formula allows to effectively clean rims and brakes from dirt, dust, sediment from brake pad linings, metallic dirt and rust.","breadcrumb":{"@id":"https:\/\/fastcar.shop\/product\/chemika-iron-remover-500ml\/#breadcrumb"},"inLanguage":"lt-LT","potentialAction":[{"@type":"ReadAction","target":["https:\/\/fastcar.shop\/product\/chemika-iron-remover-500ml\/"]}]},{"@type":"ImageObject","inLanguage":"lt-LT","@id":"https:\/\/fastcar.shop\/product\/chemika-iron-remover-500ml\/#primaryimage","url":"https:\/\/fastcar.shop\/wp-content\/uploads\/2024\/12\/Chemika-Iron-Remover.png","contentUrl":"https:\/\/fastcar.shop\/wp-content\/uploads\/2024\/12\/Chemika-Iron-Remover.png","width":1200,"height":1200},{"@type":"BreadcrumbList","@id":"https:\/\/fastcar.shop\/product\/chemika-iron-remover-500ml\/#breadcrumb","itemListElement":[{"@type":"ListItem","position":1,"name":"Home","item":"https:\/\/fastcar.shop\/"},{"@type":"ListItem","position":2,"name":"Shop","item":"https:\/\/fastcar.shop\/shop\/"},{"@type":"ListItem","position":3,"name":"CHEMIKA Iron Remover 500ml"}]},{"@type":"WebSite","@id":"https:\/\/fastcar.shop\/#website","url":"https:\/\/fastcar.shop\/","name":"Greit\u0173 automobili\u0173 parduotuv\u0117","description":"","publisher":{"@id":"https:\/\/fastcar.shop\/#organization"},"potentialAction":[{"@type":"SearchAction","target":{"@type":"EntryPoint","urlTemplate":"https:\/\/fastcar.shop\/?s={search_term_string}"},"query-input":{"@type":"PropertyValueSpecification","valueRequired":true,"valueName":"search_term_string"}}],"inLanguage":"lt-LT"},{"@type":"Organization","@id":"https:\/\/fastcar.shop\/#organization","name":"Fastcar.shop","url":"https:\/\/fastcar.shop\/","logo":{"@type":"ImageObject","inLanguage":"lt-LT","@id":"https:\/\/fastcar.shop\/#\/schema\/logo\/image\/","url":"https:\/\/fastcar.shop\/wp-content\/uploads\/2017\/08\/FCS_JPEG-01-scaled.jpg","contentUrl":"https:\/\/fastcar.shop\/wp-content\/uploads\/2017\/08\/FCS_JPEG-01-scaled.jpg","width":2560,"height":1379,"caption":"Fastcar.shop"},"image":{"@id":"https:\/\/fastcar.shop\/#\/schema\/logo\/image\/"},"sameAs":["https:\/\/www.facebook.com\/FastcarLt?locale=lt_LT","https:\/\/www.instagram.com\/fastcar.shop\/"]}]}},"jetpack_sharing_enabled":true,"_links":{"self":[{"href":"https:\/\/fastcar.shop\/lt\/wp-json\/wp\/v2\/product\/4668","targetHints":{"allow":["GET"]}}],"collection":[{"href":"https:\/\/fastcar.shop\/lt\/wp-json\/wp\/v2\/product"}],"about":[{"href":"https:\/\/fastcar.shop\/lt\/wp-json\/wp\/v2\/types\/product"}],"wp:featuredmedia":[{"embeddable":true,"href":"https:\/\/fastcar.shop\/lt\/wp-json\/wp\/v2\/media\/4705"}],"wp:attachment":[{"href":"https:\/\/fastcar.shop\/lt\/wp-json\/wp\/v2\/media?parent=4668"}],"wp:term":[{"taxonomy":"product_brand","embeddable":true,"href":"https:\/\/fastcar.shop\/lt\/wp-json\/wp\/v2\/product_brand?post=4668"},{"taxonomy":"product_cat","embeddable":true,"href":"https:\/\/fastcar.shop\/lt\/wp-json\/wp\/v2\/product_cat?post=4668"},{"taxonomy":"product_tag","embeddable":true,"href":"https:\/\/fastcar.shop\/lt\/wp-json\/wp\/v2\/product_tag?post=4668"}],"curies":[{"name":"wp","href":"https:\/\/api.w.org\/{rel}","templated":true}]}}