{"id":4666,"date":"2024-12-07T19:11:17","date_gmt":"2024-12-07T17:11:17","guid":{"rendered":"https:\/\/fastcar.shop\/?post_type=product&#038;p=4666"},"modified":"2024-12-10T14:54:32","modified_gmt":"2024-12-10T12:54:32","slug":"chemika-interior-cleaner-500ml","status":"publish","type":"product","link":"https:\/\/fastcar.shop\/lt\/product\/chemika-interior-cleaner-500ml\/","title":{"rendered":"CHEMIKA Interior Cleaner 500ml"},"content":{"rendered":"<p style=\"text-align: left;\"><strong>CHEMIKA Interior Cleaner 500ml<\/strong><\/p>\n<p style=\"text-align: left;\">INTERIOR CLEANER yra itin veiksminga ir lengvai naudojama priemon\u0117, skirta automobilio salono elementams valyti ir apsaugoti. Jis atkuria i\u0161valyt\u0173 element\u0173 nat\u016brali\u0105 i\u0161vaizd\u0105 ir palieka malon\u0173 kramtomosios gumos kvap\u0105. Tai n\u0117ra APC tipo produktas, nes jo nereikia nuplauti vandeniu. INTERIOR CLEANER PRO sujungia valiklio ir pada\u017eo savybes, palikdamas apsaugin\u012f sluoksn\u012f.<\/p>\n<p style=\"text-align: left;\"><strong>Kvapas:<\/strong> Kramtomoji guma<\/p>\n<p style=\"text-align: left;\"><strong>Savyb\u0117s:<\/strong><\/p>\n<ul style=\"text-align: left;\">\n<li>Priemon\u0117, skirta automobilio salono elementams valyti ir apsaugoti<\/li>\n<li>Gr\u0105\u017eina nuvalytiems elementams nat\u016brali\u0105 i\u0161vaizd\u0105<\/li>\n<li>Tai n\u0117ra APC tipo produktas, nes jo nereikia skalauti vandeniu.<\/li>\n<li>2 in 1 sujungia valiklio ir prausiklio funkcijas<\/li>\n<li>Palieka apsaugin\u0119 pl\u0117vel\u0119<\/li>\n<li>Apsauga nuo UV spinduli\u0173<\/li>\n<\/ul>\n<p style=\"text-align: left;\"><strong>Numatytas naudojimas:<\/strong><\/p>\n<p style=\"text-align: left;\">INTERIOR CLEANER yra paruo\u0161tas naudoti produktas, skirtas valyti ir pri\u017ei\u016br\u0117ti tokius vidaus pavir\u0161ius kaip plastikas, guma, vinilas ir anglis.<\/p>\n<p style=\"text-align: left;\"><strong>Kaip naudoti?<\/strong><\/p>\n<ol style=\"text-align: left;\">\n<li style=\"text-align: left;\">Produkt\u0105 tepkite tiesiai ant pavir\u0161iaus arba mikropluo\u0161to.<\/li>\n<li style=\"text-align: left;\">Surinkite purv\u0105.<\/li>\n<li style=\"text-align: left;\">Nuvalykite \u0161varia mikropluo\u0161to \u0161luoste.<\/li>\n<li style=\"text-align: left;\">Valydami didesnius ne\u0161varumus, preparat\u0105 u\u017etepkite ant \u0161epe\u010dio ar \u0161epet\u0117lio.<\/li>\n<li style=\"text-align: left;\">Neskieskite ir nenaudokite ant \u012fkaitinto pavir\u0161iaus.<\/li>\n<\/ol>","protected":false},"excerpt":{"rendered":"<p>INTERIOR CLEANER yra itin veiksminga ir lengvai naudojama priemon\u0117, skirta automobilio salono elementams valyti ir apsaugoti. Jis atkuria i\u0161valyt\u0173 element\u0173 nat\u016brali\u0105 i\u0161vaizd\u0105 ir palieka malon\u0173 kramtomosios gumos kvap\u0105. Tai n\u0117ra APC tipo produktas, nes jo nereikia nuplauti vandeniu. INTERIOR CLEANER PRO sujungia valiklio ir pada\u017eo savybes, palikdamas apsaugin\u012f sluoksn\u012f.<\/p>","protected":false},"featured_media":4696,"template":"","meta":[],"product_brand":[],"product_cat":[892],"product_tag":[],"class_list":{"0":"post-4666","1":"product","2":"type-product","3":"status-publish","4":"has-post-thumbnail","6":"product_cat-vehicle-care","7":"product_provider-chemika","9":"first","10":"instock","11":"taxable","12":"shipping-taxable","13":"purchasable","14":"product-type-simple"},"aioseo_notices":[],"yoast_head":"<!-- This site is optimized with the Yoast SEO plugin v27.6 - https:\/\/yoast.com\/product\/yoast-seo-wordpress\/ -->\n<title>CHEMIKA Interior Cleaner 500ml - Fast Car Shop<\/title>\n<meta name=\"description\" content=\"INTERIOR CLEANER is an extremely efficient and easy-to-apply product for cleaning and protecting car interior elements.\" \/>\n<meta name=\"robots\" content=\"index, follow, max-snippet:-1, max-image-preview:large, max-video-preview:-1\" \/>\n<link rel=\"canonical\" href=\"https:\/\/fastcar.shop\/lt\/produktas\/chemika-interior-cleaner-500ml\/\" \/>\n<meta property=\"og:locale\" content=\"lt_LT\" \/>\n<meta property=\"og:type\" content=\"article\" \/>\n<meta property=\"og:title\" content=\"CHEMIKA Interior Cleaner 500ml - Fast Car Shop\" \/>\n<meta property=\"og:description\" content=\"INTERIOR CLEANER is an extremely efficient and easy-to-apply product for cleaning and protecting car interior elements.\" \/>\n<meta property=\"og:url\" content=\"https:\/\/fastcar.shop\/lt\/produktas\/chemika-interior-cleaner-500ml\/\" \/>\n<meta property=\"og:site_name\" content=\"Fast Car Shop\" \/>\n<meta property=\"article:publisher\" content=\"https:\/\/www.facebook.com\/FastcarLt?locale=lt_LT\" \/>\n<meta property=\"article:modified_time\" content=\"2024-12-10T12:54:32+00:00\" \/>\n<meta property=\"og:image\" content=\"https:\/\/fastcar.shop\/wp-content\/uploads\/2024\/12\/chemika-interior-cleaner.png\" \/>\n\t<meta property=\"og:image:width\" content=\"1200\" \/>\n\t<meta property=\"og:image:height\" content=\"1200\" \/>\n\t<meta property=\"og:image:type\" content=\"image\/png\" \/>\n<meta name=\"twitter:card\" content=\"summary_large_image\" \/>\n<meta name=\"twitter:label1\" content=\"Est. reading time\" \/>\n\t<meta name=\"twitter:data1\" content=\"2 minut\u0117s\" \/>\n<!-- \/ Yoast SEO plugin. -->","yoast_head_json":{"title":"CHEMIKA Interior Cleaner 500ml - Fast Car Shop","description":"INTERIOR CLEANER is an extremely efficient and easy-to-apply product for cleaning and protecting car interior elements.","robots":{"index":"index","follow":"follow","max-snippet":"max-snippet:-1","max-image-preview":"max-image-preview:large","max-video-preview":"max-video-preview:-1"},"canonical":"https:\/\/fastcar.shop\/lt\/produktas\/chemika-interior-cleaner-500ml\/","og_locale":"lt_LT","og_type":"article","og_title":"CHEMIKA Interior Cleaner 500ml - Fast Car Shop","og_description":"INTERIOR CLEANER is an extremely efficient and easy-to-apply product for cleaning and protecting car interior elements.","og_url":"https:\/\/fastcar.shop\/lt\/produktas\/chemika-interior-cleaner-500ml\/","og_site_name":"Fast Car Shop","article_publisher":"https:\/\/www.facebook.com\/FastcarLt?locale=lt_LT","article_modified_time":"2024-12-10T12:54:32+00:00","og_image":[{"width":1200,"height":1200,"url":"https:\/\/fastcar.shop\/wp-content\/uploads\/2024\/12\/chemika-interior-cleaner.png","type":"image\/png"}],"twitter_card":"summary_large_image","twitter_misc":{"Est. reading time":"2 minut\u0117s"},"schema":{"@context":"https:\/\/schema.org","@graph":[{"@type":"WebPage","@id":"https:\/\/fastcar.shop\/product\/chemika-interior-cleaner-500ml\/","url":"https:\/\/fastcar.shop\/product\/chemika-interior-cleaner-500ml\/","name":"CHEMIKA Interior Cleaner 500ml - Fast Car Shop","isPartOf":{"@id":"https:\/\/fastcar.shop\/#website"},"primaryImageOfPage":{"@id":"https:\/\/fastcar.shop\/product\/chemika-interior-cleaner-500ml\/#primaryimage"},"image":{"@id":"https:\/\/fastcar.shop\/product\/chemika-interior-cleaner-500ml\/#primaryimage"},"thumbnailUrl":"https:\/\/fastcar.shop\/wp-content\/uploads\/2024\/12\/chemika-interior-cleaner.png","datePublished":"2024-12-07T17:11:17+00:00","dateModified":"2024-12-10T12:54:32+00:00","description":"INTERIOR CLEANER is an extremely efficient and easy-to-apply product for cleaning and protecting car interior elements.","breadcrumb":{"@id":"https:\/\/fastcar.shop\/product\/chemika-interior-cleaner-500ml\/#breadcrumb"},"inLanguage":"lt-LT","potentialAction":[{"@type":"ReadAction","target":["https:\/\/fastcar.shop\/product\/chemika-interior-cleaner-500ml\/"]}]},{"@type":"ImageObject","inLanguage":"lt-LT","@id":"https:\/\/fastcar.shop\/product\/chemika-interior-cleaner-500ml\/#primaryimage","url":"https:\/\/fastcar.shop\/wp-content\/uploads\/2024\/12\/chemika-interior-cleaner.png","contentUrl":"https:\/\/fastcar.shop\/wp-content\/uploads\/2024\/12\/chemika-interior-cleaner.png","width":1200,"height":1200},{"@type":"BreadcrumbList","@id":"https:\/\/fastcar.shop\/product\/chemika-interior-cleaner-500ml\/#breadcrumb","itemListElement":[{"@type":"ListItem","position":1,"name":"Home","item":"https:\/\/fastcar.shop\/"},{"@type":"ListItem","position":2,"name":"Shop","item":"https:\/\/fastcar.shop\/shop\/"},{"@type":"ListItem","position":3,"name":"CHEMIKA Interior Cleaner 500ml"}]},{"@type":"WebSite","@id":"https:\/\/fastcar.shop\/#website","url":"https:\/\/fastcar.shop\/","name":"Greit\u0173 automobili\u0173 parduotuv\u0117","description":"","publisher":{"@id":"https:\/\/fastcar.shop\/#organization"},"potentialAction":[{"@type":"SearchAction","target":{"@type":"EntryPoint","urlTemplate":"https:\/\/fastcar.shop\/?s={search_term_string}"},"query-input":{"@type":"PropertyValueSpecification","valueRequired":true,"valueName":"search_term_string"}}],"inLanguage":"lt-LT"},{"@type":"Organization","@id":"https:\/\/fastcar.shop\/#organization","name":"Fastcar.shop","url":"https:\/\/fastcar.shop\/","logo":{"@type":"ImageObject","inLanguage":"lt-LT","@id":"https:\/\/fastcar.shop\/#\/schema\/logo\/image\/","url":"https:\/\/fastcar.shop\/wp-content\/uploads\/2017\/08\/FCS_JPEG-01-scaled.jpg","contentUrl":"https:\/\/fastcar.shop\/wp-content\/uploads\/2017\/08\/FCS_JPEG-01-scaled.jpg","width":2560,"height":1379,"caption":"Fastcar.shop"},"image":{"@id":"https:\/\/fastcar.shop\/#\/schema\/logo\/image\/"},"sameAs":["https:\/\/www.facebook.com\/FastcarLt?locale=lt_LT","https:\/\/www.instagram.com\/fastcar.shop\/"]}]}},"jetpack_sharing_enabled":true,"_links":{"self":[{"href":"https:\/\/fastcar.shop\/lt\/wp-json\/wp\/v2\/product\/4666","targetHints":{"allow":["GET"]}}],"collection":[{"href":"https:\/\/fastcar.shop\/lt\/wp-json\/wp\/v2\/product"}],"about":[{"href":"https:\/\/fastcar.shop\/lt\/wp-json\/wp\/v2\/types\/product"}],"wp:featuredmedia":[{"embeddable":true,"href":"https:\/\/fastcar.shop\/lt\/wp-json\/wp\/v2\/media\/4696"}],"wp:attachment":[{"href":"https:\/\/fastcar.shop\/lt\/wp-json\/wp\/v2\/media?parent=4666"}],"wp:term":[{"taxonomy":"product_brand","embeddable":true,"href":"https:\/\/fastcar.shop\/lt\/wp-json\/wp\/v2\/product_brand?post=4666"},{"taxonomy":"product_cat","embeddable":true,"href":"https:\/\/fastcar.shop\/lt\/wp-json\/wp\/v2\/product_cat?post=4666"},{"taxonomy":"product_tag","embeddable":true,"href":"https:\/\/fastcar.shop\/lt\/wp-json\/wp\/v2\/product_tag?post=4666"}],"curies":[{"name":"wp","href":"https:\/\/api.w.org\/{rel}","templated":true}]}}