{"id":4664,"date":"2024-12-07T19:04:23","date_gmt":"2024-12-07T17:04:23","guid":{"rendered":"https:\/\/fastcar.shop\/?post_type=product&#038;p=4664"},"modified":"2024-12-10T14:56:22","modified_gmt":"2024-12-10T12:56:22","slug":"chemika-glass-cleaner-500ml","status":"publish","type":"product","link":"https:\/\/fastcar.shop\/lt\/product\/chemika-glass-cleaner-500ml\/","title":{"rendered":"CHEMIKA Glass Cleaner 500ml"},"content":{"rendered":"<p style=\"text-align: left;\"><strong>CHEMIKA Glass Cleaner 500ml<\/strong><\/p>\n<p style=\"text-align: left;\">GLASS CLEANER yra veiksmingiausias preparatas, sukurtas pagal naujovi\u0161k\u0105 formul\u0119, kuri leid\u017eia pa\u0161alinti rieb\u0173 purv\u0105, paliekant stiklo ir veidrod\u017ei\u0173 pavir\u0161i\u0173 kri\u0161tolo skaidrumo, be joki\u0173 dry\u017ei\u0173. Priemon\u0117 pasi\u017eymi maloniu persik\u0173 kvapu, greitai i\u0161garuoja, tod\u0117l jos nereikia intensyviai poliruoti. Produkto formul\u0117 saugi, be amoniako ir fosfat\u0173, nekenkia odai, plastikui ir alkantarai.<\/p>\n<p style=\"text-align: left;\"><strong>Kvapas: <\/strong>Saul\u0117tas persikas<\/p>\n<p style=\"text-align: left;\"><strong>Savyb\u0117s:<\/strong><\/p>\n<ul style=\"text-align: left;\">\n<li>Pa\u0161alina rieb\u0173 purv\u0105 ir palieka kri\u0161tolo skaidrumo stiklo ir veidrod\u017ei\u0173 pavir\u0161i\u0173.<\/li>\n<li>Be dry\u017ei\u0173<\/li>\n<li>Jis greitai i\u0161garuoja, tod\u0117l jo nereikia intensyviai poliruoti<\/li>\n<li>Saugi formul\u0117 be amoniako ir fosfat\u0173<\/li>\n<li>Nepa\u017eeid\u017eia odos, plastiko ir alkantaros<\/li>\n<li>Naujovi\u0161ka formul\u0117<\/li>\n<\/ul>\n<p style=\"text-align: left;\"><strong>Numatytas naudojimas:<\/strong><\/p>\n<p style=\"text-align: left;\">GLASS CLEANER yra paruo\u0161tas naudoti skystis, skirtas stikliniams pavir\u0161iams valyti.<\/p>\n<p style=\"text-align: left;\"><strong>Kaip naudoti?<\/strong><\/p>\n<ol style=\"text-align: left;\">\n<li style=\"text-align: left;\">U\u017epurk\u0161kite priemon\u0119 ant sutepto pavir\u0161iaus.<\/li>\n<li style=\"text-align: left;\">Mikropluo\u0161to \u0161luoste sukamaisiais judesiais i\u0161tepkite pavir\u0161i\u0173, kol jis taps blizgus.<\/li>\n<li style=\"text-align: left;\">Neskieskite ir nenaudokite ant \u012fkaitusio pavir\u0161iaus.<\/li>\n<\/ol>","protected":false},"excerpt":{"rendered":"<p>GLASS CLEANER yra veiksmingiausias preparatas, sukurtas pagal naujovi\u0161k\u0105 formul\u0119, kuri leid\u017eia pa\u0161alinti rieb\u0173 purv\u0105, paliekant stiklo ir veidrod\u017ei\u0173 pavir\u0161i\u0173 kri\u0161tolo skaidrumo, be joki\u0173 dry\u017ei\u0173. Priemon\u0117 pasi\u017eymi maloniu persik\u0173 kvapu, greitai i\u0161garuoja, tod\u0117l jos nereikia intensyviai poliruoti. Produkto formul\u0117 saugi, be amoniako ir fosfat\u0173, nekenkia odai, plastikui ir alkantarai.<\/p>","protected":false},"featured_media":4704,"template":"","meta":[],"product_brand":[],"product_cat":[892],"product_tag":[],"class_list":{"0":"post-4664","1":"product","2":"type-product","3":"status-publish","4":"has-post-thumbnail","6":"product_cat-vehicle-care","7":"product_provider-chemika","9":"first","10":"instock","11":"taxable","12":"shipping-taxable","13":"purchasable","14":"product-type-simple"},"aioseo_notices":[],"yoast_head":"<!-- This site is optimized with the Yoast SEO plugin v27.3 - https:\/\/yoast.com\/product\/yoast-seo-wordpress\/ -->\n<title>CHEMIKA Glass Cleaner 500ml - Fast Car Shop<\/title>\n<meta name=\"description\" content=\"GLASS CLEANER is the most effective preparation composed according to an innovative formula, which allows to remove greasy dirt, leaving the surface of glass and mirrors crystal clear, without any streaks.\" \/>\n<meta name=\"robots\" content=\"index, follow, max-snippet:-1, max-image-preview:large, max-video-preview:-1\" \/>\n<link rel=\"canonical\" href=\"https:\/\/fastcar.shop\/lt\/produktas\/chemika-glass-cleaner-500ml\/\" \/>\n<meta property=\"og:locale\" content=\"lt_LT\" \/>\n<meta property=\"og:type\" content=\"article\" \/>\n<meta property=\"og:title\" content=\"CHEMIKA Glass Cleaner 500ml - Fast Car Shop\" \/>\n<meta property=\"og:description\" content=\"GLASS CLEANER is the most effective preparation composed according to an innovative formula, which allows to remove greasy dirt, leaving the surface of glass and mirrors crystal clear, without any streaks.\" \/>\n<meta property=\"og:url\" content=\"https:\/\/fastcar.shop\/lt\/produktas\/chemika-glass-cleaner-500ml\/\" \/>\n<meta property=\"og:site_name\" content=\"Fast Car Shop\" \/>\n<meta property=\"article:publisher\" content=\"https:\/\/www.facebook.com\/FastcarLt?locale=lt_LT\" \/>\n<meta property=\"article:modified_time\" content=\"2024-12-10T12:56:22+00:00\" \/>\n<meta property=\"og:image\" content=\"https:\/\/fastcar.shop\/wp-content\/uploads\/2024\/12\/Chemika-Glass-Cleaner.png\" \/>\n\t<meta property=\"og:image:width\" content=\"1200\" \/>\n\t<meta property=\"og:image:height\" content=\"1200\" \/>\n\t<meta property=\"og:image:type\" content=\"image\/png\" \/>\n<meta name=\"twitter:card\" content=\"summary_large_image\" \/>\n<meta name=\"twitter:label1\" content=\"Est. reading time\" \/>\n\t<meta name=\"twitter:data1\" content=\"1 minut\u0117\" \/>\n<!-- \/ Yoast SEO plugin. -->","yoast_head_json":{"title":"CHEMIKA Glass Cleaner 500ml - Fast Car Shop","description":"GLASS CLEANER is the most effective preparation composed according to an innovative formula, which allows to remove greasy dirt, leaving the surface of glass and mirrors crystal clear, without any streaks.","robots":{"index":"index","follow":"follow","max-snippet":"max-snippet:-1","max-image-preview":"max-image-preview:large","max-video-preview":"max-video-preview:-1"},"canonical":"https:\/\/fastcar.shop\/lt\/produktas\/chemika-glass-cleaner-500ml\/","og_locale":"lt_LT","og_type":"article","og_title":"CHEMIKA Glass Cleaner 500ml - Fast Car Shop","og_description":"GLASS CLEANER is the most effective preparation composed according to an innovative formula, which allows to remove greasy dirt, leaving the surface of glass and mirrors crystal clear, without any streaks.","og_url":"https:\/\/fastcar.shop\/lt\/produktas\/chemika-glass-cleaner-500ml\/","og_site_name":"Fast Car Shop","article_publisher":"https:\/\/www.facebook.com\/FastcarLt?locale=lt_LT","article_modified_time":"2024-12-10T12:56:22+00:00","og_image":[{"width":1200,"height":1200,"url":"https:\/\/fastcar.shop\/wp-content\/uploads\/2024\/12\/Chemika-Glass-Cleaner.png","type":"image\/png"}],"twitter_card":"summary_large_image","twitter_misc":{"Est. reading time":"1 minut\u0117"},"schema":{"@context":"https:\/\/schema.org","@graph":[{"@type":"WebPage","@id":"https:\/\/fastcar.shop\/product\/chemika-glass-cleaner-500ml\/","url":"https:\/\/fastcar.shop\/product\/chemika-glass-cleaner-500ml\/","name":"CHEMIKA Glass Cleaner 500ml - Fast Car Shop","isPartOf":{"@id":"https:\/\/fastcar.shop\/#website"},"primaryImageOfPage":{"@id":"https:\/\/fastcar.shop\/product\/chemika-glass-cleaner-500ml\/#primaryimage"},"image":{"@id":"https:\/\/fastcar.shop\/product\/chemika-glass-cleaner-500ml\/#primaryimage"},"thumbnailUrl":"https:\/\/fastcar.shop\/wp-content\/uploads\/2024\/12\/Chemika-Glass-Cleaner.png","datePublished":"2024-12-07T17:04:23+00:00","dateModified":"2024-12-10T12:56:22+00:00","description":"GLASS CLEANER is the most effective preparation composed according to an innovative formula, which allows to remove greasy dirt, leaving the surface of glass and mirrors crystal clear, without any streaks.","breadcrumb":{"@id":"https:\/\/fastcar.shop\/product\/chemika-glass-cleaner-500ml\/#breadcrumb"},"inLanguage":"lt-LT","potentialAction":[{"@type":"ReadAction","target":["https:\/\/fastcar.shop\/product\/chemika-glass-cleaner-500ml\/"]}]},{"@type":"ImageObject","inLanguage":"lt-LT","@id":"https:\/\/fastcar.shop\/product\/chemika-glass-cleaner-500ml\/#primaryimage","url":"https:\/\/fastcar.shop\/wp-content\/uploads\/2024\/12\/Chemika-Glass-Cleaner.png","contentUrl":"https:\/\/fastcar.shop\/wp-content\/uploads\/2024\/12\/Chemika-Glass-Cleaner.png","width":1200,"height":1200},{"@type":"BreadcrumbList","@id":"https:\/\/fastcar.shop\/product\/chemika-glass-cleaner-500ml\/#breadcrumb","itemListElement":[{"@type":"ListItem","position":1,"name":"Home","item":"https:\/\/fastcar.shop\/"},{"@type":"ListItem","position":2,"name":"Shop","item":"https:\/\/fastcar.shop\/shop\/"},{"@type":"ListItem","position":3,"name":"CHEMIKA Glass Cleaner 500ml"}]},{"@type":"WebSite","@id":"https:\/\/fastcar.shop\/#website","url":"https:\/\/fastcar.shop\/","name":"Greit\u0173 automobili\u0173 parduotuv\u0117","description":"","publisher":{"@id":"https:\/\/fastcar.shop\/#organization"},"potentialAction":[{"@type":"SearchAction","target":{"@type":"EntryPoint","urlTemplate":"https:\/\/fastcar.shop\/?s={search_term_string}"},"query-input":{"@type":"PropertyValueSpecification","valueRequired":true,"valueName":"search_term_string"}}],"inLanguage":"lt-LT"},{"@type":"Organization","@id":"https:\/\/fastcar.shop\/#organization","name":"Fastcar.shop","url":"https:\/\/fastcar.shop\/","logo":{"@type":"ImageObject","inLanguage":"lt-LT","@id":"https:\/\/fastcar.shop\/#\/schema\/logo\/image\/","url":"https:\/\/fastcar.shop\/wp-content\/uploads\/2017\/08\/FCS_JPEG-01-scaled.jpg","contentUrl":"https:\/\/fastcar.shop\/wp-content\/uploads\/2017\/08\/FCS_JPEG-01-scaled.jpg","width":2560,"height":1379,"caption":"Fastcar.shop"},"image":{"@id":"https:\/\/fastcar.shop\/#\/schema\/logo\/image\/"},"sameAs":["https:\/\/www.facebook.com\/FastcarLt?locale=lt_LT","https:\/\/www.instagram.com\/fastcar.shop\/"]}]}},"jetpack_sharing_enabled":true,"_links":{"self":[{"href":"https:\/\/fastcar.shop\/lt\/wp-json\/wp\/v2\/product\/4664","targetHints":{"allow":["GET"]}}],"collection":[{"href":"https:\/\/fastcar.shop\/lt\/wp-json\/wp\/v2\/product"}],"about":[{"href":"https:\/\/fastcar.shop\/lt\/wp-json\/wp\/v2\/types\/product"}],"wp:featuredmedia":[{"embeddable":true,"href":"https:\/\/fastcar.shop\/lt\/wp-json\/wp\/v2\/media\/4704"}],"wp:attachment":[{"href":"https:\/\/fastcar.shop\/lt\/wp-json\/wp\/v2\/media?parent=4664"}],"wp:term":[{"taxonomy":"product_brand","embeddable":true,"href":"https:\/\/fastcar.shop\/lt\/wp-json\/wp\/v2\/product_brand?post=4664"},{"taxonomy":"product_cat","embeddable":true,"href":"https:\/\/fastcar.shop\/lt\/wp-json\/wp\/v2\/product_cat?post=4664"},{"taxonomy":"product_tag","embeddable":true,"href":"https:\/\/fastcar.shop\/lt\/wp-json\/wp\/v2\/product_tag?post=4664"}],"curies":[{"name":"wp","href":"https:\/\/api.w.org\/{rel}","templated":true}]}}