{"id":4662,"date":"2024-12-07T18:50:25","date_gmt":"2024-12-07T16:50:25","guid":{"rendered":"https:\/\/fastcar.shop\/?post_type=product&#038;p=4662"},"modified":"2024-12-10T16:17:37","modified_gmt":"2024-12-10T14:17:37","slug":"chemika-frost-eater-500ml","status":"publish","type":"product","link":"https:\/\/fastcar.shop\/lt\/product\/chemika-frost-eater-500ml\/","title":{"rendered":"CHEMIKA Frost Eater 500ml"},"content":{"rendered":"<p style=\"text-align: left;\"><strong>CHEMIKA FROST EATER 500ml<\/strong><\/p>\n<p style=\"text-align: left;\">FROST EATER - tai priemon\u0117, skirta greitai i\u0161tirpinti led\u0105 ir \u0161erk\u0161n\u0105, tod\u0117l bet kuris vairuotojas gal\u0117s lengviau ir grei\u010diau paruo\u0161ti automobil\u012f va\u017eiuoti \u0161altais \u017eiemos rytais. Citrin\u0173 kvapo produktas yra saugus da\u017eams, langams, tarpin\u0117ms ir valytuv\u0173 \u0161epet\u0117liams. Jis puikiai susidoroja su apled\u0117jusiais priekiniais stiklais, yra lengvai tepamas ir nepalieka \u012fbr\u0117\u017eim\u0173 ant pavir\u0161iaus, prie\u0161ingai nei klasikiniai stroboskopai. Jis apsaugo pavir\u0161i\u0173 nuo tolesnio u\u017e\u0161alimo. Veiksmingas net esant ekstremalioms oro s\u0105lygoms - veikia iki -60 \u00b0C.<\/p>\n<p style=\"text-align: left;\"><strong>Kvapas: <\/strong>Limonadas<\/p>\n<p style=\"text-align: left;\"><strong>Savyb\u0117s:<\/strong><\/p>\n<ul style=\"text-align: left;\">\n<li>Paruo\u0161imas greitam ledo ir \u0161erk\u0161no i\u0161tirpinimui<\/li>\n<li>Saugus keramin\u0117ms dangoms, da\u017eams, stiklui, tarpin\u0117ms ir valytuv\u0173 \u0161epet\u0117liams.<\/li>\n<li>Lengva taikyti<\/li>\n<li>Nepalieka \u012fbr\u0117\u017eim\u0173 ant pavir\u0161iaus<\/li>\n<li>Veiksmingas net ekstremaliomis oro s\u0105lygomis - veikia iki -60 \u00b0C<\/li>\n<\/ul>\n<p style=\"text-align: left;\"><strong>Numatytas naudojimas:<\/strong><\/p>\n<p style=\"text-align: left;\">FROST EATER PRO skirtas automobilio langams ir veidrod\u0117liams atitirpinti.<\/p>\n<p style=\"text-align: left;\"><strong>Kaip naudoti?<\/strong><\/p>\n<ol style=\"text-align: left;\">\n<li style=\"text-align: left;\">Prie\u0161 naudojim\u0105 suplakite.<\/li>\n<li style=\"text-align: left;\">U\u017epurk\u0161kite ant apled\u0117jusio pavir\u0161iaus.<\/li>\n<li style=\"text-align: left;\">I\u0161tirpus ledui, susikaupus\u012f vanden\u012f pa\u0161alinkite skuduru arba \u0161luoste.<\/li>\n<li style=\"text-align: left;\">Norint dar labiau pad\u0117ti pa\u0161alinti apled\u0117jim\u0105, rekomenduojama \u012fjungti priekinio stiklo \u0161ildytuv\u0105.<\/li>\n<li style=\"text-align: left;\">Neskieskite.<\/li>\n<\/ol>\n<p style=\"text-align: left;\"><strong>Pastabos:<\/strong> Nenaudokite esant padid\u0117jusiam jautrumui bet kuriai produkto sudedamajai daliai.<\/p>","protected":false},"excerpt":{"rendered":"<p>FROST EATER - tai priemon\u0117, skirta greitai i\u0161tirpinti led\u0105 ir \u0161erk\u0161n\u0105, tod\u0117l bet kuris vairuotojas gal\u0117s lengviau ir grei\u010diau paruo\u0161ti automobil\u012f va\u017eiuoti \u0161altais \u017eiemos rytais. Citrin\u0173 kvapo produktas yra saugus da\u017eams, langams, tarpin\u0117ms ir valytuv\u0173 \u0161epet\u0117liams. Jis puikiai susidoroja su apled\u0117jusiais priekiniais stiklais, yra lengvai tepamas ir nepalieka \u012fbr\u0117\u017eim\u0173 ant pavir\u0161iaus, prie\u0161ingai nei klasikiniai stroboskopai. Jis apsaugo pavir\u0161i\u0173 nuo tolesnio u\u017e\u0161alimo. Veiksmingas net esant ekstremalioms oro s\u0105lygoms - veikia iki -60 \u00b0C.<\/p>","protected":false},"featured_media":4703,"template":"","meta":[],"product_brand":[],"product_cat":[892],"product_tag":[],"class_list":{"0":"post-4662","1":"product","2":"type-product","3":"status-publish","4":"has-post-thumbnail","6":"product_cat-vehicle-care","7":"product_provider-chemika","9":"first","10":"instock","11":"taxable","12":"shipping-taxable","13":"purchasable","14":"product-type-simple"},"aioseo_notices":[],"yoast_head":"<!-- This site is optimized with the Yoast SEO plugin v27.3 - https:\/\/yoast.com\/product\/yoast-seo-wordpress\/ -->\n<title>CHEMIKA Frost Eater 500ml - Fast Car Shop<\/title>\n<meta name=\"description\" content=\"FROST EATER is a product for quickly dissolving ice and frost, which will make it easier and faster for any driver to prepare his car for driving on cold winter mornings.\" \/>\n<meta name=\"robots\" content=\"index, follow, max-snippet:-1, max-image-preview:large, max-video-preview:-1\" \/>\n<link rel=\"canonical\" href=\"https:\/\/fastcar.shop\/lt\/produktas\/chemika-frost-eater-500ml\/\" \/>\n<meta property=\"og:locale\" content=\"lt_LT\" \/>\n<meta property=\"og:type\" content=\"article\" \/>\n<meta property=\"og:title\" content=\"CHEMIKA Frost Eater 500ml - Fast Car Shop\" \/>\n<meta property=\"og:description\" content=\"FROST EATER is a product for quickly dissolving ice and frost, which will make it easier and faster for any driver to prepare his car for driving on cold winter mornings.\" \/>\n<meta property=\"og:url\" content=\"https:\/\/fastcar.shop\/lt\/produktas\/chemika-frost-eater-500ml\/\" \/>\n<meta property=\"og:site_name\" content=\"Fast Car Shop\" \/>\n<meta property=\"article:publisher\" content=\"https:\/\/www.facebook.com\/FastcarLt?locale=lt_LT\" \/>\n<meta property=\"article:modified_time\" content=\"2024-12-10T14:17:37+00:00\" \/>\n<meta property=\"og:image\" content=\"https:\/\/fastcar.shop\/wp-content\/uploads\/2024\/12\/Chemika-Frost-Eater.png\" \/>\n\t<meta property=\"og:image:width\" content=\"1200\" \/>\n\t<meta property=\"og:image:height\" content=\"1200\" \/>\n\t<meta property=\"og:image:type\" content=\"image\/png\" \/>\n<meta name=\"twitter:card\" content=\"summary_large_image\" \/>\n<meta name=\"twitter:label1\" content=\"Est. reading time\" \/>\n\t<meta name=\"twitter:data1\" content=\"2 minut\u0117s\" \/>\n<!-- \/ Yoast SEO plugin. -->","yoast_head_json":{"title":"CHEMIKA Frost Eater 500ml - Fast Car Shop","description":"FROST EATER is a product for quickly dissolving ice and frost, which will make it easier and faster for any driver to prepare his car for driving on cold winter mornings.","robots":{"index":"index","follow":"follow","max-snippet":"max-snippet:-1","max-image-preview":"max-image-preview:large","max-video-preview":"max-video-preview:-1"},"canonical":"https:\/\/fastcar.shop\/lt\/produktas\/chemika-frost-eater-500ml\/","og_locale":"lt_LT","og_type":"article","og_title":"CHEMIKA Frost Eater 500ml - Fast Car Shop","og_description":"FROST EATER is a product for quickly dissolving ice and frost, which will make it easier and faster for any driver to prepare his car for driving on cold winter mornings.","og_url":"https:\/\/fastcar.shop\/lt\/produktas\/chemika-frost-eater-500ml\/","og_site_name":"Fast Car Shop","article_publisher":"https:\/\/www.facebook.com\/FastcarLt?locale=lt_LT","article_modified_time":"2024-12-10T14:17:37+00:00","og_image":[{"width":1200,"height":1200,"url":"https:\/\/fastcar.shop\/wp-content\/uploads\/2024\/12\/Chemika-Frost-Eater.png","type":"image\/png"}],"twitter_card":"summary_large_image","twitter_misc":{"Est. reading time":"2 minut\u0117s"},"schema":{"@context":"https:\/\/schema.org","@graph":[{"@type":"WebPage","@id":"https:\/\/fastcar.shop\/product\/chemika-frost-eater-500ml\/","url":"https:\/\/fastcar.shop\/product\/chemika-frost-eater-500ml\/","name":"CHEMIKA Frost Eater 500ml - Fast Car Shop","isPartOf":{"@id":"https:\/\/fastcar.shop\/#website"},"primaryImageOfPage":{"@id":"https:\/\/fastcar.shop\/product\/chemika-frost-eater-500ml\/#primaryimage"},"image":{"@id":"https:\/\/fastcar.shop\/product\/chemika-frost-eater-500ml\/#primaryimage"},"thumbnailUrl":"https:\/\/fastcar.shop\/wp-content\/uploads\/2024\/12\/Chemika-Frost-Eater.png","datePublished":"2024-12-07T16:50:25+00:00","dateModified":"2024-12-10T14:17:37+00:00","description":"FROST EATER is a product for quickly dissolving ice and frost, which will make it easier and faster for any driver to prepare his car for driving on cold winter mornings.","breadcrumb":{"@id":"https:\/\/fastcar.shop\/product\/chemika-frost-eater-500ml\/#breadcrumb"},"inLanguage":"lt-LT","potentialAction":[{"@type":"ReadAction","target":["https:\/\/fastcar.shop\/product\/chemika-frost-eater-500ml\/"]}]},{"@type":"ImageObject","inLanguage":"lt-LT","@id":"https:\/\/fastcar.shop\/product\/chemika-frost-eater-500ml\/#primaryimage","url":"https:\/\/fastcar.shop\/wp-content\/uploads\/2024\/12\/Chemika-Frost-Eater.png","contentUrl":"https:\/\/fastcar.shop\/wp-content\/uploads\/2024\/12\/Chemika-Frost-Eater.png","width":1200,"height":1200},{"@type":"BreadcrumbList","@id":"https:\/\/fastcar.shop\/product\/chemika-frost-eater-500ml\/#breadcrumb","itemListElement":[{"@type":"ListItem","position":1,"name":"Home","item":"https:\/\/fastcar.shop\/"},{"@type":"ListItem","position":2,"name":"Shop","item":"https:\/\/fastcar.shop\/shop\/"},{"@type":"ListItem","position":3,"name":"CHEMIKA Frost Eater 500ml"}]},{"@type":"WebSite","@id":"https:\/\/fastcar.shop\/#website","url":"https:\/\/fastcar.shop\/","name":"Greit\u0173 automobili\u0173 parduotuv\u0117","description":"","publisher":{"@id":"https:\/\/fastcar.shop\/#organization"},"potentialAction":[{"@type":"SearchAction","target":{"@type":"EntryPoint","urlTemplate":"https:\/\/fastcar.shop\/?s={search_term_string}"},"query-input":{"@type":"PropertyValueSpecification","valueRequired":true,"valueName":"search_term_string"}}],"inLanguage":"lt-LT"},{"@type":"Organization","@id":"https:\/\/fastcar.shop\/#organization","name":"Fastcar.shop","url":"https:\/\/fastcar.shop\/","logo":{"@type":"ImageObject","inLanguage":"lt-LT","@id":"https:\/\/fastcar.shop\/#\/schema\/logo\/image\/","url":"https:\/\/fastcar.shop\/wp-content\/uploads\/2017\/08\/FCS_JPEG-01-scaled.jpg","contentUrl":"https:\/\/fastcar.shop\/wp-content\/uploads\/2017\/08\/FCS_JPEG-01-scaled.jpg","width":2560,"height":1379,"caption":"Fastcar.shop"},"image":{"@id":"https:\/\/fastcar.shop\/#\/schema\/logo\/image\/"},"sameAs":["https:\/\/www.facebook.com\/FastcarLt?locale=lt_LT","https:\/\/www.instagram.com\/fastcar.shop\/"]}]}},"jetpack_sharing_enabled":true,"_links":{"self":[{"href":"https:\/\/fastcar.shop\/lt\/wp-json\/wp\/v2\/product\/4662","targetHints":{"allow":["GET"]}}],"collection":[{"href":"https:\/\/fastcar.shop\/lt\/wp-json\/wp\/v2\/product"}],"about":[{"href":"https:\/\/fastcar.shop\/lt\/wp-json\/wp\/v2\/types\/product"}],"wp:featuredmedia":[{"embeddable":true,"href":"https:\/\/fastcar.shop\/lt\/wp-json\/wp\/v2\/media\/4703"}],"wp:attachment":[{"href":"https:\/\/fastcar.shop\/lt\/wp-json\/wp\/v2\/media?parent=4662"}],"wp:term":[{"taxonomy":"product_brand","embeddable":true,"href":"https:\/\/fastcar.shop\/lt\/wp-json\/wp\/v2\/product_brand?post=4662"},{"taxonomy":"product_cat","embeddable":true,"href":"https:\/\/fastcar.shop\/lt\/wp-json\/wp\/v2\/product_cat?post=4662"},{"taxonomy":"product_tag","embeddable":true,"href":"https:\/\/fastcar.shop\/lt\/wp-json\/wp\/v2\/product_tag?post=4662"}],"curies":[{"name":"wp","href":"https:\/\/api.w.org\/{rel}","templated":true}]}}