{"id":4659,"date":"2024-12-07T18:31:41","date_gmt":"2024-12-07T16:31:41","guid":{"rendered":"https:\/\/fastcar.shop\/?post_type=product&#038;p=4659"},"modified":"2024-12-10T15:02:54","modified_gmt":"2024-12-10T13:02:54","slug":"chemika-fabric-cleaner-500ml","status":"publish","type":"product","link":"https:\/\/fastcar.shop\/lt\/product\/chemika-fabric-cleaner-500ml\/","title":{"rendered":"CHEMIKA Fabric Cleaner 500ml"},"content":{"rendered":"<p style=\"text-align: left;\"><strong>CHEMIKA Fabric Cleaner 500ml<\/strong><\/p>\n<p style=\"text-align: left;\">FABRIC CLEANER yra specializuotas audini\u0173 apmu\u0161al\u0173 valiklis su kvap\u0173 neutralizatoriumi. Puikiai pa\u0161alina daugum\u0105 ne\u0161varum\u0173 ir atgaivina jo i\u0161vaizd\u0105. Priemon\u0117 greitai, lengvai ir veiksmingai valo suteptus pavir\u0161ius ir palieka ant j\u0173 \u0161veln\u0173 japonini\u0173 bij\u016bn\u0173 g\u0117li\u0173 kvap\u0105.<\/p>\n<p style=\"text-align: left;\"><strong>Kvapas:<\/strong> Japoni\u0161kas bij\u016bnas<\/p>\n<p style=\"text-align: left;\"><strong>Savyb\u0117s:<\/strong><\/p>\n<ul style=\"text-align: left;\">\n<li>Puikiai pa\u0161alina ne\u0161varumus nuo med\u017eiagos pavir\u0161iaus.<\/li>\n<li>Atgaivina apmu\u0161al\u0173 i\u0161vaizd\u0105, palikdamas malon\u0173 kvap\u0105.<\/li>\n<\/ul>\n<p style=\"text-align: left;\"><strong>Numatytas naudojimas:<\/strong><\/p>\n<p style=\"text-align: left;\">\u201eCERAMIC QUICK DETAILER\u201c yra paruo\u0161tas naudoti produktas, skirtas naudoti atskirai arba kaip kondicionierius anks\u010diau naudotos apsaugos priemon\u0117ms. Priemon\u0119 taip pat galima naudoti plastikiniams k\u0117bulo pavir\u0161iams ir ratlankiams.<\/p>\n<p style=\"text-align: left;\"><strong>Kaip naudoti?<\/strong><\/p>\n<ol>\n<li style=\"text-align: left;\">Tolygiai u\u017etepkite gamin\u012f ant audinio pavir\u0161iaus.<\/li>\n<li style=\"text-align: left;\">\u012emasa\u017euokite j\u012f mikropluo\u0161tu.<\/li>\n<li style=\"text-align: left;\">Jei reikia, naudokite mink\u0161t\u0105 \u0161epet\u0117l\u012f.<\/li>\n<li style=\"text-align: left;\">Nuvalykite pavir\u0161i\u0173 dr\u0117gna mikropluo\u0161to \u0161luoste, tada nusausinkite ir leiskite i\u0161d\u017ei\u016bti.<\/li>\n<li style=\"text-align: left;\">Neskieskite ir nenaudokite ant \u012fkaitinto pavir\u0161iaus.<\/li>\n<\/ol>","protected":false},"excerpt":{"rendered":"<p>FABRIC CLEANER yra specializuotas audini\u0173 apmu\u0161al\u0173 valiklis su kvap\u0173 neutralizatoriumi. Puikiai pa\u0161alina daugum\u0105 ne\u0161varum\u0173 ir atgaivina jo i\u0161vaizd\u0105. Priemon\u0117 greitai, lengvai ir veiksmingai valo suteptus pavir\u0161ius ir palieka ant j\u0173 \u0161veln\u0173 japonini\u0173 bij\u016bn\u0173 g\u0117li\u0173 kvap\u0105.<\/p>","protected":false},"featured_media":4702,"template":"","meta":[],"product_brand":[],"product_cat":[892],"product_tag":[],"class_list":{"0":"post-4659","1":"product","2":"type-product","3":"status-publish","4":"has-post-thumbnail","6":"product_cat-vehicle-care","7":"product_provider-chemika","9":"first","10":"instock","11":"taxable","12":"shipping-taxable","13":"purchasable","14":"product-type-simple"},"aioseo_notices":[],"yoast_head":"<!-- This site is optimized with the Yoast SEO plugin v27.3 - https:\/\/yoast.com\/product\/yoast-seo-wordpress\/ -->\n<title>CHEMIKA Fabric Cleaner 500ml - Fast Car Shop<\/title>\n<meta name=\"description\" content=\"FABRIC CLEANER is a specialized fabric upholstery cleaner with odor neutralizer. It perfectly removes most dirt and refreshes its appearance.\" \/>\n<meta name=\"robots\" content=\"index, follow, max-snippet:-1, max-image-preview:large, max-video-preview:-1\" \/>\n<link rel=\"canonical\" href=\"https:\/\/fastcar.shop\/lt\/produktas\/chemika-fabric-cleaner-500ml\/\" \/>\n<meta property=\"og:locale\" content=\"lt_LT\" \/>\n<meta property=\"og:type\" content=\"article\" \/>\n<meta property=\"og:title\" content=\"CHEMIKA Fabric Cleaner 500ml - Fast Car Shop\" \/>\n<meta property=\"og:description\" content=\"FABRIC CLEANER is a specialized fabric upholstery cleaner with odor neutralizer. It perfectly removes most dirt and refreshes its appearance.\" \/>\n<meta property=\"og:url\" content=\"https:\/\/fastcar.shop\/lt\/produktas\/chemika-fabric-cleaner-500ml\/\" \/>\n<meta property=\"og:site_name\" content=\"Fast Car Shop\" \/>\n<meta property=\"article:publisher\" content=\"https:\/\/www.facebook.com\/FastcarLt?locale=lt_LT\" \/>\n<meta property=\"article:modified_time\" content=\"2024-12-10T13:02:54+00:00\" \/>\n<meta property=\"og:image\" content=\"https:\/\/fastcar.shop\/wp-content\/uploads\/2024\/12\/Chemika-Fabric-Cleaner.png\" \/>\n\t<meta property=\"og:image:width\" content=\"1000\" \/>\n\t<meta property=\"og:image:height\" content=\"1000\" \/>\n\t<meta property=\"og:image:type\" content=\"image\/png\" \/>\n<meta name=\"twitter:card\" content=\"summary_large_image\" \/>\n<meta name=\"twitter:label1\" content=\"Est. reading time\" \/>\n\t<meta name=\"twitter:data1\" content=\"1 minut\u0117\" \/>\n<!-- \/ Yoast SEO plugin. -->","yoast_head_json":{"title":"CHEMIKA Fabric Cleaner 500ml - Fast Car Shop","description":"FABRIC CLEANER is a specialized fabric upholstery cleaner with odor neutralizer. It perfectly removes most dirt and refreshes its appearance.","robots":{"index":"index","follow":"follow","max-snippet":"max-snippet:-1","max-image-preview":"max-image-preview:large","max-video-preview":"max-video-preview:-1"},"canonical":"https:\/\/fastcar.shop\/lt\/produktas\/chemika-fabric-cleaner-500ml\/","og_locale":"lt_LT","og_type":"article","og_title":"CHEMIKA Fabric Cleaner 500ml - Fast Car Shop","og_description":"FABRIC CLEANER is a specialized fabric upholstery cleaner with odor neutralizer. It perfectly removes most dirt and refreshes its appearance.","og_url":"https:\/\/fastcar.shop\/lt\/produktas\/chemika-fabric-cleaner-500ml\/","og_site_name":"Fast Car Shop","article_publisher":"https:\/\/www.facebook.com\/FastcarLt?locale=lt_LT","article_modified_time":"2024-12-10T13:02:54+00:00","og_image":[{"width":1000,"height":1000,"url":"https:\/\/fastcar.shop\/wp-content\/uploads\/2024\/12\/Chemika-Fabric-Cleaner.png","type":"image\/png"}],"twitter_card":"summary_large_image","twitter_misc":{"Est. reading time":"1 minut\u0117"},"schema":{"@context":"https:\/\/schema.org","@graph":[{"@type":"WebPage","@id":"https:\/\/fastcar.shop\/product\/chemika-fabric-cleaner-500ml\/","url":"https:\/\/fastcar.shop\/product\/chemika-fabric-cleaner-500ml\/","name":"CHEMIKA Fabric Cleaner 500ml - Fast Car Shop","isPartOf":{"@id":"https:\/\/fastcar.shop\/#website"},"primaryImageOfPage":{"@id":"https:\/\/fastcar.shop\/product\/chemika-fabric-cleaner-500ml\/#primaryimage"},"image":{"@id":"https:\/\/fastcar.shop\/product\/chemika-fabric-cleaner-500ml\/#primaryimage"},"thumbnailUrl":"https:\/\/fastcar.shop\/wp-content\/uploads\/2024\/12\/Chemika-Fabric-Cleaner.png","datePublished":"2024-12-07T16:31:41+00:00","dateModified":"2024-12-10T13:02:54+00:00","description":"FABRIC CLEANER is a specialized fabric upholstery cleaner with odor neutralizer. It perfectly removes most dirt and refreshes its appearance.","breadcrumb":{"@id":"https:\/\/fastcar.shop\/product\/chemika-fabric-cleaner-500ml\/#breadcrumb"},"inLanguage":"lt-LT","potentialAction":[{"@type":"ReadAction","target":["https:\/\/fastcar.shop\/product\/chemika-fabric-cleaner-500ml\/"]}]},{"@type":"ImageObject","inLanguage":"lt-LT","@id":"https:\/\/fastcar.shop\/product\/chemika-fabric-cleaner-500ml\/#primaryimage","url":"https:\/\/fastcar.shop\/wp-content\/uploads\/2024\/12\/Chemika-Fabric-Cleaner.png","contentUrl":"https:\/\/fastcar.shop\/wp-content\/uploads\/2024\/12\/Chemika-Fabric-Cleaner.png","width":1000,"height":1000},{"@type":"BreadcrumbList","@id":"https:\/\/fastcar.shop\/product\/chemika-fabric-cleaner-500ml\/#breadcrumb","itemListElement":[{"@type":"ListItem","position":1,"name":"Home","item":"https:\/\/fastcar.shop\/"},{"@type":"ListItem","position":2,"name":"Shop","item":"https:\/\/fastcar.shop\/shop\/"},{"@type":"ListItem","position":3,"name":"CHEMIKA Fabric Cleaner 500ml"}]},{"@type":"WebSite","@id":"https:\/\/fastcar.shop\/#website","url":"https:\/\/fastcar.shop\/","name":"Greit\u0173 automobili\u0173 parduotuv\u0117","description":"","publisher":{"@id":"https:\/\/fastcar.shop\/#organization"},"potentialAction":[{"@type":"SearchAction","target":{"@type":"EntryPoint","urlTemplate":"https:\/\/fastcar.shop\/?s={search_term_string}"},"query-input":{"@type":"PropertyValueSpecification","valueRequired":true,"valueName":"search_term_string"}}],"inLanguage":"lt-LT"},{"@type":"Organization","@id":"https:\/\/fastcar.shop\/#organization","name":"Fastcar.shop","url":"https:\/\/fastcar.shop\/","logo":{"@type":"ImageObject","inLanguage":"lt-LT","@id":"https:\/\/fastcar.shop\/#\/schema\/logo\/image\/","url":"https:\/\/fastcar.shop\/wp-content\/uploads\/2017\/08\/FCS_JPEG-01-scaled.jpg","contentUrl":"https:\/\/fastcar.shop\/wp-content\/uploads\/2017\/08\/FCS_JPEG-01-scaled.jpg","width":2560,"height":1379,"caption":"Fastcar.shop"},"image":{"@id":"https:\/\/fastcar.shop\/#\/schema\/logo\/image\/"},"sameAs":["https:\/\/www.facebook.com\/FastcarLt?locale=lt_LT","https:\/\/www.instagram.com\/fastcar.shop\/"]}]}},"jetpack_sharing_enabled":true,"_links":{"self":[{"href":"https:\/\/fastcar.shop\/lt\/wp-json\/wp\/v2\/product\/4659","targetHints":{"allow":["GET"]}}],"collection":[{"href":"https:\/\/fastcar.shop\/lt\/wp-json\/wp\/v2\/product"}],"about":[{"href":"https:\/\/fastcar.shop\/lt\/wp-json\/wp\/v2\/types\/product"}],"wp:featuredmedia":[{"embeddable":true,"href":"https:\/\/fastcar.shop\/lt\/wp-json\/wp\/v2\/media\/4702"}],"wp:attachment":[{"href":"https:\/\/fastcar.shop\/lt\/wp-json\/wp\/v2\/media?parent=4659"}],"wp:term":[{"taxonomy":"product_brand","embeddable":true,"href":"https:\/\/fastcar.shop\/lt\/wp-json\/wp\/v2\/product_brand?post=4659"},{"taxonomy":"product_cat","embeddable":true,"href":"https:\/\/fastcar.shop\/lt\/wp-json\/wp\/v2\/product_cat?post=4659"},{"taxonomy":"product_tag","embeddable":true,"href":"https:\/\/fastcar.shop\/lt\/wp-json\/wp\/v2\/product_tag?post=4659"}],"curies":[{"name":"wp","href":"https:\/\/api.w.org\/{rel}","templated":true}]}}