{"id":4657,"date":"2024-12-07T18:25:21","date_gmt":"2024-12-07T16:25:21","guid":{"rendered":"https:\/\/fastcar.shop\/?post_type=product&#038;p=4657"},"modified":"2024-12-10T15:04:19","modified_gmt":"2024-12-10T13:04:19","slug":"chemika-ceramic-quick-detailer-500ml","status":"publish","type":"product","link":"https:\/\/fastcar.shop\/lt\/product\/chemika-ceramic-quick-detailer-500ml\/","title":{"rendered":"CHEMIKA Ceramic Quick Detailer 500ml"},"content":{"rendered":"<p style=\"text-align: left;\"><strong>CHEMIKA Ceramic Quick Detailer 500ml<\/strong><\/p>\n<p style=\"text-align: left;\">Tai paruo\u0161tas naudoti SiO2 pagrindu sukurtas preparatas, skirtas i\u0161orini\u0173 pavir\u0161i\u0173, net ir neapsaugot\u0173, prie\u017ei\u016brai. Jis apsaugo da\u017eus nuo oro s\u0105lyg\u0173, nugali blizges\u012f, puosel\u0117ja automobili\u0173 da\u017e\u0173 konservacines dangas. CERAMIC QUICK DETAILER palieka hidrofobin\u012f efekt\u0105 ir slidum\u0105, suma\u017eina prie da\u017e\u0173 prilipusi\u0173 ne\u0161varum\u0173 kiek\u012f. Sudedam\u0173j\u0173 dali\u0173 sud\u0117tis i\u0161ry\u0161kina spalvos gyl\u012f, be to, j\u0105 galima naudoti sausiems ir \u0161lapiems da\u017eams.\n\nTranslated with DeepL.com (free version)<\/p>\n<p style=\"text-align: left;\"><strong>Numatytas naudojimas:<\/strong><\/p>\n<p style=\"text-align: left;\">\u201eCERAMIC QUICK DETAILER\u201c yra paruo\u0161tas naudoti produktas, skirtas naudoti atskirai arba kaip kondicionierius anks\u010diau naudotos apsaugos priemon\u0117ms. Priemon\u0119 taip pat galima naudoti plastikiniams k\u0117bulo pavir\u0161iams ir ratlankiams.<\/p>\n<p style=\"text-align: left;\"><strong>Naudojimo instrukcijos: <\/strong><\/p>\n<p style=\"text-align: left;\">Purk\u0161kite su mikropluo\u0161tu arba tiesiai ant saus\u0173\/\u0161lapi\u0173 da\u017e\u0173. \u0160variu mikropluo\u0161to rank\u0161luos\u010diu poliruokite sukamaisiais judesiais. I\u0161kart po tepimo nusausinkite \u0161variu mikropluo\u0161to rank\u0161luos\u010diu.<\/p>","protected":false},"excerpt":{"rendered":"<p>Tai paruo\u0161tas naudoti SiO2 pagrindu sukurtas preparatas, skirtas i\u0161orini\u0173 pavir\u0161i\u0173, net ir neapsaugot\u0173, prie\u017ei\u016brai. Jis apsaugo da\u017eus nuo oro s\u0105lyg\u0173, nugali blizges\u012f, puosel\u0117ja automobili\u0173 da\u017e\u0173 konservacines dangas. CERAMIC QUICK DETAILER palieka hidrofobin\u012f efekt\u0105 ir slidum\u0105, suma\u017eina prie da\u017e\u0173 prilipusi\u0173 ne\u0161varum\u0173 kiek\u012f. Sudedam\u0173j\u0173 dali\u0173 sud\u0117tis i\u0161ry\u0161kina spalvos gyl\u012f, be to, j\u0105 galima naudoti sausiems ir \u0161lapiems da\u017eams.\n\nTranslated with DeepL.com (free version)<\/p>","protected":false},"featured_media":4701,"template":"","meta":[],"product_brand":[],"product_cat":[892],"product_tag":[],"class_list":{"0":"post-4657","1":"product","2":"type-product","3":"status-publish","4":"has-post-thumbnail","6":"product_cat-vehicle-care","7":"product_provider-chemika","9":"first","10":"instock","11":"taxable","12":"shipping-taxable","13":"purchasable","14":"product-type-simple"},"aioseo_notices":[],"yoast_head":"<!-- This site is optimized with the Yoast SEO plugin v27.6 - https:\/\/yoast.com\/product\/yoast-seo-wordpress\/ -->\n<title>CHEMIKA Ceramic Quick Detailer 500ml - Fast Car Shop<\/title>\n<meta name=\"description\" content=\"Is a ready-to-use SiO2-based formulation for the care of exterior surfaces, even unprotected ones.\" \/>\n<meta name=\"robots\" content=\"index, follow, max-snippet:-1, max-image-preview:large, max-video-preview:-1\" \/>\n<link rel=\"canonical\" href=\"https:\/\/fastcar.shop\/lt\/produktas\/chemika-ceramic-quick-detailer-500ml\/\" \/>\n<meta property=\"og:locale\" content=\"lt_LT\" \/>\n<meta property=\"og:type\" content=\"article\" \/>\n<meta property=\"og:title\" content=\"CHEMIKA Ceramic Quick Detailer 500ml - Fast Car Shop\" \/>\n<meta property=\"og:description\" content=\"Is a ready-to-use SiO2-based formulation for the care of exterior surfaces, even unprotected ones.\" \/>\n<meta property=\"og:url\" content=\"https:\/\/fastcar.shop\/lt\/produktas\/chemika-ceramic-quick-detailer-500ml\/\" \/>\n<meta property=\"og:site_name\" content=\"Fast Car Shop\" \/>\n<meta property=\"article:publisher\" content=\"https:\/\/www.facebook.com\/FastcarLt?locale=lt_LT\" \/>\n<meta property=\"article:modified_time\" content=\"2024-12-10T13:04:19+00:00\" \/>\n<meta property=\"og:image\" content=\"https:\/\/fastcar.shop\/wp-content\/uploads\/2024\/12\/Chemika-Ceramic-Quick-Detailer.png\" \/>\n\t<meta property=\"og:image:width\" content=\"1000\" \/>\n\t<meta property=\"og:image:height\" content=\"1000\" \/>\n\t<meta property=\"og:image:type\" content=\"image\/png\" \/>\n<meta name=\"twitter:card\" content=\"summary_large_image\" \/>\n<meta name=\"twitter:label1\" content=\"Est. reading time\" \/>\n\t<meta name=\"twitter:data1\" content=\"1 minut\u0117\" \/>\n<!-- \/ Yoast SEO plugin. -->","yoast_head_json":{"title":"CHEMIKA Ceramic Quick Detailer 500ml - Fast Car Shop","description":"Is a ready-to-use SiO2-based formulation for the care of exterior surfaces, even unprotected ones.","robots":{"index":"index","follow":"follow","max-snippet":"max-snippet:-1","max-image-preview":"max-image-preview:large","max-video-preview":"max-video-preview:-1"},"canonical":"https:\/\/fastcar.shop\/lt\/produktas\/chemika-ceramic-quick-detailer-500ml\/","og_locale":"lt_LT","og_type":"article","og_title":"CHEMIKA Ceramic Quick Detailer 500ml - Fast Car Shop","og_description":"Is a ready-to-use SiO2-based formulation for the care of exterior surfaces, even unprotected ones.","og_url":"https:\/\/fastcar.shop\/lt\/produktas\/chemika-ceramic-quick-detailer-500ml\/","og_site_name":"Fast Car Shop","article_publisher":"https:\/\/www.facebook.com\/FastcarLt?locale=lt_LT","article_modified_time":"2024-12-10T13:04:19+00:00","og_image":[{"width":1000,"height":1000,"url":"https:\/\/fastcar.shop\/wp-content\/uploads\/2024\/12\/Chemika-Ceramic-Quick-Detailer.png","type":"image\/png"}],"twitter_card":"summary_large_image","twitter_misc":{"Est. reading time":"1 minut\u0117"},"schema":{"@context":"https:\/\/schema.org","@graph":[{"@type":"WebPage","@id":"https:\/\/fastcar.shop\/product\/chemika-ceramic-quick-detailer-500ml\/","url":"https:\/\/fastcar.shop\/product\/chemika-ceramic-quick-detailer-500ml\/","name":"CHEMIKA Ceramic Quick Detailer 500ml - Fast Car Shop","isPartOf":{"@id":"https:\/\/fastcar.shop\/#website"},"primaryImageOfPage":{"@id":"https:\/\/fastcar.shop\/product\/chemika-ceramic-quick-detailer-500ml\/#primaryimage"},"image":{"@id":"https:\/\/fastcar.shop\/product\/chemika-ceramic-quick-detailer-500ml\/#primaryimage"},"thumbnailUrl":"https:\/\/fastcar.shop\/wp-content\/uploads\/2024\/12\/Chemika-Ceramic-Quick-Detailer.png","datePublished":"2024-12-07T16:25:21+00:00","dateModified":"2024-12-10T13:04:19+00:00","description":"Is a ready-to-use SiO2-based formulation for the care of exterior surfaces, even unprotected ones.","breadcrumb":{"@id":"https:\/\/fastcar.shop\/product\/chemika-ceramic-quick-detailer-500ml\/#breadcrumb"},"inLanguage":"lt-LT","potentialAction":[{"@type":"ReadAction","target":["https:\/\/fastcar.shop\/product\/chemika-ceramic-quick-detailer-500ml\/"]}]},{"@type":"ImageObject","inLanguage":"lt-LT","@id":"https:\/\/fastcar.shop\/product\/chemika-ceramic-quick-detailer-500ml\/#primaryimage","url":"https:\/\/fastcar.shop\/wp-content\/uploads\/2024\/12\/Chemika-Ceramic-Quick-Detailer.png","contentUrl":"https:\/\/fastcar.shop\/wp-content\/uploads\/2024\/12\/Chemika-Ceramic-Quick-Detailer.png","width":1000,"height":1000},{"@type":"BreadcrumbList","@id":"https:\/\/fastcar.shop\/product\/chemika-ceramic-quick-detailer-500ml\/#breadcrumb","itemListElement":[{"@type":"ListItem","position":1,"name":"Home","item":"https:\/\/fastcar.shop\/"},{"@type":"ListItem","position":2,"name":"Shop","item":"https:\/\/fastcar.shop\/shop\/"},{"@type":"ListItem","position":3,"name":"CHEMIKA Ceramic Quick Detailer 500ml"}]},{"@type":"WebSite","@id":"https:\/\/fastcar.shop\/#website","url":"https:\/\/fastcar.shop\/","name":"Greit\u0173 automobili\u0173 parduotuv\u0117","description":"","publisher":{"@id":"https:\/\/fastcar.shop\/#organization"},"potentialAction":[{"@type":"SearchAction","target":{"@type":"EntryPoint","urlTemplate":"https:\/\/fastcar.shop\/?s={search_term_string}"},"query-input":{"@type":"PropertyValueSpecification","valueRequired":true,"valueName":"search_term_string"}}],"inLanguage":"lt-LT"},{"@type":"Organization","@id":"https:\/\/fastcar.shop\/#organization","name":"Fastcar.shop","url":"https:\/\/fastcar.shop\/","logo":{"@type":"ImageObject","inLanguage":"lt-LT","@id":"https:\/\/fastcar.shop\/#\/schema\/logo\/image\/","url":"https:\/\/fastcar.shop\/wp-content\/uploads\/2017\/08\/FCS_JPEG-01-scaled.jpg","contentUrl":"https:\/\/fastcar.shop\/wp-content\/uploads\/2017\/08\/FCS_JPEG-01-scaled.jpg","width":2560,"height":1379,"caption":"Fastcar.shop"},"image":{"@id":"https:\/\/fastcar.shop\/#\/schema\/logo\/image\/"},"sameAs":["https:\/\/www.facebook.com\/FastcarLt?locale=lt_LT","https:\/\/www.instagram.com\/fastcar.shop\/"]}]}},"jetpack_sharing_enabled":true,"_links":{"self":[{"href":"https:\/\/fastcar.shop\/lt\/wp-json\/wp\/v2\/product\/4657","targetHints":{"allow":["GET"]}}],"collection":[{"href":"https:\/\/fastcar.shop\/lt\/wp-json\/wp\/v2\/product"}],"about":[{"href":"https:\/\/fastcar.shop\/lt\/wp-json\/wp\/v2\/types\/product"}],"wp:featuredmedia":[{"embeddable":true,"href":"https:\/\/fastcar.shop\/lt\/wp-json\/wp\/v2\/media\/4701"}],"wp:attachment":[{"href":"https:\/\/fastcar.shop\/lt\/wp-json\/wp\/v2\/media?parent=4657"}],"wp:term":[{"taxonomy":"product_brand","embeddable":true,"href":"https:\/\/fastcar.shop\/lt\/wp-json\/wp\/v2\/product_brand?post=4657"},{"taxonomy":"product_cat","embeddable":true,"href":"https:\/\/fastcar.shop\/lt\/wp-json\/wp\/v2\/product_cat?post=4657"},{"taxonomy":"product_tag","embeddable":true,"href":"https:\/\/fastcar.shop\/lt\/wp-json\/wp\/v2\/product_tag?post=4657"}],"curies":[{"name":"wp","href":"https:\/\/api.w.org\/{rel}","templated":true}]}}