{"id":4655,"date":"2024-12-07T18:14:15","date_gmt":"2024-12-07T16:14:15","guid":{"rendered":"https:\/\/fastcar.shop\/?post_type=product&#038;p=4655"},"modified":"2024-12-10T15:05:35","modified_gmt":"2024-12-10T13:05:35","slug":"chemika-ceramic-coating-booster-250ml","status":"publish","type":"product","link":"https:\/\/fastcar.shop\/lt\/product\/chemika-ceramic-coating-booster-250ml\/","title":{"rendered":"CHEMIKA Ceramic Coating Booster 250ml"},"content":{"rendered":"<p style=\"text-align: left;\"><strong>CHEMIKA CERAMIC COATING BOOSTER 250ml<\/strong><\/p>\n<p style=\"text-align: left;\">Tai itin lengvai tepama formul\u0117, sukurta naudojant SiO2 pagrindu sukurt\u0105 keramikos technologij\u0105. Produktas u\u017etikrina ilgalaik\u012f rezultat\u0105 iki 9 m\u0117nesi\u0173, palieka itin lygi\u0105 apdail\u0105 ir papildomai apsaugo da\u017eus nuo oro s\u0105lyg\u0173. CERAMIC COATING BOOSTER akimirksniu patamsina da\u017eus ir maskuoja lengvus \u012fbr\u0117\u017eimus, sukurdamas itin hidrofobin\u0119 dang\u0105.<\/p>\n<p style=\"text-align: left;\"><strong>Numatytas naudojimas:<\/strong><\/p>\n<p style=\"text-align: left;\">CERAMIC COATING BOOSTER yra paruo\u0161ta naudoti formul\u0117, skirta naudoti atskirai arba kaip periodin\u0117 keramin\u0117s dangos kondicionavimo priemon\u0117.<\/p>\n<p style=\"text-align: left;\"><strong>D\u017ei\u016bvimo laikas:<\/strong> pradinis kiet\u0117jimas po 3 valand\u0173, visi\u0161kas kiet\u0117jimas po 24 valand\u0173.<\/p>\n<p style=\"text-align: left;\"><strong>Naudojimo instrukcijos: <\/strong><\/p>\n<p style=\"text-align: left;\">Naudodami \u201eSurface Prep\u201c nuvalykite pavir\u0161i\u0173, ant kurio bus tepamas \u201eCeramic Coating Booster\u201c. Purk\u0161kite mikropluo\u0161tu ant \u0161varaus, sauso ir v\u0117saus pavir\u0161iaus. Purk\u0161kite po vien\u0105 nedidel\u0119 plok\u0161t\u0119 arba vis\u0105 sekcij\u0105. \u0160variu mikropluo\u0161to rank\u0161luos\u010diu poliruokite sukamaisiais judesiais. I\u0161kart po tepimo sausai nu\u0161luostykite \u0161variu mikropluo\u0161to rank\u0161luos\u010diu.<\/p>","protected":false},"excerpt":{"rendered":"<p>Tai itin lengvai tepama formul\u0117, sukurta naudojant SiO2 pagrindu sukurt\u0105 keramikos technologij\u0105. Produktas u\u017etikrina ilgalaik\u012f rezultat\u0105 iki 9 m\u0117nesi\u0173, palieka itin lygi\u0105 apdail\u0105 ir papildomai apsaugo da\u017eus nuo oro s\u0105lyg\u0173. CERAMIC COATING BOOSTER akimirksniu patamsina da\u017eus ir maskuoja lengvus \u012fbr\u0117\u017eimus, sukurdamas itin hidrofobin\u0119 dang\u0105.<\/p>","protected":false},"featured_media":4700,"template":"","meta":[],"product_brand":[],"product_cat":[892],"product_tag":[],"class_list":{"0":"post-4655","1":"product","2":"type-product","3":"status-publish","4":"has-post-thumbnail","6":"product_cat-vehicle-care","7":"product_provider-chemika","9":"first","10":"instock","11":"taxable","12":"shipping-taxable","13":"purchasable","14":"product-type-simple"},"aioseo_notices":[],"yoast_head":"<!-- This site is optimized with the Yoast SEO plugin v27.3 - https:\/\/yoast.com\/product\/yoast-seo-wordpress\/ -->\n<title>CHEMIKA Ceramic Coating Booster 250ml - Fast Car Shop<\/title>\n<meta name=\"description\" content=\"CERAMIC COATING BOOSTER is a formulation that is extremely easy to apply using SiO2-based ceramic technology.\" \/>\n<meta name=\"robots\" content=\"index, follow, max-snippet:-1, max-image-preview:large, max-video-preview:-1\" \/>\n<link rel=\"canonical\" href=\"https:\/\/fastcar.shop\/lt\/produktas\/chemika-ceramic-coating-booster-250ml\/\" \/>\n<meta property=\"og:locale\" content=\"lt_LT\" \/>\n<meta property=\"og:type\" content=\"article\" \/>\n<meta property=\"og:title\" content=\"CHEMIKA Ceramic Coating Booster 250ml - Fast Car Shop\" \/>\n<meta property=\"og:description\" content=\"CERAMIC COATING BOOSTER is a formulation that is extremely easy to apply using SiO2-based ceramic technology.\" \/>\n<meta property=\"og:url\" content=\"https:\/\/fastcar.shop\/lt\/produktas\/chemika-ceramic-coating-booster-250ml\/\" \/>\n<meta property=\"og:site_name\" content=\"Fast Car Shop\" \/>\n<meta property=\"article:publisher\" content=\"https:\/\/www.facebook.com\/FastcarLt?locale=lt_LT\" \/>\n<meta property=\"article:modified_time\" content=\"2024-12-10T13:05:35+00:00\" \/>\n<meta property=\"og:image\" content=\"https:\/\/fastcar.shop\/wp-content\/uploads\/2024\/12\/Chemika-Ceramic-Coating-Booster.png\" \/>\n\t<meta property=\"og:image:width\" content=\"1200\" \/>\n\t<meta property=\"og:image:height\" content=\"1200\" \/>\n\t<meta property=\"og:image:type\" content=\"image\/png\" \/>\n<meta name=\"twitter:card\" content=\"summary_large_image\" \/>\n<meta name=\"twitter:label1\" content=\"Est. reading time\" \/>\n\t<meta name=\"twitter:data1\" content=\"1 minut\u0117\" \/>\n<!-- \/ Yoast SEO plugin. -->","yoast_head_json":{"title":"CHEMIKA Ceramic Coating Booster 250ml - Fast Car Shop","description":"CERAMIC COATING BOOSTER is a formulation that is extremely easy to apply using SiO2-based ceramic technology.","robots":{"index":"index","follow":"follow","max-snippet":"max-snippet:-1","max-image-preview":"max-image-preview:large","max-video-preview":"max-video-preview:-1"},"canonical":"https:\/\/fastcar.shop\/lt\/produktas\/chemika-ceramic-coating-booster-250ml\/","og_locale":"lt_LT","og_type":"article","og_title":"CHEMIKA Ceramic Coating Booster 250ml - Fast Car Shop","og_description":"CERAMIC COATING BOOSTER is a formulation that is extremely easy to apply using SiO2-based ceramic technology.","og_url":"https:\/\/fastcar.shop\/lt\/produktas\/chemika-ceramic-coating-booster-250ml\/","og_site_name":"Fast Car Shop","article_publisher":"https:\/\/www.facebook.com\/FastcarLt?locale=lt_LT","article_modified_time":"2024-12-10T13:05:35+00:00","og_image":[{"width":1200,"height":1200,"url":"https:\/\/fastcar.shop\/wp-content\/uploads\/2024\/12\/Chemika-Ceramic-Coating-Booster.png","type":"image\/png"}],"twitter_card":"summary_large_image","twitter_misc":{"Est. reading time":"1 minut\u0117"},"schema":{"@context":"https:\/\/schema.org","@graph":[{"@type":"WebPage","@id":"https:\/\/fastcar.shop\/product\/chemika-ceramic-coating-booster-250ml\/","url":"https:\/\/fastcar.shop\/product\/chemika-ceramic-coating-booster-250ml\/","name":"CHEMIKA Ceramic Coating Booster 250ml - Fast Car Shop","isPartOf":{"@id":"https:\/\/fastcar.shop\/#website"},"primaryImageOfPage":{"@id":"https:\/\/fastcar.shop\/product\/chemika-ceramic-coating-booster-250ml\/#primaryimage"},"image":{"@id":"https:\/\/fastcar.shop\/product\/chemika-ceramic-coating-booster-250ml\/#primaryimage"},"thumbnailUrl":"https:\/\/fastcar.shop\/wp-content\/uploads\/2024\/12\/Chemika-Ceramic-Coating-Booster.png","datePublished":"2024-12-07T16:14:15+00:00","dateModified":"2024-12-10T13:05:35+00:00","description":"CERAMIC COATING BOOSTER is a formulation that is extremely easy to apply using SiO2-based ceramic technology.","breadcrumb":{"@id":"https:\/\/fastcar.shop\/product\/chemika-ceramic-coating-booster-250ml\/#breadcrumb"},"inLanguage":"lt-LT","potentialAction":[{"@type":"ReadAction","target":["https:\/\/fastcar.shop\/product\/chemika-ceramic-coating-booster-250ml\/"]}]},{"@type":"ImageObject","inLanguage":"lt-LT","@id":"https:\/\/fastcar.shop\/product\/chemika-ceramic-coating-booster-250ml\/#primaryimage","url":"https:\/\/fastcar.shop\/wp-content\/uploads\/2024\/12\/Chemika-Ceramic-Coating-Booster.png","contentUrl":"https:\/\/fastcar.shop\/wp-content\/uploads\/2024\/12\/Chemika-Ceramic-Coating-Booster.png","width":1200,"height":1200},{"@type":"BreadcrumbList","@id":"https:\/\/fastcar.shop\/product\/chemika-ceramic-coating-booster-250ml\/#breadcrumb","itemListElement":[{"@type":"ListItem","position":1,"name":"Home","item":"https:\/\/fastcar.shop\/"},{"@type":"ListItem","position":2,"name":"Shop","item":"https:\/\/fastcar.shop\/shop\/"},{"@type":"ListItem","position":3,"name":"CHEMIKA Ceramic Coating Booster 250ml"}]},{"@type":"WebSite","@id":"https:\/\/fastcar.shop\/#website","url":"https:\/\/fastcar.shop\/","name":"Greit\u0173 automobili\u0173 parduotuv\u0117","description":"","publisher":{"@id":"https:\/\/fastcar.shop\/#organization"},"potentialAction":[{"@type":"SearchAction","target":{"@type":"EntryPoint","urlTemplate":"https:\/\/fastcar.shop\/?s={search_term_string}"},"query-input":{"@type":"PropertyValueSpecification","valueRequired":true,"valueName":"search_term_string"}}],"inLanguage":"lt-LT"},{"@type":"Organization","@id":"https:\/\/fastcar.shop\/#organization","name":"Fastcar.shop","url":"https:\/\/fastcar.shop\/","logo":{"@type":"ImageObject","inLanguage":"lt-LT","@id":"https:\/\/fastcar.shop\/#\/schema\/logo\/image\/","url":"https:\/\/fastcar.shop\/wp-content\/uploads\/2017\/08\/FCS_JPEG-01-scaled.jpg","contentUrl":"https:\/\/fastcar.shop\/wp-content\/uploads\/2017\/08\/FCS_JPEG-01-scaled.jpg","width":2560,"height":1379,"caption":"Fastcar.shop"},"image":{"@id":"https:\/\/fastcar.shop\/#\/schema\/logo\/image\/"},"sameAs":["https:\/\/www.facebook.com\/FastcarLt?locale=lt_LT","https:\/\/www.instagram.com\/fastcar.shop\/"]}]}},"jetpack_sharing_enabled":true,"_links":{"self":[{"href":"https:\/\/fastcar.shop\/lt\/wp-json\/wp\/v2\/product\/4655","targetHints":{"allow":["GET"]}}],"collection":[{"href":"https:\/\/fastcar.shop\/lt\/wp-json\/wp\/v2\/product"}],"about":[{"href":"https:\/\/fastcar.shop\/lt\/wp-json\/wp\/v2\/types\/product"}],"wp:featuredmedia":[{"embeddable":true,"href":"https:\/\/fastcar.shop\/lt\/wp-json\/wp\/v2\/media\/4700"}],"wp:attachment":[{"href":"https:\/\/fastcar.shop\/lt\/wp-json\/wp\/v2\/media?parent=4655"}],"wp:term":[{"taxonomy":"product_brand","embeddable":true,"href":"https:\/\/fastcar.shop\/lt\/wp-json\/wp\/v2\/product_brand?post=4655"},{"taxonomy":"product_cat","embeddable":true,"href":"https:\/\/fastcar.shop\/lt\/wp-json\/wp\/v2\/product_cat?post=4655"},{"taxonomy":"product_tag","embeddable":true,"href":"https:\/\/fastcar.shop\/lt\/wp-json\/wp\/v2\/product_tag?post=4655"}],"curies":[{"name":"wp","href":"https:\/\/api.w.org\/{rel}","templated":true}]}}