{"id":4652,"date":"2024-12-07T17:54:06","date_gmt":"2024-12-07T15:54:06","guid":{"rendered":"https:\/\/fastcar.shop\/?post_type=product&#038;p=4652"},"modified":"2024-12-10T15:07:03","modified_gmt":"2024-12-10T13:07:03","slug":"chemika-bug-remover-500ml","status":"publish","type":"product","link":"https:\/\/fastcar.shop\/lt\/product\/chemika-bug-remover-500ml\/","title":{"rendered":"CHEMIKA vabzd\u017ei\u0173 \u0161alinimo priemon\u0117 500ml"},"content":{"rendered":"<p style=\"text-align: left;\"><strong>CHEMIKA vabzd\u017ei\u0173 \u0161alinimo priemon\u0117 500ml<\/strong><\/p>\n<p style=\"text-align: left;\">Tai priemon\u0117, kuri greitai ir veiksmingai pa\u0161alina organinius ter\u0161alus nuo automobili\u0173 da\u017e\u0173 ir priekini\u0173 stikl\u0173. D\u0117l unikalios formul\u0117s vabzd\u017ei\u0173 atsikratyti be \u0161veitimo u\u017etrunka vos kelias minutes. Saugus lakui ir apsaugin\u0117ms dangoms, jis maloniai kvepia pipirm\u0117t\u0117mis su vanil\u0117s prieskoniu.<\/p>\n<p style=\"text-align: left;\"><strong>Kvapas: <\/strong>Pipirm\u0117t\u0117s<\/p>\n<p style=\"text-align: left;\"><strong>Savyb\u0117s:<\/strong><\/p>\n<ul style=\"text-align: left;\">\n<li style=\"text-align: left;\">Pa\u0161alina vabzd\u017ei\u0173 ir purvo liku\u010dius<\/li>\n<li style=\"text-align: left;\">Unikali formul\u0117 be \u0161veitimo<\/li>\n<li style=\"text-align: left;\">Saugus da\u017eams, keramikai ir kitoms apsaugin\u0117ms dangoms<\/li>\n<li style=\"text-align: left;\">Paruo\u0161ta naudoti<\/li>\n<\/ul>\n<p style=\"text-align: left;\"><strong>Numatytas naudojimas:<\/strong><\/p>\n<p style=\"text-align: left;\">\u201eBUG REMOVER PRO\u201c yra paruo\u0161ta naudoti formul\u0117, skirta vabzd\u017ei\u0173 liku\u010diams ir keli\u0173 purvui \u0161alinti nuo apatini\u0173 k\u0117bulo dali\u0173, priekini\u0173 \u017eibint\u0173, da\u017e\u0173, stiklo, chromuot\u0173 dali\u0173 ir neda\u017eyt\u0173 plastik\u0173.<\/p>\n<p style=\"text-align: left;\"><strong>Kaip naudoti?<\/strong><\/p>\n<ol>\n<li style=\"text-align: left;\">U\u017epurk\u0161kite priemon\u0119 ant suteptos vietos ir palikite ma\u017edaug 1 minut\u0119, kad veikliosios med\u017eiagos prad\u0117t\u0173 veikti.<\/li>\n<li style=\"text-align: left;\">Tada nuplaukite susl\u0117gtu vandeniu.<\/li>\n<li style=\"text-align: left;\">Jei reikia, pakartokite operacij\u0105.<\/li>\n<li style=\"text-align: left;\">Neskieskite ir nenaudokite ant \u012fkaitusio pavir\u0161iaus.<\/li>\n<\/ol>","protected":false},"excerpt":{"rendered":"<p>\u201eBUG REMOVER PRO\u201c yra priemon\u0117, kuri greitai ir veiksmingai pa\u0161alina organinius ter\u0161alus nuo automobili\u0173 da\u017e\u0173 ir priekini\u0173 stikl\u0173. D\u0117l unikalios formul\u0117s vabzd\u017ei\u0173 atsikratyti be \u0161veitimo u\u017etrunka vos kelias minutes. Saugus lakui ir apsaugin\u0117ms dangoms, jis yra malonaus pipirm\u0117\u010di\u0173 su vanil\u0117s prieskoniu kvapo.<\/p>","protected":false},"featured_media":4699,"template":"","meta":[],"product_brand":[],"product_cat":[892],"product_tag":[],"class_list":{"0":"post-4652","1":"product","2":"type-product","3":"status-publish","4":"has-post-thumbnail","6":"product_cat-vehicle-care","7":"product_provider-chemika","9":"first","10":"instock","11":"taxable","12":"shipping-taxable","13":"purchasable","14":"product-type-simple"},"aioseo_notices":[],"yoast_head":"<!-- This site is optimized with the Yoast SEO plugin v27.4 - https:\/\/yoast.com\/product\/yoast-seo-wordpress\/ -->\n<title>CHEMIKA Bug Remover 500ml - Fast Car Shop<\/title>\n<meta name=\"description\" content=\"BUG REMOVER PRO is an agent that quickly and effectively removes organic contaminants from car paint and windshields.\" \/>\n<meta name=\"robots\" content=\"index, follow, max-snippet:-1, max-image-preview:large, max-video-preview:-1\" \/>\n<link rel=\"canonical\" href=\"https:\/\/fastcar.shop\/lt\/produktas\/chemika-bug-remover-500ml\/\" \/>\n<meta property=\"og:locale\" content=\"lt_LT\" \/>\n<meta property=\"og:type\" content=\"article\" \/>\n<meta property=\"og:title\" content=\"CHEMIKA Bug Remover 500ml - Fast Car Shop\" \/>\n<meta property=\"og:description\" content=\"BUG REMOVER PRO is an agent that quickly and effectively removes organic contaminants from car paint and windshields.\" \/>\n<meta property=\"og:url\" content=\"https:\/\/fastcar.shop\/lt\/produktas\/chemika-bug-remover-500ml\/\" \/>\n<meta property=\"og:site_name\" content=\"Fast Car Shop\" \/>\n<meta property=\"article:publisher\" content=\"https:\/\/www.facebook.com\/FastcarLt?locale=lt_LT\" \/>\n<meta property=\"article:modified_time\" content=\"2024-12-10T13:07:03+00:00\" \/>\n<meta property=\"og:image\" content=\"https:\/\/fastcar.shop\/wp-content\/uploads\/2024\/12\/chemika-bug-remover.png\" \/>\n\t<meta property=\"og:image:width\" content=\"1200\" \/>\n\t<meta property=\"og:image:height\" content=\"1200\" \/>\n\t<meta property=\"og:image:type\" content=\"image\/png\" \/>\n<meta name=\"twitter:card\" content=\"summary_large_image\" \/>\n<meta name=\"twitter:label1\" content=\"Est. reading time\" \/>\n\t<meta name=\"twitter:data1\" content=\"1 minut\u0117\" \/>\n<!-- \/ Yoast SEO plugin. -->","yoast_head_json":{"title":"CHEMIKA Bug Remover 500ml - Fast Car Shop","description":"BUG REMOVER PRO is an agent that quickly and effectively removes organic contaminants from car paint and windshields.","robots":{"index":"index","follow":"follow","max-snippet":"max-snippet:-1","max-image-preview":"max-image-preview:large","max-video-preview":"max-video-preview:-1"},"canonical":"https:\/\/fastcar.shop\/lt\/produktas\/chemika-bug-remover-500ml\/","og_locale":"lt_LT","og_type":"article","og_title":"CHEMIKA Bug Remover 500ml - Fast Car Shop","og_description":"BUG REMOVER PRO is an agent that quickly and effectively removes organic contaminants from car paint and windshields.","og_url":"https:\/\/fastcar.shop\/lt\/produktas\/chemika-bug-remover-500ml\/","og_site_name":"Fast Car Shop","article_publisher":"https:\/\/www.facebook.com\/FastcarLt?locale=lt_LT","article_modified_time":"2024-12-10T13:07:03+00:00","og_image":[{"width":1200,"height":1200,"url":"https:\/\/fastcar.shop\/wp-content\/uploads\/2024\/12\/chemika-bug-remover.png","type":"image\/png"}],"twitter_card":"summary_large_image","twitter_misc":{"Est. reading time":"1 minut\u0117"},"schema":{"@context":"https:\/\/schema.org","@graph":[{"@type":"WebPage","@id":"https:\/\/fastcar.shop\/product\/chemika-bug-remover-500ml\/","url":"https:\/\/fastcar.shop\/product\/chemika-bug-remover-500ml\/","name":"CHEMIKA Bug Remover 500ml - Fast Car Shop","isPartOf":{"@id":"https:\/\/fastcar.shop\/#website"},"primaryImageOfPage":{"@id":"https:\/\/fastcar.shop\/product\/chemika-bug-remover-500ml\/#primaryimage"},"image":{"@id":"https:\/\/fastcar.shop\/product\/chemika-bug-remover-500ml\/#primaryimage"},"thumbnailUrl":"https:\/\/fastcar.shop\/wp-content\/uploads\/2024\/12\/chemika-bug-remover.png","datePublished":"2024-12-07T15:54:06+00:00","dateModified":"2024-12-10T13:07:03+00:00","description":"BUG REMOVER PRO is an agent that quickly and effectively removes organic contaminants from car paint and windshields.","breadcrumb":{"@id":"https:\/\/fastcar.shop\/product\/chemika-bug-remover-500ml\/#breadcrumb"},"inLanguage":"lt-LT","potentialAction":[{"@type":"ReadAction","target":["https:\/\/fastcar.shop\/product\/chemika-bug-remover-500ml\/"]}]},{"@type":"ImageObject","inLanguage":"lt-LT","@id":"https:\/\/fastcar.shop\/product\/chemika-bug-remover-500ml\/#primaryimage","url":"https:\/\/fastcar.shop\/wp-content\/uploads\/2024\/12\/chemika-bug-remover.png","contentUrl":"https:\/\/fastcar.shop\/wp-content\/uploads\/2024\/12\/chemika-bug-remover.png","width":1200,"height":1200},{"@type":"BreadcrumbList","@id":"https:\/\/fastcar.shop\/product\/chemika-bug-remover-500ml\/#breadcrumb","itemListElement":[{"@type":"ListItem","position":1,"name":"Home","item":"https:\/\/fastcar.shop\/"},{"@type":"ListItem","position":2,"name":"Shop","item":"https:\/\/fastcar.shop\/shop\/"},{"@type":"ListItem","position":3,"name":"CHEMIKA Bug Remover 500ml"}]},{"@type":"WebSite","@id":"https:\/\/fastcar.shop\/#website","url":"https:\/\/fastcar.shop\/","name":"Greit\u0173 automobili\u0173 parduotuv\u0117","description":"","publisher":{"@id":"https:\/\/fastcar.shop\/#organization"},"potentialAction":[{"@type":"SearchAction","target":{"@type":"EntryPoint","urlTemplate":"https:\/\/fastcar.shop\/?s={search_term_string}"},"query-input":{"@type":"PropertyValueSpecification","valueRequired":true,"valueName":"search_term_string"}}],"inLanguage":"lt-LT"},{"@type":"Organization","@id":"https:\/\/fastcar.shop\/#organization","name":"Fastcar.shop","url":"https:\/\/fastcar.shop\/","logo":{"@type":"ImageObject","inLanguage":"lt-LT","@id":"https:\/\/fastcar.shop\/#\/schema\/logo\/image\/","url":"https:\/\/fastcar.shop\/wp-content\/uploads\/2017\/08\/FCS_JPEG-01-scaled.jpg","contentUrl":"https:\/\/fastcar.shop\/wp-content\/uploads\/2017\/08\/FCS_JPEG-01-scaled.jpg","width":2560,"height":1379,"caption":"Fastcar.shop"},"image":{"@id":"https:\/\/fastcar.shop\/#\/schema\/logo\/image\/"},"sameAs":["https:\/\/www.facebook.com\/FastcarLt?locale=lt_LT","https:\/\/www.instagram.com\/fastcar.shop\/"]}]}},"jetpack_sharing_enabled":true,"_links":{"self":[{"href":"https:\/\/fastcar.shop\/lt\/wp-json\/wp\/v2\/product\/4652","targetHints":{"allow":["GET"]}}],"collection":[{"href":"https:\/\/fastcar.shop\/lt\/wp-json\/wp\/v2\/product"}],"about":[{"href":"https:\/\/fastcar.shop\/lt\/wp-json\/wp\/v2\/types\/product"}],"wp:featuredmedia":[{"embeddable":true,"href":"https:\/\/fastcar.shop\/lt\/wp-json\/wp\/v2\/media\/4699"}],"wp:attachment":[{"href":"https:\/\/fastcar.shop\/lt\/wp-json\/wp\/v2\/media?parent=4652"}],"wp:term":[{"taxonomy":"product_brand","embeddable":true,"href":"https:\/\/fastcar.shop\/lt\/wp-json\/wp\/v2\/product_brand?post=4652"},{"taxonomy":"product_cat","embeddable":true,"href":"https:\/\/fastcar.shop\/lt\/wp-json\/wp\/v2\/product_cat?post=4652"},{"taxonomy":"product_tag","embeddable":true,"href":"https:\/\/fastcar.shop\/lt\/wp-json\/wp\/v2\/product_tag?post=4652"}],"curies":[{"name":"wp","href":"https:\/\/api.w.org\/{rel}","templated":true}]}}