{"id":4643,"date":"2024-11-30T16:12:32","date_gmt":"2024-11-30T14:12:32","guid":{"rendered":"https:\/\/fastcar.shop\/?post_type=product&#038;p=4643"},"modified":"2026-02-11T13:23:46","modified_gmt":"2026-02-11T11:23:46","slug":"lucas-petrol-fuel-stabiliser-for-storage-8fl-oz-237ml","status":"publish","type":"product","link":"https:\/\/fastcar.shop\/lt\/product\/lucas-petrol-fuel-stabiliser-for-storage-8fl-oz-237ml\/","title":{"rendered":"LUCAS Benzino ir etanolio degal\u0173 stabilizatorius kuro saugojimui 237ml"},"content":{"rendered":"<div class=\"row align-items-start\">\n<div class=\"col-lg-6 col-md-6 col-sm-12\">\n<p style=\"text-align: left;\"><strong>\u201eLucas Oil\u201c kuro priedas<\/strong><\/p>\n<p style=\"text-align: left;\">\u201eLucas\u201c degal\u0173 stabilizatorius saugo degalus nuo degal\u0173 skilimo laikymo metu, d\u0117l kurio susidaro gumos ir lako nuos\u0117dos. Jis valo, tepa ir pri\u017ei\u016bri degal\u0173 siurblius, karbiuratorius, degal\u0173 purk\u0161tukus ir kompresijos \u017eiedus. \u201eLucas Fuel Stabiliser\u201c saugu naudoti vis\u0173 r\u016b\u0161i\u0173 benzine ir visuose dvitak\u010diuose ir keturtak\u010diuose varikliuose.<\/p>\n<p style=\"text-align: left;\">LENGVA NAUDOTI. Viena (1) skys\u010dio uncija tinka 2,5 galono benzino.<\/p>\n<p style=\"text-align: left;\">Puikiai tinka ne sezono metu \u017eiem\u0105 laikyti lenktyninius automobilius, motociklus ar sodo technik\u0105.<\/p>\n<p style=\"text-align: left;\"><strong>Pagrindiniai privalumai<\/strong><\/p>\n<ul style=\"text-align: left;\">\n<li>Benzinas ir etanolis<\/li>\n<li>U\u017ekerta keli\u0105 degal\u0173 skilimui<\/li>\n<li>Saugus degal\u0173 \u012fpur\u0161kimui ir karbiuratoriams<\/li>\n<li>Sud\u0117tyje n\u0117ra alkoholio<\/li>\n<li>Saugus visoms degal\u0173 sistemoms<\/li>\n<\/ul>\n<p style=\"text-align: left;\"><a href=\"https:\/\/fastcar.shop\/wp-content\/uploads\/2024\/11\/lucas-TDS_Lucas-Fuel-Stabilizer.pdf\">Specifikacijos <img loading=\"lazy\" decoding=\"async\" class=\"alignnone size-full wp-image-3251 alignleft\" src=\"https:\/\/fastcar.shop\/wp-content\/uploads\/2022\/01\/pdf-e1641824783993.png\" alt=\"\" width=\"30\" height=\"23\" \/><\/a><\/p>\n<\/div>\n<\/div>","protected":false},"excerpt":{"rendered":"<p>\u201eLucas\u201c degal\u0173 stabilizatorius apsaugo degalus nuo degradacijos laikymo metu, d\u0117l kurios susidaro gumos ir lako nuos\u0117dos.<\/p>","protected":false},"featured_media":4644,"template":"","meta":[],"product_brand":[],"product_cat":[1788],"product_tag":[],"class_list":{"0":"post-4643","1":"product","2":"type-product","3":"status-publish","4":"has-post-thumbnail","6":"product_cat-fuel-treatments","7":"product_provider-lucas-oil","9":"first","10":"instock","11":"taxable","12":"shipping-taxable","13":"purchasable","14":"product-type-simple"},"aioseo_notices":[],"yoast_head":"<!-- This site is optimized with the Yoast SEO plugin v27.3 - https:\/\/yoast.com\/product\/yoast-seo-wordpress\/ -->\n<title>LUCAS Petrol Fuel Stabiliser For Storage 8fl oz 237ml - Fast Car Shop<\/title>\n<meta name=\"robots\" content=\"index, follow, max-snippet:-1, max-image-preview:large, max-video-preview:-1\" \/>\n<link rel=\"canonical\" href=\"https:\/\/fastcar.shop\/lt\/produktas\/lucas-petrol-fuel-stabiliser-for-storage-8fl-oz-237ml\/\" \/>\n<meta property=\"og:locale\" content=\"lt_LT\" \/>\n<meta property=\"og:type\" content=\"article\" \/>\n<meta property=\"og:title\" content=\"LUCAS Petrol Fuel Stabiliser For Storage 8fl oz 237ml - Fast Car Shop\" \/>\n<meta property=\"og:description\" content=\"Lucas Fuel Stabiliser prevents fuel degradation during storage that causes gum and varnish deposits.\" \/>\n<meta property=\"og:url\" content=\"https:\/\/fastcar.shop\/lt\/produktas\/lucas-petrol-fuel-stabiliser-for-storage-8fl-oz-237ml\/\" \/>\n<meta property=\"og:site_name\" content=\"Fast Car Shop\" \/>\n<meta property=\"article:publisher\" content=\"https:\/\/www.facebook.com\/FastcarLt?locale=lt_LT\" \/>\n<meta property=\"article:modified_time\" content=\"2026-02-11T11:23:46+00:00\" \/>\n<meta property=\"og:image\" content=\"https:\/\/fastcar.shop\/wp-content\/uploads\/2024\/11\/lucas-02_Fuel_Stabilizer_8oz_800x950-e1640171022332.jpg\" \/>\n\t<meta property=\"og:image:width\" content=\"950\" \/>\n\t<meta property=\"og:image:height\" content=\"950\" \/>\n\t<meta property=\"og:image:type\" content=\"image\/jpeg\" \/>\n<meta name=\"twitter:card\" content=\"summary_large_image\" \/>\n<meta name=\"twitter:label1\" content=\"Est. reading time\" \/>\n\t<meta name=\"twitter:data1\" content=\"1 minut\u0117\" \/>\n<!-- \/ Yoast SEO plugin. -->","yoast_head_json":{"title":"LUCAS Petrol Fuel Stabiliser For Storage 8fl oz 237ml - Fast Car Shop","robots":{"index":"index","follow":"follow","max-snippet":"max-snippet:-1","max-image-preview":"max-image-preview:large","max-video-preview":"max-video-preview:-1"},"canonical":"https:\/\/fastcar.shop\/lt\/produktas\/lucas-petrol-fuel-stabiliser-for-storage-8fl-oz-237ml\/","og_locale":"lt_LT","og_type":"article","og_title":"LUCAS Petrol Fuel Stabiliser For Storage 8fl oz 237ml - Fast Car Shop","og_description":"Lucas Fuel Stabiliser prevents fuel degradation during storage that causes gum and varnish deposits.","og_url":"https:\/\/fastcar.shop\/lt\/produktas\/lucas-petrol-fuel-stabiliser-for-storage-8fl-oz-237ml\/","og_site_name":"Fast Car Shop","article_publisher":"https:\/\/www.facebook.com\/FastcarLt?locale=lt_LT","article_modified_time":"2026-02-11T11:23:46+00:00","og_image":[{"width":950,"height":950,"url":"https:\/\/fastcar.shop\/wp-content\/uploads\/2024\/11\/lucas-02_Fuel_Stabilizer_8oz_800x950-e1640171022332.jpg","type":"image\/jpeg"}],"twitter_card":"summary_large_image","twitter_misc":{"Est. reading time":"1 minut\u0117"},"schema":{"@context":"https:\/\/schema.org","@graph":[{"@type":"WebPage","@id":"https:\/\/fastcar.shop\/product\/lucas-petrol-fuel-stabiliser-for-storage-8fl-oz-237ml\/","url":"https:\/\/fastcar.shop\/product\/lucas-petrol-fuel-stabiliser-for-storage-8fl-oz-237ml\/","name":"LUCAS Petrol Fuel Stabiliser For Storage 8fl oz 237ml - Fast Car Shop","isPartOf":{"@id":"https:\/\/fastcar.shop\/#website"},"primaryImageOfPage":{"@id":"https:\/\/fastcar.shop\/product\/lucas-petrol-fuel-stabiliser-for-storage-8fl-oz-237ml\/#primaryimage"},"image":{"@id":"https:\/\/fastcar.shop\/product\/lucas-petrol-fuel-stabiliser-for-storage-8fl-oz-237ml\/#primaryimage"},"thumbnailUrl":"https:\/\/fastcar.shop\/wp-content\/uploads\/2024\/11\/lucas-02_Fuel_Stabilizer_8oz_800x950-e1640171022332.jpg","datePublished":"2024-11-30T14:12:32+00:00","dateModified":"2026-02-11T11:23:46+00:00","breadcrumb":{"@id":"https:\/\/fastcar.shop\/product\/lucas-petrol-fuel-stabiliser-for-storage-8fl-oz-237ml\/#breadcrumb"},"inLanguage":"lt-LT","potentialAction":[{"@type":"ReadAction","target":["https:\/\/fastcar.shop\/product\/lucas-petrol-fuel-stabiliser-for-storage-8fl-oz-237ml\/"]}]},{"@type":"ImageObject","inLanguage":"lt-LT","@id":"https:\/\/fastcar.shop\/product\/lucas-petrol-fuel-stabiliser-for-storage-8fl-oz-237ml\/#primaryimage","url":"https:\/\/fastcar.shop\/wp-content\/uploads\/2024\/11\/lucas-02_Fuel_Stabilizer_8oz_800x950-e1640171022332.jpg","contentUrl":"https:\/\/fastcar.shop\/wp-content\/uploads\/2024\/11\/lucas-02_Fuel_Stabilizer_8oz_800x950-e1640171022332.jpg","width":950,"height":950},{"@type":"BreadcrumbList","@id":"https:\/\/fastcar.shop\/product\/lucas-petrol-fuel-stabiliser-for-storage-8fl-oz-237ml\/#breadcrumb","itemListElement":[{"@type":"ListItem","position":1,"name":"Home","item":"https:\/\/fastcar.shop\/"},{"@type":"ListItem","position":2,"name":"Shop","item":"https:\/\/fastcar.shop\/shop\/"},{"@type":"ListItem","position":3,"name":"LUCAS Petrol Fuel Stabiliser For Storage 8fl oz 237ml"}]},{"@type":"WebSite","@id":"https:\/\/fastcar.shop\/#website","url":"https:\/\/fastcar.shop\/","name":"Greit\u0173 automobili\u0173 parduotuv\u0117","description":"","publisher":{"@id":"https:\/\/fastcar.shop\/#organization"},"potentialAction":[{"@type":"SearchAction","target":{"@type":"EntryPoint","urlTemplate":"https:\/\/fastcar.shop\/?s={search_term_string}"},"query-input":{"@type":"PropertyValueSpecification","valueRequired":true,"valueName":"search_term_string"}}],"inLanguage":"lt-LT"},{"@type":"Organization","@id":"https:\/\/fastcar.shop\/#organization","name":"Fastcar.shop","url":"https:\/\/fastcar.shop\/","logo":{"@type":"ImageObject","inLanguage":"lt-LT","@id":"https:\/\/fastcar.shop\/#\/schema\/logo\/image\/","url":"https:\/\/fastcar.shop\/wp-content\/uploads\/2017\/08\/FCS_JPEG-01-scaled.jpg","contentUrl":"https:\/\/fastcar.shop\/wp-content\/uploads\/2017\/08\/FCS_JPEG-01-scaled.jpg","width":2560,"height":1379,"caption":"Fastcar.shop"},"image":{"@id":"https:\/\/fastcar.shop\/#\/schema\/logo\/image\/"},"sameAs":["https:\/\/www.facebook.com\/FastcarLt?locale=lt_LT","https:\/\/www.instagram.com\/fastcar.shop\/"]}]}},"jetpack_sharing_enabled":true,"_links":{"self":[{"href":"https:\/\/fastcar.shop\/lt\/wp-json\/wp\/v2\/product\/4643","targetHints":{"allow":["GET"]}}],"collection":[{"href":"https:\/\/fastcar.shop\/lt\/wp-json\/wp\/v2\/product"}],"about":[{"href":"https:\/\/fastcar.shop\/lt\/wp-json\/wp\/v2\/types\/product"}],"wp:featuredmedia":[{"embeddable":true,"href":"https:\/\/fastcar.shop\/lt\/wp-json\/wp\/v2\/media\/4644"}],"wp:attachment":[{"href":"https:\/\/fastcar.shop\/lt\/wp-json\/wp\/v2\/media?parent=4643"}],"wp:term":[{"taxonomy":"product_brand","embeddable":true,"href":"https:\/\/fastcar.shop\/lt\/wp-json\/wp\/v2\/product_brand?post=4643"},{"taxonomy":"product_cat","embeddable":true,"href":"https:\/\/fastcar.shop\/lt\/wp-json\/wp\/v2\/product_cat?post=4643"},{"taxonomy":"product_tag","embeddable":true,"href":"https:\/\/fastcar.shop\/lt\/wp-json\/wp\/v2\/product_tag?post=4643"}],"curies":[{"name":"wp","href":"https:\/\/api.w.org\/{rel}","templated":true}]}}