{"id":4641,"date":"2024-11-30T16:10:37","date_gmt":"2024-11-30T14:10:37","guid":{"rendered":"https:\/\/fastcar.shop\/?post_type=product&#038;p=4641"},"modified":"2025-11-10T19:23:25","modified_gmt":"2025-11-10T17:23:25","slug":"lucas-synthetic-heavy-duty-engine-oil-stabiliser-1-quart-32fl-oz-946ml","status":"publish","type":"product","link":"https:\/\/fastcar.shop\/lt\/product\/lucas-synthetic-heavy-duty-engine-oil-stabiliser-1-quart-32fl-oz-946ml\/","title":{"rendered":"LUCAS sintetinis variklio alyvos stabilizatorius 946ml"},"content":{"rendered":"<div class=\"row align-items-start\">\n<div class=\"col-lg-6 col-md-6 col-sm-12\">\n<p style=\"text-align: left;\"><strong>\u201eLucas\u201c variklin\u0117s alyvos priedas<\/strong><\/p>\n<p style=\"text-align: left;\">Pakankamai lengvas automobiliui - pakankamai tvirtas sunkve\u017eimiui. Naudokite naujoje \u012frangoje, kuriai reikia sintetini\u0173 alyv\u0173, arba bet kokioje \u012frangoje, kuriai reikia geresni\u0173 eksploatacini\u0173 savybi\u0173. J\u0105 taip pat galima naudoti naujoms ir naudotoms sunkiasvor\u0117ms ir didelio na\u0161umo transmisijoms, pavar\u0173 d\u0117\u017e\u0117ms ir varikliams apsaugoti. Kontroliuoja motocikl\u0173, oru au\u0161inam\u0173 varikli\u0173 ir vis\u0173 transmisijos komponent\u0173 kar\u0161t\u012f ir nusid\u0117v\u0117jim\u0105. Ma\u017eina trint\u012f, kad padid\u0117t\u0173 galia ir MPG.<\/p>\n<p style=\"text-align: left;\">\u201eFord Powerstroke\u201c varikliams si\u016blome vien\u0105 kvartal\u0105 \u201aPure Synthetic Oil Stabiliser\u2018 per vien\u0105 alyvos keitim\u0105.<\/p>\n<p style=\"text-align: left;\"><strong>Pagrindiniai privalumai<\/strong><\/p>\n<ul style=\"text-align: left;\">\n<li>Alyvos tarnavimo laikas pailg\u0117ja bent 50 %.<\/li>\n<li>Ma\u017eesn\u0117s alyvos s\u0105naudos<\/li>\n<li>Pa\u0161alinamas sausas u\u017evedimas<\/li>\n<li>Didina alyvos sl\u0117g\u012f<\/li>\n<li>Didesn\u0117 galia ir didesnis kilometr\u0173 skai\u010dius per galon\u0105 (MPG)<\/li>\n<li>Taip pat tinka naudoti motociklams su \u0161lapia sankaba ir (arba) integruota pavar\u0173 d\u0117\u017ee, kai mi\u0161inio kiekis yra 10 %.<\/li>\n<\/ul>\n<p style=\"text-align: left;\"><a href=\"https:\/\/fastcar.shop\/wp-content\/uploads\/2024\/11\/LUCAS-TDS_Pure-Synthetic-Oil-Stabilizer.pdf\">Specifikacijos <img loading=\"lazy\" decoding=\"async\" class=\"alignnone size-full wp-image-3251\" src=\"https:\/\/fastcar.shop\/wp-content\/uploads\/2022\/01\/pdf-e1641824783993.png\" alt=\"\" width=\"30\" height=\"23\" \/><\/a><\/p>\n<\/div>\n<\/div>","protected":false},"excerpt":{"rendered":"<p>Pakankamai lengvas automobiliui - pakankamai tvirtas sunkve\u017eimiui. Naudokite naujoje \u012frangoje, kuriai reikia sintetini\u0173 alyv\u0173, arba bet kokioje \u012frangoje, kuriai reikia geresni\u0173 eksploatacini\u0173 savybi\u0173.<\/p>","protected":false},"featured_media":4642,"template":"","meta":[],"product_brand":[],"product_cat":[1787],"product_tag":[],"class_list":{"0":"post-4641","1":"product","2":"type-product","3":"status-publish","4":"has-post-thumbnail","6":"product_cat-engine-oil-additives","7":"product_provider-lucas-oil","9":"first","10":"outofstock","11":"taxable","12":"shipping-taxable","13":"purchasable","14":"product-type-simple"},"aioseo_notices":[],"yoast_head":"<!-- This site is optimized with the Yoast SEO plugin v27.3 - https:\/\/yoast.com\/product\/yoast-seo-wordpress\/ -->\n<title>LUCAS Synthetic Heavy Duty Engine Oil Stabiliser 1 Quart 32fl oz 946ml - Fast Car Shop<\/title>\n<meta name=\"robots\" content=\"index, follow, max-snippet:-1, max-image-preview:large, max-video-preview:-1\" \/>\n<link rel=\"canonical\" href=\"https:\/\/fastcar.shop\/lt\/produktas\/lucas-synthetic-heavy-duty-engine-oil-stabiliser-1-quart-32fl-oz-946ml\/\" \/>\n<meta property=\"og:locale\" content=\"lt_LT\" \/>\n<meta property=\"og:type\" content=\"article\" \/>\n<meta property=\"og:title\" content=\"LUCAS Synthetic Heavy Duty Engine Oil Stabiliser 1 Quart 32fl oz 946ml - Fast Car Shop\" \/>\n<meta property=\"og:description\" content=\"Light enough for an import \u2013 Tough enough for a truck. Use in new equipment which requires synthetic oils or any equipment that needs enhanced performance.\" \/>\n<meta property=\"og:url\" content=\"https:\/\/fastcar.shop\/lt\/produktas\/lucas-synthetic-heavy-duty-engine-oil-stabiliser-1-quart-32fl-oz-946ml\/\" \/>\n<meta property=\"og:site_name\" content=\"Fast Car Shop\" \/>\n<meta property=\"article:publisher\" content=\"https:\/\/www.facebook.com\/FastcarLt?locale=lt_LT\" \/>\n<meta property=\"article:modified_time\" content=\"2025-11-10T17:23:25+00:00\" \/>\n<meta property=\"og:image\" content=\"https:\/\/fastcar.shop\/wp-content\/uploads\/2024\/11\/02_pure_synth_oil_stabilizer_quart-e1640087885850.jpg\" \/>\n\t<meta property=\"og:image:width\" content=\"950\" \/>\n\t<meta property=\"og:image:height\" content=\"950\" \/>\n\t<meta property=\"og:image:type\" content=\"image\/jpeg\" \/>\n<meta name=\"twitter:card\" content=\"summary_large_image\" \/>\n<meta name=\"twitter:label1\" content=\"Est. reading time\" \/>\n\t<meta name=\"twitter:data1\" content=\"1 minut\u0117\" \/>\n<!-- \/ Yoast SEO plugin. -->","yoast_head_json":{"title":"LUCAS Synthetic Heavy Duty Engine Oil Stabiliser 1 Quart 32fl oz 946ml - Fast Car Shop","robots":{"index":"index","follow":"follow","max-snippet":"max-snippet:-1","max-image-preview":"max-image-preview:large","max-video-preview":"max-video-preview:-1"},"canonical":"https:\/\/fastcar.shop\/lt\/produktas\/lucas-synthetic-heavy-duty-engine-oil-stabiliser-1-quart-32fl-oz-946ml\/","og_locale":"lt_LT","og_type":"article","og_title":"LUCAS Synthetic Heavy Duty Engine Oil Stabiliser 1 Quart 32fl oz 946ml - Fast Car Shop","og_description":"Light enough for an import \u2013 Tough enough for a truck. Use in new equipment which requires synthetic oils or any equipment that needs enhanced performance.","og_url":"https:\/\/fastcar.shop\/lt\/produktas\/lucas-synthetic-heavy-duty-engine-oil-stabiliser-1-quart-32fl-oz-946ml\/","og_site_name":"Fast Car Shop","article_publisher":"https:\/\/www.facebook.com\/FastcarLt?locale=lt_LT","article_modified_time":"2025-11-10T17:23:25+00:00","og_image":[{"width":950,"height":950,"url":"https:\/\/fastcar.shop\/wp-content\/uploads\/2024\/11\/02_pure_synth_oil_stabilizer_quart-e1640087885850.jpg","type":"image\/jpeg"}],"twitter_card":"summary_large_image","twitter_misc":{"Est. reading time":"1 minut\u0117"},"schema":{"@context":"https:\/\/schema.org","@graph":[{"@type":"WebPage","@id":"https:\/\/fastcar.shop\/product\/lucas-synthetic-heavy-duty-engine-oil-stabiliser-1-quart-32fl-oz-946ml\/","url":"https:\/\/fastcar.shop\/product\/lucas-synthetic-heavy-duty-engine-oil-stabiliser-1-quart-32fl-oz-946ml\/","name":"LUCAS Synthetic Heavy Duty Engine Oil Stabiliser 1 Quart 32fl oz 946ml - Fast Car Shop","isPartOf":{"@id":"https:\/\/fastcar.shop\/#website"},"primaryImageOfPage":{"@id":"https:\/\/fastcar.shop\/product\/lucas-synthetic-heavy-duty-engine-oil-stabiliser-1-quart-32fl-oz-946ml\/#primaryimage"},"image":{"@id":"https:\/\/fastcar.shop\/product\/lucas-synthetic-heavy-duty-engine-oil-stabiliser-1-quart-32fl-oz-946ml\/#primaryimage"},"thumbnailUrl":"https:\/\/fastcar.shop\/wp-content\/uploads\/2024\/11\/02_pure_synth_oil_stabilizer_quart-e1640087885850.jpg","datePublished":"2024-11-30T14:10:37+00:00","dateModified":"2025-11-10T17:23:25+00:00","breadcrumb":{"@id":"https:\/\/fastcar.shop\/product\/lucas-synthetic-heavy-duty-engine-oil-stabiliser-1-quart-32fl-oz-946ml\/#breadcrumb"},"inLanguage":"lt-LT","potentialAction":[{"@type":"ReadAction","target":["https:\/\/fastcar.shop\/product\/lucas-synthetic-heavy-duty-engine-oil-stabiliser-1-quart-32fl-oz-946ml\/"]}]},{"@type":"ImageObject","inLanguage":"lt-LT","@id":"https:\/\/fastcar.shop\/product\/lucas-synthetic-heavy-duty-engine-oil-stabiliser-1-quart-32fl-oz-946ml\/#primaryimage","url":"https:\/\/fastcar.shop\/wp-content\/uploads\/2024\/11\/02_pure_synth_oil_stabilizer_quart-e1640087885850.jpg","contentUrl":"https:\/\/fastcar.shop\/wp-content\/uploads\/2024\/11\/02_pure_synth_oil_stabilizer_quart-e1640087885850.jpg","width":950,"height":950},{"@type":"BreadcrumbList","@id":"https:\/\/fastcar.shop\/product\/lucas-synthetic-heavy-duty-engine-oil-stabiliser-1-quart-32fl-oz-946ml\/#breadcrumb","itemListElement":[{"@type":"ListItem","position":1,"name":"Home","item":"https:\/\/fastcar.shop\/"},{"@type":"ListItem","position":2,"name":"Shop","item":"https:\/\/fastcar.shop\/shop\/"},{"@type":"ListItem","position":3,"name":"LUCAS Synthetic Heavy Duty Engine Oil Stabiliser 1 Quart 32fl oz 946ml"}]},{"@type":"WebSite","@id":"https:\/\/fastcar.shop\/#website","url":"https:\/\/fastcar.shop\/","name":"Greit\u0173 automobili\u0173 parduotuv\u0117","description":"","publisher":{"@id":"https:\/\/fastcar.shop\/#organization"},"potentialAction":[{"@type":"SearchAction","target":{"@type":"EntryPoint","urlTemplate":"https:\/\/fastcar.shop\/?s={search_term_string}"},"query-input":{"@type":"PropertyValueSpecification","valueRequired":true,"valueName":"search_term_string"}}],"inLanguage":"lt-LT"},{"@type":"Organization","@id":"https:\/\/fastcar.shop\/#organization","name":"Fastcar.shop","url":"https:\/\/fastcar.shop\/","logo":{"@type":"ImageObject","inLanguage":"lt-LT","@id":"https:\/\/fastcar.shop\/#\/schema\/logo\/image\/","url":"https:\/\/fastcar.shop\/wp-content\/uploads\/2017\/08\/FCS_JPEG-01-scaled.jpg","contentUrl":"https:\/\/fastcar.shop\/wp-content\/uploads\/2017\/08\/FCS_JPEG-01-scaled.jpg","width":2560,"height":1379,"caption":"Fastcar.shop"},"image":{"@id":"https:\/\/fastcar.shop\/#\/schema\/logo\/image\/"},"sameAs":["https:\/\/www.facebook.com\/FastcarLt?locale=lt_LT","https:\/\/www.instagram.com\/fastcar.shop\/"]}]}},"jetpack_sharing_enabled":true,"_links":{"self":[{"href":"https:\/\/fastcar.shop\/lt\/wp-json\/wp\/v2\/product\/4641","targetHints":{"allow":["GET"]}}],"collection":[{"href":"https:\/\/fastcar.shop\/lt\/wp-json\/wp\/v2\/product"}],"about":[{"href":"https:\/\/fastcar.shop\/lt\/wp-json\/wp\/v2\/types\/product"}],"wp:featuredmedia":[{"embeddable":true,"href":"https:\/\/fastcar.shop\/lt\/wp-json\/wp\/v2\/media\/4642"}],"wp:attachment":[{"href":"https:\/\/fastcar.shop\/lt\/wp-json\/wp\/v2\/media?parent=4641"}],"wp:term":[{"taxonomy":"product_brand","embeddable":true,"href":"https:\/\/fastcar.shop\/lt\/wp-json\/wp\/v2\/product_brand?post=4641"},{"taxonomy":"product_cat","embeddable":true,"href":"https:\/\/fastcar.shop\/lt\/wp-json\/wp\/v2\/product_cat?post=4641"},{"taxonomy":"product_tag","embeddable":true,"href":"https:\/\/fastcar.shop\/lt\/wp-json\/wp\/v2\/product_tag?post=4641"}],"curies":[{"name":"wp","href":"https:\/\/api.w.org\/{rel}","templated":true}]}}