{"id":4483,"date":"2024-07-18T14:06:05","date_gmt":"2024-07-18T11:06:05","guid":{"rendered":"https:\/\/fastcar.shop\/?post_type=product&#038;p=4483"},"modified":"2025-04-09T16:08:22","modified_gmt":"2025-04-09T13:08:22","slug":"alpine-blue-antifreeze-coolant-ready-mixed","status":"publish","type":"product","link":"https:\/\/fastcar.shop\/lt\/product\/alpine-blue-antifreeze-coolant-ready-mixed\/","title":{"rendered":"MILLERS OILS Alpine Blue Antifreeze &#038; Coolant Ready Mixed"},"content":{"rendered":"<div class=\"product_single__features__title\">\n<div class=\"product_single__features__title\">\n<div class=\"product_single__features__title\">\n<p style=\"text-align: left;\"><strong>SAVYB\u0116S IR PRIVALUMAI<\/strong><\/p>\n<\/div>\n<div class=\"product_single__features__content\" style=\"text-align: left;\">\n<ul>\n<li>\u0160ilumos perdavimo savyb\u0117s u\u017etikrina variklio au\u0161inim\u0105 ir komponent\u0173 ilgaam\u017ei\u0161kum\u0105.<\/li>\n<li>Suma\u017eina vandens u\u017e\u0161alimo temperat\u016br\u0105, kad variklis gal\u0117t\u0173 veikti, ir apsaugo nuo u\u017e\u0161alimo \u0161altomis s\u0105lygomis ir (arba) \u0161altame klimate.<\/li>\n<li>Platus pritaikymo spektras d\u0117l \u012fvairi\u0173 metal\u0173 ir lydini\u0173 med\u017eiag\u0173 apsaugos nuo korozijos ir suderinamumo su gumin\u0117mis ir plastikin\u0117mis med\u017eiagomis, da\u017eniausiai naudojamomis \u0161iuolaikin\u0117se au\u0161inimo sistemose.<\/li>\n<li>Paruo\u0161tas mi\u0161inys \u201eAlpine Blue Ready Mixed\u201c u\u017etikrins apsaug\u0105 iki 2 met\u0173.<\/li>\n<\/ul>\n<\/div>\n<\/div>\n<\/div>\n<div class=\"product_single__features__content\">\n<p style=\"text-align: left;\">M\u0117lynas monoetilenglikolio (MEG) antifrizas ir au\u0161inimo skystis, sumai\u0161ytas su vandeniu santykiu 50:50, apsaugantis nuo u\u017e\u0161alimo iki -40 \u00b0C. \u201eAlpine Blue Ready Mixed\u201c vir\u0161ija daugum\u0105 Europos ir tarptautini\u0173 kokyb\u0117s standart\u0173. Tinka naudoti benzininiuose ir dyzeliniuose varikliuose (\u012fskaitant hibridinius) ir u\u017etikrina apsaug\u0105 i\u0161tisus metus. \u0160io produkto sud\u0117tyje n\u0117ra nitrat\u0173, amin\u0173, fosfat\u0173 (be NAP).<\/p>\n<p style=\"text-align: left;\"><a href=\"https:\/\/fastcar.shop\/wp-content\/uploads\/2024\/07\/5574-Alpine-Blue-Ready-Mixed-3.pdf\"><strong>PRODUKTO DUOMEN\u0172 LAPAS<\/strong>\u00a0<img loading=\"lazy\" decoding=\"async\" class=\"alignnone size-full wp-image-3251\" src=\"https:\/\/fastcar.shop\/wp-content\/uploads\/2022\/01\/pdf-e1641824783993.png\" alt=\"\" width=\"30\" height=\"23\" \/><\/a><\/p>\n<\/div>","protected":false},"excerpt":{"rendered":"<p>Paruo\u0161tas naudoti MEG antifrizas ir au\u0161inimo skystis.<\/p>","protected":false},"featured_media":4486,"template":"","meta":[],"product_brand":[],"product_cat":[1791],"product_tag":[],"class_list":{"0":"post-4483","1":"product","2":"type-product","3":"status-publish","4":"has-post-thumbnail","6":"product_cat-problem-solvers-utility-lubricants","7":"product_provider-millers-oils","9":"first","10":"instock","11":"taxable","12":"shipping-taxable","13":"purchasable","14":"product-type-variable"},"aioseo_notices":[],"yoast_head":"<!-- This site is optimized with the Yoast SEO plugin v27.3 - https:\/\/yoast.com\/product\/yoast-seo-wordpress\/ -->\n<title>MILLERS OILS Alpine Blue Antifreeze &amp; Coolant Ready Mixed - Fast Car Shop<\/title>\n<meta name=\"description\" content=\"A blue Monoethylene Glycol (MEG) antifreeze and coolant premixed with water at 50:50 ratio that will provide freeze protection down to -40 \u00b0C.\" \/>\n<meta name=\"robots\" content=\"index, follow, max-snippet:-1, max-image-preview:large, max-video-preview:-1\" \/>\n<link rel=\"canonical\" href=\"https:\/\/fastcar.shop\/lt\/produktas\/alpine-blue-antifreeze-coolant-ready-mixed\/\" \/>\n<meta property=\"og:locale\" content=\"lt_LT\" \/>\n<meta property=\"og:type\" content=\"article\" \/>\n<meta property=\"og:title\" content=\"MILLERS OILS Alpine Blue Antifreeze &amp; Coolant Ready Mixed - Fast Car Shop\" \/>\n<meta property=\"og:description\" content=\"A blue Monoethylene Glycol (MEG) antifreeze and coolant premixed with water at 50:50 ratio that will provide freeze protection down to -40 \u00b0C.\" \/>\n<meta property=\"og:url\" content=\"https:\/\/fastcar.shop\/lt\/produktas\/alpine-blue-antifreeze-coolant-ready-mixed\/\" \/>\n<meta property=\"og:site_name\" content=\"Fast Car Shop\" \/>\n<meta property=\"article:publisher\" content=\"https:\/\/www.facebook.com\/FastcarLt?locale=lt_LT\" \/>\n<meta property=\"article:modified_time\" content=\"2025-04-09T13:08:22+00:00\" \/>\n<meta property=\"og:image\" content=\"https:\/\/fastcar.shop\/wp-content\/uploads\/2024\/07\/0001907_alpine-antifreeze-blue-ready-mixed.jpeg\" \/>\n\t<meta property=\"og:image:width\" content=\"800\" \/>\n\t<meta property=\"og:image:height\" content=\"800\" \/>\n\t<meta property=\"og:image:type\" content=\"image\/jpeg\" \/>\n<meta name=\"twitter:card\" content=\"summary_large_image\" \/>\n<meta name=\"twitter:label1\" content=\"Est. reading time\" \/>\n\t<meta name=\"twitter:data1\" content=\"1 minut\u0117\" \/>\n<!-- \/ Yoast SEO plugin. -->","yoast_head_json":{"title":"MILLERS OILS Alpine Blue Antifreeze & Coolant Ready Mixed - Fast Car Shop","description":"A blue Monoethylene Glycol (MEG) antifreeze and coolant premixed with water at 50:50 ratio that will provide freeze protection down to -40 \u00b0C.","robots":{"index":"index","follow":"follow","max-snippet":"max-snippet:-1","max-image-preview":"max-image-preview:large","max-video-preview":"max-video-preview:-1"},"canonical":"https:\/\/fastcar.shop\/lt\/produktas\/alpine-blue-antifreeze-coolant-ready-mixed\/","og_locale":"lt_LT","og_type":"article","og_title":"MILLERS OILS Alpine Blue Antifreeze & Coolant Ready Mixed - Fast Car Shop","og_description":"A blue Monoethylene Glycol (MEG) antifreeze and coolant premixed with water at 50:50 ratio that will provide freeze protection down to -40 \u00b0C.","og_url":"https:\/\/fastcar.shop\/lt\/produktas\/alpine-blue-antifreeze-coolant-ready-mixed\/","og_site_name":"Fast Car Shop","article_publisher":"https:\/\/www.facebook.com\/FastcarLt?locale=lt_LT","article_modified_time":"2025-04-09T13:08:22+00:00","og_image":[{"width":800,"height":800,"url":"https:\/\/fastcar.shop\/wp-content\/uploads\/2024\/07\/0001907_alpine-antifreeze-blue-ready-mixed.jpeg","type":"image\/jpeg"}],"twitter_card":"summary_large_image","twitter_misc":{"Est. reading time":"1 minut\u0117"},"schema":{"@context":"https:\/\/schema.org","@graph":[{"@type":"WebPage","@id":"https:\/\/fastcar.shop\/product\/alpine-blue-antifreeze-coolant-ready-mixed\/","url":"https:\/\/fastcar.shop\/product\/alpine-blue-antifreeze-coolant-ready-mixed\/","name":"MILLERS OILS Alpine Blue Antifreeze & Coolant Ready Mixed - Fast Car Shop","isPartOf":{"@id":"https:\/\/fastcar.shop\/#website"},"primaryImageOfPage":{"@id":"https:\/\/fastcar.shop\/product\/alpine-blue-antifreeze-coolant-ready-mixed\/#primaryimage"},"image":{"@id":"https:\/\/fastcar.shop\/product\/alpine-blue-antifreeze-coolant-ready-mixed\/#primaryimage"},"thumbnailUrl":"https:\/\/fastcar.shop\/wp-content\/uploads\/2024\/07\/0001907_alpine-antifreeze-blue-ready-mixed.jpeg","datePublished":"2024-07-18T11:06:05+00:00","dateModified":"2025-04-09T13:08:22+00:00","description":"A blue Monoethylene Glycol (MEG) antifreeze and coolant premixed with water at 50:50 ratio that will provide freeze protection down to -40 \u00b0C.","breadcrumb":{"@id":"https:\/\/fastcar.shop\/product\/alpine-blue-antifreeze-coolant-ready-mixed\/#breadcrumb"},"inLanguage":"lt-LT","potentialAction":[{"@type":"ReadAction","target":["https:\/\/fastcar.shop\/product\/alpine-blue-antifreeze-coolant-ready-mixed\/"]}]},{"@type":"ImageObject","inLanguage":"lt-LT","@id":"https:\/\/fastcar.shop\/product\/alpine-blue-antifreeze-coolant-ready-mixed\/#primaryimage","url":"https:\/\/fastcar.shop\/wp-content\/uploads\/2024\/07\/0001907_alpine-antifreeze-blue-ready-mixed.jpeg","contentUrl":"https:\/\/fastcar.shop\/wp-content\/uploads\/2024\/07\/0001907_alpine-antifreeze-blue-ready-mixed.jpeg","width":800,"height":800},{"@type":"BreadcrumbList","@id":"https:\/\/fastcar.shop\/product\/alpine-blue-antifreeze-coolant-ready-mixed\/#breadcrumb","itemListElement":[{"@type":"ListItem","position":1,"name":"Home","item":"https:\/\/fastcar.shop\/"},{"@type":"ListItem","position":2,"name":"Shop","item":"https:\/\/fastcar.shop\/shop\/"},{"@type":"ListItem","position":3,"name":"MILLERS OILS Alpine Blue Antifreeze &#038; Coolant Ready Mixed"}]},{"@type":"WebSite","@id":"https:\/\/fastcar.shop\/#website","url":"https:\/\/fastcar.shop\/","name":"Greit\u0173 automobili\u0173 parduotuv\u0117","description":"","publisher":{"@id":"https:\/\/fastcar.shop\/#organization"},"potentialAction":[{"@type":"SearchAction","target":{"@type":"EntryPoint","urlTemplate":"https:\/\/fastcar.shop\/?s={search_term_string}"},"query-input":{"@type":"PropertyValueSpecification","valueRequired":true,"valueName":"search_term_string"}}],"inLanguage":"lt-LT"},{"@type":"Organization","@id":"https:\/\/fastcar.shop\/#organization","name":"Fastcar.shop","url":"https:\/\/fastcar.shop\/","logo":{"@type":"ImageObject","inLanguage":"lt-LT","@id":"https:\/\/fastcar.shop\/#\/schema\/logo\/image\/","url":"https:\/\/fastcar.shop\/wp-content\/uploads\/2017\/08\/FCS_JPEG-01-scaled.jpg","contentUrl":"https:\/\/fastcar.shop\/wp-content\/uploads\/2017\/08\/FCS_JPEG-01-scaled.jpg","width":2560,"height":1379,"caption":"Fastcar.shop"},"image":{"@id":"https:\/\/fastcar.shop\/#\/schema\/logo\/image\/"},"sameAs":["https:\/\/www.facebook.com\/FastcarLt?locale=lt_LT","https:\/\/www.instagram.com\/fastcar.shop\/"]}]}},"jetpack_sharing_enabled":true,"_links":{"self":[{"href":"https:\/\/fastcar.shop\/lt\/wp-json\/wp\/v2\/product\/4483","targetHints":{"allow":["GET"]}}],"collection":[{"href":"https:\/\/fastcar.shop\/lt\/wp-json\/wp\/v2\/product"}],"about":[{"href":"https:\/\/fastcar.shop\/lt\/wp-json\/wp\/v2\/types\/product"}],"wp:featuredmedia":[{"embeddable":true,"href":"https:\/\/fastcar.shop\/lt\/wp-json\/wp\/v2\/media\/4486"}],"wp:attachment":[{"href":"https:\/\/fastcar.shop\/lt\/wp-json\/wp\/v2\/media?parent=4483"}],"wp:term":[{"taxonomy":"product_brand","embeddable":true,"href":"https:\/\/fastcar.shop\/lt\/wp-json\/wp\/v2\/product_brand?post=4483"},{"taxonomy":"product_cat","embeddable":true,"href":"https:\/\/fastcar.shop\/lt\/wp-json\/wp\/v2\/product_cat?post=4483"},{"taxonomy":"product_tag","embeddable":true,"href":"https:\/\/fastcar.shop\/lt\/wp-json\/wp\/v2\/product_tag?post=4483"}],"curies":[{"name":"wp","href":"https:\/\/api.w.org\/{rel}","templated":true}]}}