{"id":4469,"date":"2024-07-18T13:55:00","date_gmt":"2024-07-18T10:55:00","guid":{"rendered":"https:\/\/fastcar.shop\/?post_type=product&#038;p=4469"},"modified":"2025-12-01T17:49:17","modified_gmt":"2025-12-01T15:49:17","slug":"motorsport-crx-75w90-nt-1l","status":"publish","type":"product","link":"https:\/\/fastcar.shop\/lt\/product\/motorsport-crx-75w90-nt-1l\/","title":{"rendered":"MILLERS OILS Motorsport CRX 75w90 NT+ 1L"},"content":{"rendered":"<div class=\"product_single__features__title\">\n<p style=\"text-align: left;\"><strong>SAVYB\u0116S IR PRIVALUMAI<\/strong><\/p>\n<\/div>\n<div class=\"product_single__features__content\">\n<p style=\"text-align: left;\">- Visi\u0161kai sintetin\u0117s alyvos apsaugo krumpliara\u010di\u0173 dantis tiek \u017eemoje \u012fjungimo, tiek auk\u0161toje darbo temperat\u016broje.<br \/>\n- Trigubo esterio formul\u0117 veikia sinergi\u0161kai, kad b\u016bt\u0173 optimizuotas pl\u0117vel\u0117s stiprumas ir apsauga nuo nusid\u0117v\u0117jimo<br \/>\n- Antrosios kartos \u201eNANODRIVE\u201c ma\u017eos trinties technologija maksimaliai padidina sukimo moment\u0105 ir gali\u0105<\/p>\n<p style=\"text-align: left;\">CRX 75w90 NT+ idealiai tinka \u0161iuolaikin\u0117ms transmisijoms, diferencialams ir riboto praslydimo diferencialams (i\u0161skyrus dengto tipo LSD) ir tais atvejais, kai nurodyta visi\u0161kai sintetin\u0117 alyva, ypa\u010d kai naudojama auk\u0161tos kokyb\u0117s keliuose ir trasose.<\/p>\n<p style=\"text-align: left;\">\u201eMillers Oils\u201c var\u017eyb\u0173 pavar\u0173 alyv\u0173 asortimentas yra visi\u0161kai sintetinis, jame naudojama antros kartos NANODRIVE ma\u017eos trinties technologija, leid\u017eianti pasiekti pergaling\u0173 rezultat\u0173 tiek profesionaliose, tiek neprofesionaliose lenktyn\u0117se.<\/p>\n<p style=\"text-align: left;\"><a href=\"https:\/\/fastcar.shop\/wp-content\/uploads\/2024\/07\/MOTORSPORT-CRX-75w90-NT-7966.pdf\"><strong>PRODUKTO DUOMEN\u0172 LAPAS<\/strong>\u00a0<img loading=\"lazy\" decoding=\"async\" class=\"alignnone size-full wp-image-3251\" src=\"https:\/\/fastcar.shop\/wp-content\/uploads\/2022\/01\/pdf-e1641824783993.png\" alt=\"\" width=\"30\" height=\"23\" \/><\/a><\/p>\n<\/div>","protected":false},"excerpt":{"rendered":"<p>Konkurencin\u0117 visi\u0161kai sintetin\u0117 NANODRIVE esterin\u0117 transmisin\u0117 alyva.<\/p>","protected":false},"featured_media":4470,"template":"","meta":[],"product_brand":[],"product_cat":[1786,1792,885],"product_tag":[],"class_list":{"0":"post-4469","1":"product","2":"type-product","3":"status-publish","4":"has-post-thumbnail","6":"product_cat-engine-oil","7":"product_cat-racing","8":"product_cat-oils_lubricants","10":"first","11":"instock","12":"taxable","13":"shipping-taxable","14":"purchasable","15":"product-type-simple"},"aioseo_notices":[],"yoast_head":"<!-- This site is optimized with the Yoast SEO plugin v27.3 - https:\/\/yoast.com\/product\/yoast-seo-wordpress\/ -->\n<title>MILLERS OILS Motorsport CRX 75w90 NT+ 1L - Fast Car Shop<\/title>\n<meta name=\"description\" content=\"CRX 75w90 NT+ is ideal for modern transmissions, differentials, and limited slip differentials (excluding plated type LSD)...\" \/>\n<meta name=\"robots\" content=\"index, follow, max-snippet:-1, max-image-preview:large, max-video-preview:-1\" \/>\n<link rel=\"canonical\" href=\"https:\/\/fastcar.shop\/lt\/produktas\/motorsport-crx-75w90-nt-1l\/\" \/>\n<meta property=\"og:locale\" content=\"lt_LT\" \/>\n<meta property=\"og:type\" content=\"article\" \/>\n<meta property=\"og:title\" content=\"MILLERS OILS Motorsport CRX 75w90 NT+ 1L - Fast Car Shop\" \/>\n<meta property=\"og:description\" content=\"CRX 75w90 NT+ is ideal for modern transmissions, differentials, and limited slip differentials (excluding plated type LSD)...\" \/>\n<meta property=\"og:url\" content=\"https:\/\/fastcar.shop\/lt\/produktas\/motorsport-crx-75w90-nt-1l\/\" \/>\n<meta property=\"og:site_name\" content=\"Fast Car Shop\" \/>\n<meta property=\"article:publisher\" content=\"https:\/\/www.facebook.com\/FastcarLt?locale=lt_LT\" \/>\n<meta property=\"article:modified_time\" content=\"2025-12-01T15:49:17+00:00\" \/>\n<meta property=\"og:image\" content=\"https:\/\/fastcar.shop\/wp-content\/uploads\/2024\/07\/0001803_motorsport-crx-75w90-nt-transmission-oil.png\" \/>\n\t<meta property=\"og:image:width\" content=\"1500\" \/>\n\t<meta property=\"og:image:height\" content=\"1500\" \/>\n\t<meta property=\"og:image:type\" content=\"image\/png\" \/>\n<meta name=\"twitter:card\" content=\"summary_large_image\" \/>\n<meta name=\"twitter:label1\" content=\"Est. reading time\" \/>\n\t<meta name=\"twitter:data1\" content=\"1 minut\u0117\" \/>\n<!-- \/ Yoast SEO plugin. -->","yoast_head_json":{"title":"MILLERS OILS Motorsport CRX 75w90 NT+ 1L - Fast Car Shop","description":"CRX 75w90 NT+ is ideal for modern transmissions, differentials, and limited slip differentials (excluding plated type LSD)...","robots":{"index":"index","follow":"follow","max-snippet":"max-snippet:-1","max-image-preview":"max-image-preview:large","max-video-preview":"max-video-preview:-1"},"canonical":"https:\/\/fastcar.shop\/lt\/produktas\/motorsport-crx-75w90-nt-1l\/","og_locale":"lt_LT","og_type":"article","og_title":"MILLERS OILS Motorsport CRX 75w90 NT+ 1L - Fast Car Shop","og_description":"CRX 75w90 NT+ is ideal for modern transmissions, differentials, and limited slip differentials (excluding plated type LSD)...","og_url":"https:\/\/fastcar.shop\/lt\/produktas\/motorsport-crx-75w90-nt-1l\/","og_site_name":"Fast Car Shop","article_publisher":"https:\/\/www.facebook.com\/FastcarLt?locale=lt_LT","article_modified_time":"2025-12-01T15:49:17+00:00","og_image":[{"width":1500,"height":1500,"url":"https:\/\/fastcar.shop\/wp-content\/uploads\/2024\/07\/0001803_motorsport-crx-75w90-nt-transmission-oil.png","type":"image\/png"}],"twitter_card":"summary_large_image","twitter_misc":{"Est. reading time":"1 minut\u0117"},"schema":{"@context":"https:\/\/schema.org","@graph":[{"@type":"WebPage","@id":"https:\/\/fastcar.shop\/product\/motorsport-crx-75w90-nt-1l\/","url":"https:\/\/fastcar.shop\/product\/motorsport-crx-75w90-nt-1l\/","name":"MILLERS OILS Motorsport CRX 75w90 NT+ 1L - Fast Car Shop","isPartOf":{"@id":"https:\/\/fastcar.shop\/#website"},"primaryImageOfPage":{"@id":"https:\/\/fastcar.shop\/product\/motorsport-crx-75w90-nt-1l\/#primaryimage"},"image":{"@id":"https:\/\/fastcar.shop\/product\/motorsport-crx-75w90-nt-1l\/#primaryimage"},"thumbnailUrl":"https:\/\/fastcar.shop\/wp-content\/uploads\/2024\/07\/0001803_motorsport-crx-75w90-nt-transmission-oil.png","datePublished":"2024-07-18T10:55:00+00:00","dateModified":"2025-12-01T15:49:17+00:00","description":"CRX 75w90 NT+ is ideal for modern transmissions, differentials, and limited slip differentials (excluding plated type LSD)...","breadcrumb":{"@id":"https:\/\/fastcar.shop\/product\/motorsport-crx-75w90-nt-1l\/#breadcrumb"},"inLanguage":"lt-LT","potentialAction":[{"@type":"ReadAction","target":["https:\/\/fastcar.shop\/product\/motorsport-crx-75w90-nt-1l\/"]}]},{"@type":"ImageObject","inLanguage":"lt-LT","@id":"https:\/\/fastcar.shop\/product\/motorsport-crx-75w90-nt-1l\/#primaryimage","url":"https:\/\/fastcar.shop\/wp-content\/uploads\/2024\/07\/0001803_motorsport-crx-75w90-nt-transmission-oil.png","contentUrl":"https:\/\/fastcar.shop\/wp-content\/uploads\/2024\/07\/0001803_motorsport-crx-75w90-nt-transmission-oil.png","width":1500,"height":1500},{"@type":"BreadcrumbList","@id":"https:\/\/fastcar.shop\/product\/motorsport-crx-75w90-nt-1l\/#breadcrumb","itemListElement":[{"@type":"ListItem","position":1,"name":"Home","item":"https:\/\/fastcar.shop\/"},{"@type":"ListItem","position":2,"name":"Shop","item":"https:\/\/fastcar.shop\/shop\/"},{"@type":"ListItem","position":3,"name":"MILLERS OILS Motorsport CRX 75w90 NT+ 1L"}]},{"@type":"WebSite","@id":"https:\/\/fastcar.shop\/#website","url":"https:\/\/fastcar.shop\/","name":"Greit\u0173 automobili\u0173 parduotuv\u0117","description":"","publisher":{"@id":"https:\/\/fastcar.shop\/#organization"},"potentialAction":[{"@type":"SearchAction","target":{"@type":"EntryPoint","urlTemplate":"https:\/\/fastcar.shop\/?s={search_term_string}"},"query-input":{"@type":"PropertyValueSpecification","valueRequired":true,"valueName":"search_term_string"}}],"inLanguage":"lt-LT"},{"@type":"Organization","@id":"https:\/\/fastcar.shop\/#organization","name":"Fastcar.shop","url":"https:\/\/fastcar.shop\/","logo":{"@type":"ImageObject","inLanguage":"lt-LT","@id":"https:\/\/fastcar.shop\/#\/schema\/logo\/image\/","url":"https:\/\/fastcar.shop\/wp-content\/uploads\/2017\/08\/FCS_JPEG-01-scaled.jpg","contentUrl":"https:\/\/fastcar.shop\/wp-content\/uploads\/2017\/08\/FCS_JPEG-01-scaled.jpg","width":2560,"height":1379,"caption":"Fastcar.shop"},"image":{"@id":"https:\/\/fastcar.shop\/#\/schema\/logo\/image\/"},"sameAs":["https:\/\/www.facebook.com\/FastcarLt?locale=lt_LT","https:\/\/www.instagram.com\/fastcar.shop\/"]}]}},"jetpack_sharing_enabled":true,"_links":{"self":[{"href":"https:\/\/fastcar.shop\/lt\/wp-json\/wp\/v2\/product\/4469","targetHints":{"allow":["GET"]}}],"collection":[{"href":"https:\/\/fastcar.shop\/lt\/wp-json\/wp\/v2\/product"}],"about":[{"href":"https:\/\/fastcar.shop\/lt\/wp-json\/wp\/v2\/types\/product"}],"wp:featuredmedia":[{"embeddable":true,"href":"https:\/\/fastcar.shop\/lt\/wp-json\/wp\/v2\/media\/4470"}],"wp:attachment":[{"href":"https:\/\/fastcar.shop\/lt\/wp-json\/wp\/v2\/media?parent=4469"}],"wp:term":[{"taxonomy":"product_brand","embeddable":true,"href":"https:\/\/fastcar.shop\/lt\/wp-json\/wp\/v2\/product_brand?post=4469"},{"taxonomy":"product_cat","embeddable":true,"href":"https:\/\/fastcar.shop\/lt\/wp-json\/wp\/v2\/product_cat?post=4469"},{"taxonomy":"product_tag","embeddable":true,"href":"https:\/\/fastcar.shop\/lt\/wp-json\/wp\/v2\/product_tag?post=4469"}],"curies":[{"name":"wp","href":"https:\/\/api.w.org\/{rel}","templated":true}]}}