{"id":4455,"date":"2024-07-18T13:36:49","date_gmt":"2024-07-18T10:36:49","guid":{"rendered":"https:\/\/fastcar.shop\/?post_type=product&#038;p=4455"},"modified":"2025-06-28T13:06:14","modified_gmt":"2025-06-28T10:06:14","slug":"trident-professional-c3-5w30","status":"publish","type":"product","link":"https:\/\/fastcar.shop\/lt\/product\/trident-professional-c3-5w30\/","title":{"rendered":"MILLERS OILS Trident Professional C3 5w30"},"content":{"rendered":"<div class=\"product_single__features__title\">\n<p style=\"text-align: left;\"><strong>SAVYB\u0116S IR PRIVALUMAI<\/strong><\/p>\n<\/div>\n<div class=\"product_single__features__content\">\n<ul style=\"text-align: left;\">\n<li>Puikus \u017eemos temperat\u016bros srautas u\u017evedant \u0161alt\u0105 varikl\u012f padeda akimirksniu apsaugoti gyvybi\u0161kai svarbius komponentus.<\/li>\n<li>Klampos stabilumas auk\u0161toje temperat\u016broje, tod\u0117l variklis ir jo komponentai ma\u017eiau d\u0117visi.<\/li>\n<li>Sukurta pagal technologij\u0105, u\u017etikrinan\u010di\u0105 variklio \u0161var\u0105 ir ilgaam\u017ei\u0161kum\u0105, kuri pagerina degal\u0173 ekonomi\u0161kum\u0105, suma\u017eina i\u0161metam\u0173j\u0173 ter\u0161al\u0173 kiek\u012f ir u\u017etikrina ilgesn\u012f tepimo laik\u0105.<\/li>\n<li>Naudojant SAPS technologij\u0105, kuri apsaugo kiet\u0173j\u0173 daleli\u0173 filtrus ir kontroliuoja suod\u017ei\u0173 kaupim\u0105si.<\/li>\n<li>\"Millers Oils Stop Start\" technologija akimirksniu apsaugo nuo kar\u0161\u010dio ir \u0161al\u010dio.<\/li>\n<\/ul>\n<p style=\"text-align: left;\">Profesionali variklin\u0117 alyva, tinkama naujausioms varikli\u0173 technologijoms. Sukurta taip, kad atitikt\u0173 OEM specifikacijas. Rekomenduojama varikliams, kuriems reikalinga C3 5w30 klampumo alyva, skirta \u201eVolkswagen Audi Group\u201c, BMW ir \u201eMercedes Benz\u201c.<\/p>\n<p style=\"text-align: left;\"><a href=\"https:\/\/fastcar.shop\/wp-content\/uploads\/2024\/07\/5999-Trident-Professional-C3-5w30.pdf\"><strong>PRODUKTO DUOMEN\u0172 LAPAS<\/strong>\u00a0<img loading=\"lazy\" decoding=\"async\" class=\"alignnone size-full wp-image-3251\" src=\"https:\/\/fastcar.shop\/wp-content\/uploads\/2022\/01\/pdf-e1641824783993.png\" alt=\"\" width=\"30\" height=\"23\" \/><\/a><\/p>\n<\/div>","protected":false},"excerpt":{"rendered":"<p>Visi\u0161kai sintetin\u0117, vidutinio SAPS lygio, skirta naudoti benzininiuose, dyzeliniuose ir hibridiniuose varikliuose.<\/p>","protected":false},"featured_media":4456,"template":"","meta":[],"product_brand":[],"product_cat":[1786,885],"product_tag":[],"class_list":{"0":"post-4455","1":"product","2":"type-product","3":"status-publish","4":"has-post-thumbnail","6":"product_cat-engine-oil","7":"product_cat-oils_lubricants","8":"product_provider-millers-oils","10":"first","11":"instock","12":"taxable","13":"shipping-taxable","14":"purchasable","15":"product-type-variable"},"aioseo_notices":[],"yoast_head":"<!-- This site is optimized with the Yoast SEO plugin v27.3 - https:\/\/yoast.com\/product\/yoast-seo-wordpress\/ -->\n<title>MILLERS OILS Trident Professional C3 5w30 - Fast Car Shop<\/title>\n<meta name=\"description\" content=\"A professional engine oil suitable for the latest engine technology. Designed to meet OEM specifications. Recommended for engines requiring a C3 5w30...\" \/>\n<meta name=\"robots\" content=\"index, follow, max-snippet:-1, max-image-preview:large, max-video-preview:-1\" \/>\n<link rel=\"canonical\" href=\"https:\/\/fastcar.shop\/lt\/produktas\/trident-professional-c3-5w30\/\" \/>\n<meta property=\"og:locale\" content=\"lt_LT\" \/>\n<meta property=\"og:type\" content=\"article\" \/>\n<meta property=\"og:title\" content=\"MILLERS OILS Trident Professional C3 5w30 - Fast Car Shop\" \/>\n<meta property=\"og:description\" content=\"A professional engine oil suitable for the latest engine technology. Designed to meet OEM specifications. Recommended for engines requiring a C3 5w30...\" \/>\n<meta property=\"og:url\" content=\"https:\/\/fastcar.shop\/lt\/produktas\/trident-professional-c3-5w30\/\" \/>\n<meta property=\"og:site_name\" content=\"Fast Car Shop\" \/>\n<meta property=\"article:publisher\" content=\"https:\/\/www.facebook.com\/FastcarLt?locale=lt_LT\" \/>\n<meta property=\"article:modified_time\" content=\"2025-06-28T10:06:14+00:00\" \/>\n<meta property=\"og:image\" content=\"https:\/\/fastcar.shop\/wp-content\/uploads\/2024\/07\/0000960_trident-professional-c3-5w30-engine-oil.png\" \/>\n\t<meta property=\"og:image:width\" content=\"1500\" \/>\n\t<meta property=\"og:image:height\" content=\"1500\" \/>\n\t<meta property=\"og:image:type\" content=\"image\/png\" \/>\n<meta name=\"twitter:card\" content=\"summary_large_image\" \/>\n<meta name=\"twitter:label1\" content=\"Est. reading time\" \/>\n\t<meta name=\"twitter:data1\" content=\"1 minut\u0117\" \/>\n<!-- \/ Yoast SEO plugin. -->","yoast_head_json":{"title":"MILLERS OILS Trident Professional C3 5w30 - Fast Car Shop","description":"A professional engine oil suitable for the latest engine technology. Designed to meet OEM specifications. Recommended for engines requiring a C3 5w30...","robots":{"index":"index","follow":"follow","max-snippet":"max-snippet:-1","max-image-preview":"max-image-preview:large","max-video-preview":"max-video-preview:-1"},"canonical":"https:\/\/fastcar.shop\/lt\/produktas\/trident-professional-c3-5w30\/","og_locale":"lt_LT","og_type":"article","og_title":"MILLERS OILS Trident Professional C3 5w30 - Fast Car Shop","og_description":"A professional engine oil suitable for the latest engine technology. Designed to meet OEM specifications. Recommended for engines requiring a C3 5w30...","og_url":"https:\/\/fastcar.shop\/lt\/produktas\/trident-professional-c3-5w30\/","og_site_name":"Fast Car Shop","article_publisher":"https:\/\/www.facebook.com\/FastcarLt?locale=lt_LT","article_modified_time":"2025-06-28T10:06:14+00:00","og_image":[{"width":1500,"height":1500,"url":"https:\/\/fastcar.shop\/wp-content\/uploads\/2024\/07\/0000960_trident-professional-c3-5w30-engine-oil.png","type":"image\/png"}],"twitter_card":"summary_large_image","twitter_misc":{"Est. reading time":"1 minut\u0117"},"schema":{"@context":"https:\/\/schema.org","@graph":[{"@type":"WebPage","@id":"https:\/\/fastcar.shop\/product\/trident-professional-c3-5w30\/","url":"https:\/\/fastcar.shop\/product\/trident-professional-c3-5w30\/","name":"MILLERS OILS Trident Professional C3 5w30 - Fast Car Shop","isPartOf":{"@id":"https:\/\/fastcar.shop\/#website"},"primaryImageOfPage":{"@id":"https:\/\/fastcar.shop\/product\/trident-professional-c3-5w30\/#primaryimage"},"image":{"@id":"https:\/\/fastcar.shop\/product\/trident-professional-c3-5w30\/#primaryimage"},"thumbnailUrl":"https:\/\/fastcar.shop\/wp-content\/uploads\/2024\/07\/0000960_trident-professional-c3-5w30-engine-oil.png","datePublished":"2024-07-18T10:36:49+00:00","dateModified":"2025-06-28T10:06:14+00:00","description":"A professional engine oil suitable for the latest engine technology. Designed to meet OEM specifications. Recommended for engines requiring a C3 5w30...","breadcrumb":{"@id":"https:\/\/fastcar.shop\/product\/trident-professional-c3-5w30\/#breadcrumb"},"inLanguage":"lt-LT","potentialAction":[{"@type":"ReadAction","target":["https:\/\/fastcar.shop\/product\/trident-professional-c3-5w30\/"]}]},{"@type":"ImageObject","inLanguage":"lt-LT","@id":"https:\/\/fastcar.shop\/product\/trident-professional-c3-5w30\/#primaryimage","url":"https:\/\/fastcar.shop\/wp-content\/uploads\/2024\/07\/0000960_trident-professional-c3-5w30-engine-oil.png","contentUrl":"https:\/\/fastcar.shop\/wp-content\/uploads\/2024\/07\/0000960_trident-professional-c3-5w30-engine-oil.png","width":1500,"height":1500},{"@type":"BreadcrumbList","@id":"https:\/\/fastcar.shop\/product\/trident-professional-c3-5w30\/#breadcrumb","itemListElement":[{"@type":"ListItem","position":1,"name":"Home","item":"https:\/\/fastcar.shop\/"},{"@type":"ListItem","position":2,"name":"Shop","item":"https:\/\/fastcar.shop\/shop\/"},{"@type":"ListItem","position":3,"name":"MILLERS OILS Trident Professional C3 5w30"}]},{"@type":"WebSite","@id":"https:\/\/fastcar.shop\/#website","url":"https:\/\/fastcar.shop\/","name":"Greit\u0173 automobili\u0173 parduotuv\u0117","description":"","publisher":{"@id":"https:\/\/fastcar.shop\/#organization"},"potentialAction":[{"@type":"SearchAction","target":{"@type":"EntryPoint","urlTemplate":"https:\/\/fastcar.shop\/?s={search_term_string}"},"query-input":{"@type":"PropertyValueSpecification","valueRequired":true,"valueName":"search_term_string"}}],"inLanguage":"lt-LT"},{"@type":"Organization","@id":"https:\/\/fastcar.shop\/#organization","name":"Fastcar.shop","url":"https:\/\/fastcar.shop\/","logo":{"@type":"ImageObject","inLanguage":"lt-LT","@id":"https:\/\/fastcar.shop\/#\/schema\/logo\/image\/","url":"https:\/\/fastcar.shop\/wp-content\/uploads\/2017\/08\/FCS_JPEG-01-scaled.jpg","contentUrl":"https:\/\/fastcar.shop\/wp-content\/uploads\/2017\/08\/FCS_JPEG-01-scaled.jpg","width":2560,"height":1379,"caption":"Fastcar.shop"},"image":{"@id":"https:\/\/fastcar.shop\/#\/schema\/logo\/image\/"},"sameAs":["https:\/\/www.facebook.com\/FastcarLt?locale=lt_LT","https:\/\/www.instagram.com\/fastcar.shop\/"]}]}},"jetpack_sharing_enabled":true,"_links":{"self":[{"href":"https:\/\/fastcar.shop\/lt\/wp-json\/wp\/v2\/product\/4455","targetHints":{"allow":["GET"]}}],"collection":[{"href":"https:\/\/fastcar.shop\/lt\/wp-json\/wp\/v2\/product"}],"about":[{"href":"https:\/\/fastcar.shop\/lt\/wp-json\/wp\/v2\/types\/product"}],"wp:featuredmedia":[{"embeddable":true,"href":"https:\/\/fastcar.shop\/lt\/wp-json\/wp\/v2\/media\/4456"}],"wp:attachment":[{"href":"https:\/\/fastcar.shop\/lt\/wp-json\/wp\/v2\/media?parent=4455"}],"wp:term":[{"taxonomy":"product_brand","embeddable":true,"href":"https:\/\/fastcar.shop\/lt\/wp-json\/wp\/v2\/product_brand?post=4455"},{"taxonomy":"product_cat","embeddable":true,"href":"https:\/\/fastcar.shop\/lt\/wp-json\/wp\/v2\/product_cat?post=4455"},{"taxonomy":"product_tag","embeddable":true,"href":"https:\/\/fastcar.shop\/lt\/wp-json\/wp\/v2\/product_tag?post=4455"}],"curies":[{"name":"wp","href":"https:\/\/api.w.org\/{rel}","templated":true}]}}