{"id":4452,"date":"2024-07-18T12:56:47","date_gmt":"2024-07-18T09:56:47","guid":{"rendered":"https:\/\/fastcar.shop\/?post_type=product&#038;p=4452"},"modified":"2025-04-09T16:09:21","modified_gmt":"2025-04-09T13:09:21","slug":"cfs-0w30-nt1l","status":"publish","type":"product","link":"https:\/\/fastcar.shop\/lt\/product\/cfs-0w30-nt1l\/","title":{"rendered":"MILLERS OILS CFS 0w30 NT+"},"content":{"rendered":"<div class=\"product_single__features__title\">\n<p style=\"text-align: left;\">SAVYB\u0116S IR PRIVALUMAI<\/p>\n<\/div>\n<div class=\"product_single__features__content\">\n<ul style=\"text-align: left;\">\n<li>Rekomenduojama profesionaliems automobili\u0173 sporto lenktynininkams.<\/li>\n<li>Visi\u0161kai sintetin\u0117 alyva, apsauganti varikl\u012f tiek \u017eemoje \u012fjungimo, tiek auk\u0161toje darbo temperat\u016broje.<\/li>\n<li>Trigubo esterio formul\u0117 veikia sinergi\u0161kai, kad b\u016bt\u0173 optimizuotas pl\u0117vel\u0117s stiprumas ir apsauga nuo nusid\u0117v\u0117jimo.<\/li>\n<li>Antrosios kartos \u201eNANODRIVE\u201c itin ma\u017eos trinties technologija maksimaliai padidina gali\u0105.<\/li>\n<\/ul>\n<p style=\"text-align: left;\">CFS 0w30 NT+ yra \u201eCompetition Fully Synthetic NT+\u201c variklini\u0173 alyv\u0173 asortimento dalis, kurioje \u012fdiegta \u201eMillers Oils\u201c antrosios kartos NANODRIVE ma\u017eos trinties technologija, leid\u017eianti pasiekti pergaling\u0173 rezultat\u0173 profesionalioms lenktyni\u0173 komandoms.<\/p>\n<p style=\"text-align: left;\"><a href=\"https:\/\/fastcar.shop\/wp-content\/uploads\/2024\/07\/MOTORSPORT-CFS-0w30-NT-7962.pdf\"><strong>PRODUKTO DUOMEN\u0172 LAPAS<\/strong>\u00a0<img loading=\"lazy\" decoding=\"async\" class=\"alignnone size-full wp-image-3251\" src=\"https:\/\/fastcar.shop\/wp-content\/uploads\/2022\/01\/pdf-e1641824783993.png\" alt=\"\" width=\"30\" height=\"23\" \/><\/a><\/p>\n<p>&nbsp;<\/p>\n<\/div>","protected":false},"excerpt":{"rendered":"<p>Konkurencin\u0117 visi\u0161kai sintetin\u0117 NANODRIVE trij\u0173 esteri\u0173 variklin\u0117 alyva.<\/p>","protected":false},"featured_media":4543,"template":"","meta":[],"product_brand":[],"product_cat":[1786,1792,885],"product_tag":[],"class_list":{"0":"post-4452","1":"product","2":"type-product","3":"status-publish","4":"has-post-thumbnail","6":"product_cat-engine-oil","7":"product_cat-racing","8":"product_cat-oils_lubricants","9":"product_provider-millers-oils","11":"first","12":"instock","13":"taxable","14":"shipping-taxable","15":"purchasable","16":"product-type-variable"},"aioseo_notices":[],"yoast_head":"<!-- This site is optimized with the Yoast SEO plugin v27.3 - https:\/\/yoast.com\/product\/yoast-seo-wordpress\/ -->\n<title>MILLERS OILS CFS 0w30 NT+ - Fast Car Shop<\/title>\n<meta name=\"description\" content=\"Competition fully synthetic NANODRIVE triple ester engine oilCFS 0w30 NT+ is part of the Competition Fully Synthetic NT+ range of engine oils...\" \/>\n<meta name=\"robots\" content=\"index, follow, max-snippet:-1, max-image-preview:large, max-video-preview:-1\" \/>\n<link rel=\"canonical\" href=\"https:\/\/fastcar.shop\/lt\/produktas\/cfs-0w30-nt1l\/\" \/>\n<meta property=\"og:locale\" content=\"lt_LT\" \/>\n<meta property=\"og:type\" content=\"article\" \/>\n<meta property=\"og:title\" content=\"MILLERS OILS CFS 0w30 NT+ - Fast Car Shop\" \/>\n<meta property=\"og:description\" content=\"Competition fully synthetic NANODRIVE triple ester engine oilCFS 0w30 NT+ is part of the Competition Fully Synthetic NT+ range of engine oils...\" \/>\n<meta property=\"og:url\" content=\"https:\/\/fastcar.shop\/lt\/produktas\/cfs-0w30-nt1l\/\" \/>\n<meta property=\"og:site_name\" content=\"Fast Car Shop\" \/>\n<meta property=\"article:publisher\" content=\"https:\/\/www.facebook.com\/FastcarLt?locale=lt_LT\" \/>\n<meta property=\"article:modified_time\" content=\"2025-04-09T13:09:21+00:00\" \/>\n<meta property=\"og:image\" content=\"https:\/\/fastcar.shop\/wp-content\/uploads\/2024\/07\/cfs0w30.jpg\" \/>\n\t<meta property=\"og:image:width\" content=\"1563\" \/>\n\t<meta property=\"og:image:height\" content=\"1661\" \/>\n\t<meta property=\"og:image:type\" content=\"image\/jpeg\" \/>\n<meta name=\"twitter:card\" content=\"summary_large_image\" \/>\n<meta name=\"twitter:label1\" content=\"Est. reading time\" \/>\n\t<meta name=\"twitter:data1\" content=\"1 minut\u0117\" \/>\n<!-- \/ Yoast SEO plugin. -->","yoast_head_json":{"title":"MILLERS OILS CFS 0w30 NT+ - Fast Car Shop","description":"Competition fully synthetic NANODRIVE triple ester engine oilCFS 0w30 NT+ is part of the Competition Fully Synthetic NT+ range of engine oils...","robots":{"index":"index","follow":"follow","max-snippet":"max-snippet:-1","max-image-preview":"max-image-preview:large","max-video-preview":"max-video-preview:-1"},"canonical":"https:\/\/fastcar.shop\/lt\/produktas\/cfs-0w30-nt1l\/","og_locale":"lt_LT","og_type":"article","og_title":"MILLERS OILS CFS 0w30 NT+ - Fast Car Shop","og_description":"Competition fully synthetic NANODRIVE triple ester engine oilCFS 0w30 NT+ is part of the Competition Fully Synthetic NT+ range of engine oils...","og_url":"https:\/\/fastcar.shop\/lt\/produktas\/cfs-0w30-nt1l\/","og_site_name":"Fast Car Shop","article_publisher":"https:\/\/www.facebook.com\/FastcarLt?locale=lt_LT","article_modified_time":"2025-04-09T13:09:21+00:00","og_image":[{"width":1563,"height":1661,"url":"https:\/\/fastcar.shop\/wp-content\/uploads\/2024\/07\/cfs0w30.jpg","type":"image\/jpeg"}],"twitter_card":"summary_large_image","twitter_misc":{"Est. reading time":"1 minut\u0117"},"schema":{"@context":"https:\/\/schema.org","@graph":[{"@type":"WebPage","@id":"https:\/\/fastcar.shop\/product\/cfs-0w30-nt1l\/","url":"https:\/\/fastcar.shop\/product\/cfs-0w30-nt1l\/","name":"MILLERS OILS CFS 0w30 NT+ - Fast Car Shop","isPartOf":{"@id":"https:\/\/fastcar.shop\/#website"},"primaryImageOfPage":{"@id":"https:\/\/fastcar.shop\/product\/cfs-0w30-nt1l\/#primaryimage"},"image":{"@id":"https:\/\/fastcar.shop\/product\/cfs-0w30-nt1l\/#primaryimage"},"thumbnailUrl":"https:\/\/fastcar.shop\/wp-content\/uploads\/2024\/07\/cfs0w30.jpg","datePublished":"2024-07-18T09:56:47+00:00","dateModified":"2025-04-09T13:09:21+00:00","description":"Competition fully synthetic NANODRIVE triple ester engine oilCFS 0w30 NT+ is part of the Competition Fully Synthetic NT+ range of engine oils...","breadcrumb":{"@id":"https:\/\/fastcar.shop\/product\/cfs-0w30-nt1l\/#breadcrumb"},"inLanguage":"lt-LT","potentialAction":[{"@type":"ReadAction","target":["https:\/\/fastcar.shop\/product\/cfs-0w30-nt1l\/"]}]},{"@type":"ImageObject","inLanguage":"lt-LT","@id":"https:\/\/fastcar.shop\/product\/cfs-0w30-nt1l\/#primaryimage","url":"https:\/\/fastcar.shop\/wp-content\/uploads\/2024\/07\/cfs0w30.jpg","contentUrl":"https:\/\/fastcar.shop\/wp-content\/uploads\/2024\/07\/cfs0w30.jpg","width":1563,"height":1661},{"@type":"BreadcrumbList","@id":"https:\/\/fastcar.shop\/product\/cfs-0w30-nt1l\/#breadcrumb","itemListElement":[{"@type":"ListItem","position":1,"name":"Home","item":"https:\/\/fastcar.shop\/"},{"@type":"ListItem","position":2,"name":"Shop","item":"https:\/\/fastcar.shop\/shop\/"},{"@type":"ListItem","position":3,"name":"MILLERS OILS CFS 0w30 NT+"}]},{"@type":"WebSite","@id":"https:\/\/fastcar.shop\/#website","url":"https:\/\/fastcar.shop\/","name":"Greit\u0173 automobili\u0173 parduotuv\u0117","description":"","publisher":{"@id":"https:\/\/fastcar.shop\/#organization"},"potentialAction":[{"@type":"SearchAction","target":{"@type":"EntryPoint","urlTemplate":"https:\/\/fastcar.shop\/?s={search_term_string}"},"query-input":{"@type":"PropertyValueSpecification","valueRequired":true,"valueName":"search_term_string"}}],"inLanguage":"lt-LT"},{"@type":"Organization","@id":"https:\/\/fastcar.shop\/#organization","name":"Fastcar.shop","url":"https:\/\/fastcar.shop\/","logo":{"@type":"ImageObject","inLanguage":"lt-LT","@id":"https:\/\/fastcar.shop\/#\/schema\/logo\/image\/","url":"https:\/\/fastcar.shop\/wp-content\/uploads\/2017\/08\/FCS_JPEG-01-scaled.jpg","contentUrl":"https:\/\/fastcar.shop\/wp-content\/uploads\/2017\/08\/FCS_JPEG-01-scaled.jpg","width":2560,"height":1379,"caption":"Fastcar.shop"},"image":{"@id":"https:\/\/fastcar.shop\/#\/schema\/logo\/image\/"},"sameAs":["https:\/\/www.facebook.com\/FastcarLt?locale=lt_LT","https:\/\/www.instagram.com\/fastcar.shop\/"]}]}},"jetpack_sharing_enabled":true,"_links":{"self":[{"href":"https:\/\/fastcar.shop\/lt\/wp-json\/wp\/v2\/product\/4452","targetHints":{"allow":["GET"]}}],"collection":[{"href":"https:\/\/fastcar.shop\/lt\/wp-json\/wp\/v2\/product"}],"about":[{"href":"https:\/\/fastcar.shop\/lt\/wp-json\/wp\/v2\/types\/product"}],"wp:featuredmedia":[{"embeddable":true,"href":"https:\/\/fastcar.shop\/lt\/wp-json\/wp\/v2\/media\/4543"}],"wp:attachment":[{"href":"https:\/\/fastcar.shop\/lt\/wp-json\/wp\/v2\/media?parent=4452"}],"wp:term":[{"taxonomy":"product_brand","embeddable":true,"href":"https:\/\/fastcar.shop\/lt\/wp-json\/wp\/v2\/product_brand?post=4452"},{"taxonomy":"product_cat","embeddable":true,"href":"https:\/\/fastcar.shop\/lt\/wp-json\/wp\/v2\/product_cat?post=4452"},{"taxonomy":"product_tag","embeddable":true,"href":"https:\/\/fastcar.shop\/lt\/wp-json\/wp\/v2\/product_tag?post=4452"}],"curies":[{"name":"wp","href":"https:\/\/api.w.org\/{rel}","templated":true}]}}