{"id":4428,"date":"2024-07-17T22:49:32","date_gmt":"2024-07-17T19:49:32","guid":{"rendered":"https:\/\/fastcar.shop\/?post_type=product&#038;p=4428"},"modified":"2025-04-09T16:09:28","modified_gmt":"2025-04-09T13:09:28","slug":"xf-premium-engine-oil-c5-c6-0w20","status":"publish","type":"product","link":"https:\/\/fastcar.shop\/lt\/product\/xf-premium-engine-oil-c5-c6-0w20\/","title":{"rendered":"MILLERS OILS XF Premium Engine Oil C5\/C6 0w20"},"content":{"rendered":"<div class=\"product_single__features__title\">\n<p style=\"text-align: left;\"><strong>SAVYB\u0116S IR PRIVALUMAI<\/strong><\/p>\n<ul style=\"text-align: left;\">\n<li>\"XF Premium\" variklin\u0117 alyva su \"Millers Oils Dynamic Fluid Technology\" (DFT) u\u017etikrina geresn\u012f \u017eemos temperat\u016bros sraut\u0105 u\u017evedant \u0161alt\u0105 varikl\u012f ir akimirksniu apsaugo gyvybi\u0161kai svarbius variklio komponentus nuo pat kiekvienos kelion\u0117s prad\u017eios.<\/li>\n<li>Specialiai sukurta variklio \u0161varai pagerinti, tod\u0117l pager\u0117ja degal\u0173 ekonomija, suma\u017e\u0117ja i\u0161metam\u0173j\u0173 ter\u0161al\u0173 kiekis ir prailg\u0117ja eksploatacijos trukm\u0117.<\/li>\n<li>Jis papildo ir naudoja naujausi\u0105 vidutinio SAPS technologij\u0105, apsaugan\u010di\u0105 po apdorojimo sistemas, tokias kaip kiet\u0173j\u0173 daleli\u0173 filtrai, selektyvinis katalitinis redukavimas (SCR) ir AdBlue, taip u\u017etikrinant geriausi\u0105 suod\u017ei\u0173 kontrol\u0119 ir aplinkos apsaug\u0105.<\/li>\n<li>Suteikia puiki\u0105 momentin\u0119 apsaug\u0105 esant kar\u0161tai ir \u0161altai temperat\u016brai, kartu ma\u017eindamas degal\u0173 s\u0105naudas ir i\u0161metam\u0173j\u0173 duj\u0173 emisij\u0105.<\/li>\n<li>U\u017etikrina i\u0161skirtin\u0119 LSPI (Low Speed Pre-Ignition) apsaug\u0105 ir geriausi\u0105 turbokompresorinio \u012fkroviklio prie\u017ei\u016br\u0105 net pa\u010diomis ekstremaliausiomis darbo s\u0105lygomis.<\/li>\n<li>Specialiai sukurta naudoti visose hibridin\u0117se sistemose, \u012fskaitant savaime \u012fkraunamas hibridines elektrines transporto priemones (HEV) ir \u012fkraunamas hibridines elektrines transporto priemones (PHEV).<\/li>\n<\/ul>\n<p style=\"text-align: left;\">Auk\u0161\u010diausios kokyb\u0117s variklin\u0117 alyva, kuriai suteiktas OEM patvirtinimas, sukurta naudojant naujausias technologijas ir skirta C5\/C6 0w20 klampumo alyvai, skirtai \u012fvairiems Europos ir Azijos gamintojams.<\/p>\n<p style=\"text-align: left;\">Visi\u0161kai sintetin\u0117, vidurio SAPS, skirta naudoti benzininiuose, dyzeliniuose ir hibridiniuose varikliuose.<\/p>\n<p style=\"text-align: left;\"><a href=\"https:\/\/fastcar.shop\/wp-content\/uploads\/2024\/07\/8175-XF-Premium-C5-C6-0w20-4.pdf\"><strong>PRODUKTO DUOMEN\u0172 LAPAS<\/strong>\u00a0<\/a><a href=\"https:\/\/fastcar.shop\/wp-content\/uploads\/2022\/01\/CFS-0w30-NT.pdf\"><img loading=\"lazy\" decoding=\"async\" class=\"wp-image-3251 alignnone\" src=\"https:\/\/fastcar.shop\/wp-content\/uploads\/2022\/01\/pdf-e1641824783993.png\" alt=\"\" width=\"34\" height=\"26\" \/><\/a><\/p>\n<\/div>\n<div class=\"product_single__features__content\">\n<p style=\"text-align: left;\">\n<\/div>","protected":false},"excerpt":{"rendered":"<p>Auk\u0161\u010diausios kokyb\u0117s variklin\u0117 alyva, kuriai suteiktas OEM patvirtinimas, sukurta naudojant naujausias technologijas ir skirta C5\/C6 varikliams, kuriems reikalinga 0w20 klampumo alyva.<\/p>","protected":false},"featured_media":4431,"template":"","meta":[],"product_brand":[],"product_cat":[1786,1792,885],"product_tag":[],"class_list":{"0":"post-4428","1":"product","2":"type-product","3":"status-publish","4":"has-post-thumbnail","6":"product_cat-engine-oil","7":"product_cat-racing","8":"product_cat-oils_lubricants","10":"first","11":"instock","12":"taxable","13":"shipping-taxable","14":"purchasable","15":"product-type-variable"},"aioseo_notices":[],"yoast_head":"<!-- This site is optimized with the Yoast SEO plugin v27.4 - https:\/\/yoast.com\/product\/yoast-seo-wordpress\/ -->\n<title>MILLERS OILS XF Premium Engine Oil C5\/C6 0w20 - Fast Car Shop<\/title>\n<meta name=\"description\" content=\"A Premium OEM Approval Pending engine oil formulated using the latest technology for applications requiring a C5\/C6 0w20 viscosity.\" \/>\n<meta name=\"robots\" content=\"index, follow, max-snippet:-1, max-image-preview:large, max-video-preview:-1\" \/>\n<link rel=\"canonical\" href=\"https:\/\/fastcar.shop\/lt\/produktas\/xf-premium-engine-oil-c5-c6-0w20\/\" \/>\n<meta property=\"og:locale\" content=\"lt_LT\" \/>\n<meta property=\"og:type\" content=\"article\" \/>\n<meta property=\"og:title\" content=\"MILLERS OILS XF Premium Engine Oil C5\/C6 0w20 - Fast Car Shop\" \/>\n<meta property=\"og:description\" content=\"A Premium OEM Approval Pending engine oil formulated using the latest technology for applications requiring a C5\/C6 0w20 viscosity.\" \/>\n<meta property=\"og:url\" content=\"https:\/\/fastcar.shop\/lt\/produktas\/xf-premium-engine-oil-c5-c6-0w20\/\" \/>\n<meta property=\"og:site_name\" content=\"Fast Car Shop\" \/>\n<meta property=\"article:publisher\" content=\"https:\/\/www.facebook.com\/FastcarLt?locale=lt_LT\" \/>\n<meta property=\"article:modified_time\" content=\"2025-04-09T13:09:28+00:00\" \/>\n<meta property=\"og:image\" content=\"https:\/\/fastcar.shop\/wp-content\/uploads\/2024\/07\/XF-C5\uf022C6-0w20-grouped-368x391-1.png\" \/>\n\t<meta property=\"og:image:width\" content=\"368\" \/>\n\t<meta property=\"og:image:height\" content=\"391\" \/>\n\t<meta property=\"og:image:type\" content=\"image\/png\" \/>\n<meta name=\"twitter:card\" content=\"summary_large_image\" \/>\n<meta name=\"twitter:label1\" content=\"Est. reading time\" \/>\n\t<meta name=\"twitter:data1\" content=\"2 minut\u0117s\" \/>\n<!-- \/ Yoast SEO plugin. -->","yoast_head_json":{"title":"MILLERS OILS XF Premium Engine Oil C5\/C6 0w20 - Fast Car Shop","description":"Auk\u0161\u010diausios kokyb\u0117s variklin\u0117 alyva, kuriai suteiktas OEM patvirtinimas, sukurta naudojant naujausias technologijas ir skirta C5\/C6 varikliams, kuriems reikalinga 0w20 klampumo alyva.","robots":{"index":"index","follow":"follow","max-snippet":"max-snippet:-1","max-image-preview":"max-image-preview:large","max-video-preview":"max-video-preview:-1"},"canonical":"https:\/\/fastcar.shop\/lt\/produktas\/xf-premium-engine-oil-c5-c6-0w20\/","og_locale":"lt_LT","og_type":"article","og_title":"MILLERS OILS XF Premium Engine Oil C5\/C6 0w20 - Fast Car Shop","og_description":"A Premium OEM Approval Pending engine oil formulated using the latest technology for applications requiring a C5\/C6 0w20 viscosity.","og_url":"https:\/\/fastcar.shop\/lt\/produktas\/xf-premium-engine-oil-c5-c6-0w20\/","og_site_name":"Fast Car Shop","article_publisher":"https:\/\/www.facebook.com\/FastcarLt?locale=lt_LT","article_modified_time":"2025-04-09T13:09:28+00:00","og_image":[{"width":368,"height":391,"url":"https:\/\/fastcar.shop\/wp-content\/uploads\/2024\/07\/XF-C5\uf022C6-0w20-grouped-368x391-1.png","type":"image\/png"}],"twitter_card":"summary_large_image","twitter_misc":{"Est. reading time":"2 minut\u0117s"},"schema":{"@context":"https:\/\/schema.org","@graph":[{"@type":"WebPage","@id":"https:\/\/fastcar.shop\/product\/xf-premium-engine-oil-c5-c6-0w20\/","url":"https:\/\/fastcar.shop\/product\/xf-premium-engine-oil-c5-c6-0w20\/","name":"MILLERS OILS XF Premium Engine Oil C5\/C6 0w20 - Fast Car Shop","isPartOf":{"@id":"https:\/\/fastcar.shop\/#website"},"primaryImageOfPage":{"@id":"https:\/\/fastcar.shop\/product\/xf-premium-engine-oil-c5-c6-0w20\/#primaryimage"},"image":{"@id":"https:\/\/fastcar.shop\/product\/xf-premium-engine-oil-c5-c6-0w20\/#primaryimage"},"thumbnailUrl":"https:\/\/fastcar.shop\/wp-content\/uploads\/2024\/07\/XF-C5\uf022C6-0w20-grouped-368x391-1.png","datePublished":"2024-07-17T19:49:32+00:00","dateModified":"2025-04-09T13:09:28+00:00","description":"Auk\u0161\u010diausios kokyb\u0117s variklin\u0117 alyva, kuriai suteiktas OEM patvirtinimas, sukurta naudojant naujausias technologijas ir skirta C5\/C6 varikliams, kuriems reikalinga 0w20 klampumo alyva.","breadcrumb":{"@id":"https:\/\/fastcar.shop\/product\/xf-premium-engine-oil-c5-c6-0w20\/#breadcrumb"},"inLanguage":"lt-LT","potentialAction":[{"@type":"ReadAction","target":["https:\/\/fastcar.shop\/product\/xf-premium-engine-oil-c5-c6-0w20\/"]}]},{"@type":"ImageObject","inLanguage":"lt-LT","@id":"https:\/\/fastcar.shop\/product\/xf-premium-engine-oil-c5-c6-0w20\/#primaryimage","url":"https:\/\/fastcar.shop\/wp-content\/uploads\/2024\/07\/XF-C5\uf022C6-0w20-grouped-368x391-1.png","contentUrl":"https:\/\/fastcar.shop\/wp-content\/uploads\/2024\/07\/XF-C5\uf022C6-0w20-grouped-368x391-1.png","width":368,"height":391},{"@type":"BreadcrumbList","@id":"https:\/\/fastcar.shop\/product\/xf-premium-engine-oil-c5-c6-0w20\/#breadcrumb","itemListElement":[{"@type":"ListItem","position":1,"name":"Home","item":"https:\/\/fastcar.shop\/"},{"@type":"ListItem","position":2,"name":"Shop","item":"https:\/\/fastcar.shop\/shop\/"},{"@type":"ListItem","position":3,"name":"MILLERS OILS XF Premium Engine Oil C5\/C6 0w20"}]},{"@type":"WebSite","@id":"https:\/\/fastcar.shop\/#website","url":"https:\/\/fastcar.shop\/","name":"Greit\u0173 automobili\u0173 parduotuv\u0117","description":"","publisher":{"@id":"https:\/\/fastcar.shop\/#organization"},"potentialAction":[{"@type":"SearchAction","target":{"@type":"EntryPoint","urlTemplate":"https:\/\/fastcar.shop\/?s={search_term_string}"},"query-input":{"@type":"PropertyValueSpecification","valueRequired":true,"valueName":"search_term_string"}}],"inLanguage":"lt-LT"},{"@type":"Organization","@id":"https:\/\/fastcar.shop\/#organization","name":"Fastcar.shop","url":"https:\/\/fastcar.shop\/","logo":{"@type":"ImageObject","inLanguage":"lt-LT","@id":"https:\/\/fastcar.shop\/#\/schema\/logo\/image\/","url":"https:\/\/fastcar.shop\/wp-content\/uploads\/2017\/08\/FCS_JPEG-01-scaled.jpg","contentUrl":"https:\/\/fastcar.shop\/wp-content\/uploads\/2017\/08\/FCS_JPEG-01-scaled.jpg","width":2560,"height":1379,"caption":"Fastcar.shop"},"image":{"@id":"https:\/\/fastcar.shop\/#\/schema\/logo\/image\/"},"sameAs":["https:\/\/www.facebook.com\/FastcarLt?locale=lt_LT","https:\/\/www.instagram.com\/fastcar.shop\/"]}]}},"jetpack_sharing_enabled":true,"_links":{"self":[{"href":"https:\/\/fastcar.shop\/lt\/wp-json\/wp\/v2\/product\/4428","targetHints":{"allow":["GET"]}}],"collection":[{"href":"https:\/\/fastcar.shop\/lt\/wp-json\/wp\/v2\/product"}],"about":[{"href":"https:\/\/fastcar.shop\/lt\/wp-json\/wp\/v2\/types\/product"}],"wp:featuredmedia":[{"embeddable":true,"href":"https:\/\/fastcar.shop\/lt\/wp-json\/wp\/v2\/media\/4431"}],"wp:attachment":[{"href":"https:\/\/fastcar.shop\/lt\/wp-json\/wp\/v2\/media?parent=4428"}],"wp:term":[{"taxonomy":"product_brand","embeddable":true,"href":"https:\/\/fastcar.shop\/lt\/wp-json\/wp\/v2\/product_brand?post=4428"},{"taxonomy":"product_cat","embeddable":true,"href":"https:\/\/fastcar.shop\/lt\/wp-json\/wp\/v2\/product_cat?post=4428"},{"taxonomy":"product_tag","embeddable":true,"href":"https:\/\/fastcar.shop\/lt\/wp-json\/wp\/v2\/product_tag?post=4428"}],"curies":[{"name":"wp","href":"https:\/\/api.w.org\/{rel}","templated":true}]}}