{"id":4415,"date":"2024-07-17T22:37:37","date_gmt":"2024-07-17T19:37:37","guid":{"rendered":"https:\/\/fastcar.shop\/?post_type=product&#038;p=4415"},"modified":"2025-04-09T16:09:41","modified_gmt":"2025-04-09T13:09:41","slug":"xf-premium-atf-dct-dsg","status":"publish","type":"product","link":"https:\/\/fastcar.shop\/lt\/product\/xf-premium-atf-dct-dsg\/","title":{"rendered":"MILLERS OILS XF Premium ATF DCT-DSG"},"content":{"rendered":"<div class=\"product_single__features__title\">\n<p style=\"text-align: left;\"><strong>SAVYB\u0116S IR PRIVALUMAI<\/strong><\/p>\n<ul style=\"text-align: left;\">\n<li>\u201eXF Premium\u201c u\u017etikrina didesn\u012f \u017eemos temperat\u016bros sraut\u0105 u\u017evedant \u0161alt\u0105 varikl\u012f, tod\u0117l gyvybi\u0161kai svarb\u016bs pavar\u0173 d\u0117\u017e\u0117s komponentai apsaugomi nuo pat kiekvienos kelion\u0117s prad\u017eios.<\/li>\n<li>\"XF Premium\" pavar\u0173 d\u0117\u017e\u0117s alyva padidina klampumo stabilum\u0105 esant auk\u0161tai temperat\u016brai. Tai suma\u017eina pavar\u0173 d\u0117\u017e\u0117s d\u0117v\u0117jim\u0105si ir u\u017etikrina puiki\u0105 komponent\u0173 apsaug\u0105.<\/li>\n<li>Alyva u\u017etikrina puiki\u0105 momentin\u0119 apsaug\u0105 esant kar\u0161tai ir \u0161altai temperat\u016brai, apsaugo nuo korozijos, oksidacijos, nuos\u0117d\u0173 ir put\u0173.<\/li>\n<li>\u201eXF Premium\u201c alyva specialiai sukurta naudoti hibridin\u0117se sistemose, \u012fskaitant savaime \u012fkraunamas hibridines elektrines transporto priemones (HEV) ir \u012fkraunamas hibridines elektrines transporto priemones (PHEV).<\/li>\n<\/ul>\n<p style=\"text-align: left;\">Auk\u0161\u010diausios kokyb\u0117s OEM automatini\u0173 pavar\u0173 d\u0117\u017ei\u0173 skystis, skirtas naudoti dr\u0117gnose DCT pavar\u0173 d\u0117\u017e\u0117se (VWAG DSG - tiesioginio perjungimo pavar\u0173 d\u0117\u017e\u0117). Daugiausia skirtas Europos transporto priemon\u0117ms.<\/p>\n<\/div>\n<div class=\"product_single__features__content\">\n<p style=\"text-align: left;\"><a href=\"https:\/\/fastcar.shop\/wp-content\/uploads\/2024\/07\/8380-XF-Premium-ATF-DCT-DSG.pdf\"><strong>PRODUKTO DUOMEN\u0172 LAPAS<\/strong>\u00a0<\/a><a href=\"https:\/\/fastcar.shop\/wp-content\/uploads\/2022\/01\/CFS-0w30-NT.pdf\"><img loading=\"lazy\" decoding=\"async\" class=\"wp-image-3251 alignnone\" src=\"https:\/\/fastcar.shop\/wp-content\/uploads\/2022\/01\/pdf-e1641824783993.png\" alt=\"\" width=\"34\" height=\"26\" \/><\/a><\/p>\n<\/div>","protected":false},"excerpt":{"rendered":"<p>Auk\u0161\u010diausios kokyb\u0117s OEM automatini\u0173 pavar\u0173 d\u0117\u017ei\u0173 skystis, skirtas naudoti dr\u0117gnose DCT pavar\u0173 d\u0117\u017e\u0117se (VWAG DSG - tiesioginio perjungimo pavar\u0173 d\u0117\u017e\u0117). Daugiausia skirtas Europos transporto priemon\u0117ms.<\/p>","protected":false},"featured_media":4418,"template":"","meta":[],"product_brand":[],"product_cat":[1789,1792,885],"product_tag":[],"class_list":{"0":"post-4415","1":"product","2":"type-product","3":"status-publish","4":"has-post-thumbnail","6":"product_cat-gear-oil","7":"product_cat-racing","8":"product_cat-oils_lubricants","9":"product_provider-millers-oils","11":"first","12":"instock","13":"taxable","14":"shipping-taxable","15":"purchasable","16":"product-type-variable"},"aioseo_notices":[],"yoast_head":"<!-- This site is optimized with the Yoast SEO plugin v27.3 - https:\/\/yoast.com\/product\/yoast-seo-wordpress\/ -->\n<title>MILLERS OILS XF Premium ATF DCT-DSG - Fast Car Shop<\/title>\n<meta name=\"description\" content=\"A premium OEM automatic transmission fluid designed for use in wet DCT gearboxes (VWAG DSG \u2013 direct shift gearbox). Predominantly for European vehicles.\" \/>\n<meta name=\"robots\" content=\"index, follow, max-snippet:-1, max-image-preview:large, max-video-preview:-1\" \/>\n<link rel=\"canonical\" href=\"https:\/\/fastcar.shop\/lt\/produktas\/xf-premium-atf-dct-dsg\/\" \/>\n<meta property=\"og:locale\" content=\"lt_LT\" \/>\n<meta property=\"og:type\" content=\"article\" \/>\n<meta property=\"og:title\" content=\"MILLERS OILS XF Premium ATF DCT-DSG - Fast Car Shop\" \/>\n<meta property=\"og:description\" content=\"A premium OEM automatic transmission fluid designed for use in wet DCT gearboxes (VWAG DSG \u2013 direct shift gearbox). Predominantly for European vehicles.\" \/>\n<meta property=\"og:url\" content=\"https:\/\/fastcar.shop\/lt\/produktas\/xf-premium-atf-dct-dsg\/\" \/>\n<meta property=\"og:site_name\" content=\"Fast Car Shop\" \/>\n<meta property=\"article:publisher\" content=\"https:\/\/www.facebook.com\/FastcarLt?locale=lt_LT\" \/>\n<meta property=\"article:modified_time\" content=\"2025-04-09T13:09:41+00:00\" \/>\n<meta property=\"og:image\" content=\"https:\/\/fastcar.shop\/wp-content\/uploads\/2024\/07\/0001561_xf-premium-atf-dct-dsg-964x1024.png\" \/>\n\t<meta property=\"og:image:width\" content=\"964\" \/>\n\t<meta property=\"og:image:height\" content=\"1024\" \/>\n\t<meta property=\"og:image:type\" content=\"image\/png\" \/>\n<meta name=\"twitter:card\" content=\"summary_large_image\" \/>\n<meta name=\"twitter:label1\" content=\"Est. reading time\" \/>\n\t<meta name=\"twitter:data1\" content=\"1 minut\u0117\" \/>\n<!-- \/ Yoast SEO plugin. -->","yoast_head_json":{"title":"MILLERS OILS XF Premium ATF DCT-DSG - Fast Car Shop","description":"Auk\u0161\u010diausios kokyb\u0117s OEM automatini\u0173 pavar\u0173 d\u0117\u017ei\u0173 skystis, skirtas naudoti dr\u0117gnose DCT pavar\u0173 d\u0117\u017e\u0117se (VWAG DSG - tiesioginio perjungimo pavar\u0173 d\u0117\u017e\u0117). Daugiausia skirtas Europos transporto priemon\u0117ms.","robots":{"index":"index","follow":"follow","max-snippet":"max-snippet:-1","max-image-preview":"max-image-preview:large","max-video-preview":"max-video-preview:-1"},"canonical":"https:\/\/fastcar.shop\/lt\/produktas\/xf-premium-atf-dct-dsg\/","og_locale":"lt_LT","og_type":"article","og_title":"MILLERS OILS XF Premium ATF DCT-DSG - Fast Car Shop","og_description":"A premium OEM automatic transmission fluid designed for use in wet DCT gearboxes (VWAG DSG \u2013 direct shift gearbox). Predominantly for European vehicles.","og_url":"https:\/\/fastcar.shop\/lt\/produktas\/xf-premium-atf-dct-dsg\/","og_site_name":"Fast Car Shop","article_publisher":"https:\/\/www.facebook.com\/FastcarLt?locale=lt_LT","article_modified_time":"2025-04-09T13:09:41+00:00","og_image":[{"width":964,"height":1024,"url":"https:\/\/fastcar.shop\/wp-content\/uploads\/2024\/07\/0001561_xf-premium-atf-dct-dsg-964x1024.png","type":"image\/png"}],"twitter_card":"summary_large_image","twitter_misc":{"Est. reading time":"1 minut\u0117"},"schema":{"@context":"https:\/\/schema.org","@graph":[{"@type":"WebPage","@id":"https:\/\/fastcar.shop\/product\/xf-premium-atf-dct-dsg\/","url":"https:\/\/fastcar.shop\/product\/xf-premium-atf-dct-dsg\/","name":"MILLERS OILS XF Premium ATF DCT-DSG - Fast Car Shop","isPartOf":{"@id":"https:\/\/fastcar.shop\/#website"},"primaryImageOfPage":{"@id":"https:\/\/fastcar.shop\/product\/xf-premium-atf-dct-dsg\/#primaryimage"},"image":{"@id":"https:\/\/fastcar.shop\/product\/xf-premium-atf-dct-dsg\/#primaryimage"},"thumbnailUrl":"https:\/\/fastcar.shop\/wp-content\/uploads\/2024\/07\/0001561_xf-premium-atf-dct-dsg.png","datePublished":"2024-07-17T19:37:37+00:00","dateModified":"2025-04-09T13:09:41+00:00","description":"Auk\u0161\u010diausios kokyb\u0117s OEM automatini\u0173 pavar\u0173 d\u0117\u017ei\u0173 skystis, skirtas naudoti dr\u0117gnose DCT pavar\u0173 d\u0117\u017e\u0117se (VWAG DSG - tiesioginio perjungimo pavar\u0173 d\u0117\u017e\u0117). Daugiausia skirtas Europos transporto priemon\u0117ms.","breadcrumb":{"@id":"https:\/\/fastcar.shop\/product\/xf-premium-atf-dct-dsg\/#breadcrumb"},"inLanguage":"lt-LT","potentialAction":[{"@type":"ReadAction","target":["https:\/\/fastcar.shop\/product\/xf-premium-atf-dct-dsg\/"]}]},{"@type":"ImageObject","inLanguage":"lt-LT","@id":"https:\/\/fastcar.shop\/product\/xf-premium-atf-dct-dsg\/#primaryimage","url":"https:\/\/fastcar.shop\/wp-content\/uploads\/2024\/07\/0001561_xf-premium-atf-dct-dsg.png","contentUrl":"https:\/\/fastcar.shop\/wp-content\/uploads\/2024\/07\/0001561_xf-premium-atf-dct-dsg.png","width":1563,"height":1661},{"@type":"BreadcrumbList","@id":"https:\/\/fastcar.shop\/product\/xf-premium-atf-dct-dsg\/#breadcrumb","itemListElement":[{"@type":"ListItem","position":1,"name":"Home","item":"https:\/\/fastcar.shop\/"},{"@type":"ListItem","position":2,"name":"Shop","item":"https:\/\/fastcar.shop\/shop\/"},{"@type":"ListItem","position":3,"name":"MILLERS OILS XF Premium ATF DCT-DSG"}]},{"@type":"WebSite","@id":"https:\/\/fastcar.shop\/#website","url":"https:\/\/fastcar.shop\/","name":"Greit\u0173 automobili\u0173 parduotuv\u0117","description":"","publisher":{"@id":"https:\/\/fastcar.shop\/#organization"},"potentialAction":[{"@type":"SearchAction","target":{"@type":"EntryPoint","urlTemplate":"https:\/\/fastcar.shop\/?s={search_term_string}"},"query-input":{"@type":"PropertyValueSpecification","valueRequired":true,"valueName":"search_term_string"}}],"inLanguage":"lt-LT"},{"@type":"Organization","@id":"https:\/\/fastcar.shop\/#organization","name":"Fastcar.shop","url":"https:\/\/fastcar.shop\/","logo":{"@type":"ImageObject","inLanguage":"lt-LT","@id":"https:\/\/fastcar.shop\/#\/schema\/logo\/image\/","url":"https:\/\/fastcar.shop\/wp-content\/uploads\/2017\/08\/FCS_JPEG-01-scaled.jpg","contentUrl":"https:\/\/fastcar.shop\/wp-content\/uploads\/2017\/08\/FCS_JPEG-01-scaled.jpg","width":2560,"height":1379,"caption":"Fastcar.shop"},"image":{"@id":"https:\/\/fastcar.shop\/#\/schema\/logo\/image\/"},"sameAs":["https:\/\/www.facebook.com\/FastcarLt?locale=lt_LT","https:\/\/www.instagram.com\/fastcar.shop\/"]}]}},"jetpack_sharing_enabled":true,"_links":{"self":[{"href":"https:\/\/fastcar.shop\/lt\/wp-json\/wp\/v2\/product\/4415","targetHints":{"allow":["GET"]}}],"collection":[{"href":"https:\/\/fastcar.shop\/lt\/wp-json\/wp\/v2\/product"}],"about":[{"href":"https:\/\/fastcar.shop\/lt\/wp-json\/wp\/v2\/types\/product"}],"wp:featuredmedia":[{"embeddable":true,"href":"https:\/\/fastcar.shop\/lt\/wp-json\/wp\/v2\/media\/4418"}],"wp:attachment":[{"href":"https:\/\/fastcar.shop\/lt\/wp-json\/wp\/v2\/media?parent=4415"}],"wp:term":[{"taxonomy":"product_brand","embeddable":true,"href":"https:\/\/fastcar.shop\/lt\/wp-json\/wp\/v2\/product_brand?post=4415"},{"taxonomy":"product_cat","embeddable":true,"href":"https:\/\/fastcar.shop\/lt\/wp-json\/wp\/v2\/product_cat?post=4415"},{"taxonomy":"product_tag","embeddable":true,"href":"https:\/\/fastcar.shop\/lt\/wp-json\/wp\/v2\/product_tag?post=4415"}],"curies":[{"name":"wp","href":"https:\/\/api.w.org\/{rel}","templated":true}]}}