{"id":4394,"date":"2024-07-17T22:17:55","date_gmt":"2024-07-17T19:17:55","guid":{"rendered":"https:\/\/fastcar.shop\/?post_type=product&#038;p=4394"},"modified":"2025-04-09T16:10:17","modified_gmt":"2025-04-09T13:10:17","slug":"ee-performance-engine-oil-0w20","status":"publish","type":"product","link":"https:\/\/fastcar.shop\/lt\/product\/ee-performance-engine-oil-0w20\/","title":{"rendered":"MILLERS OILS EE Performance Engine Oil 0w20"},"content":{"rendered":"<div class=\"product_single__features__title\">\n<p style=\"text-align: left;\"><strong>SAVYB\u0116S IR PRIVALUMAI<\/strong><\/p>\n<ul style=\"text-align: left;\">\n<li>Didesn\u0117 variklio galia ir sukimo momentas d\u0117l apdovanojimus pelniusios NANODRIVE ma\u017eos trinties technologijos ir sintetini\u0173 esteri\u0173 sud\u0117ties.<\/li>\n<li>D\u0117l greito sutepimo naudojant NANODRIVE ma\u017eos trinties technologij\u0105, pailg\u0117ja komponent\u0173 tarnavimo laikas ir suma\u017einta darbin\u0117 temperat\u016bra.<\/li>\n<li>\u201eTrack day ready\u201c, didelio efektyvumo aliejus; u\u017etikrina maksimal\u0173 variklio na\u0161um\u0105, kartu atitinka gamintojo specifikacijas ir rekomenduojam\u0105 alyvos i\u0161leidimo interval\u0105 naudojant kelyje.<\/li>\n<li>Maksimalus efektyvumas ir MPG gaunami i\u0161 ma\u017eo klampumo ir ma\u017eos trinties NANODRIVE formul\u0117s.<\/li>\n<li>Apima plat\u0173 Azijos \/ Japonijos gamintoj\u0173 asortiment\u0105, \u012fskaitant naujausi\u0105 benzinini\u0173 ir benzinini\u0173 hibridini\u0173 varikli\u0173 technologij\u0105.<\/li>\n<\/ul>\n<p style=\"text-align: left;\">Efektyvi variklin\u0117 alyva su \u201eNANODRIVE\u201c ma\u017eos trinties technologija, skirta transporto priemon\u0117ms, kurioms reikalinga 0w20 klampumo alyva, skirta daugeliui Europos ir Azijos gamintoj\u0173.<\/p>\n<p style=\"text-align: left;\"><strong>Rekomenduojama:<\/strong><\/p>\n<p style=\"text-align: left;\">API SP, SP RC, SN PLUS RC<br \/>\nSN PLUS, SN RC, SN<br \/>\nChrysler MS-6395<br \/>\nFiat 9.55535-CR1<br \/>\nFord WSS-M2C962-A1, Ford WSS-M2C947-B1<br \/>\nFord WSS-M2C947-A<br \/>\nGM dexos 1 Gen 3, GM dexos 1 Gen 2, GM dexos 1 Gen 1<br \/>\nILSAC GF-6A, ILSAC GF-5, ILSAC GF-4<br \/>\nAzijos gamintojai<\/p>\n<p style=\"text-align: left;\"><a href=\"https:\/\/fastcar.shop\/wp-content\/uploads\/2024\/07\/8206-EE-Performance-0w20.pdf\"><strong>PRODUKTO DUOMEN\u0172 LAPAS<\/strong>\u00a0<\/a><a href=\"https:\/\/fastcar.shop\/wp-content\/uploads\/2022\/01\/CFS-0w30-NT.pdf\"><img loading=\"lazy\" decoding=\"async\" class=\"wp-image-3251 alignnone\" src=\"https:\/\/fastcar.shop\/wp-content\/uploads\/2022\/01\/pdf-e1641824783993.png\" alt=\"\" width=\"34\" height=\"26\" \/><\/a><\/p>\n<\/div>\n<div class=\"product_single__features__content\">\n<p style=\"text-align: left;\">\n<\/div>","protected":false},"excerpt":{"rendered":"<p>Efektyvi variklin\u0117 alyva su \u201eNANODRIVE\u201c ma\u017eos trinties technologija, skirta transporto priemon\u0117ms, kurioms reikalinga 0w20 klampumo alyva, skirta daugeliui Europos ir Azijos gamintoj\u0173.<\/p>","protected":false},"featured_media":4397,"template":"","meta":[],"product_brand":[],"product_cat":[1786,1792,885],"product_tag":[],"class_list":{"0":"post-4394","1":"product","2":"type-product","3":"status-publish","4":"has-post-thumbnail","6":"product_cat-engine-oil","7":"product_cat-racing","8":"product_cat-oils_lubricants","9":"product_provider-millers-oils","11":"first","12":"instock","13":"taxable","14":"shipping-taxable","15":"purchasable","16":"product-type-variable"},"aioseo_notices":[],"yoast_head":"<!-- This site is optimized with the Yoast SEO plugin v27.3 - https:\/\/yoast.com\/product\/yoast-seo-wordpress\/ -->\n<title>MILLERS OILS EE Performance Engine Oil 0w20 - Fast Car Shop<\/title>\n<meta name=\"description\" content=\"A performance engine oil featuring NANODRIVE low friction technology for vehicles requiring a 0w20 viscosity, covering a wide range of European...\" \/>\n<meta name=\"robots\" content=\"index, follow, max-snippet:-1, max-image-preview:large, max-video-preview:-1\" \/>\n<link rel=\"canonical\" href=\"https:\/\/fastcar.shop\/lt\/produktas\/ee-performance-engine-oil-0w20\/\" \/>\n<meta property=\"og:locale\" content=\"lt_LT\" \/>\n<meta property=\"og:type\" content=\"article\" \/>\n<meta property=\"og:title\" content=\"MILLERS OILS EE Performance Engine Oil 0w20 - Fast Car Shop\" \/>\n<meta property=\"og:description\" content=\"A performance engine oil featuring NANODRIVE low friction technology for vehicles requiring a 0w20 viscosity, covering a wide range of European...\" \/>\n<meta property=\"og:url\" content=\"https:\/\/fastcar.shop\/lt\/produktas\/ee-performance-engine-oil-0w20\/\" \/>\n<meta property=\"og:site_name\" content=\"Fast Car Shop\" \/>\n<meta property=\"article:publisher\" content=\"https:\/\/www.facebook.com\/FastcarLt?locale=lt_LT\" \/>\n<meta property=\"article:modified_time\" content=\"2025-04-09T13:10:17+00:00\" \/>\n<meta property=\"og:image\" content=\"https:\/\/fastcar.shop\/wp-content\/uploads\/2024\/07\/0w20.jpeg\" \/>\n\t<meta property=\"og:image:width\" content=\"1563\" \/>\n\t<meta property=\"og:image:height\" content=\"1661\" \/>\n\t<meta property=\"og:image:type\" content=\"image\/jpeg\" \/>\n<meta name=\"twitter:card\" content=\"summary_large_image\" \/>\n<meta name=\"twitter:label1\" content=\"Est. reading time\" \/>\n\t<meta name=\"twitter:data1\" content=\"2 minut\u0117s\" \/>\n<!-- \/ Yoast SEO plugin. -->","yoast_head_json":{"title":"MILLERS OILS EE Performance Engine Oil 0w20 - Fast Car Shop","description":"A performance engine oil featuring NANODRIVE low friction technology for vehicles requiring a 0w20 viscosity, covering a wide range of European...","robots":{"index":"index","follow":"follow","max-snippet":"max-snippet:-1","max-image-preview":"max-image-preview:large","max-video-preview":"max-video-preview:-1"},"canonical":"https:\/\/fastcar.shop\/lt\/produktas\/ee-performance-engine-oil-0w20\/","og_locale":"lt_LT","og_type":"article","og_title":"MILLERS OILS EE Performance Engine Oil 0w20 - Fast Car Shop","og_description":"A performance engine oil featuring NANODRIVE low friction technology for vehicles requiring a 0w20 viscosity, covering a wide range of European...","og_url":"https:\/\/fastcar.shop\/lt\/produktas\/ee-performance-engine-oil-0w20\/","og_site_name":"Fast Car Shop","article_publisher":"https:\/\/www.facebook.com\/FastcarLt?locale=lt_LT","article_modified_time":"2025-04-09T13:10:17+00:00","og_image":[{"width":1563,"height":1661,"url":"https:\/\/fastcar.shop\/wp-content\/uploads\/2024\/07\/0w20.jpeg","type":"image\/jpeg"}],"twitter_card":"summary_large_image","twitter_misc":{"Est. reading time":"2 minut\u0117s"},"schema":{"@context":"https:\/\/schema.org","@graph":[{"@type":"WebPage","@id":"https:\/\/fastcar.shop\/product\/ee-performance-engine-oil-0w20\/","url":"https:\/\/fastcar.shop\/product\/ee-performance-engine-oil-0w20\/","name":"MILLERS OILS EE Performance Engine Oil 0w20 - Fast Car Shop","isPartOf":{"@id":"https:\/\/fastcar.shop\/#website"},"primaryImageOfPage":{"@id":"https:\/\/fastcar.shop\/product\/ee-performance-engine-oil-0w20\/#primaryimage"},"image":{"@id":"https:\/\/fastcar.shop\/product\/ee-performance-engine-oil-0w20\/#primaryimage"},"thumbnailUrl":"https:\/\/fastcar.shop\/wp-content\/uploads\/2024\/07\/0w20.jpeg","datePublished":"2024-07-17T19:17:55+00:00","dateModified":"2025-04-09T13:10:17+00:00","description":"A performance engine oil featuring NANODRIVE low friction technology for vehicles requiring a 0w20 viscosity, covering a wide range of European...","breadcrumb":{"@id":"https:\/\/fastcar.shop\/product\/ee-performance-engine-oil-0w20\/#breadcrumb"},"inLanguage":"lt-LT","potentialAction":[{"@type":"ReadAction","target":["https:\/\/fastcar.shop\/product\/ee-performance-engine-oil-0w20\/"]}]},{"@type":"ImageObject","inLanguage":"lt-LT","@id":"https:\/\/fastcar.shop\/product\/ee-performance-engine-oil-0w20\/#primaryimage","url":"https:\/\/fastcar.shop\/wp-content\/uploads\/2024\/07\/0w20.jpeg","contentUrl":"https:\/\/fastcar.shop\/wp-content\/uploads\/2024\/07\/0w20.jpeg","width":1563,"height":1661},{"@type":"BreadcrumbList","@id":"https:\/\/fastcar.shop\/product\/ee-performance-engine-oil-0w20\/#breadcrumb","itemListElement":[{"@type":"ListItem","position":1,"name":"Home","item":"https:\/\/fastcar.shop\/"},{"@type":"ListItem","position":2,"name":"Shop","item":"https:\/\/fastcar.shop\/shop\/"},{"@type":"ListItem","position":3,"name":"MILLERS OILS EE Performance Engine Oil 0w20"}]},{"@type":"WebSite","@id":"https:\/\/fastcar.shop\/#website","url":"https:\/\/fastcar.shop\/","name":"Greit\u0173 automobili\u0173 parduotuv\u0117","description":"","publisher":{"@id":"https:\/\/fastcar.shop\/#organization"},"potentialAction":[{"@type":"SearchAction","target":{"@type":"EntryPoint","urlTemplate":"https:\/\/fastcar.shop\/?s={search_term_string}"},"query-input":{"@type":"PropertyValueSpecification","valueRequired":true,"valueName":"search_term_string"}}],"inLanguage":"lt-LT"},{"@type":"Organization","@id":"https:\/\/fastcar.shop\/#organization","name":"Fastcar.shop","url":"https:\/\/fastcar.shop\/","logo":{"@type":"ImageObject","inLanguage":"lt-LT","@id":"https:\/\/fastcar.shop\/#\/schema\/logo\/image\/","url":"https:\/\/fastcar.shop\/wp-content\/uploads\/2017\/08\/FCS_JPEG-01-scaled.jpg","contentUrl":"https:\/\/fastcar.shop\/wp-content\/uploads\/2017\/08\/FCS_JPEG-01-scaled.jpg","width":2560,"height":1379,"caption":"Fastcar.shop"},"image":{"@id":"https:\/\/fastcar.shop\/#\/schema\/logo\/image\/"},"sameAs":["https:\/\/www.facebook.com\/FastcarLt?locale=lt_LT","https:\/\/www.instagram.com\/fastcar.shop\/"]}]}},"jetpack_sharing_enabled":true,"_links":{"self":[{"href":"https:\/\/fastcar.shop\/lt\/wp-json\/wp\/v2\/product\/4394","targetHints":{"allow":["GET"]}}],"collection":[{"href":"https:\/\/fastcar.shop\/lt\/wp-json\/wp\/v2\/product"}],"about":[{"href":"https:\/\/fastcar.shop\/lt\/wp-json\/wp\/v2\/types\/product"}],"wp:featuredmedia":[{"embeddable":true,"href":"https:\/\/fastcar.shop\/lt\/wp-json\/wp\/v2\/media\/4397"}],"wp:attachment":[{"href":"https:\/\/fastcar.shop\/lt\/wp-json\/wp\/v2\/media?parent=4394"}],"wp:term":[{"taxonomy":"product_brand","embeddable":true,"href":"https:\/\/fastcar.shop\/lt\/wp-json\/wp\/v2\/product_brand?post=4394"},{"taxonomy":"product_cat","embeddable":true,"href":"https:\/\/fastcar.shop\/lt\/wp-json\/wp\/v2\/product_cat?post=4394"},{"taxonomy":"product_tag","embeddable":true,"href":"https:\/\/fastcar.shop\/lt\/wp-json\/wp\/v2\/product_tag?post=4394"}],"curies":[{"name":"wp","href":"https:\/\/api.w.org\/{rel}","templated":true}]}}