{"id":4374,"date":"2024-07-17T16:25:25","date_gmt":"2024-07-17T13:25:25","guid":{"rendered":"https:\/\/fastcar.shop\/?post_type=product&#038;p=4374"},"modified":"2025-04-09T16:10:26","modified_gmt":"2025-04-09T13:10:26","slug":"millers-oils-driveline-flush-500ml","status":"publish","type":"product","link":"https:\/\/fastcar.shop\/lt\/product\/millers-oils-driveline-flush-500ml\/","title":{"rendered":"MILLERS OILS Driveline Flush 500ml"},"content":{"rendered":"<p style=\"text-align: left;\">Savyb\u0117s ir privalumai<\/p>\n<ul style=\"text-align: left;\">\n<li>Pavaros sistema bus \u0161vari ir neu\u017eter\u0161ta.<\/li>\n<li>Ma\u017eesnis ter\u0161al\u0173 perne\u0161imas i\u0161 ankstesnio skys\u010dio \u012f nauj\u0105j\u012f, tod\u0117l pager\u0117s skys\u010dio apsauga.<\/li>\n<li>Pager\u0117ja transmisijos sistemos efektyvumas, tod\u0117l padid\u0117ja transporto priemon\u0117s degal\u0173 s\u0105naudos.<\/li>\n<li>Alyvos pagrindu pagamintas preparatas, kuris, kitaip nei tirpikli\u0173 pagrindu pagaminti plovimo produktai, n\u0117ra agresyvus \u012fvairioms med\u017eiagoms ir sandarikli\u0173 tipams.<\/li>\n<\/ul>\n<p style=\"text-align: left;\">Alyvos pagrindu pagamintas preparatas, skirtas pavar\u0173 d\u0117\u017e\u0117s ir transmisijos sistemos \u0161iuk\u0161l\u0117ms ir ter\u0161alams pa\u0161alinti. Tinka mechanin\u0117ms pavar\u0173 d\u0117\u017e\u0117ms, automatin\u0117ms pavar\u0173 d\u0117\u017e\u0117ms (ATF sistemoms), diferencialams, pavar\u0173 d\u0117\u017e\u0117ms ir vairo stiprintuvo sistemoms plauti.<\/p>\n<p style=\"text-align: left;\">Galima naudoti benzininiuose ir dyzeliniuose lengvuosiuose automobiliuose ir lengvosiose komercin\u0117se transporto priemon\u0117se (\u012fskaitant hibridinius automobilius).<\/p>\n<p style=\"text-align: left;\">Pastaba: Netinka dvigubos sankabos pavar\u0173 d\u0117\u017e\u0117s (DCT\/DSG) arba bepakop\u0117s transmisijos (CVT) sistemoms.<\/p>\n<p style=\"text-align: left;\"><a href=\"https:\/\/fastcar.shop\/wp-content\/uploads\/2024\/07\/Driveline-Flushing-Oil-4.pdf\"><strong>PRODUKTO DUOMEN\u0172 LAPAS<\/strong>\u00a0<img loading=\"lazy\" decoding=\"async\" class=\"alignnone size-full wp-image-3251\" src=\"https:\/\/fastcar.shop\/wp-content\/uploads\/2022\/01\/pdf-e1641824783993.png\" alt=\"\" width=\"30\" height=\"23\" \/><\/a><\/p>\n<p style=\"text-align: left;\">","protected":false},"excerpt":{"rendered":"<p style=\"text-align: left;\">Alyvos pagrindo priemon\u0117, skirta pavar\u0173 d\u0117\u017e\u0117s ir transmisijos sistemos \u0161iuk\u0161l\u0117ms ir ter\u0161alams pa\u0161alinti.<\/p>","protected":false},"featured_media":4514,"template":"","meta":[],"product_brand":[],"product_cat":[1791,1792,885],"product_tag":[],"class_list":{"0":"post-4374","1":"product","2":"type-product","3":"status-publish","4":"has-post-thumbnail","6":"product_cat-problem-solvers-utility-lubricants","7":"product_cat-racing","8":"product_cat-oils_lubricants","9":"product_provider-millers-oils","11":"first","12":"instock","13":"taxable","14":"shipping-taxable","15":"purchasable","16":"product-type-simple"},"aioseo_notices":[],"yoast_head":"<!-- This site is optimized with the Yoast SEO plugin v27.5 - https:\/\/yoast.com\/product\/yoast-seo-wordpress\/ -->\n<title>Millers Oils Driveline Flush 500ml<\/title>\n<meta name=\"description\" content=\"An oil based treatment designed to remove debris and contaminants in the gearbox and driveline system.An oil based treatment designed to remove debris...\" \/>\n<meta name=\"robots\" content=\"index, follow, max-snippet:-1, max-image-preview:large, max-video-preview:-1\" \/>\n<link rel=\"canonical\" href=\"https:\/\/fastcar.shop\/lt\/produktas\/millers-oils-driveline-flush-500ml\/\" \/>\n<meta property=\"og:locale\" content=\"lt_LT\" \/>\n<meta property=\"og:type\" content=\"article\" \/>\n<meta property=\"og:title\" content=\"Millers Oils Driveline Flush 500ml\" \/>\n<meta property=\"og:description\" content=\"An oil based treatment designed to remove debris and contaminants in the gearbox and driveline system.An oil based treatment designed to remove debris...\" \/>\n<meta property=\"og:url\" content=\"https:\/\/fastcar.shop\/lt\/produktas\/millers-oils-driveline-flush-500ml\/\" \/>\n<meta property=\"og:site_name\" content=\"Fast Car Shop\" \/>\n<meta property=\"article:publisher\" content=\"https:\/\/www.facebook.com\/FastcarLt?locale=lt_LT\" \/>\n<meta property=\"article:modified_time\" content=\"2025-04-09T13:10:26+00:00\" \/>\n<meta property=\"og:image\" content=\"https:\/\/fastcar.shop\/wp-content\/uploads\/2024\/07\/0001587_driveline-flushing-oil-500ml_550.jpeg\" \/>\n\t<meta property=\"og:image:width\" content=\"550\" \/>\n\t<meta property=\"og:image:height\" content=\"550\" \/>\n\t<meta property=\"og:image:type\" content=\"image\/jpeg\" \/>\n<meta name=\"twitter:card\" content=\"summary_large_image\" \/>\n<meta name=\"twitter:label1\" content=\"Est. reading time\" \/>\n\t<meta name=\"twitter:data1\" content=\"1 minut\u0117\" \/>\n<!-- \/ Yoast SEO plugin. -->","yoast_head_json":{"title":"Millers Oils Driveline Flush 500ml","description":"An oil based treatment designed to remove debris and contaminants in the gearbox and driveline system.An oil based treatment designed to remove debris...","robots":{"index":"index","follow":"follow","max-snippet":"max-snippet:-1","max-image-preview":"max-image-preview:large","max-video-preview":"max-video-preview:-1"},"canonical":"https:\/\/fastcar.shop\/lt\/produktas\/millers-oils-driveline-flush-500ml\/","og_locale":"lt_LT","og_type":"article","og_title":"Millers Oils Driveline Flush 500ml","og_description":"An oil based treatment designed to remove debris and contaminants in the gearbox and driveline system.An oil based treatment designed to remove debris...","og_url":"https:\/\/fastcar.shop\/lt\/produktas\/millers-oils-driveline-flush-500ml\/","og_site_name":"Fast Car Shop","article_publisher":"https:\/\/www.facebook.com\/FastcarLt?locale=lt_LT","article_modified_time":"2025-04-09T13:10:26+00:00","og_image":[{"width":550,"height":550,"url":"https:\/\/fastcar.shop\/wp-content\/uploads\/2024\/07\/0001587_driveline-flushing-oil-500ml_550.jpeg","type":"image\/jpeg"}],"twitter_card":"summary_large_image","twitter_misc":{"Est. reading time":"1 minut\u0117"},"schema":{"@context":"https:\/\/schema.org","@graph":[{"@type":"WebPage","@id":"https:\/\/fastcar.shop\/product\/millers-oils-driveline-flush-500ml\/","url":"https:\/\/fastcar.shop\/product\/millers-oils-driveline-flush-500ml\/","name":"Millers Oils Driveline Flush 500ml","isPartOf":{"@id":"https:\/\/fastcar.shop\/#website"},"primaryImageOfPage":{"@id":"https:\/\/fastcar.shop\/product\/millers-oils-driveline-flush-500ml\/#primaryimage"},"image":{"@id":"https:\/\/fastcar.shop\/product\/millers-oils-driveline-flush-500ml\/#primaryimage"},"thumbnailUrl":"https:\/\/fastcar.shop\/wp-content\/uploads\/2024\/07\/0001587_driveline-flushing-oil-500ml_550.jpeg","datePublished":"2024-07-17T13:25:25+00:00","dateModified":"2025-04-09T13:10:26+00:00","description":"An oil based treatment designed to remove debris and contaminants in the gearbox and driveline system.An oil based treatment designed to remove debris...","breadcrumb":{"@id":"https:\/\/fastcar.shop\/product\/millers-oils-driveline-flush-500ml\/#breadcrumb"},"inLanguage":"lt-LT","potentialAction":[{"@type":"ReadAction","target":["https:\/\/fastcar.shop\/product\/millers-oils-driveline-flush-500ml\/"]}]},{"@type":"ImageObject","inLanguage":"lt-LT","@id":"https:\/\/fastcar.shop\/product\/millers-oils-driveline-flush-500ml\/#primaryimage","url":"https:\/\/fastcar.shop\/wp-content\/uploads\/2024\/07\/0001587_driveline-flushing-oil-500ml_550.jpeg","contentUrl":"https:\/\/fastcar.shop\/wp-content\/uploads\/2024\/07\/0001587_driveline-flushing-oil-500ml_550.jpeg","width":550,"height":550},{"@type":"BreadcrumbList","@id":"https:\/\/fastcar.shop\/product\/millers-oils-driveline-flush-500ml\/#breadcrumb","itemListElement":[{"@type":"ListItem","position":1,"name":"Home","item":"https:\/\/fastcar.shop\/"},{"@type":"ListItem","position":2,"name":"Shop","item":"https:\/\/fastcar.shop\/shop\/"},{"@type":"ListItem","position":3,"name":"MILLERS OILS Driveline Flush 500ml"}]},{"@type":"WebSite","@id":"https:\/\/fastcar.shop\/#website","url":"https:\/\/fastcar.shop\/","name":"Greit\u0173 automobili\u0173 parduotuv\u0117","description":"","publisher":{"@id":"https:\/\/fastcar.shop\/#organization"},"potentialAction":[{"@type":"SearchAction","target":{"@type":"EntryPoint","urlTemplate":"https:\/\/fastcar.shop\/?s={search_term_string}"},"query-input":{"@type":"PropertyValueSpecification","valueRequired":true,"valueName":"search_term_string"}}],"inLanguage":"lt-LT"},{"@type":"Organization","@id":"https:\/\/fastcar.shop\/#organization","name":"Fastcar.shop","url":"https:\/\/fastcar.shop\/","logo":{"@type":"ImageObject","inLanguage":"lt-LT","@id":"https:\/\/fastcar.shop\/#\/schema\/logo\/image\/","url":"https:\/\/fastcar.shop\/wp-content\/uploads\/2017\/08\/FCS_JPEG-01-scaled.jpg","contentUrl":"https:\/\/fastcar.shop\/wp-content\/uploads\/2017\/08\/FCS_JPEG-01-scaled.jpg","width":2560,"height":1379,"caption":"Fastcar.shop"},"image":{"@id":"https:\/\/fastcar.shop\/#\/schema\/logo\/image\/"},"sameAs":["https:\/\/www.facebook.com\/FastcarLt?locale=lt_LT","https:\/\/www.instagram.com\/fastcar.shop\/"]}]}},"jetpack_sharing_enabled":true,"_links":{"self":[{"href":"https:\/\/fastcar.shop\/lt\/wp-json\/wp\/v2\/product\/4374","targetHints":{"allow":["GET"]}}],"collection":[{"href":"https:\/\/fastcar.shop\/lt\/wp-json\/wp\/v2\/product"}],"about":[{"href":"https:\/\/fastcar.shop\/lt\/wp-json\/wp\/v2\/types\/product"}],"wp:featuredmedia":[{"embeddable":true,"href":"https:\/\/fastcar.shop\/lt\/wp-json\/wp\/v2\/media\/4514"}],"wp:attachment":[{"href":"https:\/\/fastcar.shop\/lt\/wp-json\/wp\/v2\/media?parent=4374"}],"wp:term":[{"taxonomy":"product_brand","embeddable":true,"href":"https:\/\/fastcar.shop\/lt\/wp-json\/wp\/v2\/product_brand?post=4374"},{"taxonomy":"product_cat","embeddable":true,"href":"https:\/\/fastcar.shop\/lt\/wp-json\/wp\/v2\/product_cat?post=4374"},{"taxonomy":"product_tag","embeddable":true,"href":"https:\/\/fastcar.shop\/lt\/wp-json\/wp\/v2\/product_tag?post=4374"}],"curies":[{"name":"wp","href":"https:\/\/api.w.org\/{rel}","templated":true}]}}