{"id":4298,"date":"2024-04-15T08:59:00","date_gmt":"2024-04-15T08:59:00","guid":{"rendered":"https:\/\/fastcar.shop\/?post_type=product&#038;p=4298"},"modified":"2026-04-10T11:24:34","modified_gmt":"2026-04-10T08:24:34","slug":"methanol-99-5l","status":"publish","type":"product","link":"https:\/\/fastcar.shop\/lt\/product\/methanol-99-5l\/","title":{"rendered":"Metanolis 99% 5 litrai"},"content":{"rendered":"<p><span class=\"HwtZe\" lang=\"en\"><span class=\"jCAhz ChMk0b\"><span class=\"ryNqvb\">Automobiliuose metanolis naudojamas kaip \u0161al\u010diam atsparus skys\u010di\u0173 \u0161alinimo priemon\u0117 ir antifrizas, naudojamas vamzd\u017eiuose bei vejos laikikli\u0173 skys\u010diuose.<\/span><\/span> <span class=\"jCAhz ChMk0b\"><span class=\"ryNqvb\">Sportiniuose automobiliuose metanolis naudojamas kaip oras v\u0117sinantis veiksnys.<\/span><\/span> <span class=\"jCAhz ChMk0b\"><span class=\"ryNqvb\">Didel\u0117s variklio apkrovos metu i\u0161siskiria didel\u0117 \u0161iluma, ir \u012fprastinis antifrizas gali neatsilaikyti perduoti \u0161ilum\u0105 \u0161aldytuvui laiku, d\u0117l ko gali \u012fvykti variklio bloko deformacija, lydymas ar kitos gedimai.<\/span><\/span> <span class=\"jCAhz ChMk0b\"><span class=\"ryNqvb\">Norint suma\u017einti degimo kameros temperat\u016br\u0105, \u012f orlaivio tiekimo sistem\u0105 \u012fpur\u0161kiamas metanolio ir vandens mi\u0161inys (50\/50), taip atv\u0117sinant \u012feinant\u012f or\u0105, o vandens garas gali absorbuoti didel\u0119 \u0161ilumos dal\u012f.<\/span><\/span> <span class=\"jCAhz ChMk0b\"><span class=\"ryNqvb\">Taip reguliuojama variklio temperat\u016bra net ir esant ypatingai didel\u0117ms variklio apkrovoms.<\/span><\/span><\/span><\/p>","protected":false},"excerpt":{"rendered":"<p>Metanolis 99%<\/p>\n<p>CH<sub>3<\/sub>OH<\/p>\n<p>&nbsp;<\/p>","protected":false},"featured_media":4299,"template":"","meta":[],"product_brand":[],"product_cat":[16],"product_tag":[],"class_list":{"0":"post-4298","1":"product","2":"type-product","3":"status-publish","4":"has-post-thumbnail","6":"product_cat-race-fuel","8":"first","9":"instock","10":"taxable","11":"shipping-taxable","12":"purchasable","13":"product-type-simple"},"aioseo_notices":[],"yoast_head":"<!-- This site is optimized with the Yoast SEO plugin v27.3 - https:\/\/yoast.com\/product\/yoast-seo-wordpress\/ -->\n<title>Methanol 99% 5L<\/title>\n<meta name=\"description\" content=\"In cars, methanol is used as a de-icer and as an antifreeze in pipelines and windshield washer fluids. In motor sports, methanol is used as an air cooler.\" \/>\n<meta name=\"robots\" content=\"index, follow, max-snippet:-1, max-image-preview:large, max-video-preview:-1\" \/>\n<link rel=\"canonical\" href=\"https:\/\/fastcar.shop\/lt\/produktas\/methanol-99-5l\/\" \/>\n<meta property=\"og:locale\" content=\"lt_LT\" \/>\n<meta property=\"og:type\" content=\"article\" \/>\n<meta property=\"og:title\" content=\"Methanol 99% 5L\" \/>\n<meta property=\"og:description\" content=\"In cars, methanol is used as a de-icer and as an antifreeze in pipelines and windshield washer fluids. In motor sports, methanol is used as an air cooler.\" \/>\n<meta property=\"og:url\" content=\"https:\/\/fastcar.shop\/lt\/produktas\/methanol-99-5l\/\" \/>\n<meta property=\"og:site_name\" content=\"Fast Car Shop\" \/>\n<meta property=\"article:publisher\" content=\"https:\/\/www.facebook.com\/FastcarLt?locale=lt_LT\" \/>\n<meta property=\"article:modified_time\" content=\"2026-04-10T08:24:34+00:00\" \/>\n<meta property=\"og:image\" content=\"https:\/\/fastcar.shop\/wp-content\/uploads\/2024\/04\/5-l-methanol.jpg\" \/>\n\t<meta property=\"og:image:width\" content=\"1000\" \/>\n\t<meta property=\"og:image:height\" content=\"1000\" \/>\n\t<meta property=\"og:image:type\" content=\"image\/jpeg\" \/>\n<meta name=\"twitter:card\" content=\"summary_large_image\" \/>\n<meta name=\"twitter:label1\" content=\"Est. reading time\" \/>\n\t<meta name=\"twitter:data1\" content=\"1 minut\u0117\" \/>\n<!-- \/ Yoast SEO plugin. -->","yoast_head_json":{"title":"Metanolis 99% 5 litrai","description":"In cars, methanol is used as a de-icer and as an antifreeze in pipelines and windshield washer fluids. In motor sports, methanol is used as an air cooler.","robots":{"index":"index","follow":"follow","max-snippet":"max-snippet:-1","max-image-preview":"max-image-preview:large","max-video-preview":"max-video-preview:-1"},"canonical":"https:\/\/fastcar.shop\/lt\/produktas\/methanol-99-5l\/","og_locale":"lt_LT","og_type":"article","og_title":"Methanol 99% 5L","og_description":"In cars, methanol is used as a de-icer and as an antifreeze in pipelines and windshield washer fluids. In motor sports, methanol is used as an air cooler.","og_url":"https:\/\/fastcar.shop\/lt\/produktas\/methanol-99-5l\/","og_site_name":"Fast Car Shop","article_publisher":"https:\/\/www.facebook.com\/FastcarLt?locale=lt_LT","article_modified_time":"2026-04-10T08:24:34+00:00","og_image":[{"width":1000,"height":1000,"url":"https:\/\/fastcar.shop\/wp-content\/uploads\/2024\/04\/5-l-methanol.jpg","type":"image\/jpeg"}],"twitter_card":"summary_large_image","twitter_misc":{"Est. reading time":"1 minut\u0117"},"schema":{"@context":"https:\/\/schema.org","@graph":[{"@type":"WebPage","@id":"https:\/\/fastcar.shop\/product\/methanol-99-5l\/","url":"https:\/\/fastcar.shop\/product\/methanol-99-5l\/","name":"Metanolis 99% 5 litrai","isPartOf":{"@id":"https:\/\/fastcar.shop\/#website"},"primaryImageOfPage":{"@id":"https:\/\/fastcar.shop\/product\/methanol-99-5l\/#primaryimage"},"image":{"@id":"https:\/\/fastcar.shop\/product\/methanol-99-5l\/#primaryimage"},"thumbnailUrl":"https:\/\/fastcar.shop\/wp-content\/uploads\/2024\/04\/5-l-methanol.jpg","datePublished":"2024-04-15T08:59:00+00:00","dateModified":"2026-04-10T08:24:34+00:00","description":"In cars, methanol is used as a de-icer and as an antifreeze in pipelines and windshield washer fluids. In motor sports, methanol is used as an air cooler.","breadcrumb":{"@id":"https:\/\/fastcar.shop\/product\/methanol-99-5l\/#breadcrumb"},"inLanguage":"lt-LT","potentialAction":[{"@type":"ReadAction","target":["https:\/\/fastcar.shop\/product\/methanol-99-5l\/"]}]},{"@type":"ImageObject","inLanguage":"lt-LT","@id":"https:\/\/fastcar.shop\/product\/methanol-99-5l\/#primaryimage","url":"https:\/\/fastcar.shop\/wp-content\/uploads\/2024\/04\/5-l-methanol.jpg","contentUrl":"https:\/\/fastcar.shop\/wp-content\/uploads\/2024\/04\/5-l-methanol.jpg","width":1000,"height":1000},{"@type":"BreadcrumbList","@id":"https:\/\/fastcar.shop\/product\/methanol-99-5l\/#breadcrumb","itemListElement":[{"@type":"ListItem","position":1,"name":"Home","item":"https:\/\/fastcar.shop\/"},{"@type":"ListItem","position":2,"name":"Shop","item":"https:\/\/fastcar.shop\/shop\/"},{"@type":"ListItem","position":3,"name":"Methanol 99% 5L"}]},{"@type":"WebSite","@id":"https:\/\/fastcar.shop\/#website","url":"https:\/\/fastcar.shop\/","name":"Greit\u0173 automobili\u0173 parduotuv\u0117","description":"","publisher":{"@id":"https:\/\/fastcar.shop\/#organization"},"potentialAction":[{"@type":"SearchAction","target":{"@type":"EntryPoint","urlTemplate":"https:\/\/fastcar.shop\/?s={search_term_string}"},"query-input":{"@type":"PropertyValueSpecification","valueRequired":true,"valueName":"search_term_string"}}],"inLanguage":"lt-LT"},{"@type":"Organization","@id":"https:\/\/fastcar.shop\/#organization","name":"Fastcar.shop","url":"https:\/\/fastcar.shop\/","logo":{"@type":"ImageObject","inLanguage":"lt-LT","@id":"https:\/\/fastcar.shop\/#\/schema\/logo\/image\/","url":"https:\/\/fastcar.shop\/wp-content\/uploads\/2017\/08\/FCS_JPEG-01-scaled.jpg","contentUrl":"https:\/\/fastcar.shop\/wp-content\/uploads\/2017\/08\/FCS_JPEG-01-scaled.jpg","width":2560,"height":1379,"caption":"Fastcar.shop"},"image":{"@id":"https:\/\/fastcar.shop\/#\/schema\/logo\/image\/"},"sameAs":["https:\/\/www.facebook.com\/FastcarLt?locale=lt_LT","https:\/\/www.instagram.com\/fastcar.shop\/"]}]}},"jetpack_sharing_enabled":true,"_links":{"self":[{"href":"https:\/\/fastcar.shop\/lt\/wp-json\/wp\/v2\/product\/4298","targetHints":{"allow":["GET"]}}],"collection":[{"href":"https:\/\/fastcar.shop\/lt\/wp-json\/wp\/v2\/product"}],"about":[{"href":"https:\/\/fastcar.shop\/lt\/wp-json\/wp\/v2\/types\/product"}],"wp:featuredmedia":[{"embeddable":true,"href":"https:\/\/fastcar.shop\/lt\/wp-json\/wp\/v2\/media\/4299"}],"wp:attachment":[{"href":"https:\/\/fastcar.shop\/lt\/wp-json\/wp\/v2\/media?parent=4298"}],"wp:term":[{"taxonomy":"product_brand","embeddable":true,"href":"https:\/\/fastcar.shop\/lt\/wp-json\/wp\/v2\/product_brand?post=4298"},{"taxonomy":"product_cat","embeddable":true,"href":"https:\/\/fastcar.shop\/lt\/wp-json\/wp\/v2\/product_cat?post=4298"},{"taxonomy":"product_tag","embeddable":true,"href":"https:\/\/fastcar.shop\/lt\/wp-json\/wp\/v2\/product_tag?post=4298"}],"curies":[{"name":"wp","href":"https:\/\/api.w.org\/{rel}","templated":true}]}}