{"id":4261,"date":"2023-12-13T10:03:03","date_gmt":"2023-12-13T10:03:03","guid":{"rendered":"https:\/\/fastcar.shop\/?post_type=product&#038;p=4261"},"modified":"2026-02-11T13:24:12","modified_gmt":"2026-02-11T11:24:12","slug":"lucas-fuel-injector-cleaning-treatment-5-25fl-oz-155ml","status":"publish","type":"product","link":"https:\/\/fastcar.shop\/lt\/product\/lucas-fuel-injector-cleaning-treatment-5-25fl-oz-155ml\/","title":{"rendered":"LUCAS Kuro ir Purk\u0161tuk\u0173 Valymo Priemon\u0117 155ml"},"content":{"rendered":"<p style=\"text-align: left;\">Galingas aliej\u0173 ir pried\u0173 mi\u0161inys, kuriame n\u0117ra tirpikli\u0173. Sukurtas siekiant padidinti gali\u0105 ir kuro s\u0105naud\u0173 efektyvum\u0105 bei suma\u017einti i\u0161metam\u0173j\u0173 ter\u0161al\u0173 kiek\u012f d\u0117l geresnio degimo.<\/p>\n<p style=\"text-align: left;\">Lucas kuro priedas tinka tiek benzininiams, tiek dyzeliniams varikliams, karbiuratoriniams arba su \u012fpur\u0161kimo sistema. Jis suteikia j\u016bs\u0173 kuro sistemai tai, ko jai i\u0161 tikr\u0173j\u0173 reikia \u2013 itin slid\u017ei\u0173 aliej\u0173 ir pried\u0173 mi\u0161in\u012f su stipriu valymo veiksmu, leid\u017eian\u010diu varikliui veikti maksimaliu efektyvumu. Be to, jis valo ir sutepa karbiuratori\u0173 bei purk\u0161tukus ir u\u017etikrina pilnesn\u012f kuro degim\u0105, taip padidindamas gali\u0105 ir suma\u017eindamas kuro s\u0105naudas. Lucas kuro priedas tur\u0117t\u0173 b\u016bti naudojamas transporto priemon\u0117se, kurioms reikalingas \u0161vininis kuras, nes jis i\u0161 tikr\u0173j\u0173 pakei\u010dia \u0161vino naud\u0105 benzine, nesukeldamas kenksming\u0173 i\u0161metim\u0173. Naudokite j\u012f nor\u0117dami praeiti tar\u0161os testus. Galiausiai jis visi\u0161kai neutralizuoja \u017eemo sieros kiekio dyzelinio kuro kenksming\u0105 poveik\u012f.<\/p>\n<p style=\"text-align: left;\">Lucas kuro priedas atitinka federalinius \u017eemo sieros kiekio reikalavimus, taikomus dyzeliniams automobiliams ir ne kelio, lokomotyv\u0173 bei j\u016briniams dyzeliniams \u012frenginiams.<\/p>\n<p style=\"text-align: left;\"><strong>Pagrindiniai privalumai<\/strong><\/p>\n<ul style=\"text-align: left;\">\n<li>Puikus variklio priedas butelyje<\/li>\n<li>Valo ir sutepa kuro sistem\u0105<\/li>\n<li>Neutralizuoja \u017eemo sieros kiekio kuro problemas<\/li>\n<li>Padidina gali\u0105 ir suma\u017eina kuro s\u0105naudas, sudegindamas perteklinius i\u0161metimus<\/li>\n<li>Padidina siurbli\u0173 ir purk\u0161tuk\u0173 tarnavimo laik\u0105<\/li>\n<\/ul>\n<p style=\"text-align: left;\"><strong>Kryptys<\/strong><\/p>\n<ul>\n<li style=\"text-align: left;\">Supilkite Lucas kuro pried\u0105 tiesiai \u012f kuro bak\u0105<\/li>\n<li style=\"text-align: left;\">Rekomenduojama doz\u0117 yra 60-90 ml kuro priedo 72 litrams kuro<\/li>\n<li style=\"text-align: left;\">Vir\u0161ijus rekomenduojam\u0105 doz\u0119 j\u016bs\u0173 transporto priemonei nebus pakenkta<\/li>\n<\/ul>\n<p style=\"text-align: left;\"><a href=\"https:\/\/fastcar.shop\/wp-content\/uploads\/2023\/12\/LUCAS-TDS_Fuel-Treatment.pdf\">Specifikacijos <img loading=\"lazy\" decoding=\"async\" class=\"alignnone size-full wp-image-3251\" src=\"https:\/\/fastcar.shop\/wp-content\/uploads\/2022\/01\/pdf-e1641824783993.png\" alt=\"\" width=\"30\" height=\"23\" \/><\/a><\/p>","protected":false},"excerpt":{"rendered":"<p>Lucas kuro priedas sukurtas didinti gali\u0105 ir kuro s\u0105naud\u0173 efektyvum\u0105, taip pat suma\u017einti i\u0161metam\u0173j\u0173 ter\u0161al\u0173 kiek\u012f d\u0117l geresnio degimo.<\/p>","protected":false},"featured_media":4262,"template":"","meta":[],"product_brand":[],"product_cat":[1788,885],"product_tag":[],"class_list":{"0":"post-4261","1":"product","2":"type-product","3":"status-publish","4":"has-post-thumbnail","6":"product_cat-fuel-treatments","7":"product_cat-oils_lubricants","8":"product_provider-lucas-oil","10":"first","11":"instock","12":"taxable","13":"shipping-taxable","14":"purchasable","15":"product-type-simple"},"aioseo_notices":[],"yoast_head":"<!-- This site is optimized with the Yoast SEO plugin v27.4 - https:\/\/yoast.com\/product\/yoast-seo-wordpress\/ -->\n<title>LUCAS Fuel &amp; Injector Cleaning Treatment 5.25fl oz 155ml<\/title>\n<meta name=\"description\" content=\"A powerful blend of oils and additives that contain no SOLVENTS. Designed to increase power and fuel mileage and also lower exhaust emissions through a more complete combustion.\" \/>\n<meta name=\"robots\" content=\"index, follow, max-snippet:-1, max-image-preview:large, max-video-preview:-1\" \/>\n<link rel=\"canonical\" href=\"https:\/\/fastcar.shop\/lt\/produktas\/lucas-fuel-injector-cleaning-treatment-5-25fl-oz-155ml\/\" \/>\n<meta property=\"og:locale\" content=\"lt_LT\" \/>\n<meta property=\"og:type\" content=\"article\" \/>\n<meta property=\"og:title\" content=\"LUCAS Fuel &amp; Injector Cleaning Treatment 5.25fl oz 155ml\" \/>\n<meta property=\"og:description\" content=\"A powerful blend of oils and additives that contain no SOLVENTS. Designed to increase power and fuel mileage and also lower exhaust emissions through a more complete combustion.\" \/>\n<meta property=\"og:url\" content=\"https:\/\/fastcar.shop\/lt\/produktas\/lucas-fuel-injector-cleaning-treatment-5-25fl-oz-155ml\/\" \/>\n<meta property=\"og:site_name\" content=\"Fast Car Shop\" \/>\n<meta property=\"article:publisher\" content=\"https:\/\/www.facebook.com\/FastcarLt?locale=lt_LT\" \/>\n<meta property=\"article:modified_time\" content=\"2026-02-11T11:24:12+00:00\" \/>\n<meta property=\"og:image\" content=\"https:\/\/fastcar.shop\/wp-content\/uploads\/2023\/12\/Lucas-Fuel-Treatment.jpg\" \/>\n\t<meta property=\"og:image:width\" content=\"950\" \/>\n\t<meta property=\"og:image:height\" content=\"950\" \/>\n\t<meta property=\"og:image:type\" content=\"image\/jpeg\" \/>\n<meta name=\"twitter:card\" content=\"summary_large_image\" \/>\n<meta name=\"twitter:label1\" content=\"Est. reading time\" \/>\n\t<meta name=\"twitter:data1\" content=\"2 minut\u0117s\" \/>\n<!-- \/ Yoast SEO plugin. -->","yoast_head_json":{"title":"LUCAS Fuel & Injector Cleaning Treatment 5.25fl oz 155ml","description":"Galingas aliej\u0173 ir pried\u0173 mi\u0161inys, kuriame n\u0117ra tirpikli\u0173. Sukurtas siekiant padidinti gali\u0105 ir kuro s\u0105naud\u0173 efektyvum\u0105 bei suma\u017einti i\u0161metam\u0173j\u0173 ter\u0161al\u0173 kiek\u012f d\u0117l geresnio degimo.","robots":{"index":"index","follow":"follow","max-snippet":"max-snippet:-1","max-image-preview":"max-image-preview:large","max-video-preview":"max-video-preview:-1"},"canonical":"https:\/\/fastcar.shop\/lt\/produktas\/lucas-fuel-injector-cleaning-treatment-5-25fl-oz-155ml\/","og_locale":"lt_LT","og_type":"article","og_title":"LUCAS Fuel & Injector Cleaning Treatment 5.25fl oz 155ml","og_description":"A powerful blend of oils and additives that contain no SOLVENTS. Designed to increase power and fuel mileage and also lower exhaust emissions through a more complete combustion.","og_url":"https:\/\/fastcar.shop\/lt\/produktas\/lucas-fuel-injector-cleaning-treatment-5-25fl-oz-155ml\/","og_site_name":"Fast Car Shop","article_publisher":"https:\/\/www.facebook.com\/FastcarLt?locale=lt_LT","article_modified_time":"2026-02-11T11:24:12+00:00","og_image":[{"width":950,"height":950,"url":"https:\/\/fastcar.shop\/wp-content\/uploads\/2023\/12\/Lucas-Fuel-Treatment.jpg","type":"image\/jpeg"}],"twitter_card":"summary_large_image","twitter_misc":{"Est. reading time":"2 minut\u0117s"},"schema":{"@context":"https:\/\/schema.org","@graph":[{"@type":"WebPage","@id":"https:\/\/fastcar.shop\/product\/lucas-fuel-injector-cleaning-treatment-5-25fl-oz-155ml\/","url":"https:\/\/fastcar.shop\/product\/lucas-fuel-injector-cleaning-treatment-5-25fl-oz-155ml\/","name":"LUCAS Fuel & Injector Cleaning Treatment 5.25fl oz 155ml","isPartOf":{"@id":"https:\/\/fastcar.shop\/#website"},"primaryImageOfPage":{"@id":"https:\/\/fastcar.shop\/product\/lucas-fuel-injector-cleaning-treatment-5-25fl-oz-155ml\/#primaryimage"},"image":{"@id":"https:\/\/fastcar.shop\/product\/lucas-fuel-injector-cleaning-treatment-5-25fl-oz-155ml\/#primaryimage"},"thumbnailUrl":"https:\/\/fastcar.shop\/wp-content\/uploads\/2023\/12\/Lucas-Fuel-Treatment.jpg","datePublished":"2023-12-13T10:03:03+00:00","dateModified":"2026-02-11T11:24:12+00:00","description":"Galingas aliej\u0173 ir pried\u0173 mi\u0161inys, kuriame n\u0117ra tirpikli\u0173. Sukurtas siekiant padidinti gali\u0105 ir kuro s\u0105naud\u0173 efektyvum\u0105 bei suma\u017einti i\u0161metam\u0173j\u0173 ter\u0161al\u0173 kiek\u012f d\u0117l geresnio degimo.","breadcrumb":{"@id":"https:\/\/fastcar.shop\/product\/lucas-fuel-injector-cleaning-treatment-5-25fl-oz-155ml\/#breadcrumb"},"inLanguage":"lt-LT","potentialAction":[{"@type":"ReadAction","target":["https:\/\/fastcar.shop\/product\/lucas-fuel-injector-cleaning-treatment-5-25fl-oz-155ml\/"]}]},{"@type":"ImageObject","inLanguage":"lt-LT","@id":"https:\/\/fastcar.shop\/product\/lucas-fuel-injector-cleaning-treatment-5-25fl-oz-155ml\/#primaryimage","url":"https:\/\/fastcar.shop\/wp-content\/uploads\/2023\/12\/Lucas-Fuel-Treatment.jpg","contentUrl":"https:\/\/fastcar.shop\/wp-content\/uploads\/2023\/12\/Lucas-Fuel-Treatment.jpg","width":950,"height":950},{"@type":"BreadcrumbList","@id":"https:\/\/fastcar.shop\/product\/lucas-fuel-injector-cleaning-treatment-5-25fl-oz-155ml\/#breadcrumb","itemListElement":[{"@type":"ListItem","position":1,"name":"Home","item":"https:\/\/fastcar.shop\/"},{"@type":"ListItem","position":2,"name":"Shop","item":"https:\/\/fastcar.shop\/shop\/"},{"@type":"ListItem","position":3,"name":"LUCAS Fuel &#038; Injector Cleaning Treatment 5.25fl oz 155ml"}]},{"@type":"WebSite","@id":"https:\/\/fastcar.shop\/#website","url":"https:\/\/fastcar.shop\/","name":"Greit\u0173 automobili\u0173 parduotuv\u0117","description":"","publisher":{"@id":"https:\/\/fastcar.shop\/#organization"},"potentialAction":[{"@type":"SearchAction","target":{"@type":"EntryPoint","urlTemplate":"https:\/\/fastcar.shop\/?s={search_term_string}"},"query-input":{"@type":"PropertyValueSpecification","valueRequired":true,"valueName":"search_term_string"}}],"inLanguage":"lt-LT"},{"@type":"Organization","@id":"https:\/\/fastcar.shop\/#organization","name":"Fastcar.shop","url":"https:\/\/fastcar.shop\/","logo":{"@type":"ImageObject","inLanguage":"lt-LT","@id":"https:\/\/fastcar.shop\/#\/schema\/logo\/image\/","url":"https:\/\/fastcar.shop\/wp-content\/uploads\/2017\/08\/FCS_JPEG-01-scaled.jpg","contentUrl":"https:\/\/fastcar.shop\/wp-content\/uploads\/2017\/08\/FCS_JPEG-01-scaled.jpg","width":2560,"height":1379,"caption":"Fastcar.shop"},"image":{"@id":"https:\/\/fastcar.shop\/#\/schema\/logo\/image\/"},"sameAs":["https:\/\/www.facebook.com\/FastcarLt?locale=lt_LT","https:\/\/www.instagram.com\/fastcar.shop\/"]}]}},"jetpack_sharing_enabled":true,"_links":{"self":[{"href":"https:\/\/fastcar.shop\/lt\/wp-json\/wp\/v2\/product\/4261","targetHints":{"allow":["GET"]}}],"collection":[{"href":"https:\/\/fastcar.shop\/lt\/wp-json\/wp\/v2\/product"}],"about":[{"href":"https:\/\/fastcar.shop\/lt\/wp-json\/wp\/v2\/types\/product"}],"wp:featuredmedia":[{"embeddable":true,"href":"https:\/\/fastcar.shop\/lt\/wp-json\/wp\/v2\/media\/4262"}],"wp:attachment":[{"href":"https:\/\/fastcar.shop\/lt\/wp-json\/wp\/v2\/media?parent=4261"}],"wp:term":[{"taxonomy":"product_brand","embeddable":true,"href":"https:\/\/fastcar.shop\/lt\/wp-json\/wp\/v2\/product_brand?post=4261"},{"taxonomy":"product_cat","embeddable":true,"href":"https:\/\/fastcar.shop\/lt\/wp-json\/wp\/v2\/product_cat?post=4261"},{"taxonomy":"product_tag","embeddable":true,"href":"https:\/\/fastcar.shop\/lt\/wp-json\/wp\/v2\/product_tag?post=4261"}],"curies":[{"name":"wp","href":"https:\/\/api.w.org\/{rel}","templated":true}]}}