{"id":4255,"date":"2023-12-11T13:50:19","date_gmt":"2023-12-11T13:50:19","guid":{"rendered":"https:\/\/fastcar.shop\/?post_type=product&#038;p=4255"},"modified":"2025-06-23T21:21:22","modified_gmt":"2025-06-23T18:21:22","slug":"race-gas-regular-diesel-racing-fuel-concentrate-946ml","status":"publish","type":"product","link":"https:\/\/fastcar.shop\/lt\/product\/race-gas-regular-diesel-racing-fuel-concentrate-946ml\/","title":{"rendered":"RACE GAS DIESEL lenktyni\u0173 kuro koncentratas 946ml"},"content":{"rendered":"<p style=\"text-align: left;\">Race Gas Diesel Performance Plus yra vienintelis degal\u0173 priedas rinkoje, sukurtas specialiai dyzelinui ir biodyzelinui. \u0160is koncentratas padidina cetano lyg\u012f visais 14 skai\u010di\u0173, padidindamas droselio atsak\u0105 ir deguonies kiek\u012f, kad deginimas b\u016bt\u0173 efektyvesnis, taip pat sutepa degal\u0173 sistemos komponentus ir cilindr\u0173 sieneles. \u201eRace Gas\u201c taip pat prideda ploviklio paket\u0105, kuris palaiko \u0161varius purk\u0161tukus ir vo\u017etuvus. Prad\u0117kite nuo vienos skardin\u0117s. Pasigaminkite daug energijos ir didelio oktaninio skai\u010diaus dyzelin\u012f kur\u0105, kada ir kur to reikia. Pakelia cetano skai\u010di\u0173 14 skaitmen\u0173 i\u0161 dyzelinio siurblio kuro.<\/p>\n<p style=\"text-align: left;\"><strong>Tikras lenktyninis kuras<\/strong><\/p>\n<p style=\"text-align: left;\">Sumai\u0161ius tinkamu santykiu, RACE GAS gali paimti \u012fprast\u0105 kur\u0105 ir paversti j\u012f dideliu cetano skai\u010diumi, daug energijos turin\u010diu, trasos klas\u0117s lenktyniniu kuru. RACE GAS pad\u0117s jums niekada nepritr\u016bkti lenktyni\u0173 degal\u0173.<\/p>\n<p style=\"text-align: left;\"><strong>Sukurtas lenktyninink\u0173<\/strong><\/p>\n<p style=\"text-align: left;\">RACE GAS nebuvo sukurtas ka\u017ekokios did\u017eiul\u0117s super kompanijos. J\u012f suk\u016br\u0117 rat\u0173 meistrai ir savaitgalio lenktynininkai, b\u016btent tokie kaip j\u016bs. Tikras galingumas \u017eino auk\u0161tos kokyb\u0117s lenktyni\u0173 kuro svarb\u0105.<\/p>\n<p style=\"text-align: left;\"><strong>I\u0161bandytas na\u0161umas<\/strong><\/p>\n<p style=\"text-align: left;\">Skirtingai nei kai kurie kiti priedai, RACE GAS buvo grie\u017etai i\u0161bandytas nepriklausomuose laboratorijose, \u017eymiuose varikli\u0173 k\u016br\u0117j\u0173 ir na\u0161umo derintoj\u0173.<\/p>","protected":false},"excerpt":{"rendered":"<p>\"RACE GAS DIESEL\" lenktyni\u0173 kuro koncentratas: Naudokite su \u012fprastai pilamais degalais , kad gautum\u0117te lenktyni\u0173 degal\u0173.<\/p>","protected":false},"featured_media":4256,"template":"","meta":[],"product_brand":[],"product_cat":[1788,1792,16],"product_tag":[],"class_list":{"0":"post-4255","1":"product","2":"type-product","3":"status-publish","4":"has-post-thumbnail","6":"product_cat-fuel-treatments","7":"product_cat-racing","8":"product_cat-race-fuel","9":"product_provider-race-gas","11":"first","12":"instock","13":"taxable","14":"shipping-taxable","15":"purchasable","16":"product-type-simple"},"aioseo_notices":[],"yoast_head":"<!-- This site is optimized with the Yoast SEO plugin v27.3 - https:\/\/yoast.com\/product\/yoast-seo-wordpress\/ -->\n<title>RACE GAS Regular Diesel Racing Fuel Concentrate 946ml<\/title>\n<meta name=\"description\" content=\"Race Gas Diesel Performance Plus is the only fuel additive on the market designed specifically for diesel and bio-diesel performance.\" \/>\n<meta name=\"robots\" content=\"index, follow, max-snippet:-1, max-image-preview:large, max-video-preview:-1\" \/>\n<link rel=\"canonical\" href=\"https:\/\/fastcar.shop\/lt\/produktas\/race-gas-regular-diesel-racing-fuel-concentrate-946ml\/\" \/>\n<meta property=\"og:locale\" content=\"lt_LT\" \/>\n<meta property=\"og:type\" content=\"article\" \/>\n<meta property=\"og:title\" content=\"RACE GAS Regular Diesel Racing Fuel Concentrate 946ml\" \/>\n<meta property=\"og:description\" content=\"Race Gas Diesel Performance Plus is the only fuel additive on the market designed specifically for diesel and bio-diesel performance.\" \/>\n<meta property=\"og:url\" content=\"https:\/\/fastcar.shop\/lt\/produktas\/race-gas-regular-diesel-racing-fuel-concentrate-946ml\/\" \/>\n<meta property=\"og:site_name\" content=\"Fast Car Shop\" \/>\n<meta property=\"article:publisher\" content=\"https:\/\/www.facebook.com\/FastcarLt?locale=lt_LT\" \/>\n<meta property=\"article:modified_time\" content=\"2025-06-23T18:21:22+00:00\" \/>\n<meta property=\"og:image\" content=\"https:\/\/fastcar.shop\/wp-content\/uploads\/2023\/12\/RACEGASDIESEL.jpg\" \/>\n\t<meta property=\"og:image:width\" content=\"800\" \/>\n\t<meta property=\"og:image:height\" content=\"800\" \/>\n\t<meta property=\"og:image:type\" content=\"image\/jpeg\" \/>\n<meta name=\"twitter:card\" content=\"summary_large_image\" \/>\n<meta name=\"twitter:label1\" content=\"Est. reading time\" \/>\n\t<meta name=\"twitter:data1\" content=\"2 minut\u0117s\" \/>\n<!-- \/ Yoast SEO plugin. -->","yoast_head_json":{"title":"RACE GAS DIESEL lenktyni\u0173 kuro koncentratas 946ml","description":"Race Gas Diesel Performance Plus is the only fuel additive on the market designed specifically for diesel and bio-diesel performance.","robots":{"index":"index","follow":"follow","max-snippet":"max-snippet:-1","max-image-preview":"max-image-preview:large","max-video-preview":"max-video-preview:-1"},"canonical":"https:\/\/fastcar.shop\/lt\/produktas\/race-gas-regular-diesel-racing-fuel-concentrate-946ml\/","og_locale":"lt_LT","og_type":"article","og_title":"RACE GAS Regular Diesel Racing Fuel Concentrate 946ml","og_description":"Race Gas Diesel Performance Plus is the only fuel additive on the market designed specifically for diesel and bio-diesel performance.","og_url":"https:\/\/fastcar.shop\/lt\/produktas\/race-gas-regular-diesel-racing-fuel-concentrate-946ml\/","og_site_name":"Fast Car Shop","article_publisher":"https:\/\/www.facebook.com\/FastcarLt?locale=lt_LT","article_modified_time":"2025-06-23T18:21:22+00:00","og_image":[{"width":800,"height":800,"url":"https:\/\/fastcar.shop\/wp-content\/uploads\/2023\/12\/RACEGASDIESEL.jpg","type":"image\/jpeg"}],"twitter_card":"summary_large_image","twitter_misc":{"Est. reading time":"2 minut\u0117s"},"schema":{"@context":"https:\/\/schema.org","@graph":[{"@type":"WebPage","@id":"https:\/\/fastcar.shop\/product\/race-gas-regular-diesel-racing-fuel-concentrate-946ml\/","url":"https:\/\/fastcar.shop\/product\/race-gas-regular-diesel-racing-fuel-concentrate-946ml\/","name":"RACE GAS DIESEL lenktyni\u0173 kuro koncentratas 946ml","isPartOf":{"@id":"https:\/\/fastcar.shop\/#website"},"primaryImageOfPage":{"@id":"https:\/\/fastcar.shop\/product\/race-gas-regular-diesel-racing-fuel-concentrate-946ml\/#primaryimage"},"image":{"@id":"https:\/\/fastcar.shop\/product\/race-gas-regular-diesel-racing-fuel-concentrate-946ml\/#primaryimage"},"thumbnailUrl":"https:\/\/fastcar.shop\/wp-content\/uploads\/2023\/12\/RACEGASDIESEL.jpg","datePublished":"2023-12-11T13:50:19+00:00","dateModified":"2025-06-23T18:21:22+00:00","description":"Race Gas Diesel Performance Plus is the only fuel additive on the market designed specifically for diesel and bio-diesel performance.","breadcrumb":{"@id":"https:\/\/fastcar.shop\/product\/race-gas-regular-diesel-racing-fuel-concentrate-946ml\/#breadcrumb"},"inLanguage":"lt-LT","potentialAction":[{"@type":"ReadAction","target":["https:\/\/fastcar.shop\/product\/race-gas-regular-diesel-racing-fuel-concentrate-946ml\/"]}]},{"@type":"ImageObject","inLanguage":"lt-LT","@id":"https:\/\/fastcar.shop\/product\/race-gas-regular-diesel-racing-fuel-concentrate-946ml\/#primaryimage","url":"https:\/\/fastcar.shop\/wp-content\/uploads\/2023\/12\/RACEGASDIESEL.jpg","contentUrl":"https:\/\/fastcar.shop\/wp-content\/uploads\/2023\/12\/RACEGASDIESEL.jpg","width":800,"height":800},{"@type":"BreadcrumbList","@id":"https:\/\/fastcar.shop\/product\/race-gas-regular-diesel-racing-fuel-concentrate-946ml\/#breadcrumb","itemListElement":[{"@type":"ListItem","position":1,"name":"Home","item":"https:\/\/fastcar.shop\/"},{"@type":"ListItem","position":2,"name":"Shop","item":"https:\/\/fastcar.shop\/shop\/"},{"@type":"ListItem","position":3,"name":"RACE GAS Regular Diesel Racing Fuel Concentrate 946ml"}]},{"@type":"WebSite","@id":"https:\/\/fastcar.shop\/#website","url":"https:\/\/fastcar.shop\/","name":"Greit\u0173 automobili\u0173 parduotuv\u0117","description":"","publisher":{"@id":"https:\/\/fastcar.shop\/#organization"},"potentialAction":[{"@type":"SearchAction","target":{"@type":"EntryPoint","urlTemplate":"https:\/\/fastcar.shop\/?s={search_term_string}"},"query-input":{"@type":"PropertyValueSpecification","valueRequired":true,"valueName":"search_term_string"}}],"inLanguage":"lt-LT"},{"@type":"Organization","@id":"https:\/\/fastcar.shop\/#organization","name":"Fastcar.shop","url":"https:\/\/fastcar.shop\/","logo":{"@type":"ImageObject","inLanguage":"lt-LT","@id":"https:\/\/fastcar.shop\/#\/schema\/logo\/image\/","url":"https:\/\/fastcar.shop\/wp-content\/uploads\/2017\/08\/FCS_JPEG-01-scaled.jpg","contentUrl":"https:\/\/fastcar.shop\/wp-content\/uploads\/2017\/08\/FCS_JPEG-01-scaled.jpg","width":2560,"height":1379,"caption":"Fastcar.shop"},"image":{"@id":"https:\/\/fastcar.shop\/#\/schema\/logo\/image\/"},"sameAs":["https:\/\/www.facebook.com\/FastcarLt?locale=lt_LT","https:\/\/www.instagram.com\/fastcar.shop\/"]}]}},"jetpack_sharing_enabled":true,"_links":{"self":[{"href":"https:\/\/fastcar.shop\/lt\/wp-json\/wp\/v2\/product\/4255","targetHints":{"allow":["GET"]}}],"collection":[{"href":"https:\/\/fastcar.shop\/lt\/wp-json\/wp\/v2\/product"}],"about":[{"href":"https:\/\/fastcar.shop\/lt\/wp-json\/wp\/v2\/types\/product"}],"wp:featuredmedia":[{"embeddable":true,"href":"https:\/\/fastcar.shop\/lt\/wp-json\/wp\/v2\/media\/4256"}],"wp:attachment":[{"href":"https:\/\/fastcar.shop\/lt\/wp-json\/wp\/v2\/media?parent=4255"}],"wp:term":[{"taxonomy":"product_brand","embeddable":true,"href":"https:\/\/fastcar.shop\/lt\/wp-json\/wp\/v2\/product_brand?post=4255"},{"taxonomy":"product_cat","embeddable":true,"href":"https:\/\/fastcar.shop\/lt\/wp-json\/wp\/v2\/product_cat?post=4255"},{"taxonomy":"product_tag","embeddable":true,"href":"https:\/\/fastcar.shop\/lt\/wp-json\/wp\/v2\/product_tag?post=4255"}],"curies":[{"name":"wp","href":"https:\/\/api.w.org\/{rel}","templated":true}]}}