{"id":4217,"date":"2023-09-06T08:43:21","date_gmt":"2023-09-06T08:43:21","guid":{"rendered":"https:\/\/fastcar.shop\/?post_type=product&#038;p=4217"},"modified":"2025-04-09T16:10:34","modified_gmt":"2025-04-09T13:10:34","slug":"2-stroke-self-mix-1-l","status":"publish","type":"product","link":"https:\/\/fastcar.shop\/lt\/product\/2-stroke-self-mix-1-l\/","title":{"rendered":"MILLERS OILS 2 Stroke Self Mix 1 L"},"content":{"rendered":"<p style=\"text-align: left;\">Savyb\u0117s ir privalumai<\/p>\n<ul style=\"text-align: left;\">\n<li>Auk\u0161tos kokyb\u0117s mineralin\u0117 bazin\u0117 alyva su priedais, specialiai sukurta dvitak\u010diams varikliams.<\/li>\n<li>Tinka vejapjov\u0117ms, grandininiams pj\u016bklams, ne\u0161iojamiesiems \u012frankiams, mopedams, motociklams ir pakabinamiems varikliams, kuriems nereikia bepelen\u0117s alyvos.<\/li>\n<li>Ma\u017eas pelen\u0173 kiekis suma\u017eina prie\u0161u\u017edegimo ir degimo kameros nuos\u0117das.<\/li>\n<li>Naudojami priedai puikiai apsaugo st\u016bmoklius ir jungtis.<\/li>\n<li>API na\u0161umas: TA, TB, TC<\/li>\n<\/ul>\n<p style=\"text-align: left;\">Auk\u0161tos kokyb\u0117s dvitakt\u0117 alyva su moderniausiais auk\u0161tos kokyb\u0117s priedais.<br \/>\nJis mai\u0161omas su benzinu variklio gamintojo nurodytu santykiu. (Standartinis mai\u0161ymo santykis yra 50:1).<\/p>","protected":false},"excerpt":{"rendered":"<p style=\"text-align: left;\">SAE 40 daugiafunkcinis 2 takt\u0173 aliejus.<\/p>","protected":false},"featured_media":4218,"template":"","meta":[],"product_brand":[],"product_cat":[1806,885],"product_tag":[],"class_list":{"0":"post-4217","1":"product","2":"type-product","3":"status-publish","4":"has-post-thumbnail","6":"product_cat-motorcycle-scooter-atv","7":"product_cat-oils_lubricants","8":"product_provider-millers-oils","10":"first","11":"instock","12":"taxable","13":"shipping-taxable","14":"purchasable","15":"product-type-simple"},"aioseo_notices":[],"yoast_head":"<!-- This site is optimized with the Yoast SEO plugin v27.3 - https:\/\/yoast.com\/product\/yoast-seo-wordpress\/ -->\n<title>2 Stroke Self Mix 1 L<\/title>\n<meta name=\"robots\" content=\"index, follow, max-snippet:-1, max-image-preview:large, max-video-preview:-1\" \/>\n<link rel=\"canonical\" href=\"https:\/\/fastcar.shop\/lt\/produktas\/2-stroke-self-mix-1-l\/\" \/>\n<meta property=\"og:locale\" content=\"lt_LT\" \/>\n<meta property=\"og:type\" content=\"article\" \/>\n<meta property=\"og:title\" content=\"2 Stroke Self Mix 1 L\" \/>\n<meta property=\"og:description\" content=\"SAE 40 multi purpose 2 stroke oil.\" \/>\n<meta property=\"og:url\" content=\"https:\/\/fastcar.shop\/lt\/produktas\/2-stroke-self-mix-1-l\/\" \/>\n<meta property=\"og:site_name\" content=\"Fast Car Shop\" \/>\n<meta property=\"article:publisher\" content=\"https:\/\/www.facebook.com\/FastcarLt?locale=lt_LT\" \/>\n<meta property=\"article:modified_time\" content=\"2025-04-09T13:10:34+00:00\" \/>\n<meta property=\"og:image\" content=\"https:\/\/fastcar.shop\/wp-content\/uploads\/2023\/09\/2-stroke-self-mix.jpg\" \/>\n\t<meta property=\"og:image:width\" content=\"1087\" \/>\n\t<meta property=\"og:image:height\" content=\"1223\" \/>\n\t<meta property=\"og:image:type\" content=\"image\/jpeg\" \/>\n<meta name=\"twitter:card\" content=\"summary_large_image\" \/>\n<!-- \/ Yoast SEO plugin. -->","yoast_head_json":{"title":"2 Stroke Self Mix 1L","robots":{"index":"index","follow":"follow","max-snippet":"max-snippet:-1","max-image-preview":"max-image-preview:large","max-video-preview":"max-video-preview:-1"},"canonical":"https:\/\/fastcar.shop\/lt\/produktas\/2-stroke-self-mix-1-l\/","og_locale":"lt_LT","og_type":"article","og_title":"2 Stroke Self Mix 1 L","og_description":"SAE 40 multi purpose 2 stroke oil.","og_url":"https:\/\/fastcar.shop\/lt\/produktas\/2-stroke-self-mix-1-l\/","og_site_name":"Fast Car Shop","article_publisher":"https:\/\/www.facebook.com\/FastcarLt?locale=lt_LT","article_modified_time":"2025-04-09T13:10:34+00:00","og_image":[{"width":1087,"height":1223,"url":"https:\/\/fastcar.shop\/wp-content\/uploads\/2023\/09\/2-stroke-self-mix.jpg","type":"image\/jpeg"}],"twitter_card":"summary_large_image","schema":{"@context":"https:\/\/schema.org","@graph":[{"@type":"WebPage","@id":"https:\/\/fastcar.shop\/product\/2-stroke-self-mix-1-l\/","url":"https:\/\/fastcar.shop\/product\/2-stroke-self-mix-1-l\/","name":"2 Stroke Self Mix 1L","isPartOf":{"@id":"https:\/\/fastcar.shop\/#website"},"primaryImageOfPage":{"@id":"https:\/\/fastcar.shop\/product\/2-stroke-self-mix-1-l\/#primaryimage"},"image":{"@id":"https:\/\/fastcar.shop\/product\/2-stroke-self-mix-1-l\/#primaryimage"},"thumbnailUrl":"https:\/\/fastcar.shop\/wp-content\/uploads\/2023\/09\/2-stroke-self-mix.jpg","datePublished":"2023-09-06T08:43:21+00:00","dateModified":"2025-04-09T13:10:34+00:00","breadcrumb":{"@id":"https:\/\/fastcar.shop\/product\/2-stroke-self-mix-1-l\/#breadcrumb"},"inLanguage":"lt-LT","potentialAction":[{"@type":"ReadAction","target":["https:\/\/fastcar.shop\/product\/2-stroke-self-mix-1-l\/"]}]},{"@type":"ImageObject","inLanguage":"lt-LT","@id":"https:\/\/fastcar.shop\/product\/2-stroke-self-mix-1-l\/#primaryimage","url":"https:\/\/fastcar.shop\/wp-content\/uploads\/2023\/09\/2-stroke-self-mix.jpg","contentUrl":"https:\/\/fastcar.shop\/wp-content\/uploads\/2023\/09\/2-stroke-self-mix.jpg","width":1087,"height":1223},{"@type":"BreadcrumbList","@id":"https:\/\/fastcar.shop\/product\/2-stroke-self-mix-1-l\/#breadcrumb","itemListElement":[{"@type":"ListItem","position":1,"name":"Home","item":"https:\/\/fastcar.shop\/"},{"@type":"ListItem","position":2,"name":"Shop","item":"https:\/\/fastcar.shop\/shop\/"},{"@type":"ListItem","position":3,"name":"MILLERS OILS 2 Stroke Self Mix 1 L"}]},{"@type":"WebSite","@id":"https:\/\/fastcar.shop\/#website","url":"https:\/\/fastcar.shop\/","name":"Greit\u0173 automobili\u0173 parduotuv\u0117","description":"","publisher":{"@id":"https:\/\/fastcar.shop\/#organization"},"potentialAction":[{"@type":"SearchAction","target":{"@type":"EntryPoint","urlTemplate":"https:\/\/fastcar.shop\/?s={search_term_string}"},"query-input":{"@type":"PropertyValueSpecification","valueRequired":true,"valueName":"search_term_string"}}],"inLanguage":"lt-LT"},{"@type":"Organization","@id":"https:\/\/fastcar.shop\/#organization","name":"Fastcar.shop","url":"https:\/\/fastcar.shop\/","logo":{"@type":"ImageObject","inLanguage":"lt-LT","@id":"https:\/\/fastcar.shop\/#\/schema\/logo\/image\/","url":"https:\/\/fastcar.shop\/wp-content\/uploads\/2017\/08\/FCS_JPEG-01-scaled.jpg","contentUrl":"https:\/\/fastcar.shop\/wp-content\/uploads\/2017\/08\/FCS_JPEG-01-scaled.jpg","width":2560,"height":1379,"caption":"Fastcar.shop"},"image":{"@id":"https:\/\/fastcar.shop\/#\/schema\/logo\/image\/"},"sameAs":["https:\/\/www.facebook.com\/FastcarLt?locale=lt_LT","https:\/\/www.instagram.com\/fastcar.shop\/"]}]}},"jetpack_sharing_enabled":true,"_links":{"self":[{"href":"https:\/\/fastcar.shop\/lt\/wp-json\/wp\/v2\/product\/4217","targetHints":{"allow":["GET"]}}],"collection":[{"href":"https:\/\/fastcar.shop\/lt\/wp-json\/wp\/v2\/product"}],"about":[{"href":"https:\/\/fastcar.shop\/lt\/wp-json\/wp\/v2\/types\/product"}],"wp:featuredmedia":[{"embeddable":true,"href":"https:\/\/fastcar.shop\/lt\/wp-json\/wp\/v2\/media\/4218"}],"wp:attachment":[{"href":"https:\/\/fastcar.shop\/lt\/wp-json\/wp\/v2\/media?parent=4217"}],"wp:term":[{"taxonomy":"product_brand","embeddable":true,"href":"https:\/\/fastcar.shop\/lt\/wp-json\/wp\/v2\/product_brand?post=4217"},{"taxonomy":"product_cat","embeddable":true,"href":"https:\/\/fastcar.shop\/lt\/wp-json\/wp\/v2\/product_cat?post=4217"},{"taxonomy":"product_tag","embeddable":true,"href":"https:\/\/fastcar.shop\/lt\/wp-json\/wp\/v2\/product_tag?post=4217"}],"curies":[{"name":"wp","href":"https:\/\/api.w.org\/{rel}","templated":true}]}}