{"id":4213,"date":"2023-09-04T14:11:18","date_gmt":"2023-09-04T14:11:18","guid":{"rendered":"https:\/\/fastcar.shop\/?post_type=product&#038;p=4213"},"modified":"2025-09-02T16:22:11","modified_gmt":"2025-09-02T13:22:11","slug":"extra-cool-250ml","status":"publish","type":"product","link":"https:\/\/fastcar.shop\/lt\/product\/extra-cool-250ml\/","title":{"rendered":"MILLERS OILS Extra Cool 250ml"},"content":{"rendered":"<p style=\"text-align: left;\">Savyb\u0117s ir privalumai<\/p>\n<ul style=\"text-align: left;\">\n<li>Padeda i\u0161laikyti au\u0161inimo skys\u010dio sraut\u0105 radiatoriumuose<\/li>\n<li>Ma\u017eina nuos\u0117d\u0173 susidarym\u0105 radiatoriumuose<\/li>\n<li>Suteikia galing\u0105 apsaug\u0105 nuo korozijos visiems varikliuose randamiems metalams, pvz., aliuminiui, ketui ir kt.<\/li>\n<li>Padeda suma\u017einti au\u0161inimo skys\u010dio temperat\u016br\u0105 iki 15 laipsni\u0173<\/li>\n<\/ul>\n<p style=\"text-align: left;\">Extra Cool yra korozijos inhibitorius ir au\u0161inimo skys\u010dio stiprintojas, sukurtas papildyti au\u0161inimo skys\u010diui, siekiant i\u0161laikyti sraut\u0105 ir suma\u017einti nuos\u0117d\u0173 susidarym\u0105 radiatoriumuose bei suma\u017einti au\u0161inimo skys\u010dio temperat\u016br\u0105 iki 15\u00b0C. Suteikia galing\u0105 apsaug\u0105 nuo korozijos visiems varikliuose randamiems metalams. Gali b\u016bti naudojamas automobili\u0173 sporto var\u017eybose, kuriose antifrizas yra draud\u017eiamas.<\/p>\n<p style=\"text-align: left;\"><a href=\"https:\/\/fastcar.shop\/wp-content\/uploads\/2023\/09\/Extra-Cool.pdf\">Gaminio duomen\u0173 lapas <img loading=\"lazy\" decoding=\"async\" class=\"alignnone size-full wp-image-3251\" src=\"https:\/\/fastcar.shop\/wp-content\/uploads\/2022\/01\/pdf-e1641824783993.png\" alt=\"\" width=\"30\" height=\"23\" \/><\/a><\/p>\n<p style=\"text-align: left;\">","protected":false},"excerpt":{"rendered":"<p style=\"text-align: left;\">Variklio au\u0161inimo skys\u010dio stiprintojas ir korozijos inhibitorius<\/p>","protected":false},"featured_media":4216,"template":"","meta":[],"product_brand":[],"product_cat":[1791,1792,885],"product_tag":[],"class_list":{"0":"post-4213","1":"product","2":"type-product","3":"status-publish","4":"has-post-thumbnail","6":"product_cat-problem-solvers-utility-lubricants","7":"product_cat-racing","8":"product_cat-oils_lubricants","9":"product_provider-millers-oils","11":"first","12":"instock","13":"taxable","14":"shipping-taxable","15":"purchasable","16":"product-type-simple"},"aioseo_notices":[],"yoast_head":"<!-- This site is optimized with the Yoast SEO plugin v27.3 - https:\/\/yoast.com\/product\/yoast-seo-wordpress\/ -->\n<title>Extra Cool 250ml<\/title>\n<meta name=\"robots\" content=\"index, follow, max-snippet:-1, max-image-preview:large, max-video-preview:-1\" \/>\n<link rel=\"canonical\" href=\"https:\/\/fastcar.shop\/lt\/produktas\/extra-cool-250ml\/\" \/>\n<meta property=\"og:locale\" content=\"lt_LT\" \/>\n<meta property=\"og:type\" content=\"article\" \/>\n<meta property=\"og:title\" content=\"Extra Cool 250ml\" \/>\n<meta property=\"og:description\" content=\"Engine coolant enhancer &amp; corrosion inhibitor additive\" \/>\n<meta property=\"og:url\" content=\"https:\/\/fastcar.shop\/lt\/produktas\/extra-cool-250ml\/\" \/>\n<meta property=\"og:site_name\" content=\"Fast Car Shop\" \/>\n<meta property=\"article:publisher\" content=\"https:\/\/www.facebook.com\/FastcarLt?locale=lt_LT\" \/>\n<meta property=\"article:modified_time\" content=\"2025-09-02T13:22:11+00:00\" \/>\n<meta property=\"og:image\" content=\"https:\/\/fastcar.shop\/wp-content\/uploads\/2023\/09\/extracool.jpg\" \/>\n\t<meta property=\"og:image:width\" content=\"800\" \/>\n\t<meta property=\"og:image:height\" content=\"800\" \/>\n\t<meta property=\"og:image:type\" content=\"image\/jpeg\" \/>\n<meta name=\"twitter:card\" content=\"summary_large_image\" \/>\n<!-- \/ Yoast SEO plugin. -->","yoast_head_json":{"title":"Extra Cool 250ml","robots":{"index":"index","follow":"follow","max-snippet":"max-snippet:-1","max-image-preview":"max-image-preview:large","max-video-preview":"max-video-preview:-1"},"canonical":"https:\/\/fastcar.shop\/lt\/produktas\/extra-cool-250ml\/","og_locale":"lt_LT","og_type":"article","og_title":"Extra Cool 250ml","og_description":"Engine coolant enhancer &amp; corrosion inhibitor additive","og_url":"https:\/\/fastcar.shop\/lt\/produktas\/extra-cool-250ml\/","og_site_name":"Fast Car Shop","article_publisher":"https:\/\/www.facebook.com\/FastcarLt?locale=lt_LT","article_modified_time":"2025-09-02T13:22:11+00:00","og_image":[{"width":800,"height":800,"url":"https:\/\/fastcar.shop\/wp-content\/uploads\/2023\/09\/extracool.jpg","type":"image\/jpeg"}],"twitter_card":"summary_large_image","schema":{"@context":"https:\/\/schema.org","@graph":[{"@type":"WebPage","@id":"https:\/\/fastcar.shop\/product\/extra-cool-250ml\/","url":"https:\/\/fastcar.shop\/product\/extra-cool-250ml\/","name":"Extra Cool 250ml","isPartOf":{"@id":"https:\/\/fastcar.shop\/#website"},"primaryImageOfPage":{"@id":"https:\/\/fastcar.shop\/product\/extra-cool-250ml\/#primaryimage"},"image":{"@id":"https:\/\/fastcar.shop\/product\/extra-cool-250ml\/#primaryimage"},"thumbnailUrl":"https:\/\/fastcar.shop\/wp-content\/uploads\/2023\/09\/extracool.jpg","datePublished":"2023-09-04T14:11:18+00:00","dateModified":"2025-09-02T13:22:11+00:00","breadcrumb":{"@id":"https:\/\/fastcar.shop\/product\/extra-cool-250ml\/#breadcrumb"},"inLanguage":"lt-LT","potentialAction":[{"@type":"ReadAction","target":["https:\/\/fastcar.shop\/product\/extra-cool-250ml\/"]}]},{"@type":"ImageObject","inLanguage":"lt-LT","@id":"https:\/\/fastcar.shop\/product\/extra-cool-250ml\/#primaryimage","url":"https:\/\/fastcar.shop\/wp-content\/uploads\/2023\/09\/extracool.jpg","contentUrl":"https:\/\/fastcar.shop\/wp-content\/uploads\/2023\/09\/extracool.jpg","width":800,"height":800},{"@type":"BreadcrumbList","@id":"https:\/\/fastcar.shop\/product\/extra-cool-250ml\/#breadcrumb","itemListElement":[{"@type":"ListItem","position":1,"name":"Home","item":"https:\/\/fastcar.shop\/"},{"@type":"ListItem","position":2,"name":"Shop","item":"https:\/\/fastcar.shop\/shop\/"},{"@type":"ListItem","position":3,"name":"MILLERS OILS Extra Cool 250ml"}]},{"@type":"WebSite","@id":"https:\/\/fastcar.shop\/#website","url":"https:\/\/fastcar.shop\/","name":"Greit\u0173 automobili\u0173 parduotuv\u0117","description":"","publisher":{"@id":"https:\/\/fastcar.shop\/#organization"},"potentialAction":[{"@type":"SearchAction","target":{"@type":"EntryPoint","urlTemplate":"https:\/\/fastcar.shop\/?s={search_term_string}"},"query-input":{"@type":"PropertyValueSpecification","valueRequired":true,"valueName":"search_term_string"}}],"inLanguage":"lt-LT"},{"@type":"Organization","@id":"https:\/\/fastcar.shop\/#organization","name":"Fastcar.shop","url":"https:\/\/fastcar.shop\/","logo":{"@type":"ImageObject","inLanguage":"lt-LT","@id":"https:\/\/fastcar.shop\/#\/schema\/logo\/image\/","url":"https:\/\/fastcar.shop\/wp-content\/uploads\/2017\/08\/FCS_JPEG-01-scaled.jpg","contentUrl":"https:\/\/fastcar.shop\/wp-content\/uploads\/2017\/08\/FCS_JPEG-01-scaled.jpg","width":2560,"height":1379,"caption":"Fastcar.shop"},"image":{"@id":"https:\/\/fastcar.shop\/#\/schema\/logo\/image\/"},"sameAs":["https:\/\/www.facebook.com\/FastcarLt?locale=lt_LT","https:\/\/www.instagram.com\/fastcar.shop\/"]}]}},"jetpack_sharing_enabled":true,"_links":{"self":[{"href":"https:\/\/fastcar.shop\/lt\/wp-json\/wp\/v2\/product\/4213","targetHints":{"allow":["GET"]}}],"collection":[{"href":"https:\/\/fastcar.shop\/lt\/wp-json\/wp\/v2\/product"}],"about":[{"href":"https:\/\/fastcar.shop\/lt\/wp-json\/wp\/v2\/types\/product"}],"wp:featuredmedia":[{"embeddable":true,"href":"https:\/\/fastcar.shop\/lt\/wp-json\/wp\/v2\/media\/4216"}],"wp:attachment":[{"href":"https:\/\/fastcar.shop\/lt\/wp-json\/wp\/v2\/media?parent=4213"}],"wp:term":[{"taxonomy":"product_brand","embeddable":true,"href":"https:\/\/fastcar.shop\/lt\/wp-json\/wp\/v2\/product_brand?post=4213"},{"taxonomy":"product_cat","embeddable":true,"href":"https:\/\/fastcar.shop\/lt\/wp-json\/wp\/v2\/product_cat?post=4213"},{"taxonomy":"product_tag","embeddable":true,"href":"https:\/\/fastcar.shop\/lt\/wp-json\/wp\/v2\/product_tag?post=4213"}],"curies":[{"name":"wp","href":"https:\/\/api.w.org\/{rel}","templated":true}]}}